{"id":22594,"date":"2026-01-22T09:23:06","date_gmt":"2026-01-22T09:23:06","guid":{"rendered":"https:\/\/www.tronkiele.com\/?page_id=22594"},"modified":"2026-01-23T01:53:25","modified_gmt":"2026-01-23T01:53:25","slug":"privacy-policy","status":"publish","type":"page","link":"https:\/\/www.tronkiele.com\/pt\/privacy-policy\/","title":{"rendered":"Pol\u00edtica de privacidade"},"content":{"rendered":"<p>Esta pol\u00edtica de privacidade descreve a forma como tratamos as suas informa\u00e7\u00f5es pessoais. Ao utilizar o https:\/\/www.tronkiele.com\/ (o \"S\u00edtio\"), o utilizador autoriza o armazenamento, o processamento, a transfer\u00eancia e a divulga\u00e7\u00e3o das suas informa\u00e7\u00f5es pessoais, tal como descrito na presente pol\u00edtica de privacidade.<\/p><h2 class=\"wp-block-heading\">Cole\u00e7\u00e3o<\/h2><p>O utilizador pode navegar neste S\u00edtio sem fornecer quaisquer informa\u00e7\u00f5es pessoais sobre si. No entanto, para receber notifica\u00e7\u00f5es, actualiza\u00e7\u00f5es ou solicitar informa\u00e7\u00f5es adicionais sobre https:\/\/www.tronkiele.com\/ ou este S\u00edtio, podemos recolher as seguintes informa\u00e7\u00f5es:<\/p><p>nome, informa\u00e7\u00f5es de contacto, endere\u00e7o de correio eletr\u00f3nico, empresa e ID de utilizador; correspond\u00eancia enviada para ou de n\u00f3s; quaisquer informa\u00e7\u00f5es adicionais que decida fornecer; e outras informa\u00e7\u00f5es da sua intera\u00e7\u00e3o com o nosso Site, servi\u00e7os, conte\u00fado e publicidade, incluindo informa\u00e7\u00f5es sobre o computador e a liga\u00e7\u00e3o, estat\u00edsticas sobre visualiza\u00e7\u00f5es de p\u00e1ginas, tr\u00e1fego de e para o Site, dados de an\u00fancios, endere\u00e7o IP e informa\u00e7\u00f5es padr\u00e3o de registo da Web.<\/p><p>Se o utilizador optar por nos fornecer informa\u00e7\u00f5es pessoais, autoriza a transfer\u00eancia e o armazenamento dessas informa\u00e7\u00f5es nos nossos servidores localizados nos Estados Unidos.<\/p><h2 class=\"wp-block-heading\">Utiliza\u00e7\u00e3o<\/h2><p>Utilizamos as suas informa\u00e7\u00f5es pessoais para lhe fornecer os servi\u00e7os que solicita, comunicar consigo, resolver problemas, personalizar a sua experi\u00eancia, inform\u00e1-lo sobre os nossos servi\u00e7os e actualiza\u00e7\u00f5es do Site e medir o interesse nos nossos sites e servi\u00e7os.<\/p><h2 class=\"wp-block-heading\">Divulga\u00e7\u00e3o<\/h2><p>N\u00e3o vendemos nem alugamos as suas informa\u00e7\u00f5es pessoais a terceiros para fins de marketing sem o seu consentimento expl\u00edcito. Podemos divulgar informa\u00e7\u00f5es pessoais para responder a requisitos legais, fazer cumprir as nossas pol\u00edticas, responder a reclama\u00e7\u00f5es de que uma publica\u00e7\u00e3o ou outro conte\u00fado viola os direitos de terceiros ou proteger os direitos, a propriedade ou a seguran\u00e7a de algu\u00e9m. Essas informa\u00e7\u00f5es ser\u00e3o divulgadas de acordo com as leis e regulamentos aplic\u00e1veis. Tamb\u00e9m podemos partilhar informa\u00e7\u00f5es pessoais com prestadores de servi\u00e7os que nos ajudam nas nossas opera\u00e7\u00f5es comerciais e com membros da nossa fam\u00edlia empresarial, que podem fornecer conte\u00fados e servi\u00e7os conjuntos e ajudar a detetar e prevenir actos potencialmente ilegais. Se planearmos fundir-nos ou sermos adquiridos por outra entidade comercial, poderemos partilhar informa\u00e7\u00f5es pessoais com a outra empresa e exigiremos que a nova entidade combinada siga esta pol\u00edtica de privacidade no que diz respeito \u00e0s suas informa\u00e7\u00f5es pessoais.<\/p><h2 class=\"wp-block-heading\">Acesso<\/h2><p>Pode aceder ou atualizar as informa\u00e7\u00f5es pessoais que nos forneceu em qualquer altura, contactando-nos atrav\u00e9s de: https:\/\/www.tronkiele.com\/privacy-policy\/<\/p><p>Tratamos as informa\u00e7\u00f5es como um ativo que deve ser protegido e utilizamos muitas ferramentas para proteger as suas informa\u00e7\u00f5es pessoais contra o acesso e a divulga\u00e7\u00e3o n\u00e3o autorizados. No entanto, como provavelmente sabe, terceiros podem intercetar ou aceder ilegalmente a transmiss\u00f5es ou comunica\u00e7\u00f5es privadas. Por conseguinte, embora trabalhemos arduamente para proteger a sua privacidade, n\u00e3o prometemos, e o utilizador n\u00e3o deve esperar que as suas informa\u00e7\u00f5es pessoais ou comunica\u00e7\u00f5es privadas permane\u00e7am sempre privadas.<\/p><h2 class=\"wp-block-heading\">Geral<\/h2><p>Podemos atualizar esta pol\u00edtica em qualquer altura, publicando os termos alterados neste s\u00edtio. Todos os termos alterados entram automaticamente em vigor 30 dias ap\u00f3s a sua publica\u00e7\u00e3o inicial no s\u00edtio. Para quest\u00f5es sobre esta pol\u00edtica, envie-nos uma mensagem de correio eletr\u00f3nico.<\/p>","protected":false},"excerpt":{"rendered":"<p>Esta pol\u00edtica de privacidade descreve a forma como tratamos as suas informa\u00e7\u00f5es pessoais. Ao utilizar https:\/\/www.tronkiele.com\/ (o \"S\u00edtio\"), o utilizador autoriza o armazenamento,<\/p>","protected":false},"author":1,"featured_media":0,"parent":0,"menu_order":0,"comment_status":"closed","ping_status":"closed","template":"","meta":{"footnotes":""},"class_list":["post-22594","page","type-page","status-publish","hentry"],"yoast_head":"<!-- This site is optimized with the Yoast SEO plugin v25.0 - https:\/\/yoast.com\/wordpress\/plugins\/seo\/ -->\n<title>Privacy Policy - PINE-ZHENGXI<\/title>\n<meta name=\"robots\" content=\"index, follow, max-snippet:-1, max-image-preview:large, max-video-preview:-1\" \/>\n<link rel=\"canonical\" href=\"https:\/\/www.tronkiele.com\/pt\/privacy-policy\/\" \/>\n<meta property=\"og:locale\" content=\"pt_PT\" \/>\n<meta property=\"og:type\" content=\"article\" \/>\n<meta property=\"og:title\" content=\"Privacy Policy - PINE-ZHENGXI\" \/>\n<meta property=\"og:description\" content=\"This privacy policy describes how we handle your personal information. By using https:\/\/www.tronkiele.com\/ (the \u201cSite\u201d) you consent to the storage,\" \/>\n<meta property=\"og:url\" content=\"https:\/\/www.tronkiele.com\/pt\/privacy-policy\/\" \/>\n<meta property=\"og:site_name\" content=\"PINE-ZHENGXI\" \/>\n<meta property=\"article:modified_time\" content=\"2026-01-23T01:53:25+00:00\" \/>\n<meta name=\"twitter:card\" content=\"summary_large_image\" \/>\n<meta name=\"twitter:label1\" content=\"Tempo estimado de leitura\" \/>\n\t<meta name=\"twitter:data1\" content=\"3 minutos\" \/>\n<script type=\"application\/ld+json\" class=\"yoast-schema-graph\">{\"@context\":\"https:\/\/schema.org\",\"@graph\":[{\"@type\":\"WebPage\",\"@id\":\"https:\/\/www.tronkiele.com\/privacy-policy\/\",\"url\":\"https:\/\/www.tronkiele.com\/privacy-policy\/\",\"name\":\"Privacy Policy - PINE-ZHENGXI\",\"isPartOf\":{\"@id\":\"https:\/\/www.tronkiele.com\/#website\"},\"datePublished\":\"2026-01-22T09:23:06+00:00\",\"dateModified\":\"2026-01-23T01:53:25+00:00\",\"breadcrumb\":{\"@id\":\"https:\/\/www.tronkiele.com\/privacy-policy\/#breadcrumb\"},\"inLanguage\":\"pt-PT\",\"potentialAction\":[{\"@type\":\"ReadAction\",\"target\":[\"https:\/\/www.tronkiele.com\/privacy-policy\/\"]}]},{\"@type\":\"BreadcrumbList\",\"@id\":\"https:\/\/www.tronkiele.com\/privacy-policy\/#breadcrumb\",\"itemListElement\":[{\"@type\":\"ListItem\",\"position\":1,\"name\":\"Home\",\"item\":\"https:\/\/www.tronkiele.com\/\"},{\"@type\":\"ListItem\",\"position\":2,\"name\":\"Privacy Policy\"}]},{\"@type\":\"WebSite\",\"@id\":\"https:\/\/www.tronkiele.com\/#website\",\"url\":\"https:\/\/www.tronkiele.com\/\",\"name\":\"PINE-ZHENGXI\",\"description\":\"\",\"publisher\":{\"@id\":\"https:\/\/www.tronkiele.com\/#organization\"},\"potentialAction\":[{\"@type\":\"SearchAction\",\"target\":{\"@type\":\"EntryPoint\",\"urlTemplate\":\"https:\/\/www.tronkiele.com\/?s={search_term_string}\"},\"query-input\":{\"@type\":\"PropertyValueSpecification\",\"valueRequired\":true,\"valueName\":\"search_term_string\"}}],\"inLanguage\":\"pt-PT\"},{\"@type\":\"Organization\",\"@id\":\"https:\/\/www.tronkiele.com\/#organization\",\"name\":\"PINE-ZHENGXI\",\"url\":\"https:\/\/www.tronkiele.com\/\",\"logo\":{\"@type\":\"ImageObject\",\"inLanguage\":\"pt-PT\",\"@id\":\"https:\/\/www.tronkiele.com\/#\/schema\/logo\/image\/\",\"url\":\"https:\/\/www.tronkiele.com\/wp-content\/uploads\/2024\/11\/cropped-tronki.webp\",\"contentUrl\":\"https:\/\/www.tronkiele.com\/wp-content\/uploads\/2024\/11\/cropped-tronki.webp\",\"width\":512,\"height\":512,\"caption\":\"PINE-ZHENGXI\"},\"image\":{\"@id\":\"https:\/\/www.tronkiele.com\/#\/schema\/logo\/image\/\"}}]}<\/script>\n<!-- \/ Yoast SEO plugin. -->","yoast_head_json":{"title":"Pol\u00edtica de privacidade - PINE-ZHENGXI","robots":{"index":"index","follow":"follow","max-snippet":"max-snippet:-1","max-image-preview":"max-image-preview:large","max-video-preview":"max-video-preview:-1"},"canonical":"https:\/\/www.tronkiele.com\/pt\/privacy-policy\/","og_locale":"pt_PT","og_type":"article","og_title":"Privacy Policy - PINE-ZHENGXI","og_description":"This privacy policy describes how we handle your personal information. By using https:\/\/www.tronkiele.com\/ (the \u201cSite\u201d) you consent to the storage,","og_url":"https:\/\/www.tronkiele.com\/pt\/privacy-policy\/","og_site_name":"PINE-ZHENGXI","article_modified_time":"2026-01-23T01:53:25+00:00","twitter_card":"summary_large_image","twitter_misc":{"Tempo estimado de leitura":"3 minutos"},"schema":{"@context":"https:\/\/schema.org","@graph":[{"@type":"WebPage","@id":"https:\/\/www.tronkiele.com\/privacy-policy\/","url":"https:\/\/www.tronkiele.com\/privacy-policy\/","name":"Pol\u00edtica de privacidade - PINE-ZHENGXI","isPartOf":{"@id":"https:\/\/www.tronkiele.com\/#website"},"datePublished":"2026-01-22T09:23:06+00:00","dateModified":"2026-01-23T01:53:25+00:00","breadcrumb":{"@id":"https:\/\/www.tronkiele.com\/privacy-policy\/#breadcrumb"},"inLanguage":"pt-PT","potentialAction":[{"@type":"ReadAction","target":["https:\/\/www.tronkiele.com\/privacy-policy\/"]}]},{"@type":"BreadcrumbList","@id":"https:\/\/www.tronkiele.com\/privacy-policy\/#breadcrumb","itemListElement":[{"@type":"ListItem","position":1,"name":"Home","item":"https:\/\/www.tronkiele.com\/"},{"@type":"ListItem","position":2,"name":"Privacy Policy"}]},{"@type":"WebSite","@id":"https:\/\/www.tronkiele.com\/#website","url":"https:\/\/www.tronkiele.com\/","name":"PINE-ZHENGXI","description":"","publisher":{"@id":"https:\/\/www.tronkiele.com\/#organization"},"potentialAction":[{"@type":"SearchAction","target":{"@type":"EntryPoint","urlTemplate":"https:\/\/www.tronkiele.com\/?s={search_term_string}"},"query-input":{"@type":"PropertyValueSpecification","valueRequired":true,"valueName":"search_term_string"}}],"inLanguage":"pt-PT"},{"@type":"Organization","@id":"https:\/\/www.tronkiele.com\/#organization","name":"PINE-ZHENGXI","url":"https:\/\/www.tronkiele.com\/","logo":{"@type":"ImageObject","inLanguage":"pt-PT","@id":"https:\/\/www.tronkiele.com\/#\/schema\/logo\/image\/","url":"https:\/\/www.tronkiele.com\/wp-content\/uploads\/2024\/11\/cropped-tronki.webp","contentUrl":"https:\/\/www.tronkiele.com\/wp-content\/uploads\/2024\/11\/cropped-tronki.webp","width":512,"height":512,"caption":"PINE-ZHENGXI"},"image":{"@id":"https:\/\/www.tronkiele.com\/#\/schema\/logo\/image\/"}}]}},"_links":{"self":[{"href":"https:\/\/www.tronkiele.com\/pt\/wp-json\/wp\/v2\/pages\/22594","targetHints":{"allow":["GET"]}}],"collection":[{"href":"https:\/\/www.tronkiele.com\/pt\/wp-json\/wp\/v2\/pages"}],"about":[{"href":"https:\/\/www.tronkiele.com\/pt\/wp-json\/wp\/v2\/types\/page"}],"author":[{"embeddable":true,"href":"https:\/\/www.tronkiele.com\/pt\/wp-json\/wp\/v2\/users\/1"}],"replies":[{"embeddable":true,"href":"https:\/\/www.tronkiele.com\/pt\/wp-json\/wp\/v2\/comments?post=22594"}],"version-history":[{"count":2,"href":"https:\/\/www.tronkiele.com\/pt\/wp-json\/wp\/v2\/pages\/22594\/revisions"}],"predecessor-version":[{"id":22597,"href":"https:\/\/www.tronkiele.com\/pt\/wp-json\/wp\/v2\/pages\/22594\/revisions\/22597"}],"wp:attachment":[{"href":"https:\/\/www.tronkiele.com\/pt\/wp-json\/wp\/v2\/media?parent=22594"}],"curies":[{"name":"wp","href":"https:\/\/api.w.org\/{rel}","templated":true}]}}