{"id":19,"date":"2024-09-07T08:57:09","date_gmt":"2024-09-07T08:57:09","guid":{"rendered":"https:\/\/www.tronkiele.com\/product\/three-station-indoor-vacuum-ckt-breaker\/"},"modified":"2025-01-25T11:57:51","modified_gmt":"2025-01-25T11:57:51","slug":"three-station-indoor-vacuum-ckt-breaker","status":"publish","type":"product","link":"https:\/\/www.tronkiele.com\/pt\/product\/three-station-indoor-vacuum-ckt-breaker\/","title":{"rendered":"BQVN-12GD Disjuntor de v\u00e1cuo interior de tr\u00eas esta\u00e7\u00f5es"},"content":{"rendered":"<h2>Carater\u00edsticas principais:<\/h2>\n<p><strong>Conce\u00e7\u00e3o modular:<\/strong> A estrutura modular \u00e9 adoptada para integrar altamente o seccionador, o disjuntor de v\u00e1cuo, o interrutor de liga\u00e7\u00e3o \u00e0 terra, o sensor e o mecanismo de encravamento, o que \u00e9 conveniente para a substitui\u00e7\u00e3o e manuten\u00e7\u00e3o independentes, e melhora a compatibilidade e a conveni\u00eancia de manuten\u00e7\u00e3o do equipamento global.<\/p>\n<p><strong>Forte desempenho el\u00e9trico:<\/strong> O circuito principal adopta a coluna fechada de resina ep\u00f3xi de alta resist\u00eancia APG, que tem um desempenho de isolamento mais forte e adaptabilidade ambiental para garantir um funcionamento est\u00e1vel a longo prazo.<\/p>\n<p><strong>Compacto e compat\u00edvel:<\/strong> \u00c9 adequado para o tamanho do arm\u00e1rio de 500\u00d71000\u00d71800mm, adequado para v\u00e1rios ambientes de instala\u00e7\u00e3o compactos.<\/p>\n<p><strong>Conce\u00e7\u00e3o anti-manipula\u00e7\u00e3o:<\/strong> \u00c9 adotado um design de encravamento mec\u00e2nico for\u00e7ado entre o seccionador, o disjuntor e o interrutor de liga\u00e7\u00e3o \u00e0 terra para evitar o funcionamento incorreto e garantir um funcionamento seguro.<\/p>\n<p><strong>Seccionador rotativo:<\/strong> \u00c9 adotado o seccionador de rutura vis\u00edvel rotativo e a rutura pode ser claramente visualizada depois de o interrutor ser aberto, o que aumenta a visibilidade e a seguran\u00e7a da opera\u00e7\u00e3o.<\/p>\n<p><strong>Mecanismo de funcionamento modular:<\/strong> O mecanismo de funcionamento adopta um design modular, que pode ser substitu\u00eddo ou reparado de forma independente, suporta o funcionamento manual e o funcionamento opcional de armazenamento de energia AC\/DC, e satisfaz as necessidades de controlo remoto.<\/p>\n<p><strong>Amigo do ambiente e de baixa manuten\u00e7\u00e3o:<\/strong> O equipamento adopta materiais amigos do ambiente e um design de alta resist\u00eancia, tem carater\u00edsticas livres de manuten\u00e7\u00e3o e reduz os custos de opera\u00e7\u00e3o e manuten\u00e7\u00e3o numa utiliza\u00e7\u00e3o a longo prazo.<\/p>\n<h2>Ocasi\u00f5es aplic\u00e1veis:<\/h2>\n<p>Aplic\u00e1vel a sistemas de energia de m\u00e9dia tens\u00e3o de 6-12kV, amplamente utilizado na prote\u00e7\u00e3o e controlo el\u00e9trico de centrais el\u00e9ctricas, subesta\u00e7\u00f5es e instala\u00e7\u00f5es industriais.<br \/>\nPode ser utilizado como uma unidade de prote\u00e7\u00e3o para subesta\u00e7\u00f5es e transformadores principais para garantir o funcionamento est\u00e1vel do sistema de energia.<br \/>\nAplic\u00e1vel a ambientes com opera\u00e7\u00f5es frequentes ou prote\u00e7\u00e3o contra curto-circuitos.<\/p>\n<h2>Conce\u00e7\u00e3o de seguran\u00e7a:<\/h2>\n<p>Estrutura de encravamento fi\u00e1vel: A porta do arm\u00e1rio e o interrutor de liga\u00e7\u00e3o \u00e0 terra foram concebidos com um mecanismo de encravamento fi\u00e1vel para garantir que n\u00e3o ocorrem erros de funcionamento durante a opera\u00e7\u00e3o e proteger a seguran\u00e7a dos operadores.<br \/>\nEncravamento for\u00e7ado: O mecanismo de encravamento for\u00e7ado entre o seccionador, o disjuntor e o interrutor de liga\u00e7\u00e3o \u00e0 terra evita eficazmente o risco de funcionamento incorreto e garante o funcionamento seguro do equipamento.<\/p>\n<h2>Ambiente de utiliza\u00e7\u00e3o:<\/h2>\n<p>Temperatura ambiente: -25\u2103 a +40\u2103<br \/>\nHumidade relativa: m\u00e9dia di\u00e1ria &lt;95%, m\u00e9dia mensal &lt;90%<br \/>\nAltitude: n\u00e3o mais de 1000 metros (para \u00e1reas com altitudes mais elevadas, a sele\u00e7\u00e3o tem de ser ajustada de acordo com o fator de prote\u00e7\u00e3o el\u00e9ctrica)<br \/>\nIntensidade s\u00edsmica: n\u00e3o superior a 8 graus<br \/>\nAmbiente de utiliza\u00e7\u00e3o: ambiente sem risco de explos\u00e3o, risco qu\u00edmico e vibra\u00e7\u00e3o severa<\/p>\n<h2>Especifica\u00e7\u00f5es t\u00e9cnicas:<\/h2>\n<p>Tens\u00e3o nominal: 12 kV<br \/>\nCorrente nominal: 630A<br \/>\nFrequ\u00eancia nominal: 50Hz<br \/>\nTamanho do arm\u00e1rio aplic\u00e1vel: 500\u00d71000\u00d71800mm<br \/>\nModo de funcionamento: manual ou funcionamento opcional de armazenamento de energia (AC\/DC)<\/p>\n<h2>Normas de conformidade dos produtos:<\/h2>\n<p>IEC 62271-100: Disjuntores de alta tens\u00e3o AC<br \/>\nGB\/T 11022: Condi\u00e7\u00f5es t\u00e9cnicas para aparelhos de comuta\u00e7\u00e3o de alta tens\u00e3o<br \/>\nGB 1984: Disjuntores de corrente alternada de alta tens\u00e3o<br \/>\nGB 311.1: Coordena\u00e7\u00e3o de isolamento de equipamento el\u00e9trico de alta tens\u00e3o<\/p>\n<h2><strong>Os principais par\u00e2metros t\u00e9cnicos<\/strong><\/h2>\n<table width=\"100%\">\n<tbody>\n<tr class=\"firstRow\">\n<td valign=\"center\" width=\"48\"><\/td>\n<td colspan=\"2\" valign=\"center\" width=\"380\">\u00a0Item<\/td>\n<td valign=\"center\" width=\"38\">Unidade<\/td>\n<td colspan=\"2\" valign=\"center\" width=\"230\">Dados<\/td>\n<\/tr>\n<tr>\n<td valign=\"center\" width=\"48\">1<\/td>\n<td colspan=\"2\" valign=\"center\" width=\"380\">Tens\u00e3o nominal<\/td>\n<td valign=\"center\" width=\"38\">KV<\/td>\n<td colspan=\"2\" valign=\"center\" width=\"230\">12<\/td>\n<\/tr>\n<tr>\n<td valign=\"center\" width=\"48\">2<\/td>\n<td colspan=\"2\" valign=\"center\" width=\"380\">Tens\u00e3o m\u00e1xima de funcionamento<\/td>\n<td valign=\"center\" width=\"38\">KV<\/td>\n<td colspan=\"2\" valign=\"center\" width=\"230\">12<\/td>\n<\/tr>\n<tr>\n<td valign=\"center\" width=\"48\">3<\/td>\n<td colspan=\"2\" valign=\"center\" width=\"380\">Corrente nominal<\/td>\n<td valign=\"center\" width=\"38\">A<\/td>\n<td valign=\"center\" width=\"110\">630<\/td>\n<td valign=\"center\" width=\"120\">1250<\/td>\n<\/tr>\n<tr>\n<td valign=\"center\" width=\"48\">4<\/td>\n<td colspan=\"2\" valign=\"center\" width=\"380\">Corrente nominal de interrup\u00e7\u00e3o de curto-circuito<\/td>\n<td valign=\"center\" width=\"38\">KA<\/td>\n<td valign=\"center\" width=\"110\">20\/25<\/td>\n<td valign=\"center\" width=\"120\">31.5<\/td>\n<\/tr>\n<tr>\n<td valign=\"center\" width=\"48\">5<\/td>\n<td colspan=\"2\" valign=\"center\" width=\"380\">Corrente nominal de fecho de curto-circuito (valor de pico)<\/td>\n<td valign=\"center\" width=\"38\">KA<\/td>\n<td valign=\"center\" width=\"110\">50\/63<\/td>\n<td valign=\"center\" width=\"120\">80<\/td>\n<\/tr>\n<tr>\n<td valign=\"center\" width=\"48\">6<\/td>\n<td colspan=\"2\" valign=\"center\" width=\"380\">Corrente nominal de resist\u00eancia (valor de pico)<\/td>\n<td valign=\"center\" width=\"38\">KA<\/td>\n<td valign=\"center\" width=\"110\">50\/63<\/td>\n<td valign=\"center\" width=\"120\">80<\/td>\n<\/tr>\n<tr>\n<td valign=\"center\" width=\"48\">7<\/td>\n<td colspan=\"2\" valign=\"center\" width=\"380\">4S Corrente nominal de resist\u00eancia m\u00ednima<\/td>\n<td valign=\"center\" width=\"38\">KA<\/td>\n<td valign=\"center\" width=\"110\">20\/25<\/td>\n<td valign=\"center\" width=\"120\">31.5<\/td>\n<\/tr>\n<tr>\n<td rowspan=\"2\" valign=\"center\" width=\"48\">8<\/td>\n<td rowspan=\"2\" valign=\"center\" width=\"191\">N\u00edvel de isolamento nominal<\/td>\n<td valign=\"center\" width=\"189\">Tens\u00e3o suport\u00e1vel de frequ\u00eancia industrial<\/td>\n<td rowspan=\"2\" valign=\"center\" width=\"38\">KA<\/td>\n<td colspan=\"2\" valign=\"center\" width=\"230\">42\/48<\/td>\n<\/tr>\n<tr>\n<td valign=\"center\" width=\"189\">Impulso do trov\u00e3o<\/p>\n<p>tens\u00e3o suport\u00e1vel<\/td>\n<td colspan=\"2\" valign=\"center\" width=\"230\">75\/85<\/td>\n<\/tr>\n<tr>\n<td valign=\"center\" width=\"48\">9<\/td>\n<td colspan=\"2\" valign=\"center\" width=\"380\">Ordem de funcionamento nominal<\/td>\n<td valign=\"center\" width=\"38\"><\/td>\n<td colspan=\"2\" valign=\"center\" width=\"230\">Desligado-0,3S ligado e desligado-180S ligado e desligado<\/td>\n<\/tr>\n<tr>\n<td valign=\"center\" width=\"48\">10<\/td>\n<td colspan=\"2\" valign=\"center\" width=\"380\">Vida mec\u00e2nica<\/td>\n<td valign=\"center\" width=\"38\">tempos<\/td>\n<td colspan=\"2\" valign=\"center\" width=\"230\">10000<\/td>\n<\/tr>\n<tr>\n<td valign=\"center\" width=\"48\">11<\/td>\n<td colspan=\"2\" valign=\"center\" width=\"380\">Corrente nominal de curto-circuito Tempo de interrup\u00e7\u00e3o e fecho<\/td>\n<td valign=\"center\" width=\"38\">tempos<\/td>\n<td colspan=\"2\" valign=\"center\" width=\"230\">50<\/td>\n<\/tr>\n<tr>\n<td valign=\"center\" width=\"48\">12<\/td>\n<td colspan=\"2\" valign=\"center\" width=\"380\">Falar e mover a quantidade de organiza\u00e7\u00e3o atribui o atual<\/p>\n<p>da comporta (DC)<\/td>\n<td valign=\"center\" width=\"38\">V<\/td>\n<td colspan=\"2\" valign=\"center\" width=\"230\">AC.DC.110,220<\/td>\n<\/tr>\n<tr>\n<td valign=\"center\" width=\"48\">13<\/td>\n<td colspan=\"2\" valign=\"center\" width=\"380\">Falar e mover a quantidade de organiza\u00e7\u00e3o igual \u00e0 atual<\/p>\n<p>da comporta (DC)<\/td>\n<td valign=\"center\" width=\"38\">V<\/td>\n<td colspan=\"2\" valign=\"center\" width=\"230\">AC.DC 110,220<\/td>\n<\/tr>\n<tr>\n<td valign=\"center\" width=\"48\">14<\/td>\n<td colspan=\"2\" valign=\"center\" width=\"380\">Dist\u00e2ncia de comuta\u00e7\u00e3o do contacto<\/td>\n<td valign=\"center\" width=\"38\">mm<\/td>\n<td colspan=\"2\" valign=\"center\" width=\"230\">&gt;11<\/td>\n<\/tr>\n<tr>\n<td valign=\"center\" width=\"48\">15<\/td>\n<td colspan=\"2\" valign=\"center\" width=\"380\">Ultra journey (toca na mola da cabe\u00e7a e comprime o comprimento)<\/td>\n<td valign=\"center\" width=\"38\">mm<\/td>\n<td colspan=\"2\" valign=\"center\" width=\"230\">4+\/-0.5<\/td>\n<\/tr>\n<tr>\n<td valign=\"center\" width=\"48\">16<\/td>\n<td colspan=\"2\" valign=\"center\" width=\"380\">Corte trif\u00e1sico<\/p>\n<p>floodgate sex do mesmo per\u00edodo<\/td>\n<td valign=\"center\" width=\"38\">ms<\/td>\n<td colspan=\"2\" valign=\"center\" width=\"230\">&lt;2<\/td>\n<\/tr>\n<tr>\n<td valign=\"center\" width=\"48\">17<\/td>\n<td colspan=\"2\" valign=\"center\" width=\"380\">Tocar na cabe\u00e7a e fechar uma comporta de tempo de salto<\/td>\n<td valign=\"center\" width=\"38\">ms<\/td>\n<td colspan=\"2\" valign=\"center\" width=\"230\">&lt;2<\/td>\n<\/tr>\n<tr>\n<td valign=\"center\" width=\"48\">18<\/td>\n<td colspan=\"2\" valign=\"center\" width=\"380\">Velocidade m\u00e9dia do trav\u00e3o de travagem<\/td>\n<td valign=\"center\" width=\"38\">m\/s<\/td>\n<td colspan=\"2\" valign=\"center\" width=\"230\">0.9~1.7<\/td>\n<\/tr>\n<tr>\n<td valign=\"center\" width=\"48\">19<\/td>\n<td colspan=\"2\" valign=\"center\" width=\"380\">Velocidade m\u00e9dia do trav\u00e3o de fecho<\/td>\n<td valign=\"center\" width=\"38\">m\/s<\/td>\n<td colspan=\"2\" valign=\"center\" width=\"230\">0.6~1.0<\/td>\n<\/tr>\n<tr>\n<td valign=\"center\" width=\"48\">21<\/td>\n<td colspan=\"2\" valign=\"center\" width=\"380\">Tempo de fecho do trav\u00e3o<\/td>\n<td valign=\"center\" width=\"38\">s<\/td>\n<td colspan=\"2\" valign=\"center\" width=\"230\">&lt;0.1<\/td>\n<\/tr>\n<tr>\n<td valign=\"center\" width=\"48\">22<\/td>\n<td colspan=\"2\" valign=\"center\" width=\"380\">Cada uma das resist\u00eancias do circuito de retorno principal<\/td>\n<td valign=\"center\" width=\"38\">u \u03a9<\/td>\n<td colspan=\"2\" valign=\"center\" width=\"230\">&lt;45<\/td>\n<\/tr>\n<tr>\n<td valign=\"center\" width=\"48\">23<\/td>\n<td colspan=\"2\" valign=\"center\" width=\"380\">Espessura acumulada de abras\u00e3o de toler\u00e2ncia<\/p>\n<p>do contacto m\u00f3vel e estacion\u00e1rio<\/td>\n<td valign=\"center\" width=\"38\">mm<\/td>\n<td colspan=\"2\" valign=\"center\" width=\"230\">3<\/td>\n<\/tr>\n<\/tbody>\n<\/table>\n<h2>Conclus\u00e3o:<\/h2>\n<p>O disjuntor de v\u00e1cuo de alta tens\u00e3o de tr\u00eas posi\u00e7\u00f5es da s\u00e9rie BQVN-12GD tornou-se a escolha ideal para os principais dispositivos de prote\u00e7\u00e3o em sistemas de energia com o seu excelente desempenho, design compacto e elevada fiabilidade. O design modular do product, o encravamento mec\u00e2nico for\u00e7ado, a rutura vis\u00edvel rotativa e outras tecnologias avan\u00e7adas n\u00e3o s\u00f3 melhoram a seguran\u00e7a operacional, como tamb\u00e9m reduzem significativamente os custos e os riscos de manuten\u00e7\u00e3o.<\/p>","protected":false},"excerpt":{"rendered":"<p>O disjuntor de v\u00e1cuo de alta tens\u00e3o interior de tr\u00eas esta\u00e7\u00f5es da s\u00e9rie BQVN-12GD tem excelentes propriedades el\u00e9ctricas e mec\u00e2nicas, estrutura compacta e est\u00e1vel, e \u00e9 adequado para uma variedade de sistemas de energia de alta tens\u00e3o, especialmente em redes de energia de m\u00e9dia tens\u00e3o de 6-12kV para fornecer prote\u00e7\u00e3o de alta qualidade. O design do product est\u00e1 em conformidade com a tend\u00eancia de miniaturiza\u00e7\u00e3o moderna, tem alta fiabilidade, longa vida \u00fatil e baixos requisitos de manuten\u00e7\u00e3o, sendo um dispositivo de prote\u00e7\u00e3o de seguran\u00e7a ideal no sistema de energia.<\/p>","protected":false},"featured_media":2241,"template":"","meta":[],"product_brand":[],"product_cat":[17],"product_tag":[],"class_list":{"0":"post-19","1":"product","2":"type-product","3":"status-publish","4":"has-post-thumbnail","6":"product_cat-vacuum-circuit-breaker","8":"first","9":"instock","10":"virtual","11":"taxable","12":"product-type-simple"},"yoast_head":"<!-- This site is optimized with the Yoast SEO plugin v25.0 - https:\/\/yoast.com\/wordpress\/plugins\/seo\/ -->\n<title>Three-station Indoor Vacuum Circuit Breaker | Three-Station Switchgear Solution - TRONKIELE<\/title>\n<meta name=\"description\" content=\"Explore the JYIELE indoor vacuum circuit breaker, featuring three stations for efficient electrical control and protection. Built for reliability and performance, this breaker ensures seamless operation in indoor environments, providing essential circuit protection for various applications.\" \/>\n<meta name=\"robots\" content=\"index, follow, max-snippet:-1, max-image-preview:large, max-video-preview:-1\" \/>\n<link rel=\"canonical\" href=\"https:\/\/www.tronkiele.com\/pt\/product\/three-station-indoor-vacuum-ckt-breaker\/\" \/>\n<meta property=\"og:locale\" content=\"pt_PT\" \/>\n<meta property=\"og:type\" content=\"article\" \/>\n<meta property=\"og:title\" content=\"Three-station Indoor Vacuum Circuit Breaker | Three-Station Switchgear Solution - TRONKIELE\" \/>\n<meta property=\"og:description\" content=\"Explore the JYIELE indoor vacuum circuit breaker, featuring three stations for efficient electrical control and protection. Built for reliability and performance, this breaker ensures seamless operation in indoor environments, providing essential circuit protection for various applications.\" \/>\n<meta property=\"og:url\" content=\"https:\/\/www.tronkiele.com\/pt\/product\/three-station-indoor-vacuum-ckt-breaker\/\" \/>\n<meta property=\"og:site_name\" content=\"PINE-ZHENGXI\" \/>\n<meta property=\"article:modified_time\" content=\"2025-01-25T11:57:51+00:00\" \/>\n<meta property=\"og:image\" content=\"https:\/\/www.tronkiele.com\/wp-content\/uploads\/2020\/04\/three-station-indoor-vacuum-ckt-breaker-3.webp\" \/>\n\t<meta property=\"og:image:width\" content=\"600\" \/>\n\t<meta property=\"og:image:height\" content=\"600\" \/>\n\t<meta property=\"og:image:type\" content=\"image\/webp\" \/>\n<meta name=\"twitter:card\" content=\"summary_large_image\" \/>\n<meta name=\"twitter:label1\" content=\"Tempo estimado de leitura\" \/>\n\t<meta name=\"twitter:data1\" content=\"4 minutos\" \/>\n<script type=\"application\/ld+json\" class=\"yoast-schema-graph\">{\"@context\":\"https:\/\/schema.org\",\"@graph\":[{\"@type\":\"WebPage\",\"@id\":\"https:\/\/www.tronkiele.com\/product\/three-station-indoor-vacuum-ckt-breaker\/\",\"url\":\"https:\/\/www.tronkiele.com\/product\/three-station-indoor-vacuum-ckt-breaker\/\",\"name\":\"Three-station Indoor Vacuum Circuit Breaker | Three-Station Switchgear Solution - TRONKIELE\",\"isPartOf\":{\"@id\":\"https:\/\/www.tronkiele.com\/#website\"},\"primaryImageOfPage\":{\"@id\":\"https:\/\/www.tronkiele.com\/product\/three-station-indoor-vacuum-ckt-breaker\/#primaryimage\"},\"image\":{\"@id\":\"https:\/\/www.tronkiele.com\/product\/three-station-indoor-vacuum-ckt-breaker\/#primaryimage\"},\"thumbnailUrl\":\"https:\/\/www.tronkiele.com\/wp-content\/uploads\/2020\/04\/three-station-indoor-vacuum-ckt-breaker-3.webp\",\"datePublished\":\"2024-09-07T08:57:09+00:00\",\"dateModified\":\"2025-01-25T11:57:51+00:00\",\"description\":\"Explore the JYIELE indoor vacuum circuit breaker, featuring three stations for efficient electrical control and protection. Built for reliability and performance, this breaker ensures seamless operation in indoor environments, providing essential circuit protection for various applications.\",\"breadcrumb\":{\"@id\":\"https:\/\/www.tronkiele.com\/product\/three-station-indoor-vacuum-ckt-breaker\/#breadcrumb\"},\"inLanguage\":\"pt-PT\",\"potentialAction\":[{\"@type\":\"ReadAction\",\"target\":[\"https:\/\/www.tronkiele.com\/product\/three-station-indoor-vacuum-ckt-breaker\/\"]}]},{\"@type\":\"ImageObject\",\"inLanguage\":\"pt-PT\",\"@id\":\"https:\/\/www.tronkiele.com\/product\/three-station-indoor-vacuum-ckt-breaker\/#primaryimage\",\"url\":\"https:\/\/www.tronkiele.com\/wp-content\/uploads\/2020\/04\/three-station-indoor-vacuum-ckt-breaker-3.webp\",\"contentUrl\":\"https:\/\/www.tronkiele.com\/wp-content\/uploads\/2020\/04\/three-station-indoor-vacuum-ckt-breaker-3.webp\",\"width\":600,\"height\":600,\"caption\":\"three-station-indoor-vacuum-ckt-breaker\"},{\"@type\":\"BreadcrumbList\",\"@id\":\"https:\/\/www.tronkiele.com\/product\/three-station-indoor-vacuum-ckt-breaker\/#breadcrumb\",\"itemListElement\":[{\"@type\":\"ListItem\",\"position\":1,\"name\":\"Home\",\"item\":\"https:\/\/www.tronkiele.com\/\"},{\"@type\":\"ListItem\",\"position\":2,\"name\":\"Products\",\"item\":\"https:\/\/www.tronkiele.com\/shop\/\"},{\"@type\":\"ListItem\",\"position\":3,\"name\":\"BQVN-12GD Three Station Indoor Vacuum Ckt Breaker\"}]},{\"@type\":\"WebSite\",\"@id\":\"https:\/\/www.tronkiele.com\/#website\",\"url\":\"https:\/\/www.tronkiele.com\/\",\"name\":\"PINE-ZHENGXI\",\"description\":\"\",\"publisher\":{\"@id\":\"https:\/\/www.tronkiele.com\/#organization\"},\"potentialAction\":[{\"@type\":\"SearchAction\",\"target\":{\"@type\":\"EntryPoint\",\"urlTemplate\":\"https:\/\/www.tronkiele.com\/?s={search_term_string}\"},\"query-input\":{\"@type\":\"PropertyValueSpecification\",\"valueRequired\":true,\"valueName\":\"search_term_string\"}}],\"inLanguage\":\"pt-PT\"},{\"@type\":\"Organization\",\"@id\":\"https:\/\/www.tronkiele.com\/#organization\",\"name\":\"PINE-ZHENGXI\",\"url\":\"https:\/\/www.tronkiele.com\/\",\"logo\":{\"@type\":\"ImageObject\",\"inLanguage\":\"pt-PT\",\"@id\":\"https:\/\/www.tronkiele.com\/#\/schema\/logo\/image\/\",\"url\":\"https:\/\/www.tronkiele.com\/wp-content\/uploads\/2024\/11\/cropped-tronki.webp\",\"contentUrl\":\"https:\/\/www.tronkiele.com\/wp-content\/uploads\/2024\/11\/cropped-tronki.webp\",\"width\":512,\"height\":512,\"caption\":\"PINE-ZHENGXI\"},\"image\":{\"@id\":\"https:\/\/www.tronkiele.com\/#\/schema\/logo\/image\/\"}}]}<\/script>\n<!-- \/ Yoast SEO plugin. -->","yoast_head_json":{"title":"Disjuntor a v\u00e1cuo de tr\u00eas esta\u00e7\u00f5es para ambientes internos | Solu\u00e7\u00e3o de painel de tr\u00eas esta\u00e7\u00f5es - TRONKIELE","description":"Explore o disjuntor de v\u00e1cuo de interior JYIELE, com tr\u00eas esta\u00e7\u00f5es para um controlo e prote\u00e7\u00e3o el\u00e9ctricos eficientes. Constru\u00eddo para ser fi\u00e1vel e ter um bom desempenho, este disjuntor garante um funcionamento perfeito em ambientes interiores, proporcionando uma prote\u00e7\u00e3o essencial do circuito para v\u00e1rias aplica\u00e7\u00f5es.","robots":{"index":"index","follow":"follow","max-snippet":"max-snippet:-1","max-image-preview":"max-image-preview:large","max-video-preview":"max-video-preview:-1"},"canonical":"https:\/\/www.tronkiele.com\/pt\/product\/three-station-indoor-vacuum-ckt-breaker\/","og_locale":"pt_PT","og_type":"article","og_title":"Three-station Indoor Vacuum Circuit Breaker | Three-Station Switchgear Solution - TRONKIELE","og_description":"Explore the JYIELE indoor vacuum circuit breaker, featuring three stations for efficient electrical control and protection. Built for reliability and performance, this breaker ensures seamless operation in indoor environments, providing essential circuit protection for various applications.","og_url":"https:\/\/www.tronkiele.com\/pt\/product\/three-station-indoor-vacuum-ckt-breaker\/","og_site_name":"PINE-ZHENGXI","article_modified_time":"2025-01-25T11:57:51+00:00","og_image":[{"width":600,"height":600,"url":"https:\/\/www.tronkiele.com\/wp-content\/uploads\/2020\/04\/three-station-indoor-vacuum-ckt-breaker-3.webp","type":"image\/webp"}],"twitter_card":"summary_large_image","twitter_misc":{"Tempo estimado de leitura":"4 minutos"},"schema":{"@context":"https:\/\/schema.org","@graph":[{"@type":"WebPage","@id":"https:\/\/www.tronkiele.com\/product\/three-station-indoor-vacuum-ckt-breaker\/","url":"https:\/\/www.tronkiele.com\/product\/three-station-indoor-vacuum-ckt-breaker\/","name":"Disjuntor a v\u00e1cuo de tr\u00eas esta\u00e7\u00f5es para ambientes internos | Solu\u00e7\u00e3o de painel de tr\u00eas esta\u00e7\u00f5es - TRONKIELE","isPartOf":{"@id":"https:\/\/www.tronkiele.com\/#website"},"primaryImageOfPage":{"@id":"https:\/\/www.tronkiele.com\/product\/three-station-indoor-vacuum-ckt-breaker\/#primaryimage"},"image":{"@id":"https:\/\/www.tronkiele.com\/product\/three-station-indoor-vacuum-ckt-breaker\/#primaryimage"},"thumbnailUrl":"https:\/\/www.tronkiele.com\/wp-content\/uploads\/2020\/04\/three-station-indoor-vacuum-ckt-breaker-3.webp","datePublished":"2024-09-07T08:57:09+00:00","dateModified":"2025-01-25T11:57:51+00:00","description":"Explore o disjuntor de v\u00e1cuo de interior JYIELE, com tr\u00eas esta\u00e7\u00f5es para um controlo e prote\u00e7\u00e3o el\u00e9ctricos eficientes. Constru\u00eddo para ser fi\u00e1vel e ter um bom desempenho, este disjuntor garante um funcionamento perfeito em ambientes interiores, proporcionando uma prote\u00e7\u00e3o essencial do circuito para v\u00e1rias aplica\u00e7\u00f5es.","breadcrumb":{"@id":"https:\/\/www.tronkiele.com\/product\/three-station-indoor-vacuum-ckt-breaker\/#breadcrumb"},"inLanguage":"pt-PT","potentialAction":[{"@type":"ReadAction","target":["https:\/\/www.tronkiele.com\/product\/three-station-indoor-vacuum-ckt-breaker\/"]}]},{"@type":"ImageObject","inLanguage":"pt-PT","@id":"https:\/\/www.tronkiele.com\/product\/three-station-indoor-vacuum-ckt-breaker\/#primaryimage","url":"https:\/\/www.tronkiele.com\/wp-content\/uploads\/2020\/04\/three-station-indoor-vacuum-ckt-breaker-3.webp","contentUrl":"https:\/\/www.tronkiele.com\/wp-content\/uploads\/2020\/04\/three-station-indoor-vacuum-ckt-breaker-3.webp","width":600,"height":600,"caption":"three-station-indoor-vacuum-ckt-breaker"},{"@type":"BreadcrumbList","@id":"https:\/\/www.tronkiele.com\/product\/three-station-indoor-vacuum-ckt-breaker\/#breadcrumb","itemListElement":[{"@type":"ListItem","position":1,"name":"Home","item":"https:\/\/www.tronkiele.com\/"},{"@type":"ListItem","position":2,"name":"Products","item":"https:\/\/www.tronkiele.com\/shop\/"},{"@type":"ListItem","position":3,"name":"BQVN-12GD Three Station Indoor Vacuum Ckt Breaker"}]},{"@type":"WebSite","@id":"https:\/\/www.tronkiele.com\/#website","url":"https:\/\/www.tronkiele.com\/","name":"PINE-ZHENGXI","description":"","publisher":{"@id":"https:\/\/www.tronkiele.com\/#organization"},"potentialAction":[{"@type":"SearchAction","target":{"@type":"EntryPoint","urlTemplate":"https:\/\/www.tronkiele.com\/?s={search_term_string}"},"query-input":{"@type":"PropertyValueSpecification","valueRequired":true,"valueName":"search_term_string"}}],"inLanguage":"pt-PT"},{"@type":"Organization","@id":"https:\/\/www.tronkiele.com\/#organization","name":"PINE-ZHENGXI","url":"https:\/\/www.tronkiele.com\/","logo":{"@type":"ImageObject","inLanguage":"pt-PT","@id":"https:\/\/www.tronkiele.com\/#\/schema\/logo\/image\/","url":"https:\/\/www.tronkiele.com\/wp-content\/uploads\/2024\/11\/cropped-tronki.webp","contentUrl":"https:\/\/www.tronkiele.com\/wp-content\/uploads\/2024\/11\/cropped-tronki.webp","width":512,"height":512,"caption":"PINE-ZHENGXI"},"image":{"@id":"https:\/\/www.tronkiele.com\/#\/schema\/logo\/image\/"}}]}},"_links":{"self":[{"href":"https:\/\/www.tronkiele.com\/pt\/wp-json\/wp\/v2\/product\/19","targetHints":{"allow":["GET"]}}],"collection":[{"href":"https:\/\/www.tronkiele.com\/pt\/wp-json\/wp\/v2\/product"}],"about":[{"href":"https:\/\/www.tronkiele.com\/pt\/wp-json\/wp\/v2\/types\/product"}],"version-history":[{"count":5,"href":"https:\/\/www.tronkiele.com\/pt\/wp-json\/wp\/v2\/product\/19\/revisions"}],"predecessor-version":[{"id":21477,"href":"https:\/\/www.tronkiele.com\/pt\/wp-json\/wp\/v2\/product\/19\/revisions\/21477"}],"wp:featuredmedia":[{"embeddable":true,"href":"https:\/\/www.tronkiele.com\/pt\/wp-json\/wp\/v2\/media\/2241"}],"wp:attachment":[{"href":"https:\/\/www.tronkiele.com\/pt\/wp-json\/wp\/v2\/media?parent=19"}],"wp:term":[{"taxonomy":"product_brand","embeddable":true,"href":"https:\/\/www.tronkiele.com\/pt\/wp-json\/wp\/v2\/product_brand?post=19"},{"taxonomy":"product_cat","embeddable":true,"href":"https:\/\/www.tronkiele.com\/pt\/wp-json\/wp\/v2\/product_cat?post=19"},{"taxonomy":"product_tag","embeddable":true,"href":"https:\/\/www.tronkiele.com\/pt\/wp-json\/wp\/v2\/product_tag?post=19"}],"curies":[{"name":"wp","href":"https:\/\/api.w.org\/{rel}","templated":true}]}}