{"id":21439,"date":"2025-01-22T11:33:13","date_gmt":"2025-01-22T11:33:13","guid":{"rendered":"https:\/\/www.tronkiele.com\/?post_type=product&#038;p=21439"},"modified":"2025-03-30T10:48:32","modified_gmt":"2025-03-30T10:48:32","slug":"vs1-indoor-air-circuit-breaker-vcb","status":"publish","type":"product","link":"https:\/\/www.tronkiele.com\/pt\/product\/vs1-indoor-air-circuit-breaker-vcb\/","title":{"rendered":"Alta Qualidade VS1 12kv Alta Tens\u00e3o Interior Circuito de Ar S\u00f3lido Disjuntor VCB Para Aparelhagem"},"content":{"rendered":"<p>O disjuntor de v\u00e1cuo de ar interior de alta tens\u00e3o do tipo VS1-12 \u00e9 adequado para sistemas de energia trif\u00e1sicos AC 50Hz, tens\u00e3o nominal de 12kV, amplamente utilizado em centrais el\u00e9ctricas, subesta\u00e7\u00f5es e empresas industriais e mineiras para o controlo e prote\u00e7\u00e3o de equipamento de energia. \u00c9 particularmente adequado para cen\u00e1rios de funcionamento frequente e pode ser instalado de forma flex\u00edvel em arm\u00e1rios blindados do tipo KYN28-12, arm\u00e1rios fixos ou arm\u00e1rios isolados a g\u00e1s.<\/p>\n<h2>Carater\u00edsticas do produto<\/h2>\n<p><strong>Concha revestida com spray dur\u00e1vel<\/strong><br \/>\nO inv\u00f3lucro adopta material de pulveriza\u00e7\u00e3o antiferrugem espessado para garantir um funcionamento est\u00e1vel a longo prazo e uma forte resist\u00eancia \u00e0 corros\u00e3o.<\/p>\n<p><strong>Painel de opera\u00e7\u00e3o intuitivo<\/strong><br \/>\nEquipado com uma janela visual clara, apresenta o estado do contacto em tempo real para evitar eficazmente o funcionamento incorreto.<\/p>\n<p><strong>Contactos de cobre de alta qualidade<\/strong><br \/>\nOs contactos s\u00e3o feitos de material de cobre puro com revestimento de prata, combinado com um design de mola de alta precis\u00e3o, que \u00e9 mais condutor e mais seguro de utilizar.<\/p>\n<p><strong>Materiais de isolamento de alta qualidade<\/strong><br \/>\nA coluna de isolamento feita de borracha composta tem boas propriedades anti-incrustantes e de veda\u00e7\u00e3o, o que melhora a fiabilidade do equipamento.<\/p>\n<h2>Condi\u00e7\u00f5es aplic\u00e1veis<\/h2>\n<p>Altitude: \u22642000 metros<br \/>\nTemperatura ambiente: -15\u2103 a +40\u2103<br \/>\nHumidade relativa: \u226495%<br \/>\nResist\u00eancia s\u00edsmica: Adaptar-se \u00e0 intensidade do terramoto de magnitude 8<br \/>\nAmbiente de instala\u00e7\u00e3o: Sem gotejamento, inc\u00eandio, riscos de explos\u00e3o e locais com sujidade severa, corros\u00e3o qu\u00edmica ou vibra\u00e7\u00e3o severa.<\/p>\n<h2>Dimens\u00f5es do VSl E fixo (poste fixo selado)<\/h2>\n<p><img fetchpriority=\"high\" decoding=\"async\" class=\"alignnone wp-image-21443\" src=\"https:\/\/www.tronkiele.com\/wp-content\/uploads\/2025\/01\/VS1-12-E-fixed-type-dimensions.webp\" alt=\"Dimens\u00f5es do tipo fixo VS1-12 E\" width=\"772\" height=\"879\" srcset=\"https:\/\/www.tronkiele.com\/wp-content\/uploads\/2025\/01\/VS1-12-E-fixed-type-dimensions.webp 1857w, https:\/\/www.tronkiele.com\/wp-content\/uploads\/2025\/01\/VS1-12-E-fixed-type-dimensions-264x300.webp 264w, https:\/\/www.tronkiele.com\/wp-content\/uploads\/2025\/01\/VS1-12-E-fixed-type-dimensions-703x800.webp 703w, https:\/\/www.tronkiele.com\/wp-content\/uploads\/2025\/01\/VS1-12-E-fixed-type-dimensions-768x874.webp 768w, https:\/\/www.tronkiele.com\/wp-content\/uploads\/2025\/01\/VS1-12-E-fixed-type-dimensions-1349x1536.webp 1349w, https:\/\/www.tronkiele.com\/wp-content\/uploads\/2025\/01\/VS1-12-E-fixed-type-dimensions-1799x2048.webp 1799w, https:\/\/www.tronkiele.com\/wp-content\/uploads\/2025\/01\/VS1-12-E-fixed-type-dimensions-11x12.webp 11w, https:\/\/www.tronkiele.com\/wp-content\/uploads\/2025\/01\/VS1-12-E-fixed-type-dimensions-430x490.webp 430w, https:\/\/www.tronkiele.com\/wp-content\/uploads\/2025\/01\/VS1-12-E-fixed-type-dimensions-700x797.webp 700w, https:\/\/www.tronkiele.com\/wp-content\/uploads\/2025\/01\/VS1-12-E-fixed-type-dimensions-150x171.webp 150w\" sizes=\"(max-width: 772px) 100vw, 772px\" \/><\/p>\n<p>1. comuta\u00e7\u00e3o e fecho do encravamento mec\u00e2nico (extens\u00e3o esquerda ou extens\u00e3o direita)<br \/>\n2. bloqueio do fuso (extens\u00e3o esquerda ou extens\u00e3o direita ou sem extens\u00e3o)<br \/>\n3.46 Tomada de avia\u00e7\u00e3o do n\u00facleo ou terminal secund\u00e1rio<br \/>\n4. Manuseamento do furo de eleva\u00e7\u00e3o<br \/>\n5. Punho de armazenamento de energia<\/p>\n<p>&nbsp;<\/p>","protected":false},"excerpt":{"rendered":"<p>Capacidade de rutura: 31,5kA, 80kA<br \/>\nTens\u00e3o nominal: 12kV<br \/>\nCorrente nominal\uff1a1250A<br \/>\nNome do produto\uff1aDisjuntor a v\u00e1cuo para interior<br \/>\nNorma\uff1aGB\/T 1984-2014<br \/>\nFrequ\u00eancia\uff1a50HZ<br \/>\nOEM\uff1aOferecido<\/p>","protected":false},"featured_media":2251,"template":"","meta":[],"product_brand":[],"product_cat":[17],"product_tag":[],"class_list":{"0":"post-21439","1":"product","2":"type-product","3":"status-publish","4":"has-post-thumbnail","6":"product_cat-vacuum-circuit-breaker","8":"first","9":"instock","10":"taxable","11":"shipping-taxable","12":"product-type-simple"},"yoast_head":"<!-- This site is optimized with the Yoast SEO plugin v25.0 - https:\/\/yoast.com\/wordpress\/plugins\/seo\/ -->\n<title>VS1 12kv High Voltage Indoor Air Circuit Breaker VCB From China Manufacturer - PINE-ZHENGXI<\/title>\n<meta name=\"description\" content=\"High Voltage Indoor Air Circuit Breaker VCB from Chinese Manufacturer TRONKI. Directly purchase low price and high quality air vacuum circuit breaker.\" \/>\n<meta name=\"robots\" content=\"index, follow, max-snippet:-1, max-image-preview:large, max-video-preview:-1\" \/>\n<link rel=\"canonical\" href=\"https:\/\/www.tronkiele.com\/pt\/product\/vs1-indoor-air-circuit-breaker-vcb\/\" \/>\n<meta property=\"og:locale\" content=\"pt_PT\" \/>\n<meta property=\"og:type\" content=\"article\" \/>\n<meta property=\"og:title\" content=\"VS1 12kv High Voltage Indoor Air Circuit Breaker VCB From China Manufacturer - PINE-ZHENGXI\" \/>\n<meta property=\"og:description\" content=\"High Voltage Indoor Air Circuit Breaker VCB from Chinese Manufacturer TRONKI. Directly purchase low price and high quality air vacuum circuit breaker.\" \/>\n<meta property=\"og:url\" content=\"https:\/\/www.tronkiele.com\/pt\/product\/vs1-indoor-air-circuit-breaker-vcb\/\" \/>\n<meta property=\"og:site_name\" content=\"PINE-ZHENGXI\" \/>\n<meta property=\"article:modified_time\" content=\"2025-03-30T10:48:32+00:00\" \/>\n<meta property=\"og:image\" content=\"https:\/\/www.tronkiele.com\/wp-content\/uploads\/2024\/09\/High-Voltage-AC-Vacuum-Load-Switch-1.webp\" \/>\n\t<meta property=\"og:image:width\" content=\"600\" \/>\n\t<meta property=\"og:image:height\" content=\"600\" \/>\n\t<meta property=\"og:image:type\" content=\"image\/webp\" \/>\n<meta name=\"twitter:card\" content=\"summary_large_image\" \/>\n<meta name=\"twitter:label1\" content=\"Tempo estimado de leitura\" \/>\n\t<meta name=\"twitter:data1\" content=\"2 minutos\" \/>\n<script type=\"application\/ld+json\" class=\"yoast-schema-graph\">{\"@context\":\"https:\/\/schema.org\",\"@graph\":[{\"@type\":\"WebPage\",\"@id\":\"https:\/\/www.tronkiele.com\/product\/vs1-indoor-air-circuit-breaker-vcb\/\",\"url\":\"https:\/\/www.tronkiele.com\/product\/vs1-indoor-air-circuit-breaker-vcb\/\",\"name\":\"VS1 12kv High Voltage Indoor Air Circuit Breaker VCB From China Manufacturer - PINE-ZHENGXI\",\"isPartOf\":{\"@id\":\"https:\/\/www.tronkiele.com\/#website\"},\"primaryImageOfPage\":{\"@id\":\"https:\/\/www.tronkiele.com\/product\/vs1-indoor-air-circuit-breaker-vcb\/#primaryimage\"},\"image\":{\"@id\":\"https:\/\/www.tronkiele.com\/product\/vs1-indoor-air-circuit-breaker-vcb\/#primaryimage\"},\"thumbnailUrl\":\"https:\/\/www.tronkiele.com\/wp-content\/uploads\/2024\/09\/High-Voltage-AC-Vacuum-Load-Switch-1.webp\",\"datePublished\":\"2025-01-22T11:33:13+00:00\",\"dateModified\":\"2025-03-30T10:48:32+00:00\",\"description\":\"High Voltage Indoor Air Circuit Breaker VCB from Chinese Manufacturer TRONKI. Directly purchase low price and high quality air vacuum circuit breaker.\",\"breadcrumb\":{\"@id\":\"https:\/\/www.tronkiele.com\/product\/vs1-indoor-air-circuit-breaker-vcb\/#breadcrumb\"},\"inLanguage\":\"pt-PT\",\"potentialAction\":[{\"@type\":\"ReadAction\",\"target\":[\"https:\/\/www.tronkiele.com\/product\/vs1-indoor-air-circuit-breaker-vcb\/\"]}]},{\"@type\":\"ImageObject\",\"inLanguage\":\"pt-PT\",\"@id\":\"https:\/\/www.tronkiele.com\/product\/vs1-indoor-air-circuit-breaker-vcb\/#primaryimage\",\"url\":\"https:\/\/www.tronkiele.com\/wp-content\/uploads\/2024\/09\/High-Voltage-AC-Vacuum-Load-Switch-1.webp\",\"contentUrl\":\"https:\/\/www.tronkiele.com\/wp-content\/uploads\/2024\/09\/High-Voltage-AC-Vacuum-Load-Switch-1.webp\",\"width\":600,\"height\":600,\"caption\":\"High Voltage AC Vacuum Load Switch\"},{\"@type\":\"BreadcrumbList\",\"@id\":\"https:\/\/www.tronkiele.com\/product\/vs1-indoor-air-circuit-breaker-vcb\/#breadcrumb\",\"itemListElement\":[{\"@type\":\"ListItem\",\"position\":1,\"name\":\"Home\",\"item\":\"https:\/\/www.tronkiele.com\/\"},{\"@type\":\"ListItem\",\"position\":2,\"name\":\"Products\",\"item\":\"https:\/\/www.tronkiele.com\/shop\/\"},{\"@type\":\"ListItem\",\"position\":3,\"name\":\"High Quality VS1 12kv High Voltage Indoor Solid Air Circuit Breaker VCB For Switchgear\"}]},{\"@type\":\"WebSite\",\"@id\":\"https:\/\/www.tronkiele.com\/#website\",\"url\":\"https:\/\/www.tronkiele.com\/\",\"name\":\"PINE-ZHENGXI\",\"description\":\"\",\"publisher\":{\"@id\":\"https:\/\/www.tronkiele.com\/#organization\"},\"potentialAction\":[{\"@type\":\"SearchAction\",\"target\":{\"@type\":\"EntryPoint\",\"urlTemplate\":\"https:\/\/www.tronkiele.com\/?s={search_term_string}\"},\"query-input\":{\"@type\":\"PropertyValueSpecification\",\"valueRequired\":true,\"valueName\":\"search_term_string\"}}],\"inLanguage\":\"pt-PT\"},{\"@type\":\"Organization\",\"@id\":\"https:\/\/www.tronkiele.com\/#organization\",\"name\":\"PINE-ZHENGXI\",\"url\":\"https:\/\/www.tronkiele.com\/\",\"logo\":{\"@type\":\"ImageObject\",\"inLanguage\":\"pt-PT\",\"@id\":\"https:\/\/www.tronkiele.com\/#\/schema\/logo\/image\/\",\"url\":\"https:\/\/www.tronkiele.com\/wp-content\/uploads\/2024\/11\/cropped-tronki.webp\",\"contentUrl\":\"https:\/\/www.tronkiele.com\/wp-content\/uploads\/2024\/11\/cropped-tronki.webp\",\"width\":512,\"height\":512,\"caption\":\"PINE-ZHENGXI\"},\"image\":{\"@id\":\"https:\/\/www.tronkiele.com\/#\/schema\/logo\/image\/\"}}]}<\/script>\n<!-- \/ Yoast SEO plugin. -->","yoast_head_json":{"title":"VS1 12kv High Voltage Indoor Air Circuit Breaker VCB From China Manufacturer - PINE-ZHENGXI","description":"Disjuntor de ar interior de alta tens\u00e3o VCB do fabricante chin\u00eas TRONKI. Compra direta de disjuntor de ar a v\u00e1cuo de baixo pre\u00e7o e alta qualidade.","robots":{"index":"index","follow":"follow","max-snippet":"max-snippet:-1","max-image-preview":"max-image-preview:large","max-video-preview":"max-video-preview:-1"},"canonical":"https:\/\/www.tronkiele.com\/pt\/product\/vs1-indoor-air-circuit-breaker-vcb\/","og_locale":"pt_PT","og_type":"article","og_title":"VS1 12kv High Voltage Indoor Air Circuit Breaker VCB From China Manufacturer - PINE-ZHENGXI","og_description":"High Voltage Indoor Air Circuit Breaker VCB from Chinese Manufacturer TRONKI. Directly purchase low price and high quality air vacuum circuit breaker.","og_url":"https:\/\/www.tronkiele.com\/pt\/product\/vs1-indoor-air-circuit-breaker-vcb\/","og_site_name":"PINE-ZHENGXI","article_modified_time":"2025-03-30T10:48:32+00:00","og_image":[{"width":600,"height":600,"url":"https:\/\/www.tronkiele.com\/wp-content\/uploads\/2024\/09\/High-Voltage-AC-Vacuum-Load-Switch-1.webp","type":"image\/webp"}],"twitter_card":"summary_large_image","twitter_misc":{"Tempo estimado de leitura":"2 minutos"},"schema":{"@context":"https:\/\/schema.org","@graph":[{"@type":"WebPage","@id":"https:\/\/www.tronkiele.com\/product\/vs1-indoor-air-circuit-breaker-vcb\/","url":"https:\/\/www.tronkiele.com\/product\/vs1-indoor-air-circuit-breaker-vcb\/","name":"VS1 12kv High Voltage Indoor Air Circuit Breaker VCB From China Manufacturer - PINE-ZHENGXI","isPartOf":{"@id":"https:\/\/www.tronkiele.com\/#website"},"primaryImageOfPage":{"@id":"https:\/\/www.tronkiele.com\/product\/vs1-indoor-air-circuit-breaker-vcb\/#primaryimage"},"image":{"@id":"https:\/\/www.tronkiele.com\/product\/vs1-indoor-air-circuit-breaker-vcb\/#primaryimage"},"thumbnailUrl":"https:\/\/www.tronkiele.com\/wp-content\/uploads\/2024\/09\/High-Voltage-AC-Vacuum-Load-Switch-1.webp","datePublished":"2025-01-22T11:33:13+00:00","dateModified":"2025-03-30T10:48:32+00:00","description":"Disjuntor de ar interior de alta tens\u00e3o VCB do fabricante chin\u00eas TRONKI. Compra direta de disjuntor de ar a v\u00e1cuo de baixo pre\u00e7o e alta qualidade.","breadcrumb":{"@id":"https:\/\/www.tronkiele.com\/product\/vs1-indoor-air-circuit-breaker-vcb\/#breadcrumb"},"inLanguage":"pt-PT","potentialAction":[{"@type":"ReadAction","target":["https:\/\/www.tronkiele.com\/product\/vs1-indoor-air-circuit-breaker-vcb\/"]}]},{"@type":"ImageObject","inLanguage":"pt-PT","@id":"https:\/\/www.tronkiele.com\/product\/vs1-indoor-air-circuit-breaker-vcb\/#primaryimage","url":"https:\/\/www.tronkiele.com\/wp-content\/uploads\/2024\/09\/High-Voltage-AC-Vacuum-Load-Switch-1.webp","contentUrl":"https:\/\/www.tronkiele.com\/wp-content\/uploads\/2024\/09\/High-Voltage-AC-Vacuum-Load-Switch-1.webp","width":600,"height":600,"caption":"High Voltage AC Vacuum Load Switch"},{"@type":"BreadcrumbList","@id":"https:\/\/www.tronkiele.com\/product\/vs1-indoor-air-circuit-breaker-vcb\/#breadcrumb","itemListElement":[{"@type":"ListItem","position":1,"name":"Home","item":"https:\/\/www.tronkiele.com\/"},{"@type":"ListItem","position":2,"name":"Products","item":"https:\/\/www.tronkiele.com\/shop\/"},{"@type":"ListItem","position":3,"name":"High Quality VS1 12kv High Voltage Indoor Solid Air Circuit Breaker VCB For Switchgear"}]},{"@type":"WebSite","@id":"https:\/\/www.tronkiele.com\/#website","url":"https:\/\/www.tronkiele.com\/","name":"PINE-ZHENGXI","description":"","publisher":{"@id":"https:\/\/www.tronkiele.com\/#organization"},"potentialAction":[{"@type":"SearchAction","target":{"@type":"EntryPoint","urlTemplate":"https:\/\/www.tronkiele.com\/?s={search_term_string}"},"query-input":{"@type":"PropertyValueSpecification","valueRequired":true,"valueName":"search_term_string"}}],"inLanguage":"pt-PT"},{"@type":"Organization","@id":"https:\/\/www.tronkiele.com\/#organization","name":"PINE-ZHENGXI","url":"https:\/\/www.tronkiele.com\/","logo":{"@type":"ImageObject","inLanguage":"pt-PT","@id":"https:\/\/www.tronkiele.com\/#\/schema\/logo\/image\/","url":"https:\/\/www.tronkiele.com\/wp-content\/uploads\/2024\/11\/cropped-tronki.webp","contentUrl":"https:\/\/www.tronkiele.com\/wp-content\/uploads\/2024\/11\/cropped-tronki.webp","width":512,"height":512,"caption":"PINE-ZHENGXI"},"image":{"@id":"https:\/\/www.tronkiele.com\/#\/schema\/logo\/image\/"}}]}},"_links":{"self":[{"href":"https:\/\/www.tronkiele.com\/pt\/wp-json\/wp\/v2\/product\/21439","targetHints":{"allow":["GET"]}}],"collection":[{"href":"https:\/\/www.tronkiele.com\/pt\/wp-json\/wp\/v2\/product"}],"about":[{"href":"https:\/\/www.tronkiele.com\/pt\/wp-json\/wp\/v2\/types\/product"}],"version-history":[{"count":7,"href":"https:\/\/www.tronkiele.com\/pt\/wp-json\/wp\/v2\/product\/21439\/revisions"}],"predecessor-version":[{"id":21447,"href":"https:\/\/www.tronkiele.com\/pt\/wp-json\/wp\/v2\/product\/21439\/revisions\/21447"}],"wp:featuredmedia":[{"embeddable":true,"href":"https:\/\/www.tronkiele.com\/pt\/wp-json\/wp\/v2\/media\/2251"}],"wp:attachment":[{"href":"https:\/\/www.tronkiele.com\/pt\/wp-json\/wp\/v2\/media?parent=21439"}],"wp:term":[{"taxonomy":"product_brand","embeddable":true,"href":"https:\/\/www.tronkiele.com\/pt\/wp-json\/wp\/v2\/product_brand?post=21439"},{"taxonomy":"product_cat","embeddable":true,"href":"https:\/\/www.tronkiele.com\/pt\/wp-json\/wp\/v2\/product_cat?post=21439"},{"taxonomy":"product_tag","embeddable":true,"href":"https:\/\/www.tronkiele.com\/pt\/wp-json\/wp\/v2\/product_tag?post=21439"}],"curies":[{"name":"wp","href":"https:\/\/api.w.org\/{rel}","templated":true}]}}