{"id":21723,"date":"2025-05-02T10:51:19","date_gmt":"2025-05-02T10:51:19","guid":{"rendered":"https:\/\/www.tronkiele.com\/?post_type=product&#038;p=21723"},"modified":"2025-05-02T10:53:27","modified_gmt":"2025-05-02T10:53:27","slug":"11kv-3-phase-dry-type-cast-resin-distribution-transformer","status":"publish","type":"product","link":"https:\/\/www.tronkiele.com\/pt\/product\/11kv-3-phase-dry-type-cast-resin-distribution-transformer\/","title":{"rendered":"SCB11 11KV Transformador de distribui\u00e7\u00e3o trif\u00e1sico a seco em resina fundida"},"content":{"rendered":"<h2>Carater\u00edsticas:<\/h2>\n<p><strong>Seguran\u00e7a e fiabilidade avan\u00e7adas:<\/strong><\/p>\n<p>Retardador de chama e \u00e0 prova de explos\u00e3o: O encapsulamento em resina ep\u00f3xi cumpre as elevadas normas de seguran\u00e7a contra inc\u00eandios, oferecendo o mais elevado n\u00edvel de prote\u00e7\u00e3o.<br \/>\nLivre de manuten\u00e7\u00e3o: O design resistente \u00e0 polui\u00e7\u00e3o torna desnecess\u00e1ria a manuten\u00e7\u00e3o, oferecendo uma longa vida de funcionamento.<br \/>\nCompacto e dur\u00e1vel: Concebido para uma integra\u00e7\u00e3o profunda em centros de carga com uma pegada limitada, ideal para projectos que poupam espa\u00e7o.<\/p>\n<p><strong>Desempenho superior:<\/strong><\/p>\n<p>Baixa descarga parcial: A fundi\u00e7\u00e3o em v\u00e1cuo de alta tecnologia proporciona uma baixa descarga parcial (&lt;10pC), melhorando a fiabilidade do transformador.<br \/>\nRedu\u00e7\u00e3o do ru\u00eddo: Com capacidade de funcionamento silencioso, n\u00edvel de ru\u00eddo &lt;55dB, gra\u00e7as a uma arquitetura de liga\u00e7\u00e3o central bem concebida.<br \/>\nEfici\u00eancia t\u00e9rmica: Capacidade de dissipa\u00e7\u00e3o t\u00e9rmica robusta com toler\u00e2ncia de sobrecarga 40% para condi\u00e7\u00f5es de arrefecimento por ar for\u00e7ado.<\/p>\n<p><strong>Controlo inteligente:<\/strong><\/p>\n<p>Monitoriza\u00e7\u00e3o inteligente: Equipado com um controlador t\u00e9rmico integrado com alarmes de avaria, encerramento autom\u00e1tico e registo de dados \"caixa negra\" para maior seguran\u00e7a e acompanhamento do desempenho.<br \/>\nConectividade remota: A interface RS485 permite a monitoriza\u00e7\u00e3o e o controlo em tempo real atrav\u00e9s de um computador para maior comodidade de funcionamento e efici\u00eancia operacional.<\/p>\n<h2><strong>Par\u00e2metros t\u00e9cnicos:<\/strong><\/h2>\n<table>\n<tbody>\n<tr>\n<td colspan=\"15\">Dados t\u00e9cnicos do transformador de pot\u00eancia trif\u00e1sico a seco de classe de isolamento SC(B)11 Cast Resin F<\/td>\n<td><\/td>\n<\/tr>\n<tr>\n<td><\/td>\n<td colspan=\"2\"><\/td>\n<td><\/td>\n<td colspan=\"2\">Perda (kW)<\/td>\n<td><\/td>\n<td>Tens\u00e3o de imped\u00e2ncia<\/td>\n<td>N\u00edvel de isolamento<\/td>\n<td>Peso (kg)<\/td>\n<td colspan=\"3\">Dimens\u00e3o do contorno (mm)<\/td>\n<td colspan=\"3\">Dimens\u00f5es gerais com caixa de prote\u00e7\u00e3o<\/td>\n<\/tr>\n<tr>\n<td>Capacidade nominal<\/td>\n<td colspan=\"2\">Grupo de tens\u00e3o (kV)<\/td>\n<td rowspan=\"2\">M\u00e9todo de liga\u00e7\u00e3o<\/td>\n<td><\/td>\n<td>\u00a0(120\u00baC)<\/td>\n<td>Corrente em vazio<\/td>\n<td><\/td>\n<td rowspan=\"2\"><\/td>\n<td rowspan=\"2\"><\/td>\n<td>(L)<\/td>\n<td>(W)<\/td>\n<td>(H)<\/td>\n<td>(L)<\/td>\n<td>(W)<\/td>\n<td>(H)<\/td>\n<\/tr>\n<tr>\n<td>(kVA)<\/td>\n<td>HV<\/td>\n<td>LV<\/td>\n<td>Sem carga<\/td>\n<td>Carga<\/td>\n<td>%<\/td>\n<td><\/td>\n<td colspan=\"3\"><\/td>\n<td><\/td>\n<td><\/td>\n<td><\/td>\n<\/tr>\n<tr>\n<td>10<\/td>\n<td><\/td>\n<td rowspan=\"24\">0.4<\/td>\n<td rowspan=\"24\">Dyn11 Yyn0<\/td>\n<td>0.121<\/td>\n<td>0.29<\/td>\n<td>3.8<\/td>\n<td rowspan=\"15\">4<\/td>\n<td rowspan=\"24\">F\/F<\/td>\n<td>130<\/td>\n<td>600<\/td>\n<td>450<\/td>\n<td>490<\/td>\n<td>900<\/td>\n<td>800<\/td>\n<td>850<\/td>\n<\/tr>\n<tr>\n<td>20<\/td>\n<td><\/td>\n<td>0.153<\/td>\n<td>0.565<\/td>\n<td>3.3<\/td>\n<td>170<\/td>\n<td>600<\/td>\n<td>450<\/td>\n<td>560<\/td>\n<td>900<\/td>\n<td>800<\/td>\n<td>850<\/td>\n<\/tr>\n<tr>\n<td>30<\/td>\n<td><\/td>\n<td>0.176<\/td>\n<td>0.67<\/td>\n<td>2.5<\/td>\n<td>330<\/td>\n<td>620<\/td>\n<td>450<\/td>\n<td>650<\/td>\n<td>1050<\/td>\n<td>900<\/td>\n<td>1000<\/td>\n<\/tr>\n<tr>\n<td>50<\/td>\n<td><\/td>\n<td>0.243<\/td>\n<td>0.896<\/td>\n<td>2<\/td>\n<td>380<\/td>\n<td>620<\/td>\n<td>450<\/td>\n<td>750<\/td>\n<td>1050<\/td>\n<td>900<\/td>\n<td>1000<\/td>\n<\/tr>\n<tr>\n<td>63<\/td>\n<td><\/td>\n<td>0.314<\/td>\n<td>1.15<\/td>\n<td>2<\/td>\n<td>440<\/td>\n<td>750<\/td>\n<td>500<\/td>\n<td>760<\/td>\n<td>1050<\/td>\n<td>1000<\/td>\n<td>1150<\/td>\n<\/tr>\n<tr>\n<td>80<\/td>\n<td><\/td>\n<td>0.333<\/td>\n<td>1.311<\/td>\n<td>2<\/td>\n<td>510<\/td>\n<td>750<\/td>\n<td>500<\/td>\n<td>760<\/td>\n<td>1100<\/td>\n<td>1000<\/td>\n<td>1150<\/td>\n<\/tr>\n<tr>\n<td>100<\/td>\n<td><\/td>\n<td>0.36<\/td>\n<td>1.492<\/td>\n<td>1.9<\/td>\n<td>590<\/td>\n<td>750<\/td>\n<td>500<\/td>\n<td>890<\/td>\n<td>1150<\/td>\n<td>1100<\/td>\n<td>1250<\/td>\n<\/tr>\n<tr>\n<td>125<\/td>\n<td>11<\/td>\n<td>0.423<\/td>\n<td>1.758<\/td>\n<td>1.7<\/td>\n<td>650<\/td>\n<td>1060<\/td>\n<td>600<\/td>\n<td>1020<\/td>\n<td>1350<\/td>\n<td>1050<\/td>\n<td>1200<\/td>\n<\/tr>\n<tr>\n<td>160<\/td>\n<td>10.5<\/td>\n<td>0.491<\/td>\n<td>2.023<\/td>\n<td>1.7<\/td>\n<td>780<\/td>\n<td>1060<\/td>\n<td>600<\/td>\n<td>1060<\/td>\n<td>1400<\/td>\n<td>1050<\/td>\n<td>1250<\/td>\n<\/tr>\n<tr>\n<td>200<\/td>\n<td>10<\/td>\n<td>0.563<\/td>\n<td>2.403<\/td>\n<td>1.5<\/td>\n<td>930<\/td>\n<td>1060<\/td>\n<td>710<\/td>\n<td>1120<\/td>\n<td>1450<\/td>\n<td>1100<\/td>\n<td>1350<\/td>\n<\/tr>\n<tr>\n<td>250<\/td>\n<td>6.3<\/td>\n<td>0.648<\/td>\n<td>2.622<\/td>\n<td>1.5<\/td>\n<td>1040<\/td>\n<td>1100<\/td>\n<td>710<\/td>\n<td>1140<\/td>\n<td>1500<\/td>\n<td>1150<\/td>\n<td>1400<\/td>\n<\/tr>\n<tr>\n<td>315<\/td>\n<td>6<\/td>\n<td>0.792<\/td>\n<td>3.297<\/td>\n<td>1.3<\/td>\n<td>1180<\/td>\n<td>1150<\/td>\n<td>710<\/td>\n<td>1195<\/td>\n<td>1500<\/td>\n<td>1200<\/td>\n<td>1450<\/td>\n<\/tr>\n<tr>\n<td>400<\/td>\n<td><\/td>\n<td>0.878<\/td>\n<td>3.791<\/td>\n<td>1.3<\/td>\n<td>1450<\/td>\n<td>1260<\/td>\n<td>870<\/td>\n<td>1285<\/td>\n<td>1600<\/td>\n<td>1250<\/td>\n<td>1600<\/td>\n<\/tr>\n<tr>\n<td>500<\/td>\n<td><\/td>\n<td>1.044<\/td>\n<td>4.636<\/td>\n<td>1.3<\/td>\n<td>1630<\/td>\n<td>1290<\/td>\n<td>870<\/td>\n<td>1355<\/td>\n<td>1600<\/td>\n<td>1300<\/td>\n<td>1650<\/td>\n<\/tr>\n<tr>\n<td>630<\/td>\n<td><\/td>\n<td>1.211<\/td>\n<td>5.577<\/td>\n<td>1.1<\/td>\n<td>1900<\/td>\n<td>1450<\/td>\n<td>870<\/td>\n<td>1420<\/td>\n<td>1800<\/td>\n<td>1300<\/td>\n<td>1700<\/td>\n<\/tr>\n<tr>\n<td>630<\/td>\n<td><\/td>\n<td>1.117<\/td>\n<td>5.662<\/td>\n<td>1.1<\/td>\n<td rowspan=\"7\">6<\/td>\n<td>1900<\/td>\n<td>1500<\/td>\n<td>870<\/td>\n<td>1370<\/td>\n<td>1850<\/td>\n<td>1300<\/td>\n<td>1650<\/td>\n<\/tr>\n<tr>\n<td>800<\/td>\n<td><\/td>\n<td>1.444<\/td>\n<td>6.607<\/td>\n<td>1.1<\/td>\n<td>2290<\/td>\n<td>1550<\/td>\n<td>870<\/td>\n<td>1570<\/td>\n<td>1900<\/td>\n<td>1300<\/td>\n<td>1800<\/td>\n<\/tr>\n<tr>\n<td>1000<\/td>\n<td><\/td>\n<td>1.593<\/td>\n<td>7.724<\/td>\n<td>1<\/td>\n<td>2700<\/td>\n<td>1600<\/td>\n<td>870<\/td>\n<td>1665<\/td>\n<td>1950<\/td>\n<td>1300<\/td>\n<td>1950<\/td>\n<\/tr>\n<tr>\n<td>1250<\/td>\n<td><\/td>\n<td>1.881<\/td>\n<td>9.206<\/td>\n<td>1<\/td>\n<td>3130<\/td>\n<td>1680<\/td>\n<td>1120<\/td>\n<td>1765<\/td>\n<td>2050<\/td>\n<td>1350<\/td>\n<td>2000<\/td>\n<\/tr>\n<tr>\n<td>1600<\/td>\n<td><\/td>\n<td>2.205<\/td>\n<td>11.14<\/td>\n<td>1<\/td>\n<td>3740<\/td>\n<td>1750<\/td>\n<td>1120<\/td>\n<td>1860<\/td>\n<td>2100<\/td>\n<td>1400<\/td>\n<td>2100<\/td>\n<\/tr>\n<tr>\n<td>2000<\/td>\n<td><\/td>\n<td>2.988<\/td>\n<td>13.73<\/td>\n<td>0.9<\/td>\n<td>4150<\/td>\n<td>1770<\/td>\n<td>1120<\/td>\n<td>1865<\/td>\n<td>2150<\/td>\n<td>1500<\/td>\n<td>2100<\/td>\n<\/tr>\n<tr>\n<td>2500<\/td>\n<td><\/td>\n<td>3.6<\/td>\n<td>16.31<\/td>\n<td>0.8<\/td>\n<td>4810<\/td>\n<td>1870<\/td>\n<td>1120<\/td>\n<td>1950<\/td>\n<td>2200<\/td>\n<td>1500<\/td>\n<td>2200<\/td>\n<\/tr>\n<tr>\n<td>3150<\/td>\n<td><\/td>\n<td>4.626<\/td>\n<td>21.38<\/td>\n<td>0.7<\/td>\n<td rowspan=\"2\">8<\/td>\n<td>5800<\/td>\n<td>1950<\/td>\n<td>1120<\/td>\n<td>1900<\/td>\n<td>2350<\/td>\n<td>1600<\/td>\n<td>2250<\/td>\n<\/tr>\n<tr>\n<td>4000<\/td>\n<td><\/td>\n<td>5.364<\/td>\n<td>25.65<\/td>\n<td>0.7<\/td>\n<td>7100<\/td>\n<td>2100<\/td>\n<td>1120<\/td>\n<td>2050<\/td>\n<td>2400<\/td>\n<td>1600<\/td>\n<td>2300<\/td>\n<\/tr>\n<tr>\n<td colspan=\"15\">(Nota): (Faixa de batida da alta tens\u00e3o) \u00b15%; \u00b12\u00d72,5%, Frequ\u00eancia: 50Hz.<\/td>\n<td><\/td>\n<\/tr>\n<\/tbody>\n<\/table>\n<h2>Aplica\u00e7\u00e3o vers\u00e1til:<\/h2>\n<p>Comercial: hot\u00e9is, aeroportos, arranha-c\u00e9us, centros comerciais.<br \/>\nIndustrial: Centrais el\u00e9ctricas, fundi\u00e7\u00f5es, plataformas offshore, metropolitanos.<br \/>\nInfra-estruturas cr\u00edticas: Hospitais, centros de dados, complexos residenciais.<\/p>\n<h2>Destaques t\u00e9cnicos:<\/h2>\n<p><strong>Estrutura central:<\/strong><\/p>\n<p>Material: A\u00e7o sil\u00edcio importado laminado a frio com juntas de tr\u00eas passos totalmente inclinadas.<br \/>\nDesign: As correias de liga\u00e7\u00e3o sem encolhimento de classe F reduzem a perda sem carga (&lt;0,5W\/kg) e o ru\u00eddo do n\u00facleo.<br \/>\nTratamento de superf\u00edcie: Revestimento anti-corros\u00e3o nos elementos de fixa\u00e7\u00e3o para garantir a estabilidade operacional a longo prazo.<\/p>\n<p><strong>Enrolamentos:<\/strong><\/p>\n<p>Enrolamento de alta tens\u00e3o: Isolamento de resina ep\u00f3xi fundida em v\u00e1cuo com refor\u00e7o de fibra de vidro para maior resist\u00eancia mec\u00e2nica.<br \/>\nEnrolamento de baixa tens\u00e3o: Estrutura de enrolamento em folha de cobre com condutas de arrefecimento axiais para uma dissipa\u00e7\u00e3o uniforme do calor e isolamento intercalar pr\u00e9-impregnado com ep\u00f3xi DMD.<br \/>\nDescarga parcial: &lt;5pC.<\/p>\n<h2>Processo de produ\u00e7\u00e3o:<\/h2>\n<p>Bobinagem de precis\u00e3o: M\u00e1quinas CNC de alta precis\u00e3o garantem a consist\u00eancia da bobina.<br \/>\nFundi\u00e7\u00e3o a v\u00e1cuo: Assegura um isolamento sem vazios, eliminando as bolhas de ar.<br \/>\nCura e teste: Protocolos de solidifica\u00e7\u00e3o personalizados em conformidade com as normas GB\/T 10228-2015.<\/p>\n<h2>Conformidade e normas:<\/h2>\n<p>Certifica\u00e7\u00f5es: GB\/T 10228-2015, GB 6450-1986, JB\/T 10088-2016, GB 4208-2017.<\/p>\n<p>Classifica\u00e7\u00e3o ambiental: Prote\u00e7\u00e3o IP54, oferecendo resist\u00eancia ao p\u00f3 e \u00e0 humidade.<\/p>\n<h2>Porqu\u00ea escolher-nos?<\/h2>\n<p>Solu\u00e7\u00f5es personalizadas: Fornecemos designs personalizados para satisfazer requisitos espec\u00edficos de tens\u00e3o, arrefecimento e controlo.<br \/>\nExperi\u00eancia global: Desempenho comprovado em climas extremos e instala\u00e7\u00f5es de alta densidade.<br \/>\nEntrega r\u00e1pida: Com uma capacidade de mais de 10.000 unidades por m\u00eas, garantimos a entrega atempada sem comprometer a qualidade.<\/p>\n<h2>FAQ<\/h2>\n<p>Q1: Qual \u00e9 a vantagem de utilizar um transformador de resina fundida em rela\u00e7\u00e3o a um transformador cheio de \u00f3leo?<br \/>\nR: Os transformadores de resina fundida s\u00e3o mais amigos do ambiente e mais seguros do que os transformadores a \u00f3leo. N\u00e3o necessitam de \u00f3leo, reduzindo o risco de inc\u00eandio ou fugas. Para al\u00e9m disso, t\u00eam uma resist\u00eancia superior a condi\u00e7\u00f5es ambientais adversas e n\u00e3o necessitam de manuten\u00e7\u00e3o.<\/p>\n<p>P2: Qual \u00e9 o tempo de vida \u00fatil do transformador de tipo seco de resina fundida da s\u00e9rie SC(B)10?<br \/>\nR: Com uma instala\u00e7\u00e3o correta e uma manuten\u00e7\u00e3o m\u00ednima, o transformador da s\u00e9rie SC(B)10 tem uma vida \u00fatil longa, frequentemente superior a 30 anos.<\/p>\n<p>Q4: O transformador \u00e9 adequado para utiliza\u00e7\u00e3o no exterior?<br \/>\nR: Sim, a s\u00e9rie SC(B)10 foi concebida para aplica\u00e7\u00f5es interiores e exteriores, com uma classifica\u00e7\u00e3o IP54 para resist\u00eancia ao p\u00f3 e \u00e0 humidade.<\/p>\n<p>Q5: Como \u00e9 que o transformador \u00e9 monitorizado?<br \/>\nR: O transformador \u00e9 fornecido com um controlador t\u00e9rmico integrado para monitoriza\u00e7\u00e3o da temperatura e uma interface RS485 para conetividade remota e controlo em tempo real.<\/p>","protected":false},"excerpt":{"rendered":"<p>O transformador de tipo seco de resina fundida da s\u00e9rie SC(B)11 utiliza tecnologia internacional avan\u00e7ada e oferece uma alternativa ecol\u00f3gica e de elevado desempenho \u00e0s necessidades de distribui\u00e7\u00e3o de energia existentes. Os enrolamentos selados a ep\u00f3xi com propriedades retardadoras de chama s\u00e3o concebidos para atingir a m\u00e1xima seguran\u00e7a, efici\u00eancia e versatilidade excecional contra condi\u00e7\u00f5es dif\u00edceis.<\/p>\n<p>Pre\u00e7o FOB: US $0.5 - 9,999 \/ Pe\u00e7a<br \/>\nMin. Encomenda: 1 pe\u00e7as<br \/>\nCapacidade de fornecimento: 10.000 pe\u00e7as\/m\u00eas<\/p>","protected":false},"featured_media":21725,"template":"","meta":[],"product_brand":[],"product_cat":[35,33],"product_tag":[],"class_list":{"0":"post-21723","1":"product","2":"type-product","3":"status-publish","4":"has-post-thumbnail","6":"product_cat-dry-transformer","7":"product_cat-power-transformer","9":"first","10":"instock","11":"downloadable","12":"taxable","13":"shipping-taxable","14":"product-type-simple"},"yoast_head":"<!-- This site is optimized with the Yoast SEO plugin v25.0 - https:\/\/yoast.com\/wordpress\/plugins\/seo\/ -->\n<title>SCB11 11KV 3 Phase Dry-Type Cast-Resin Distribution Transformer - PINE-ZHENGXI<\/title>\n<meta name=\"robots\" content=\"index, follow, max-snippet:-1, max-image-preview:large, max-video-preview:-1\" \/>\n<link rel=\"canonical\" href=\"https:\/\/www.tronkiele.com\/pt\/product\/11kv-3-phase-dry-type-cast-resin-distribution-transformer\/\" \/>\n<meta property=\"og:locale\" content=\"pt_PT\" \/>\n<meta property=\"og:type\" content=\"article\" \/>\n<meta property=\"og:title\" content=\"SCB11 11KV 3 Phase Dry-Type Cast-Resin Distribution Transformer - PINE-ZHENGXI\" \/>\n<meta property=\"og:description\" content=\"SC(B)11 Series Cast-Resin Dry-Type Transformer uses advanced international technology and offers a green, high-performance alternative to existing power distribution needs. Epoxy-sealed windings with flame-retardant properties are engineered to attain maximum safety, efficiency, and exceptional versatility against tough conditions.  FOB Price: US $0.5 - 9,999 \/ Piece Min. Order: 1 Pieces Supply Capacity: 10,000 Pieces\/Month\" \/>\n<meta property=\"og:url\" content=\"https:\/\/www.tronkiele.com\/pt\/product\/11kv-3-phase-dry-type-cast-resin-distribution-transformer\/\" \/>\n<meta property=\"og:site_name\" content=\"PINE-ZHENGXI\" \/>\n<meta property=\"article:modified_time\" content=\"2025-05-02T10:53:27+00:00\" \/>\n<meta property=\"og:image\" content=\"https:\/\/www.tronkiele.com\/wp-content\/uploads\/2025\/05\/3-Phase-Dry-Type-Cast-Resin-Distribution-Transformer.webp\" \/>\n\t<meta property=\"og:image:width\" content=\"800\" \/>\n\t<meta property=\"og:image:height\" content=\"800\" \/>\n\t<meta property=\"og:image:type\" content=\"image\/webp\" \/>\n<meta name=\"twitter:card\" content=\"summary_large_image\" \/>\n<meta name=\"twitter:label1\" content=\"Tempo estimado de leitura\" \/>\n\t<meta name=\"twitter:data1\" content=\"4 minutos\" \/>\n<script type=\"application\/ld+json\" class=\"yoast-schema-graph\">{\"@context\":\"https:\/\/schema.org\",\"@graph\":[{\"@type\":\"WebPage\",\"@id\":\"https:\/\/www.tronkiele.com\/product\/11kv-3-phase-dry-type-cast-resin-distribution-transformer\/\",\"url\":\"https:\/\/www.tronkiele.com\/product\/11kv-3-phase-dry-type-cast-resin-distribution-transformer\/\",\"name\":\"SCB11 11KV 3 Phase Dry-Type Cast-Resin Distribution Transformer - PINE-ZHENGXI\",\"isPartOf\":{\"@id\":\"https:\/\/www.tronkiele.com\/#website\"},\"primaryImageOfPage\":{\"@id\":\"https:\/\/www.tronkiele.com\/product\/11kv-3-phase-dry-type-cast-resin-distribution-transformer\/#primaryimage\"},\"image\":{\"@id\":\"https:\/\/www.tronkiele.com\/product\/11kv-3-phase-dry-type-cast-resin-distribution-transformer\/#primaryimage\"},\"thumbnailUrl\":\"https:\/\/www.tronkiele.com\/wp-content\/uploads\/2025\/05\/3-Phase-Dry-Type-Cast-Resin-Distribution-Transformer.webp\",\"datePublished\":\"2025-05-02T10:51:19+00:00\",\"dateModified\":\"2025-05-02T10:53:27+00:00\",\"breadcrumb\":{\"@id\":\"https:\/\/www.tronkiele.com\/product\/11kv-3-phase-dry-type-cast-resin-distribution-transformer\/#breadcrumb\"},\"inLanguage\":\"pt-PT\",\"potentialAction\":[{\"@type\":\"ReadAction\",\"target\":[\"https:\/\/www.tronkiele.com\/product\/11kv-3-phase-dry-type-cast-resin-distribution-transformer\/\"]}]},{\"@type\":\"ImageObject\",\"inLanguage\":\"pt-PT\",\"@id\":\"https:\/\/www.tronkiele.com\/product\/11kv-3-phase-dry-type-cast-resin-distribution-transformer\/#primaryimage\",\"url\":\"https:\/\/www.tronkiele.com\/wp-content\/uploads\/2025\/05\/3-Phase-Dry-Type-Cast-Resin-Distribution-Transformer.webp\",\"contentUrl\":\"https:\/\/www.tronkiele.com\/wp-content\/uploads\/2025\/05\/3-Phase-Dry-Type-Cast-Resin-Distribution-Transformer.webp\",\"width\":800,\"height\":800,\"caption\":\"3 Phase Dry-Type Cast-Resin Distribution Transformer\"},{\"@type\":\"BreadcrumbList\",\"@id\":\"https:\/\/www.tronkiele.com\/product\/11kv-3-phase-dry-type-cast-resin-distribution-transformer\/#breadcrumb\",\"itemListElement\":[{\"@type\":\"ListItem\",\"position\":1,\"name\":\"Home\",\"item\":\"https:\/\/www.tronkiele.com\/\"},{\"@type\":\"ListItem\",\"position\":2,\"name\":\"Products\",\"item\":\"https:\/\/www.tronkiele.com\/shop\/\"},{\"@type\":\"ListItem\",\"position\":3,\"name\":\"SCB11 11KV 3 Phase Dry-Type Cast-Resin Distribution Transformer\"}]},{\"@type\":\"WebSite\",\"@id\":\"https:\/\/www.tronkiele.com\/#website\",\"url\":\"https:\/\/www.tronkiele.com\/\",\"name\":\"PINE-ZHENGXI\",\"description\":\"\",\"publisher\":{\"@id\":\"https:\/\/www.tronkiele.com\/#organization\"},\"potentialAction\":[{\"@type\":\"SearchAction\",\"target\":{\"@type\":\"EntryPoint\",\"urlTemplate\":\"https:\/\/www.tronkiele.com\/?s={search_term_string}\"},\"query-input\":{\"@type\":\"PropertyValueSpecification\",\"valueRequired\":true,\"valueName\":\"search_term_string\"}}],\"inLanguage\":\"pt-PT\"},{\"@type\":\"Organization\",\"@id\":\"https:\/\/www.tronkiele.com\/#organization\",\"name\":\"PINE-ZHENGXI\",\"url\":\"https:\/\/www.tronkiele.com\/\",\"logo\":{\"@type\":\"ImageObject\",\"inLanguage\":\"pt-PT\",\"@id\":\"https:\/\/www.tronkiele.com\/#\/schema\/logo\/image\/\",\"url\":\"https:\/\/www.tronkiele.com\/wp-content\/uploads\/2024\/11\/cropped-tronki.webp\",\"contentUrl\":\"https:\/\/www.tronkiele.com\/wp-content\/uploads\/2024\/11\/cropped-tronki.webp\",\"width\":512,\"height\":512,\"caption\":\"PINE-ZHENGXI\"},\"image\":{\"@id\":\"https:\/\/www.tronkiele.com\/#\/schema\/logo\/image\/\"}}]}<\/script>\n<!-- \/ Yoast SEO plugin. -->","yoast_head_json":{"title":"SCB11 11KV Transformador de distribui\u00e7\u00e3o trif\u00e1sico a seco de resina fundida - PINE-ZHENGXI","robots":{"index":"index","follow":"follow","max-snippet":"max-snippet:-1","max-image-preview":"max-image-preview:large","max-video-preview":"max-video-preview:-1"},"canonical":"https:\/\/www.tronkiele.com\/pt\/product\/11kv-3-phase-dry-type-cast-resin-distribution-transformer\/","og_locale":"pt_PT","og_type":"article","og_title":"SCB11 11KV 3 Phase Dry-Type Cast-Resin Distribution Transformer - PINE-ZHENGXI","og_description":"SC(B)11 Series Cast-Resin Dry-Type Transformer uses advanced international technology and offers a green, high-performance alternative to existing power distribution needs. Epoxy-sealed windings with flame-retardant properties are engineered to attain maximum safety, efficiency, and exceptional versatility against tough conditions.  FOB Price: US $0.5 - 9,999 \/ Piece Min. Order: 1 Pieces Supply Capacity: 10,000 Pieces\/Month","og_url":"https:\/\/www.tronkiele.com\/pt\/product\/11kv-3-phase-dry-type-cast-resin-distribution-transformer\/","og_site_name":"PINE-ZHENGXI","article_modified_time":"2025-05-02T10:53:27+00:00","og_image":[{"width":800,"height":800,"url":"https:\/\/www.tronkiele.com\/wp-content\/uploads\/2025\/05\/3-Phase-Dry-Type-Cast-Resin-Distribution-Transformer.webp","type":"image\/webp"}],"twitter_card":"summary_large_image","twitter_misc":{"Tempo estimado de leitura":"4 minutos"},"schema":{"@context":"https:\/\/schema.org","@graph":[{"@type":"WebPage","@id":"https:\/\/www.tronkiele.com\/product\/11kv-3-phase-dry-type-cast-resin-distribution-transformer\/","url":"https:\/\/www.tronkiele.com\/product\/11kv-3-phase-dry-type-cast-resin-distribution-transformer\/","name":"SCB11 11KV Transformador de distribui\u00e7\u00e3o trif\u00e1sico a seco de resina fundida - PINE-ZHENGXI","isPartOf":{"@id":"https:\/\/www.tronkiele.com\/#website"},"primaryImageOfPage":{"@id":"https:\/\/www.tronkiele.com\/product\/11kv-3-phase-dry-type-cast-resin-distribution-transformer\/#primaryimage"},"image":{"@id":"https:\/\/www.tronkiele.com\/product\/11kv-3-phase-dry-type-cast-resin-distribution-transformer\/#primaryimage"},"thumbnailUrl":"https:\/\/www.tronkiele.com\/wp-content\/uploads\/2025\/05\/3-Phase-Dry-Type-Cast-Resin-Distribution-Transformer.webp","datePublished":"2025-05-02T10:51:19+00:00","dateModified":"2025-05-02T10:53:27+00:00","breadcrumb":{"@id":"https:\/\/www.tronkiele.com\/product\/11kv-3-phase-dry-type-cast-resin-distribution-transformer\/#breadcrumb"},"inLanguage":"pt-PT","potentialAction":[{"@type":"ReadAction","target":["https:\/\/www.tronkiele.com\/product\/11kv-3-phase-dry-type-cast-resin-distribution-transformer\/"]}]},{"@type":"ImageObject","inLanguage":"pt-PT","@id":"https:\/\/www.tronkiele.com\/product\/11kv-3-phase-dry-type-cast-resin-distribution-transformer\/#primaryimage","url":"https:\/\/www.tronkiele.com\/wp-content\/uploads\/2025\/05\/3-Phase-Dry-Type-Cast-Resin-Distribution-Transformer.webp","contentUrl":"https:\/\/www.tronkiele.com\/wp-content\/uploads\/2025\/05\/3-Phase-Dry-Type-Cast-Resin-Distribution-Transformer.webp","width":800,"height":800,"caption":"3 Phase Dry-Type Cast-Resin Distribution Transformer"},{"@type":"BreadcrumbList","@id":"https:\/\/www.tronkiele.com\/product\/11kv-3-phase-dry-type-cast-resin-distribution-transformer\/#breadcrumb","itemListElement":[{"@type":"ListItem","position":1,"name":"Home","item":"https:\/\/www.tronkiele.com\/"},{"@type":"ListItem","position":2,"name":"Products","item":"https:\/\/www.tronkiele.com\/shop\/"},{"@type":"ListItem","position":3,"name":"SCB11 11KV 3 Phase Dry-Type Cast-Resin Distribution Transformer"}]},{"@type":"WebSite","@id":"https:\/\/www.tronkiele.com\/#website","url":"https:\/\/www.tronkiele.com\/","name":"PINE-ZHENGXI","description":"","publisher":{"@id":"https:\/\/www.tronkiele.com\/#organization"},"potentialAction":[{"@type":"SearchAction","target":{"@type":"EntryPoint","urlTemplate":"https:\/\/www.tronkiele.com\/?s={search_term_string}"},"query-input":{"@type":"PropertyValueSpecification","valueRequired":true,"valueName":"search_term_string"}}],"inLanguage":"pt-PT"},{"@type":"Organization","@id":"https:\/\/www.tronkiele.com\/#organization","name":"PINE-ZHENGXI","url":"https:\/\/www.tronkiele.com\/","logo":{"@type":"ImageObject","inLanguage":"pt-PT","@id":"https:\/\/www.tronkiele.com\/#\/schema\/logo\/image\/","url":"https:\/\/www.tronkiele.com\/wp-content\/uploads\/2024\/11\/cropped-tronki.webp","contentUrl":"https:\/\/www.tronkiele.com\/wp-content\/uploads\/2024\/11\/cropped-tronki.webp","width":512,"height":512,"caption":"PINE-ZHENGXI"},"image":{"@id":"https:\/\/www.tronkiele.com\/#\/schema\/logo\/image\/"}}]}},"_links":{"self":[{"href":"https:\/\/www.tronkiele.com\/pt\/wp-json\/wp\/v2\/product\/21723","targetHints":{"allow":["GET"]}}],"collection":[{"href":"https:\/\/www.tronkiele.com\/pt\/wp-json\/wp\/v2\/product"}],"about":[{"href":"https:\/\/www.tronkiele.com\/pt\/wp-json\/wp\/v2\/types\/product"}],"version-history":[{"count":3,"href":"https:\/\/www.tronkiele.com\/pt\/wp-json\/wp\/v2\/product\/21723\/revisions"}],"predecessor-version":[{"id":21727,"href":"https:\/\/www.tronkiele.com\/pt\/wp-json\/wp\/v2\/product\/21723\/revisions\/21727"}],"wp:featuredmedia":[{"embeddable":true,"href":"https:\/\/www.tronkiele.com\/pt\/wp-json\/wp\/v2\/media\/21725"}],"wp:attachment":[{"href":"https:\/\/www.tronkiele.com\/pt\/wp-json\/wp\/v2\/media?parent=21723"}],"wp:term":[{"taxonomy":"product_brand","embeddable":true,"href":"https:\/\/www.tronkiele.com\/pt\/wp-json\/wp\/v2\/product_brand?post=21723"},{"taxonomy":"product_cat","embeddable":true,"href":"https:\/\/www.tronkiele.com\/pt\/wp-json\/wp\/v2\/product_cat?post=21723"},{"taxonomy":"product_tag","embeddable":true,"href":"https:\/\/www.tronkiele.com\/pt\/wp-json\/wp\/v2\/product_tag?post=21723"}],"curies":[{"name":"wp","href":"https:\/\/api.w.org\/{rel}","templated":true}]}}