{"id":21729,"date":"2025-05-02T11:16:25","date_gmt":"2025-05-02T11:16:25","guid":{"rendered":"https:\/\/www.tronkiele.com\/?post_type=product&#038;p=21729"},"modified":"2025-05-02T13:08:04","modified_gmt":"2025-05-02T13:08:04","slug":"33kv-35kv-dry-type-epoxy-resin-distribution-power-transformer","status":"publish","type":"product","link":"https:\/\/www.tronkiele.com\/pt\/product\/33kv-35kv-dry-type-epoxy-resin-distribution-power-transformer\/","title":{"rendered":"Transformador de pot\u00eancia de distribui\u00e7\u00e3o de resina ep\u00f3xi de tipo seco 33kv 35kv"},"content":{"rendered":"<p>O transformador de resina ep\u00f3xi do tipo seco da s\u00e9rie SC(B)10 de 33kV\/35kV foi concebido para distribui\u00e7\u00e3o de energia de alta tens\u00e3o em aplica\u00e7\u00f5es dif\u00edceis. Os seus enrolamentos isolados com resina ep\u00f3xi ign\u00edfuga e o seu sistema de arrefecimento avan\u00e7ado fazem do transformador um meio de trabalho seguro, fi\u00e1vel e amigo do ambiente para aplica\u00e7\u00f5es industriais, comerciais e de infra-estruturas cr\u00edticas.<\/p>\n<h2>Benef\u00edcios do produto:<\/h2>\n<p><strong>Seguran\u00e7a e longevidade<\/strong><\/p>\n<p>Retardador de chama (Classe F): Propriedades de auto-extin\u00e7\u00e3o asseguradas pelo encapsulamento em resina ep\u00f3xi, proporcionando uma maior seguran\u00e7a contra inc\u00eandios.<\/p>\n<p>Constru\u00e7\u00e3o \u00e0 prova de explos\u00e3o: Mais adequado para condi\u00e7\u00f5es perigosas, como plataformas offshore e f\u00e1bricas de produtos qu\u00edmicos.<\/p>\n<p>Manuten\u00e7\u00e3o zero: O design resistente \u00e0 polui\u00e7\u00e3o evita a corros\u00e3o, assegurando a longevidade e eliminando a necessidade de manuten\u00e7\u00e3o regular.<br \/>\nAlta efici\u00eancia e baixa perda<\/p>\n<p>Descarga parcial ultra-baixa: Obtido atrav\u00e9s de fundi\u00e7\u00e3o a v\u00e1cuo de precis\u00e3o e fibra de vidro refor\u00e7ada, garantindo menos de 5pC de descarga parcial.<\/p>\n<p>Redu\u00e7\u00e3o de ru\u00eddo: Funcionamento silencioso (&lt;60dB), gra\u00e7as \u00e0 liga\u00e7\u00e3o do n\u00facleo de grau F e \u00e0 otimiza\u00e7\u00e3o do fluxo de ar.<br \/>\nCapacidade de sobrecarga: Acomoda a sobrecarga cont\u00ednua do 40% com arrefecimento de ar for\u00e7ado (AF) para maior flexibilidade e fiabilidade.<br \/>\nMonitoriza\u00e7\u00e3o e controlo inteligentes<\/p>\n<p>Prote\u00e7\u00e3o t\u00e9rmica integrada: Inclui desligamento autom\u00e1tico, alarmes de falha e registo de dados \"caixa negra\" para monitoriza\u00e7\u00e3o cont\u00ednua.<br \/>\nGest\u00e3o remota: Com interface RS485, permite a monitoriza\u00e7\u00e3o em tempo real atrav\u00e9s de sistemas SCADA para garantir uma gest\u00e3o eficiente da opera\u00e7\u00e3o.<br \/>\nCompacto e vers\u00e1til<\/p>\n<p>Design que economiza espa\u00e7o: Mais adequado para subesta\u00e7\u00f5es em \u00e1reas urbanas, arranha-c\u00e9us e locais subterr\u00e2neos.<\/p>\n<h2><strong>Par\u00e2metros t\u00e9cnicos:<\/strong><\/h2>\n<table>\n<tbody>\n<tr>\n<td rowspan=\"2\">Capacidade nominal<br \/>\n(kVA)<\/td>\n<td colspan=\"3\">Tens\u00e3o nominal (KV)<\/td>\n<td rowspan=\"2\">Grupo Vetor<\/td>\n<td rowspan=\"2\">Imped\u00e2ncia de curto-circuito<br \/>\n(%)<\/td>\n<td colspan=\"2\">Perda (kW)<\/td>\n<td rowspan=\"2\">\u00a0Corrente sem carga<br \/>\n(%)<\/td>\n<td rowspan=\"2\">Peso (kg)<\/td>\n<td rowspan=\"2\">Dimens\u00e3o do contorno<br \/>\n(C\u00d7L\u00d7A, mm)<\/td>\n<td rowspan=\"2\">Dimens\u00e3o da caixa<br \/>\n(C\u00d7L\u00d7A, mm)<\/td>\n<\/tr>\n<tr>\n<td>Alta tens\u00e3o (KV)<\/td>\n<td>Gama de tomadas de alta tens\u00e3o<\/td>\n<td>Baixa tens\u00e3o (KV)<\/td>\n<td>Perdas em vazio<\/td>\n<td>Perdas de carga<\/td>\n<\/tr>\n<tr>\n<td>30<\/td>\n<td rowspan=\"19\">6KV 6,3KV<br \/>\n6,6KV 10KV 11KV 13,8KV<\/td>\n<td rowspan=\"19\">\u00a0\u00b15%<br \/>\n\u00b12\u00d7 2,5%<\/td>\n<td rowspan=\"19\">0.4<\/td>\n<td rowspan=\"12\">\u00a0Dyn11<br \/>\nYyn0<\/td>\n<td rowspan=\"12\">4<\/td>\n<td>0.195<\/td>\n<td>0.71<\/td>\n<td>2.5<\/td>\n<td>340<\/td>\n<td>780\u00d7450\u00d7790<\/td>\n<td>900\u00d7900\u00d71080<\/td>\n<\/tr>\n<tr>\n<td>50<\/td>\n<td>0.275<\/td>\n<td>0.95<\/td>\n<td>2.2<\/td>\n<td>430<\/td>\n<td>840\u00d7450\u00d7855<\/td>\n<td>1000\u00d7900\u00d71150<\/td>\n<\/tr>\n<tr>\n<td>80<\/td>\n<td>0.375<\/td>\n<td>1.385<\/td>\n<td>2.1<\/td>\n<td>560<\/td>\n<td>\u00a0900\u00d7600\u00d7885<\/td>\n<td>1060\u00d71000\u00d71180<\/td>\n<\/tr>\n<tr>\n<td>100<\/td>\n<td>0.405<\/td>\n<td>1.58<\/td>\n<td>1.9<\/td>\n<td>720<\/td>\n<td>920\u00d7600\u00d7900<\/td>\n<td>1080\u00d71000\u00d71200<\/td>\n<\/tr>\n<tr>\n<td>125<\/td>\n<td>0.475<\/td>\n<td>1.895<\/td>\n<td>1.8<\/td>\n<td>830<\/td>\n<td>980\u00d7600\u00d7960<\/td>\n<td>1140\u00d71000\u00d71260<\/td>\n<\/tr>\n<tr>\n<td>160<\/td>\n<td>0.55<\/td>\n<td>2.14<\/td>\n<td>1.8<\/td>\n<td>940<\/td>\n<td>\u00a01040\u00d7710\u00d71000<\/td>\n<td>1240\u00d71050\u00d71300<\/td>\n<\/tr>\n<tr>\n<td>200<\/td>\n<td>0.63<\/td>\n<td>2.54<\/td>\n<td>1.6<\/td>\n<td>1250<\/td>\n<td>1070\u00d7710\u00d71200<\/td>\n<td>1270\u00d71050\u00d71450<\/td>\n<\/tr>\n<tr>\n<td>250<\/td>\n<td>0.73<\/td>\n<td>2.77<\/td>\n<td>1.5<\/td>\n<td>1450<\/td>\n<td>\u00a01140\u00d7710\u00d71245<\/td>\n<td>1340\u00d71050\u00d71550<\/td>\n<\/tr>\n<tr>\n<td>315<\/td>\n<td>0.89<\/td>\n<td>3.485<\/td>\n<td>1.4<\/td>\n<td>1600<\/td>\n<td>1180\u00d7710\u00d71300<\/td>\n<td>1360\u00d71050\u00d71600<\/td>\n<\/tr>\n<tr>\n<td>400<\/td>\n<td>0.99<\/td>\n<td>4.01<\/td>\n<td>1.4<\/td>\n<td>1980<\/td>\n<td>1380\u00d7960\u00d71425<\/td>\n<td>1540\u00d71150\u00d71720<\/td>\n<\/tr>\n<tr>\n<td>500<\/td>\n<td>1.175<\/td>\n<td>4.91<\/td>\n<td>1.3<\/td>\n<td>2300<\/td>\n<td>1400\u00d7960\u00d71515<\/td>\n<td>\u00a01570\u00d71150\u00d71810<\/td>\n<\/tr>\n<tr>\n<td>630<\/td>\n<td>1.36<\/td>\n<td>5.91<\/td>\n<td>1.3<\/td>\n<td>2570<\/td>\n<td>1440\u00d7960\u00d71595<\/td>\n<td>\u00a01610\u00d71150\u00d71900<\/td>\n<\/tr>\n<tr>\n<td>630<\/td>\n<td rowspan=\"7\">Dyn11<br \/>\nYyn0<\/td>\n<td rowspan=\"7\">6<\/td>\n<td>1.315<\/td>\n<td>5.995<\/td>\n<td>1.2<\/td>\n<td>2550<\/td>\n<td>1500\u00d7960\u00d71405<\/td>\n<td>1660\u00d71150\u00d71700<\/td>\n<\/tr>\n<tr>\n<td>800<\/td>\n<td>1.54<\/td>\n<td>6.99<\/td>\n<td>1.2<\/td>\n<td>2810<\/td>\n<td>1560\u00d7960\u00d71575<\/td>\n<td>1680\u00d71150\u00d71870<\/td>\n<\/tr>\n<tr>\n<td>1000<\/td>\n<td>1.79<\/td>\n<td>8.17<\/td>\n<td>1.1<\/td>\n<td>3210<\/td>\n<td>\u00a01640\u00d7960\u00d71685<\/td>\n<td>1750\u00d71200\u00d71980<\/td>\n<\/tr>\n<tr>\n<td>1250<\/td>\n<td>2.115<\/td>\n<td>9.75<\/td>\n<td>1.1<\/td>\n<td>3400<\/td>\n<td>1700\u00d71255\u00d71815<\/td>\n<td>1850\u00d71400\u00d72120<\/td>\n<\/tr>\n<tr>\n<td>1600<\/td>\n<td>2.48<\/td>\n<td>11.8<\/td>\n<td>1<\/td>\n<td>4150<\/td>\n<td>1800\u00d71255\u00d71980<\/td>\n<td>1920\u00d71400\u00d72280<\/td>\n<\/tr>\n<tr>\n<td>2000<\/td>\n<td>3.36<\/td>\n<td>14.535<\/td>\n<td>0.9<\/td>\n<td>5600<\/td>\n<td>940\u00d71255\u00d72110<\/td>\n<td>2050\u00d71450\u00d72420<\/td>\n<\/tr>\n<tr>\n<td>2500<\/td>\n<td>4.05<\/td>\n<td>17.27<\/td>\n<td>0.8<\/td>\n<td>6300<\/td>\n<td>2060\u00d71255\u00d72350<\/td>\n<td>\u00a02170\u00d71450\u00d72750<\/td>\n<\/tr>\n<\/tbody>\n<\/table>\n<h2>Detalhes do produto<\/h2>\n<p><img fetchpriority=\"high\" decoding=\"async\" class=\"alignnone wp-image-21732 size-full\" src=\"https:\/\/www.tronkiele.com\/wp-content\/uploads\/2025\/05\/Dry-Type-Epoxy-Resin-Distribution-Power-Transformer.webp\" alt=\"Transformador de pot\u00eancia de distribui\u00e7\u00e3o de resina ep\u00f3xi de tipo seco\" width=\"1060\" height=\"1478\" srcset=\"https:\/\/www.tronkiele.com\/wp-content\/uploads\/2025\/05\/Dry-Type-Epoxy-Resin-Distribution-Power-Transformer.webp 1060w, https:\/\/www.tronkiele.com\/wp-content\/uploads\/2025\/05\/Dry-Type-Epoxy-Resin-Distribution-Power-Transformer-215x300.webp 215w, https:\/\/www.tronkiele.com\/wp-content\/uploads\/2025\/05\/Dry-Type-Epoxy-Resin-Distribution-Power-Transformer-574x800.webp 574w, https:\/\/www.tronkiele.com\/wp-content\/uploads\/2025\/05\/Dry-Type-Epoxy-Resin-Distribution-Power-Transformer-768x1071.webp 768w, https:\/\/www.tronkiele.com\/wp-content\/uploads\/2025\/05\/Dry-Type-Epoxy-Resin-Distribution-Power-Transformer-9x12.webp 9w, https:\/\/www.tronkiele.com\/wp-content\/uploads\/2025\/05\/Dry-Type-Epoxy-Resin-Distribution-Power-Transformer-430x600.webp 430w, https:\/\/www.tronkiele.com\/wp-content\/uploads\/2025\/05\/Dry-Type-Epoxy-Resin-Distribution-Power-Transformer-700x976.webp 700w, https:\/\/www.tronkiele.com\/wp-content\/uploads\/2025\/05\/Dry-Type-Epoxy-Resin-Distribution-Power-Transformer-150x209.webp 150w\" sizes=\"(max-width: 1060px) 100vw, 1060px\" \/><\/p>\n<h2>Amplas aplica\u00e7\u00f5es:<\/h2>\n<p>Industrial: Centrais el\u00e9ctricas, siderurgias, refinarias de petr\u00f3leo<br \/>\nInfra-estruturas urbanas: Metro, aeroportos, hospitais<br \/>\nEnergias renov\u00e1veis: Parques e\u00f3licos, centrais de energia solar<\/p>\n<h2>Excel\u00eancia na conce\u00e7\u00e3o e fabrico<\/h2>\n<p><strong>Constru\u00e7\u00e3o do n\u00facleo:<\/strong><\/p>\n<p>Material: A\u00e7o sil\u00edcio importado, laminado a frio, com juntas inclinadas em tr\u00eas fases para um melhor desempenho.<br \/>\nRedu\u00e7\u00e3o de perdas: A perda sem carga \u00e9 &lt;0,8W\/kg, com corrente sem carga &lt;1,2% para um desperd\u00edcio m\u00ednimo de energia.<br \/>\nTratamento de superf\u00edcie: O revestimento anti-corros\u00e3o dos parafusos garante uma vida \u00fatil prolongada e fiabilidade.<\/p>\n<p><strong>Enrolamentos:<\/strong><\/p>\n<p>Enrolamento de alta tens\u00e3o: A resina ep\u00f3xi fundida em v\u00e1cuo com refor\u00e7o de fibra de vidro garante a durabilidade.<br \/>\nEnrolamento de baixa tens\u00e3o: Estrutura de enrolamento em folha de cobre para uma distribui\u00e7\u00e3o uniforme da corrente, com condutas de arrefecimento axiais para uma dissipa\u00e7\u00e3o eficiente do calor.<br \/>\nDescarga parcial: Mantido abaixo de 5pC para garantir a longevidade do transformador.<br \/>\nResist\u00eancia mec\u00e2nica: Testado para resist\u00eancia a curto-circuito de 250kN para uma for\u00e7a superior.<\/p>\n<h2>Processo de produ\u00e7\u00e3o:<\/h2>\n<p>Bobinagem CNC de precis\u00e3o: Assegura uma precis\u00e3o de bobina de \u00b10,1mm para um desempenho consistente e fi\u00e1vel.<\/p>\n<p>Impregna\u00e7\u00e3o por v\u00e1cuo: As bolhas de ar s\u00e3o eliminadas para um isolamento sem vazios, garantindo um melhor desempenho e durabilidade.<\/p>\n<p>Cura e teste: O ciclo t\u00e9rmico de 24 horas e os testes rigorosos garantem que o transformador cumpre as normas IEC 60076-11.<\/p>\n<h2>FAQ<\/h2>\n<p>Q1: <strong>Qual \u00e9 o pre\u00e7o de um transformador de resina ep\u00f3xi de 33kV?<\/strong><br \/>\nR: Os pre\u00e7os dependem de factores como a capacidade (kVA), a personaliza\u00e7\u00e3o (por exemplo, op\u00e7\u00f5es de torneiras, m\u00e9todo de arrefecimento) e o volume da encomenda. Por favor, contacte-nos diretamente para obter um or\u00e7amento personalizado.<\/p>\n<p>Q2: <strong>Este transformador \u00e9 adequado para ambientes costeiros?<\/strong><br \/>\nR: Sim, o encapsulamento em resina ep\u00f3xi, juntamente com a classifica\u00e7\u00e3o IP54, proporciona uma excelente resist\u00eancia \u00e0 n\u00e9voa salina, \u00e0 humidade e ao p\u00f3, tornando-o ideal para ambientes costeiros e exigentes.<\/p>\n<p>Q3: <strong>O transformador pode funcionar continuamente a plena carga?<\/strong><br \/>\nR: Sim, com arrefecimento natural (AN), o transformador pode suportar 100% de carga continuamente. O arrefecimento por ar for\u00e7ado (AF) permite uma capacidade de sobrecarga de 40%, aumentando a flexibilidade operacional.<\/p>\n<p>Q4: <strong>Que certifica\u00e7\u00f5es possui este transformador?<\/strong><br \/>\nR: Este product est\u00e1 em conformidade com as normas GB\/T 10228-2015, GB 6450-1986 e normas internacionais equivalentes \u00e0 IEC 60076, garantindo uma elevada qualidade e aceitabilidade global.<\/p>\n<p>Q5: <strong>Qual \u00e9 o prazo de entrega t\u00edpico para estes transformadores?<\/strong><br \/>\nR: As unidades padr\u00e3o s\u00e3o normalmente enviadas no prazo de 4-6 semanas. As unidades personalizadas podem necessitar de 8 a 10 semanas para serem entregues, dependendo das especifica\u00e7\u00f5es.<\/p>\n<p>Q6: <strong>Oferecem apoio p\u00f3s-venda?<\/strong><br \/>\nR: Sim, fornecemos um apoio p\u00f3s-venda abrangente, incluindo assist\u00eancia t\u00e9cnica 24 horas por dia, 7 dias por semana, uma garantia de 1 ano e orienta\u00e7\u00e3o de manuten\u00e7\u00e3o vital\u00edcia para garantir um desempenho \u00f3timo durante toda a vida \u00fatil do transformador.<\/p>\n<h2>Porqu\u00ea escolher-nos?<\/h2>\n<p>Experi\u00eancia global: Mais de 15 anos de experi\u00eancia em solu\u00e7\u00f5es de redes el\u00e9ctricas, servindo mais de 50 pa\u00edses.<\/p>\n<p>Solu\u00e7\u00f5es personalizadas: Oferecemos projectos personalizados, rela\u00e7\u00f5es de tens\u00e3o, caixas e sistemas de monitoriza\u00e7\u00e3o para satisfazer necessidades espec\u00edficas.<\/p>\n<p>Entrega r\u00e1pida: Com uma capacidade anual de mais de 10.000 unidades, garantimos uma entrega r\u00e1pida sem comprometer a qualidade, apoiada pelos nossos processos de controlo de qualidade com certifica\u00e7\u00e3o ISO\u3001CE.<\/p>","protected":false},"excerpt":{"rendered":"<p>Alta tens\u00e3o nominal: 33kV\/35kV (personaliz\u00e1vel: 30-38,5kV)<br \/>\nBaixa tens\u00e3o nominal: 0,4kV<br \/>\nFrequ\u00eancia: 50Hz<br \/>\nConformidade com as normas: GB\/T 10228-2015, GB 6450-1986, JB\/T 10088-2016, GB 4208-2017<br \/>\nPre\u00e7o FOB: Pre\u00e7os competitivos com base na capacidade e personaliza\u00e7\u00e3o (Contacto para cota\u00e7\u00e3o)<\/p>","protected":false},"featured_media":21731,"template":"","meta":[],"product_brand":[],"product_cat":[35,33],"product_tag":[],"class_list":{"0":"post-21729","1":"product","2":"type-product","3":"status-publish","4":"has-post-thumbnail","6":"product_cat-dry-transformer","7":"product_cat-power-transformer","9":"first","10":"instock","11":"taxable","12":"shipping-taxable","13":"product-type-simple"},"yoast_head":"<!-- This site is optimized with the Yoast SEO plugin v25.0 - https:\/\/yoast.com\/wordpress\/plugins\/seo\/ -->\n<title>33kv 35kv Dry Type Epoxy Resin Distribution Power Transformer - PINE-ZHENGXI<\/title>\n<meta name=\"robots\" content=\"index, follow, max-snippet:-1, max-image-preview:large, max-video-preview:-1\" \/>\n<link rel=\"canonical\" href=\"https:\/\/www.tronkiele.com\/pt\/product\/33kv-35kv-dry-type-epoxy-resin-distribution-power-transformer\/\" \/>\n<meta property=\"og:locale\" content=\"pt_PT\" \/>\n<meta property=\"og:type\" content=\"article\" \/>\n<meta property=\"og:title\" content=\"33kv 35kv Dry Type Epoxy Resin Distribution Power Transformer - PINE-ZHENGXI\" \/>\n<meta property=\"og:description\" content=\"Rated High Voltage: 33kV\/35kV (Customizable: 30\u201338.5kV) Rated Low Voltage: 0.4kV Frequency: 50Hz Standards Compliance: GB\/T 10228-2015, GB 6450-1986, JB\/T 10088-2016, GB 4208-2017 FOB Price: Competitive pricing based on capacity and customization (Contact for Quote)\" \/>\n<meta property=\"og:url\" content=\"https:\/\/www.tronkiele.com\/pt\/product\/33kv-35kv-dry-type-epoxy-resin-distribution-power-transformer\/\" \/>\n<meta property=\"og:site_name\" content=\"PINE-ZHENGXI\" \/>\n<meta property=\"article:modified_time\" content=\"2025-05-02T13:08:04+00:00\" \/>\n<meta property=\"og:image\" content=\"https:\/\/www.tronkiele.com\/wp-content\/uploads\/2025\/05\/33kv-35kv-Dry-Type-Epoxy-Resin-Distribution-Power-Transformer.webp\" \/>\n\t<meta property=\"og:image:width\" content=\"800\" \/>\n\t<meta property=\"og:image:height\" content=\"800\" \/>\n\t<meta property=\"og:image:type\" content=\"image\/webp\" \/>\n<meta name=\"twitter:card\" content=\"summary_large_image\" \/>\n<meta name=\"twitter:label1\" content=\"Tempo estimado de leitura\" \/>\n\t<meta name=\"twitter:data1\" content=\"4 minutos\" \/>\n<script type=\"application\/ld+json\" class=\"yoast-schema-graph\">{\"@context\":\"https:\/\/schema.org\",\"@graph\":[{\"@type\":\"WebPage\",\"@id\":\"https:\/\/www.tronkiele.com\/product\/33kv-35kv-dry-type-epoxy-resin-distribution-power-transformer\/\",\"url\":\"https:\/\/www.tronkiele.com\/product\/33kv-35kv-dry-type-epoxy-resin-distribution-power-transformer\/\",\"name\":\"33kv 35kv Dry Type Epoxy Resin Distribution Power Transformer - PINE-ZHENGXI\",\"isPartOf\":{\"@id\":\"https:\/\/www.tronkiele.com\/#website\"},\"primaryImageOfPage\":{\"@id\":\"https:\/\/www.tronkiele.com\/product\/33kv-35kv-dry-type-epoxy-resin-distribution-power-transformer\/#primaryimage\"},\"image\":{\"@id\":\"https:\/\/www.tronkiele.com\/product\/33kv-35kv-dry-type-epoxy-resin-distribution-power-transformer\/#primaryimage\"},\"thumbnailUrl\":\"https:\/\/www.tronkiele.com\/wp-content\/uploads\/2025\/05\/33kv-35kv-Dry-Type-Epoxy-Resin-Distribution-Power-Transformer.webp\",\"datePublished\":\"2025-05-02T11:16:25+00:00\",\"dateModified\":\"2025-05-02T13:08:04+00:00\",\"breadcrumb\":{\"@id\":\"https:\/\/www.tronkiele.com\/product\/33kv-35kv-dry-type-epoxy-resin-distribution-power-transformer\/#breadcrumb\"},\"inLanguage\":\"pt-PT\",\"potentialAction\":[{\"@type\":\"ReadAction\",\"target\":[\"https:\/\/www.tronkiele.com\/product\/33kv-35kv-dry-type-epoxy-resin-distribution-power-transformer\/\"]}]},{\"@type\":\"ImageObject\",\"inLanguage\":\"pt-PT\",\"@id\":\"https:\/\/www.tronkiele.com\/product\/33kv-35kv-dry-type-epoxy-resin-distribution-power-transformer\/#primaryimage\",\"url\":\"https:\/\/www.tronkiele.com\/wp-content\/uploads\/2025\/05\/33kv-35kv-Dry-Type-Epoxy-Resin-Distribution-Power-Transformer.webp\",\"contentUrl\":\"https:\/\/www.tronkiele.com\/wp-content\/uploads\/2025\/05\/33kv-35kv-Dry-Type-Epoxy-Resin-Distribution-Power-Transformer.webp\",\"width\":800,\"height\":800,\"caption\":\"33kv 35kv Dry Type Epoxy Resin Distribution Power Transformer\"},{\"@type\":\"BreadcrumbList\",\"@id\":\"https:\/\/www.tronkiele.com\/product\/33kv-35kv-dry-type-epoxy-resin-distribution-power-transformer\/#breadcrumb\",\"itemListElement\":[{\"@type\":\"ListItem\",\"position\":1,\"name\":\"Home\",\"item\":\"https:\/\/www.tronkiele.com\/\"},{\"@type\":\"ListItem\",\"position\":2,\"name\":\"Products\",\"item\":\"https:\/\/www.tronkiele.com\/shop\/\"},{\"@type\":\"ListItem\",\"position\":3,\"name\":\"33kv 35kv Dry Type Epoxy Resin Distribution Power Transformer\"}]},{\"@type\":\"WebSite\",\"@id\":\"https:\/\/www.tronkiele.com\/#website\",\"url\":\"https:\/\/www.tronkiele.com\/\",\"name\":\"PINE-ZHENGXI\",\"description\":\"\",\"publisher\":{\"@id\":\"https:\/\/www.tronkiele.com\/#organization\"},\"potentialAction\":[{\"@type\":\"SearchAction\",\"target\":{\"@type\":\"EntryPoint\",\"urlTemplate\":\"https:\/\/www.tronkiele.com\/?s={search_term_string}\"},\"query-input\":{\"@type\":\"PropertyValueSpecification\",\"valueRequired\":true,\"valueName\":\"search_term_string\"}}],\"inLanguage\":\"pt-PT\"},{\"@type\":\"Organization\",\"@id\":\"https:\/\/www.tronkiele.com\/#organization\",\"name\":\"PINE-ZHENGXI\",\"url\":\"https:\/\/www.tronkiele.com\/\",\"logo\":{\"@type\":\"ImageObject\",\"inLanguage\":\"pt-PT\",\"@id\":\"https:\/\/www.tronkiele.com\/#\/schema\/logo\/image\/\",\"url\":\"https:\/\/www.tronkiele.com\/wp-content\/uploads\/2024\/11\/cropped-tronki.webp\",\"contentUrl\":\"https:\/\/www.tronkiele.com\/wp-content\/uploads\/2024\/11\/cropped-tronki.webp\",\"width\":512,\"height\":512,\"caption\":\"PINE-ZHENGXI\"},\"image\":{\"@id\":\"https:\/\/www.tronkiele.com\/#\/schema\/logo\/image\/\"}}]}<\/script>\n<!-- \/ Yoast SEO plugin. -->","yoast_head_json":{"title":"Transformador de pot\u00eancia de distribui\u00e7\u00e3o de resina ep\u00f3xi tipo seco de 33kv 35kv - PINE-ZHENGXI","robots":{"index":"index","follow":"follow","max-snippet":"max-snippet:-1","max-image-preview":"max-image-preview:large","max-video-preview":"max-video-preview:-1"},"canonical":"https:\/\/www.tronkiele.com\/pt\/product\/33kv-35kv-dry-type-epoxy-resin-distribution-power-transformer\/","og_locale":"pt_PT","og_type":"article","og_title":"33kv 35kv Dry Type Epoxy Resin Distribution Power Transformer - PINE-ZHENGXI","og_description":"Rated High Voltage: 33kV\/35kV (Customizable: 30\u201338.5kV) Rated Low Voltage: 0.4kV Frequency: 50Hz Standards Compliance: GB\/T 10228-2015, GB 6450-1986, JB\/T 10088-2016, GB 4208-2017 FOB Price: Competitive pricing based on capacity and customization (Contact for Quote)","og_url":"https:\/\/www.tronkiele.com\/pt\/product\/33kv-35kv-dry-type-epoxy-resin-distribution-power-transformer\/","og_site_name":"PINE-ZHENGXI","article_modified_time":"2025-05-02T13:08:04+00:00","og_image":[{"width":800,"height":800,"url":"https:\/\/www.tronkiele.com\/wp-content\/uploads\/2025\/05\/33kv-35kv-Dry-Type-Epoxy-Resin-Distribution-Power-Transformer.webp","type":"image\/webp"}],"twitter_card":"summary_large_image","twitter_misc":{"Tempo estimado de leitura":"4 minutos"},"schema":{"@context":"https:\/\/schema.org","@graph":[{"@type":"WebPage","@id":"https:\/\/www.tronkiele.com\/product\/33kv-35kv-dry-type-epoxy-resin-distribution-power-transformer\/","url":"https:\/\/www.tronkiele.com\/product\/33kv-35kv-dry-type-epoxy-resin-distribution-power-transformer\/","name":"Transformador de pot\u00eancia de distribui\u00e7\u00e3o de resina ep\u00f3xi tipo seco de 33kv 35kv - PINE-ZHENGXI","isPartOf":{"@id":"https:\/\/www.tronkiele.com\/#website"},"primaryImageOfPage":{"@id":"https:\/\/www.tronkiele.com\/product\/33kv-35kv-dry-type-epoxy-resin-distribution-power-transformer\/#primaryimage"},"image":{"@id":"https:\/\/www.tronkiele.com\/product\/33kv-35kv-dry-type-epoxy-resin-distribution-power-transformer\/#primaryimage"},"thumbnailUrl":"https:\/\/www.tronkiele.com\/wp-content\/uploads\/2025\/05\/33kv-35kv-Dry-Type-Epoxy-Resin-Distribution-Power-Transformer.webp","datePublished":"2025-05-02T11:16:25+00:00","dateModified":"2025-05-02T13:08:04+00:00","breadcrumb":{"@id":"https:\/\/www.tronkiele.com\/product\/33kv-35kv-dry-type-epoxy-resin-distribution-power-transformer\/#breadcrumb"},"inLanguage":"pt-PT","potentialAction":[{"@type":"ReadAction","target":["https:\/\/www.tronkiele.com\/product\/33kv-35kv-dry-type-epoxy-resin-distribution-power-transformer\/"]}]},{"@type":"ImageObject","inLanguage":"pt-PT","@id":"https:\/\/www.tronkiele.com\/product\/33kv-35kv-dry-type-epoxy-resin-distribution-power-transformer\/#primaryimage","url":"https:\/\/www.tronkiele.com\/wp-content\/uploads\/2025\/05\/33kv-35kv-Dry-Type-Epoxy-Resin-Distribution-Power-Transformer.webp","contentUrl":"https:\/\/www.tronkiele.com\/wp-content\/uploads\/2025\/05\/33kv-35kv-Dry-Type-Epoxy-Resin-Distribution-Power-Transformer.webp","width":800,"height":800,"caption":"33kv 35kv Dry Type Epoxy Resin Distribution Power Transformer"},{"@type":"BreadcrumbList","@id":"https:\/\/www.tronkiele.com\/product\/33kv-35kv-dry-type-epoxy-resin-distribution-power-transformer\/#breadcrumb","itemListElement":[{"@type":"ListItem","position":1,"name":"Home","item":"https:\/\/www.tronkiele.com\/"},{"@type":"ListItem","position":2,"name":"Products","item":"https:\/\/www.tronkiele.com\/shop\/"},{"@type":"ListItem","position":3,"name":"33kv 35kv Dry Type Epoxy Resin Distribution Power Transformer"}]},{"@type":"WebSite","@id":"https:\/\/www.tronkiele.com\/#website","url":"https:\/\/www.tronkiele.com\/","name":"PINE-ZHENGXI","description":"","publisher":{"@id":"https:\/\/www.tronkiele.com\/#organization"},"potentialAction":[{"@type":"SearchAction","target":{"@type":"EntryPoint","urlTemplate":"https:\/\/www.tronkiele.com\/?s={search_term_string}"},"query-input":{"@type":"PropertyValueSpecification","valueRequired":true,"valueName":"search_term_string"}}],"inLanguage":"pt-PT"},{"@type":"Organization","@id":"https:\/\/www.tronkiele.com\/#organization","name":"PINE-ZHENGXI","url":"https:\/\/www.tronkiele.com\/","logo":{"@type":"ImageObject","inLanguage":"pt-PT","@id":"https:\/\/www.tronkiele.com\/#\/schema\/logo\/image\/","url":"https:\/\/www.tronkiele.com\/wp-content\/uploads\/2024\/11\/cropped-tronki.webp","contentUrl":"https:\/\/www.tronkiele.com\/wp-content\/uploads\/2024\/11\/cropped-tronki.webp","width":512,"height":512,"caption":"PINE-ZHENGXI"},"image":{"@id":"https:\/\/www.tronkiele.com\/#\/schema\/logo\/image\/"}}]}},"_links":{"self":[{"href":"https:\/\/www.tronkiele.com\/pt\/wp-json\/wp\/v2\/product\/21729","targetHints":{"allow":["GET"]}}],"collection":[{"href":"https:\/\/www.tronkiele.com\/pt\/wp-json\/wp\/v2\/product"}],"about":[{"href":"https:\/\/www.tronkiele.com\/pt\/wp-json\/wp\/v2\/types\/product"}],"version-history":[{"count":3,"href":"https:\/\/www.tronkiele.com\/pt\/wp-json\/wp\/v2\/product\/21729\/revisions"}],"predecessor-version":[{"id":21735,"href":"https:\/\/www.tronkiele.com\/pt\/wp-json\/wp\/v2\/product\/21729\/revisions\/21735"}],"wp:featuredmedia":[{"embeddable":true,"href":"https:\/\/www.tronkiele.com\/pt\/wp-json\/wp\/v2\/media\/21731"}],"wp:attachment":[{"href":"https:\/\/www.tronkiele.com\/pt\/wp-json\/wp\/v2\/media?parent=21729"}],"wp:term":[{"taxonomy":"product_brand","embeddable":true,"href":"https:\/\/www.tronkiele.com\/pt\/wp-json\/wp\/v2\/product_brand?post=21729"},{"taxonomy":"product_cat","embeddable":true,"href":"https:\/\/www.tronkiele.com\/pt\/wp-json\/wp\/v2\/product_cat?post=21729"},{"taxonomy":"product_tag","embeddable":true,"href":"https:\/\/www.tronkiele.com\/pt\/wp-json\/wp\/v2\/product_tag?post=21729"}],"curies":[{"name":"wp","href":"https:\/\/api.w.org\/{rel}","templated":true}]}}