{"id":21914,"date":"2025-09-19T05:37:57","date_gmt":"2025-09-19T05:37:57","guid":{"rendered":"https:\/\/www.tronkiele.com\/?post_type=product&#038;p=21914"},"modified":"2025-09-19T05:38:15","modified_gmt":"2025-09-19T05:38:15","slug":"25kva-single-phase-pole-mounted-distribution-transformer","status":"publish","type":"product","link":"https:\/\/www.tronkiele.com\/pt\/product\/25kva-single-phase-pole-mounted-distribution-transformer\/","title":{"rendered":"25kva Transformador de distribui\u00e7\u00e3o monof\u00e1sico montado em poste 13.2KV a 240V"},"content":{"rendered":"<h2>Porque \u00e9 que os operadores escolhem transformadores monof\u00e1sicos montados em postes<\/h2>\n<ul>\n<li>Custo mais baixo - uma vez que s\u00e3o montados em postes, n\u00e3o h\u00e1 necessidade de bases de bet\u00e3o ou de longas linhas de baixa tens\u00e3o, o que poupa em trabalhos de constru\u00e7\u00e3o e na utiliza\u00e7\u00e3o do solo.<\/li>\n<li>Menos perdas de energia - a coloca\u00e7\u00e3o do transformador mais perto do local onde a energia \u00e9 necess\u00e1ria encurta a linha de BT, reduzindo frequentemente as perdas em 40-60% em compara\u00e7\u00e3o com os sistemas centralizados.<\/li>\n<li>Compacto e de f\u00e1cil manuten\u00e7\u00e3o - o seu tamanho reduzido e a sua conce\u00e7\u00e3o simples facilitam a inspe\u00e7\u00e3o e a manuten\u00e7\u00e3o.<\/li>\n<li>Op\u00e7\u00f5es flex\u00edveis - podem utilizar \u00f3leos minerais ou ecol\u00f3gicos e diferentes tipos de casquilhos (porcelana ou pol\u00edmero) para se adaptarem a v\u00e1rias necessidades.<\/li>\n<li>Devido a estas vantagens, um transformador monof\u00e1sico de 25kVA funciona especialmente bem para linhas rurais, pequenas \u00e1reas comerciais, ilumina\u00e7\u00e3o p\u00fablica e esta\u00e7\u00f5es de bombagem agr\u00edcolas.<\/li>\n<\/ul>\n<h2>Informa\u00e7\u00f5es pormenorizadas<\/h2>\n<table style=\"border-collapse: collapse; width: 683.27pt;\" border=\"0\" width=\"911\" cellspacing=\"0\" cellpadding=\"0\">\n<tbody>\n<tr style=\"height: 24.00pt;\">\n<td class=\"et2\" style=\"height: 24.00pt; width: 121.50pt;\" width=\"162\" height=\"32\">Local de origem:<\/td>\n<td style=\"width: 221.25pt;\" width=\"295\">CHINA<\/td>\n<td class=\"et2\" style=\"width: 170.25pt;\" width=\"227\">Tens\u00e3o prim\u00e1ria:<\/td>\n<td style=\"width: 170.25pt;\" width=\"227\">13200GrdY\/7620<\/td>\n<\/tr>\n<tr style=\"height: 24.00pt;\">\n<td class=\"et2\" style=\"height: 24.00pt;\" height=\"32\">Certifica\u00e7\u00e3o:<\/td>\n<td>CE, ISO<\/td>\n<td class=\"et2\">Tens\u00e3o secund\u00e1ria:<\/td>\n<td>120\/240V (L-N-L)<\/td>\n<\/tr>\n<tr style=\"height: 24.00pt;\">\n<td class=\"et2\" style=\"height: 24.00pt;\" height=\"32\">Tipo de transformador:<\/td>\n<td>Montagem em poste<\/td>\n<td class=\"et2\">Fase:<\/td>\n<td>Monof\u00e1sico<\/td>\n<\/tr>\n<tr style=\"height: 24.00pt;\">\n<td class=\"et2\" style=\"height: 24.00pt;\" height=\"32\">Capacidade:<\/td>\n<td>25 KVA ou personalizado<\/td>\n<td class=\"et2\">Material do enrolamento:<\/td>\n<td>Cobre<\/td>\n<\/tr>\n<tr style=\"height: 24.00pt;\">\n<td class=\"et2\" style=\"height: 24.00pt;\" height=\"32\">M\u00e9todo de arrefecimento:<\/td>\n<td>ONAN\/KNAN<\/td>\n<td class=\"et2\">Capacidade de fornecimento:<\/td>\n<td>1000 unidades\/m\u00eas<\/td>\n<\/tr>\n<tr style=\"height: 24.00pt;\">\n<td class=\"et2\" style=\"height: 24.00pt;\" height=\"32\">Aumento da temperatura:<\/td>\n<td>65\u00b0C<\/td>\n<td><\/td>\n<td><\/td>\n<\/tr>\n<tr style=\"height: 24.00pt;\">\n<td class=\"et2\" style=\"height: 24.00pt;\" height=\"32\">Destaque:<\/td>\n<td class=\"et3\" colspan=\"3\">Transformador de distribui\u00e7\u00e3o montado em poste, Transformador de distribui\u00e7\u00e3o montado em poste de 25kva, Transformador monof\u00e1sico 13.2KV<br \/>\nDescri\u00e7\u00e3o do produto<\/td>\n<\/tr>\n<\/tbody>\n<\/table>\n<h2><strong>Dados principais<\/strong><\/h2>\n<table border=\"1\" width=\"599\" cellspacing=\"0\" cellpadding=\"0\">\n<colgroup>\n<col width=\"261\" \/>\n<col width=\"338\" \/><\/colgroup>\n<tbody>\n<tr>\n<td class=\"et2\" width=\"261\" height=\"48\">Tipo de transformador<\/td>\n<td class=\"et2\" width=\"338\">Transformador de distribui\u00e7\u00e3o a\u00e9reo, tipo convencional<\/td>\n<\/tr>\n<tr>\n<td class=\"et2\" width=\"261\" height=\"24\">Configura\u00e7\u00e3o do transformador<\/td>\n<td class=\"et2\" width=\"338\">Enchimento de l\u00edquido Montagem em poste<\/td>\n<\/tr>\n<tr>\n<td class=\"et2\" width=\"261\" height=\"24\">Tipo de polaridade do transformador<\/td>\n<td class=\"et2\" width=\"338\">Subtrativo<\/td>\n<\/tr>\n<tr>\n<td class=\"et2\" width=\"261\" height=\"24\">Fase<\/td>\n<td class=\"et2\" width=\"338\">Monof\u00e1sico<\/td>\n<\/tr>\n<tr>\n<td class=\"et2\" width=\"261\" height=\"24\">Capacidade<\/td>\n<td class=\"et2\" width=\"338\">25 KVA<\/td>\n<\/tr>\n<tr>\n<td class=\"et2\" width=\"261\" height=\"24\">Tens\u00e3o prim\u00e1ria<\/td>\n<td class=\"et2\" width=\"338\">13200GrdY\/7620<\/td>\n<\/tr>\n<tr>\n<td class=\"et2\" width=\"261\" height=\"24\">Classe de tens\u00e3o prim\u00e1ria<\/td>\n<td class=\"et2\" width=\"338\">Classe 15 kV<\/td>\n<\/tr>\n<tr>\n<td class=\"et2\" width=\"261\" height=\"24\">BIL prim\u00e1rio<\/td>\n<td class=\"et2\" width=\"338\">95 kV<\/td>\n<\/tr>\n<tr>\n<td class=\"et2\" width=\"261\" height=\"24\">Tens\u00e3o secund\u00e1ria<\/td>\n<td class=\"et2\" width=\"338\">120\/240V (L-N-L)<\/td>\n<\/tr>\n<tr>\n<td class=\"et2\" width=\"261\" height=\"24\">BIL secund\u00e1rio<\/td>\n<td class=\"et2\" width=\"338\">30 KV<\/td>\n<\/tr>\n<tr>\n<td class=\"et2\" width=\"261\" height=\"24\">Frequ\u00eancia<\/td>\n<td class=\"et2\" width=\"338\">60 Hz<\/td>\n<\/tr>\n<tr>\n<td class=\"et2\" width=\"261\" height=\"24\">Aumento da temperatura<\/td>\n<td class=\"et2\" width=\"338\">65\u00b0C<\/td>\n<\/tr>\n<tr>\n<td class=\"et2\" width=\"261\" height=\"24\">Classifica\u00e7\u00e3o do isolamento<\/td>\n<td class=\"et2\" width=\"338\">Isolamento de classe E - 120\u00b0C, 248\u00b0F<\/td>\n<\/tr>\n<tr>\n<td class=\"et2\" width=\"261\" height=\"24\">Classe de arrefecimento<\/td>\n<td class=\"et2\" width=\"338\">ONAN; Auto-refrigerado<\/td>\n<\/tr>\n<tr>\n<td class=\"et2\" width=\"261\" height=\"48\">Mudan\u00e7a de torneira<\/td>\n<td class=\"et2\" width=\"338\">Trocador de torneiras de 5 posi\u00e7\u00f5es com man\u00edpulo de opera\u00e7\u00e3o externo<\/td>\n<\/tr>\n<tr>\n<td class=\"et2\" width=\"261\" height=\"24\">Quantidade de torneiras<\/td>\n<td class=\"et2\" width=\"338\">(2) FCAN em cima, (2) FCBN em baixo<\/td>\n<\/tr>\n<tr>\n<td class=\"et2\" width=\"261\" height=\"24\">Torneira %<\/td>\n<td class=\"et2\" width=\"338\">2.5%<\/td>\n<\/tr>\n<tr>\n<td class=\"et2\" width=\"261\" height=\"48\">Localiza\u00e7\u00e3o do interrutor do comutador de deriva\u00e7\u00e3o<\/td>\n<td class=\"et2\" width=\"338\">Meio do corpo do tanque, \u00e0 esquerda dos dispositivos de montagem<\/td>\n<\/tr>\n<tr>\n<td class=\"et2\" width=\"261\" height=\"24\">Imped\u00e2ncia<\/td>\n<td class=\"et2\" width=\"338\">2,5% T\u00edpico<\/td>\n<\/tr>\n<tr>\n<td class=\"et2\" width=\"261\" height=\"24\">Peso do fluido*<\/td>\n<td class=\"et2\" width=\"338\">99,21 lb<\/td>\n<\/tr>\n<tr>\n<td class=\"et2\" width=\"261\" height=\"24\">Material de enrolamento<\/td>\n<td class=\"et2\" width=\"338\">Cobre<\/td>\n<\/tr>\n<tr>\n<td class=\"et2\" width=\"261\" height=\"24\">Classifica\u00e7\u00e3o da temperatura ambiente<\/td>\n<td class=\"et2\" width=\"338\">40\u00b0C<\/td>\n<\/tr>\n<tr>\n<td class=\"et2\" width=\"261\" height=\"24\">N\u00edvel sonoro<\/td>\n<td class=\"et2\" width=\"338\">48 dBA<\/td>\n<\/tr>\n<tr>\n<td class=\"et2\" width=\"261\" height=\"24\">Dimens\u00f5es*<\/td>\n<td class=\"et2\" width=\"338\">21,65\"-L x 24,8\"-P x 40,16\"-A<\/td>\n<\/tr>\n<tr>\n<td class=\"et2\" width=\"261\" height=\"24\">Peso total (l\u00edquido cheio)*<\/td>\n<td class=\"et2\" width=\"338\">470 lb<\/td>\n<\/tr>\n<\/tbody>\n<\/table>\n<h2><strong>Especifica\u00e7\u00f5es<\/strong><\/h2>\n<table border=\"1\" width=\"866\" cellspacing=\"0\" cellpadding=\"0\">\n<colgroup>\n<col span=\"5\" width=\"120\" \/>\n<col width=\"146\" \/>\n<col width=\"120\" \/><\/colgroup>\n<tbody>\n<tr>\n<td class=\"et3\" colspan=\"7\" width=\"866\" height=\"24\">10kva-500kva Transformador monof\u00e1sico imerso em \u00f3leo<\/td>\n<\/tr>\n<tr>\n<td class=\"et4\" rowspan=\"2\" width=\"120\" height=\"49\">Capacidade nominal (kVA)<\/td>\n<td class=\"et4\" width=\"120\">Elevado<\/td>\n<td class=\"et4\" rowspan=\"2\" width=\"120\">Baixa tens\u00e3o(v)<\/td>\n<td class=\"et4\" rowspan=\"2\" width=\"120\">S\u00edmbolo de liga\u00e7\u00e3o<\/td>\n<td class=\"et4\" rowspan=\"2\" width=\"120\">Padr\u00e3o<\/td>\n<td class=\"et4\" rowspan=\"2\" width=\"146\">Imped\u00e2ncia de curto-circuito (%)<\/td>\n<td class=\"et4\" width=\"120\">Efici\u00eancia<\/td>\n<\/tr>\n<tr>\n<td class=\"et4\" width=\"120\">Tens\u00e3o(v)<\/td>\n<td class=\"et5\" width=\"120\"><span class=\"font0\">(<\/span><span class=\"font3\">%<\/span><span class=\"font0\">)<\/span><\/td>\n<\/tr>\n<tr>\n<td class=\"et4\" width=\"120\" height=\"24\">10<\/td>\n<td class=\"et6\" rowspan=\"11\" width=\"120\">4160<br \/>\n7200<br \/>\n12000<br \/>\n12470<br \/>\n13200<br \/>\n13800<br \/>\n19920<br \/>\n24940<br \/>\n34500<\/td>\n<td class=\"et6\" rowspan=\"11\" width=\"120\">110<br \/>\n220<br \/>\n230<br \/>\n400<br \/>\n480<\/td>\n<td class=\"et4\" rowspan=\"11\" width=\"120\">II0,II6<\/td>\n<td class=\"et4\" rowspan=\"11\" width=\"120\">IEEE\/ANSI\/ DOE<\/td>\n<td class=\"et4\" rowspan=\"11\" width=\"146\">1.8-4%<\/td>\n<td class=\"et4\" width=\"120\">98.7<\/td>\n<\/tr>\n<tr>\n<td class=\"et4\" width=\"120\" height=\"24\">15<\/td>\n<td class=\"et4\" width=\"120\">98.82<\/td>\n<\/tr>\n<tr>\n<td class=\"et4\" width=\"120\" height=\"24\">25<\/td>\n<td class=\"et4\" width=\"120\">98.95<\/td>\n<\/tr>\n<tr>\n<td class=\"et4\" width=\"120\" height=\"24\">37.5<\/td>\n<td class=\"et4\" width=\"120\">99.05<\/td>\n<\/tr>\n<tr>\n<td class=\"et4\" width=\"120\" height=\"24\">50<\/td>\n<td class=\"et4\" width=\"120\">99.11<\/td>\n<\/tr>\n<tr>\n<td class=\"et4\" width=\"120\" height=\"24\">75<\/td>\n<td class=\"et4\" width=\"120\">99.19<\/td>\n<\/tr>\n<tr>\n<td class=\"et4\" width=\"120\" height=\"24\">100<\/td>\n<td class=\"et4\" width=\"120\">99.25<\/td>\n<\/tr>\n<tr>\n<td class=\"et4\" width=\"120\" height=\"24\">167<\/td>\n<td class=\"et4\" width=\"120\">99.33<\/td>\n<\/tr>\n<tr>\n<td class=\"et4\" width=\"120\" height=\"24\">250<\/td>\n<td class=\"et4\" width=\"120\">99.39<\/td>\n<\/tr>\n<tr>\n<td class=\"et4\" width=\"120\" height=\"24\">333<\/td>\n<td class=\"et4\" width=\"120\">99.43<\/td>\n<\/tr>\n<tr>\n<td class=\"et4\" width=\"120\" height=\"24\">500<\/td>\n<td class=\"et4\" width=\"120\">99.49<\/td>\n<\/tr>\n<\/tbody>\n<\/table>\n<h2>FAQ<\/h2>\n<p data-start=\"58\" data-end=\"399\"><strong data-start=\"58\" data-end=\"147\">Q1 - Um transformador monof\u00e1sico em poste de 25kVA pode alimentar uma pequena aldeia ou algumas casas?<\/strong><br data-start=\"147\" data-end=\"150\" \/>Sim. Em muitas zonas rurais, um transformador de poste de 25kVA pode suportar v\u00e1rias habita\u00e7\u00f5es ou um pequeno grupo de lojas. Isto ajuda a encurtar as linhas de baixa tens\u00e3o e mant\u00e9m a tens\u00e3o do cliente mais est\u00e1vel. O dimensionamento final deve ser verificado em rela\u00e7\u00e3o ao pico de carga atual.<\/p>\n<p data-start=\"401\" data-end=\"706\"><strong data-start=\"401\" data-end=\"465\">Q2 - Os transformadores de p\u00f3lo podem utilizar \u00f3leo isolante biodegrad\u00e1vel?<\/strong><br data-start=\"465\" data-end=\"468\" \/>Sim. Muitas unidades de p\u00f3lo modernas podem utilizar \u00f3leos biodegrad\u00e1veis \u00e0 base de \u00e9steres, que s\u00e3o mais amigos do ambiente e recomendados perto de \u00e1gua ou em \u00e1reas com risco de derrame. Confirme sempre a compatibilidade do \u00f3leo e o desempenho da temperatura com o fabricante.<\/p>\n<p data-start=\"708\" data-end=\"980\"><strong data-start=\"708\" data-end=\"761\">Q3 - Qual \u00e9 o prazo de entrega e a garantia habituais?<\/strong><br data-start=\"761\" data-end=\"764\" \/>Depende do tamanho da encomenda e da personaliza\u00e7\u00e3o, mas a produ\u00e7\u00e3o em massa demora normalmente 15-25 dias. As garantias s\u00e3o normalmente de 12-24 meses. A TRONKI oferece 12 meses mais suporte t\u00e9cnico para substitui\u00e7\u00e3o de acess\u00f3rios, se necess\u00e1rio.<\/p>","protected":false},"excerpt":{"rendered":"<p>Um transformador de distribui\u00e7\u00e3o monof\u00e1sico de 25kVA montado em poste \u00e9 um transformador compacto, cheio de \u00f3leo, concebido para reduzir as linhas de alimenta\u00e7\u00e3o de m\u00e9dia tens\u00e3o (normalmente 13,2 kV prim\u00e1rios em muitas redes) para um secund\u00e1rio de baixa tens\u00e3o utiliz\u00e1vel (240 V linha-a-linha ou 120\/240 V fase dividida) para resid\u00eancias, pequenas empresas e cargas rurais. Estas unidades s\u00e3o montadas em postes para minimizar o custo da infraestrutura, reduzir o comprimento da linha de baixa tens\u00e3o e fornecer energia fi\u00e1vel em locais onde a montagem em almofadas ou a distribui\u00e7\u00e3o subterr\u00e2nea s\u00e3o impratic\u00e1veis.<\/p>","protected":false},"featured_media":21926,"template":"","meta":[],"product_brand":[],"product_cat":[34,33],"product_tag":[],"class_list":{"0":"post-21914","1":"product","2":"type-product","3":"status-publish","4":"has-post-thumbnail","6":"product_cat-oil-transformer","7":"product_cat-power-transformer","9":"first","10":"instock","11":"taxable","12":"shipping-taxable","13":"product-type-simple"},"yoast_head":"<!-- This site is optimized with the Yoast SEO plugin v25.0 - https:\/\/yoast.com\/wordpress\/plugins\/seo\/ -->\n<title>Single Phase Pole Mounted Distribution Transformer Manufacturer - PINE-ZHENGXI<\/title>\n<meta name=\"robots\" content=\"index, follow, max-snippet:-1, max-image-preview:large, max-video-preview:-1\" \/>\n<link rel=\"canonical\" href=\"https:\/\/www.tronkiele.com\/pt\/product\/25kva-single-phase-pole-mounted-distribution-transformer\/\" \/>\n<meta property=\"og:locale\" content=\"pt_PT\" \/>\n<meta property=\"og:type\" content=\"article\" \/>\n<meta property=\"og:title\" content=\"Single Phase Pole Mounted Distribution Transformer Manufacturer - PINE-ZHENGXI\" \/>\n<meta property=\"og:description\" content=\"A 25kVA single phase pole mounted distribution transformer is a compact, oil-filled transformer designed to step down medium-voltage feeder lines (commonly 13.2 kV primary in many networks) to a usable low-voltage secondary (240 V line-to-line or 120\/240 V split-phase) for homes, small businesses, and rural loads. These units are mounted on utility poles to minimize infrastructure cost, reduce low-voltage line length, and deliver reliable power where padmounts or underground distribution are impractical.\" \/>\n<meta property=\"og:url\" content=\"https:\/\/www.tronkiele.com\/pt\/product\/25kva-single-phase-pole-mounted-distribution-transformer\/\" \/>\n<meta property=\"og:site_name\" content=\"PINE-ZHENGXI\" \/>\n<meta property=\"article:modified_time\" content=\"2025-09-19T05:38:15+00:00\" \/>\n<meta property=\"og:image\" content=\"https:\/\/www.tronkiele.com\/wp-content\/uploads\/2025\/09\/25kva-Single-Phase-Pole-Mounted-Distribution-Transformer-13.2KV-To-240V.webp\" \/>\n\t<meta property=\"og:image:width\" content=\"800\" \/>\n\t<meta property=\"og:image:height\" content=\"800\" \/>\n\t<meta property=\"og:image:type\" content=\"image\/webp\" \/>\n<meta name=\"twitter:card\" content=\"summary_large_image\" \/>\n<meta name=\"twitter:label1\" content=\"Tempo estimado de leitura\" \/>\n\t<meta name=\"twitter:data1\" content=\"3 minutos\" \/>\n<script type=\"application\/ld+json\" class=\"yoast-schema-graph\">{\"@context\":\"https:\/\/schema.org\",\"@graph\":[{\"@type\":\"WebPage\",\"@id\":\"https:\/\/www.tronkiele.com\/product\/25kva-single-phase-pole-mounted-distribution-transformer\/\",\"url\":\"https:\/\/www.tronkiele.com\/product\/25kva-single-phase-pole-mounted-distribution-transformer\/\",\"name\":\"Single Phase Pole Mounted Distribution Transformer Manufacturer - PINE-ZHENGXI\",\"isPartOf\":{\"@id\":\"https:\/\/www.tronkiele.com\/#website\"},\"primaryImageOfPage\":{\"@id\":\"https:\/\/www.tronkiele.com\/product\/25kva-single-phase-pole-mounted-distribution-transformer\/#primaryimage\"},\"image\":{\"@id\":\"https:\/\/www.tronkiele.com\/product\/25kva-single-phase-pole-mounted-distribution-transformer\/#primaryimage\"},\"thumbnailUrl\":\"https:\/\/www.tronkiele.com\/wp-content\/uploads\/2025\/09\/25kva-Single-Phase-Pole-Mounted-Distribution-Transformer-13.2KV-To-240V.webp\",\"datePublished\":\"2025-09-19T05:37:57+00:00\",\"dateModified\":\"2025-09-19T05:38:15+00:00\",\"breadcrumb\":{\"@id\":\"https:\/\/www.tronkiele.com\/product\/25kva-single-phase-pole-mounted-distribution-transformer\/#breadcrumb\"},\"inLanguage\":\"pt-PT\",\"potentialAction\":[{\"@type\":\"ReadAction\",\"target\":[\"https:\/\/www.tronkiele.com\/product\/25kva-single-phase-pole-mounted-distribution-transformer\/\"]}]},{\"@type\":\"ImageObject\",\"inLanguage\":\"pt-PT\",\"@id\":\"https:\/\/www.tronkiele.com\/product\/25kva-single-phase-pole-mounted-distribution-transformer\/#primaryimage\",\"url\":\"https:\/\/www.tronkiele.com\/wp-content\/uploads\/2025\/09\/25kva-Single-Phase-Pole-Mounted-Distribution-Transformer-13.2KV-To-240V.webp\",\"contentUrl\":\"https:\/\/www.tronkiele.com\/wp-content\/uploads\/2025\/09\/25kva-Single-Phase-Pole-Mounted-Distribution-Transformer-13.2KV-To-240V.webp\",\"width\":800,\"height\":800,\"caption\":\"25kva-Single-Phase-Pole-Mounted-Distribution-Transformer-13.2KV-To-240V\"},{\"@type\":\"BreadcrumbList\",\"@id\":\"https:\/\/www.tronkiele.com\/product\/25kva-single-phase-pole-mounted-distribution-transformer\/#breadcrumb\",\"itemListElement\":[{\"@type\":\"ListItem\",\"position\":1,\"name\":\"Home\",\"item\":\"https:\/\/www.tronkiele.com\/\"},{\"@type\":\"ListItem\",\"position\":2,\"name\":\"Products\",\"item\":\"https:\/\/www.tronkiele.com\/shop\/\"},{\"@type\":\"ListItem\",\"position\":3,\"name\":\"25kva Single Phase Pole Mounted Distribution Transformer 13.2KV To 240V\"}]},{\"@type\":\"WebSite\",\"@id\":\"https:\/\/www.tronkiele.com\/#website\",\"url\":\"https:\/\/www.tronkiele.com\/\",\"name\":\"PINE-ZHENGXI\",\"description\":\"\",\"publisher\":{\"@id\":\"https:\/\/www.tronkiele.com\/#organization\"},\"potentialAction\":[{\"@type\":\"SearchAction\",\"target\":{\"@type\":\"EntryPoint\",\"urlTemplate\":\"https:\/\/www.tronkiele.com\/?s={search_term_string}\"},\"query-input\":{\"@type\":\"PropertyValueSpecification\",\"valueRequired\":true,\"valueName\":\"search_term_string\"}}],\"inLanguage\":\"pt-PT\"},{\"@type\":\"Organization\",\"@id\":\"https:\/\/www.tronkiele.com\/#organization\",\"name\":\"PINE-ZHENGXI\",\"url\":\"https:\/\/www.tronkiele.com\/\",\"logo\":{\"@type\":\"ImageObject\",\"inLanguage\":\"pt-PT\",\"@id\":\"https:\/\/www.tronkiele.com\/#\/schema\/logo\/image\/\",\"url\":\"https:\/\/www.tronkiele.com\/wp-content\/uploads\/2024\/11\/cropped-tronki.webp\",\"contentUrl\":\"https:\/\/www.tronkiele.com\/wp-content\/uploads\/2024\/11\/cropped-tronki.webp\",\"width\":512,\"height\":512,\"caption\":\"PINE-ZHENGXI\"},\"image\":{\"@id\":\"https:\/\/www.tronkiele.com\/#\/schema\/logo\/image\/\"}}]}<\/script>\n<!-- \/ Yoast SEO plugin. -->","yoast_head_json":{"title":"Fabricante de transformador de distribui\u00e7\u00e3o monof\u00e1sico montado em poste - PINE-ZHENGXI","robots":{"index":"index","follow":"follow","max-snippet":"max-snippet:-1","max-image-preview":"max-image-preview:large","max-video-preview":"max-video-preview:-1"},"canonical":"https:\/\/www.tronkiele.com\/pt\/product\/25kva-single-phase-pole-mounted-distribution-transformer\/","og_locale":"pt_PT","og_type":"article","og_title":"Single Phase Pole Mounted Distribution Transformer Manufacturer - PINE-ZHENGXI","og_description":"A 25kVA single phase pole mounted distribution transformer is a compact, oil-filled transformer designed to step down medium-voltage feeder lines (commonly 13.2 kV primary in many networks) to a usable low-voltage secondary (240 V line-to-line or 120\/240 V split-phase) for homes, small businesses, and rural loads. These units are mounted on utility poles to minimize infrastructure cost, reduce low-voltage line length, and deliver reliable power where padmounts or underground distribution are impractical.","og_url":"https:\/\/www.tronkiele.com\/pt\/product\/25kva-single-phase-pole-mounted-distribution-transformer\/","og_site_name":"PINE-ZHENGXI","article_modified_time":"2025-09-19T05:38:15+00:00","og_image":[{"width":800,"height":800,"url":"https:\/\/www.tronkiele.com\/wp-content\/uploads\/2025\/09\/25kva-Single-Phase-Pole-Mounted-Distribution-Transformer-13.2KV-To-240V.webp","type":"image\/webp"}],"twitter_card":"summary_large_image","twitter_misc":{"Tempo estimado de leitura":"3 minutos"},"schema":{"@context":"https:\/\/schema.org","@graph":[{"@type":"WebPage","@id":"https:\/\/www.tronkiele.com\/product\/25kva-single-phase-pole-mounted-distribution-transformer\/","url":"https:\/\/www.tronkiele.com\/product\/25kva-single-phase-pole-mounted-distribution-transformer\/","name":"Fabricante de transformador de distribui\u00e7\u00e3o monof\u00e1sico montado em poste - PINE-ZHENGXI","isPartOf":{"@id":"https:\/\/www.tronkiele.com\/#website"},"primaryImageOfPage":{"@id":"https:\/\/www.tronkiele.com\/product\/25kva-single-phase-pole-mounted-distribution-transformer\/#primaryimage"},"image":{"@id":"https:\/\/www.tronkiele.com\/product\/25kva-single-phase-pole-mounted-distribution-transformer\/#primaryimage"},"thumbnailUrl":"https:\/\/www.tronkiele.com\/wp-content\/uploads\/2025\/09\/25kva-Single-Phase-Pole-Mounted-Distribution-Transformer-13.2KV-To-240V.webp","datePublished":"2025-09-19T05:37:57+00:00","dateModified":"2025-09-19T05:38:15+00:00","breadcrumb":{"@id":"https:\/\/www.tronkiele.com\/product\/25kva-single-phase-pole-mounted-distribution-transformer\/#breadcrumb"},"inLanguage":"pt-PT","potentialAction":[{"@type":"ReadAction","target":["https:\/\/www.tronkiele.com\/product\/25kva-single-phase-pole-mounted-distribution-transformer\/"]}]},{"@type":"ImageObject","inLanguage":"pt-PT","@id":"https:\/\/www.tronkiele.com\/product\/25kva-single-phase-pole-mounted-distribution-transformer\/#primaryimage","url":"https:\/\/www.tronkiele.com\/wp-content\/uploads\/2025\/09\/25kva-Single-Phase-Pole-Mounted-Distribution-Transformer-13.2KV-To-240V.webp","contentUrl":"https:\/\/www.tronkiele.com\/wp-content\/uploads\/2025\/09\/25kva-Single-Phase-Pole-Mounted-Distribution-Transformer-13.2KV-To-240V.webp","width":800,"height":800,"caption":"25kva-Single-Phase-Pole-Mounted-Distribution-Transformer-13.2KV-To-240V"},{"@type":"BreadcrumbList","@id":"https:\/\/www.tronkiele.com\/product\/25kva-single-phase-pole-mounted-distribution-transformer\/#breadcrumb","itemListElement":[{"@type":"ListItem","position":1,"name":"Home","item":"https:\/\/www.tronkiele.com\/"},{"@type":"ListItem","position":2,"name":"Products","item":"https:\/\/www.tronkiele.com\/shop\/"},{"@type":"ListItem","position":3,"name":"25kva Single Phase Pole Mounted Distribution Transformer 13.2KV To 240V"}]},{"@type":"WebSite","@id":"https:\/\/www.tronkiele.com\/#website","url":"https:\/\/www.tronkiele.com\/","name":"PINE-ZHENGXI","description":"","publisher":{"@id":"https:\/\/www.tronkiele.com\/#organization"},"potentialAction":[{"@type":"SearchAction","target":{"@type":"EntryPoint","urlTemplate":"https:\/\/www.tronkiele.com\/?s={search_term_string}"},"query-input":{"@type":"PropertyValueSpecification","valueRequired":true,"valueName":"search_term_string"}}],"inLanguage":"pt-PT"},{"@type":"Organization","@id":"https:\/\/www.tronkiele.com\/#organization","name":"PINE-ZHENGXI","url":"https:\/\/www.tronkiele.com\/","logo":{"@type":"ImageObject","inLanguage":"pt-PT","@id":"https:\/\/www.tronkiele.com\/#\/schema\/logo\/image\/","url":"https:\/\/www.tronkiele.com\/wp-content\/uploads\/2024\/11\/cropped-tronki.webp","contentUrl":"https:\/\/www.tronkiele.com\/wp-content\/uploads\/2024\/11\/cropped-tronki.webp","width":512,"height":512,"caption":"PINE-ZHENGXI"},"image":{"@id":"https:\/\/www.tronkiele.com\/#\/schema\/logo\/image\/"}}]}},"_links":{"self":[{"href":"https:\/\/www.tronkiele.com\/pt\/wp-json\/wp\/v2\/product\/21914","targetHints":{"allow":["GET"]}}],"collection":[{"href":"https:\/\/www.tronkiele.com\/pt\/wp-json\/wp\/v2\/product"}],"about":[{"href":"https:\/\/www.tronkiele.com\/pt\/wp-json\/wp\/v2\/types\/product"}],"version-history":[{"count":3,"href":"https:\/\/www.tronkiele.com\/pt\/wp-json\/wp\/v2\/product\/21914\/revisions"}],"predecessor-version":[{"id":21917,"href":"https:\/\/www.tronkiele.com\/pt\/wp-json\/wp\/v2\/product\/21914\/revisions\/21917"}],"wp:featuredmedia":[{"embeddable":true,"href":"https:\/\/www.tronkiele.com\/pt\/wp-json\/wp\/v2\/media\/21926"}],"wp:attachment":[{"href":"https:\/\/www.tronkiele.com\/pt\/wp-json\/wp\/v2\/media?parent=21914"}],"wp:term":[{"taxonomy":"product_brand","embeddable":true,"href":"https:\/\/www.tronkiele.com\/pt\/wp-json\/wp\/v2\/product_brand?post=21914"},{"taxonomy":"product_cat","embeddable":true,"href":"https:\/\/www.tronkiele.com\/pt\/wp-json\/wp\/v2\/product_cat?post=21914"},{"taxonomy":"product_tag","embeddable":true,"href":"https:\/\/www.tronkiele.com\/pt\/wp-json\/wp\/v2\/product_tag?post=21914"}],"curies":[{"name":"wp","href":"https:\/\/api.w.org\/{rel}","templated":true}]}}