{"id":22067,"date":"2025-10-04T02:43:33","date_gmt":"2025-10-04T02:43:33","guid":{"rendered":"https:\/\/www.tronkiele.com\/?post_type=product&#038;p=22067"},"modified":"2025-10-07T06:26:16","modified_gmt":"2025-10-07T06:26:16","slug":"single-phase-220v-to-three-phase-380v-phase-converter","status":"publish","type":"product","link":"https:\/\/www.tronkiele.com\/pt\/product\/single-phase-220v-to-three-phase-380v-phase-converter\/","title":{"rendered":"Conversor de fase monof\u00e1sico 220V para trif\u00e1sico 380V"},"content":{"rendered":"<h2 data-start=\"1377\" data-end=\"1395\">Onde \u00e9 utilizado<\/h2>\n<ul>\n<li>Oficinas, f\u00e1bricas dom\u00e9sticas e estabelecimentos comerciais sem servi\u00e7o trif\u00e1sico<\/li>\n<li>Locais rurais, remotos ou tempor\u00e1rios (explora\u00e7\u00f5es agr\u00edcolas, opera\u00e7\u00f5es no terreno)<\/li>\n<li>Energias renov\u00e1veis no local: converter a produ\u00e7\u00e3o fotovoltaica ou e\u00f3lica de pequena dimens\u00e3o em trif\u00e1sica para cargas locais<\/li>\n<li>Projectos de reabilita\u00e7\u00e3o em que o pedido de fornecimento trif\u00e1sico \u00e9 impratic\u00e1vel ou dispendioso<\/li>\n<\/ul>\n<h2 data-start=\"1712\" data-end=\"1738\">Principais vantagens e carater\u00edsticas<\/h2>\n<ul>\n<li>Sa\u00edda trif\u00e1sica de onda sinusoidal verdadeira - THD &lt; 2% para um funcionamento suave do motor e do equipamento sens\u00edvel.<\/li>\n<li>Elevada efici\u00eancia de convers\u00e3o - o controlo SVPWM e o IPM de qualidade superior proporcionam efici\u00eancias &gt; 93% e baixas perdas em vazio.<\/li>\n<li>Resposta transit\u00f3ria r\u00e1pida - a sa\u00edda estabiliza-se em 50 ms para lidar com altera\u00e7\u00f5es de carga.<\/li>\n<li>Prote\u00e7\u00e3o robusta - prote\u00e7\u00e3o integrada contra curto-circuito, sobrecarga e sobreaquecimento para um funcionamento cont\u00ednuo seguro.<\/li>\n<li>Transformador de isolamento de frequ\u00eancia de energia - isola os barramentos CA e CC para eliminar interfer\u00eancias e melhorar a seguran\u00e7a.<\/li>\n<li>Ecr\u00e3 do utilizador e diagn\u00f3stico - O LCD indica a tens\u00e3o CC de entrada, a frequ\u00eancia\/tens\u00e3o de sa\u00edda, a pot\u00eancia (kWh), o tempo de funcionamento e os c\u00f3digos de avaria.<\/li>\n<li>Econ\u00f3mica - utiliza a fatura\u00e7\u00e3o monof\u00e1sica padr\u00e3o enquanto alimenta cargas industriais trif\u00e1sicas - evita problemas e taxas de aplica\u00e7\u00e3o trif\u00e1sica.<\/li>\n<li>Redes mais limpas - filtra as perturba\u00e7\u00f5es e fornece energia mais limpa ao equipamento a jusante.<\/li>\n<li>Longa vida \u00fatil - componentes industriais e conce\u00e7\u00e3o de arrefecimento para uma maior fiabilidade (vida \u00fatil &gt; 15 anos em condi\u00e7\u00f5es normais).<\/li>\n<\/ul>\n<h2><strong><b>PAR\u00c2METROS T\u00c9CNICOS<\/b><\/strong><\/h2>\n<table>\n<tbody>\n<tr>\n<td rowspan=\"3\" width=\"118\">Modelo<\/td>\n<td width=\"91\"><strong><b>DZW-1,5KVA<\/b><\/strong><\/td>\n<td width=\"91\"><strong><b>DZW-2.2KVA<\/b><\/strong><\/td>\n<td width=\"91\"><strong><b>DZW-3KVA<\/b><\/strong><\/td>\n<td width=\"91\"><strong><b>DZW-4KVA<\/b><\/strong><\/td>\n<td width=\"92\"><strong><b>DZW-5,5KVA<\/b><\/strong><\/td>\n<\/tr>\n<tr>\n<td width=\"91\"><strong><b>DZW-7,5KVA<\/b><\/strong><\/td>\n<td width=\"91\"><strong><b>DZW-8,5KVA<\/b><\/strong><\/td>\n<td width=\"91\"><strong><b>DZW-11KVA<\/b><\/strong><\/td>\n<td width=\"91\"><strong><b>DZW-15KVA<\/b><\/strong><\/td>\n<td width=\"92\"><strong><b>DZW-20KVA<\/b><\/strong><\/td>\n<\/tr>\n<tr>\n<td width=\"91\"><strong><b>DZW-25KVA<\/b><\/strong><\/td>\n<td width=\"91\"><strong><b>DZW-30KVA<\/b><\/strong><\/td>\n<td width=\"91\"><strong><b>DZW-40KVA<\/b><\/strong><\/td>\n<td width=\"91\"><strong><b>DZW-50KVA<\/b><\/strong><\/td>\n<td width=\"92\"><strong><b>DZW-60KVA<\/b><\/strong><\/td>\n<\/tr>\n<tr>\n<td width=\"118\">Fase<\/td>\n<td colspan=\"5\" width=\"459\">trif\u00e1sico, tr\u00eas fios \/ trif\u00e1sico, quatro fios<\/td>\n<\/tr>\n<tr>\n<td width=\"118\">Velocidade de resposta<\/td>\n<td colspan=\"5\" width=\"459\">10ms<\/td>\n<\/tr>\n<tr>\n<td width=\"118\">Velocidade de regula\u00e7\u00e3o<\/td>\n<td colspan=\"5\" width=\"459\">100V\/S<\/td>\n<\/tr>\n<tr>\n<td width=\"118\">M\u00e9todo do circuito<\/td>\n<td colspan=\"5\" width=\"459\">Modula\u00e7\u00e3o IGBT \/ PWM<\/td>\n<\/tr>\n<tr>\n<td width=\"118\">Forma de onda de sa\u00edda<\/td>\n<td colspan=\"5\" width=\"459\">Onda sinusoidal padr\u00e3o CF=1,4<\/td>\n<\/tr>\n<tr>\n<td width=\"118\">Corrente de sa\u00edda<\/td>\n<td colspan=\"5\" width=\"459\">Corrente de fase Grau elevado 41A Grau baixo 82A<\/td>\n<\/tr>\n<tr>\n<td width=\"118\">Estabiliza\u00e7\u00e3o de frequ\u00eancia<\/td>\n<td colspan=\"5\" width=\"459\">\u22640,01%<\/td>\n<\/tr>\n<tr>\n<td width=\"118\">Estabiliza\u00e7\u00e3o da tens\u00e3o de carga<\/td>\n<td colspan=\"5\" width=\"459\">\u22641%<\/td>\n<\/tr>\n<tr>\n<td width=\"118\">Distor\u00e7\u00e3o de forma de onda<\/td>\n<td colspan=\"5\" width=\"459\">\u22642% (carga resistiva pura)<\/td>\n<\/tr>\n<tr>\n<td width=\"118\">\u00c2ngulo de fase<\/td>\n<td colspan=\"5\" width=\"459\">120\u00b0\u00b11\u00b0<\/td>\n<\/tr>\n<tr>\n<td width=\"118\">Tempo de rea\u00e7\u00e3o da prote\u00e7\u00e3o<\/td>\n<td colspan=\"5\" width=\"459\">\u22642ms<\/td>\n<\/tr>\n<tr>\n<td width=\"118\">Efici\u00eancia<\/td>\n<td colspan=\"5\" width=\"459\">\u226587%<\/td>\n<\/tr>\n<tr>\n<td width=\"118\">Pot\u00eancia<\/td>\n<td width=\"91\">1500VA<\/td>\n<td width=\"91\">2200VA<\/td>\n<td width=\"91\">3000VA<\/td>\n<td width=\"91\">4000VA<\/td>\n<td width=\"92\">5500VA<\/td>\n<\/tr>\n<tr>\n<td width=\"118\">Tamanho (mm) L*W*H<\/td>\n<td width=\"91\">270*430*350<\/td>\n<td width=\"91\">270*430*350<\/td>\n<td width=\"91\">270*430*350<\/td>\n<td width=\"91\">270*430*350<\/td>\n<td width=\"92\">270*430*350<\/td>\n<\/tr>\n<tr>\n<td width=\"118\">N.W(kg)<\/td>\n<td width=\"91\">17.5<\/td>\n<td width=\"91\">17.5<\/td>\n<td width=\"91\">17.5<\/td>\n<td width=\"91\">17.5<\/td>\n<td width=\"92\">17.5<\/td>\n<\/tr>\n<tr>\n<td width=\"118\">Pot\u00eancia<\/td>\n<td width=\"91\">7500VA<\/td>\n<td width=\"91\">8500VA<\/td>\n<td width=\"91\">11KVA<\/td>\n<td width=\"91\">15KVA<\/td>\n<td width=\"92\">20KVA<\/td>\n<\/tr>\n<tr>\n<td width=\"118\">Tamanho (mm) L*W*H<\/td>\n<td width=\"91\">580*355*620<\/td>\n<td width=\"91\">580*355*620<\/td>\n<td width=\"91\">580*355*620<\/td>\n<td width=\"91\">580*355*620<\/td>\n<td width=\"92\">580*355*620<\/td>\n<\/tr>\n<tr>\n<td width=\"118\">N.W(kg)<\/td>\n<td width=\"91\">34<\/td>\n<td width=\"91\">34<\/td>\n<td width=\"91\">34<\/td>\n<td width=\"91\">35.5<\/td>\n<td width=\"92\">37<\/td>\n<\/tr>\n<tr>\n<td colspan=\"6\" width=\"578\">O tamanho e o peso variam consoante a gama de tens\u00e3o, e est\u00e3o sujeitos ao product atual personalizado.<\/td>\n<\/tr>\n<\/tbody>\n<\/table>\n<h2 data-start=\"3350\" data-end=\"3382\">Como escolher o modelo certo<\/h2>\n<ul>\n<li data-start=\"3386\" data-end=\"3561\">Corresponder \u00e0 carga cont\u00ednua do motor (kW\/kVA): escolher um conversor com uma sa\u00edda cont\u00ednua \u2265 o kW nominal do motor mais a margem de sobretens\u00e3o de arranque (os motores necessitam frequentemente de 2-3\u00d7 a corrente de arranque).<\/li>\n<li data-start=\"3386\" data-end=\"3561\">Considere o ciclo de funcionamento: arranques\/paragens frequentes ou cargas pesadas prolongadas podem exigir uma unidade maior ou uma refrigera\u00e7\u00e3o melhorada.<\/li>\n<li data-start=\"3386\" data-end=\"3561\">Verificar o ambiente: os locais exteriores ou poeirentos exigem uma classifica\u00e7\u00e3o IP mais elevada e uma entrada de ar filtrado.<\/li>\n<li data-start=\"3386\" data-end=\"3561\">Verifique a capacidade de alimenta\u00e7\u00e3o: a sa\u00edda do conversor \u00e9 limitada pela corrente de entrada de 220V dispon\u00edvel - certifique-se de que a rede el\u00e9ctrica pode fornecer os amperes de entrada necess\u00e1rios.<\/li>\n<li data-start=\"3386\" data-end=\"3561\">Instala\u00e7\u00e3o e liga\u00e7\u00e3o \u00e0 terra: seguir o c\u00f3digo el\u00e9trico local; recomendar um eletricista qualificado para a instala\u00e7\u00e3o el\u00e9ctrica e liga\u00e7\u00e3o \u00e0 terra.<\/li>\n<\/ul>\n<h2 data-start=\"4057\" data-end=\"4063\">FAQ<\/h2>\n<p data-start=\"4064\" data-end=\"4343\"><strong data-start=\"4064\" data-end=\"4117\">P: Isto pode fazer funcionar motores de indu\u00e7\u00e3o e compressores?<\/strong><br data-start=\"4117\" data-end=\"4120\" \/>R: Sim - o DZW est\u00e1 optimizado para cargas de motores. Uma vez que produz uma onda sinusoidal de baixa distor\u00e7\u00e3o, os motores arrancam e funcionam sem problemas. Para grandes arranques de motores, dimensione o conversor para permitir um pico de arranque (consulte a ficha t\u00e9cnica).<\/p>\n<p data-start=\"4345\" data-end=\"4635\"><strong data-start=\"4345\" data-end=\"4404\">P: Em que \u00e9 que isto \u00e9 diferente de um conversor de fase rotativo?<\/strong><br data-start=\"4404\" data-end=\"4407\" \/>R: Ao contr\u00e1rio dos conversores rotativos, o DZW utiliza a convers\u00e3o em estado s\u00f3lido (inversor SVPWM) para produzir uma sa\u00edda trif\u00e1sica sinusoidal est\u00e1vel e de baixa distor\u00e7\u00e3o, pr\u00f3xima da qualidade da rede el\u00e9ctrica - melhor para componentes electr\u00f3nicos sens\u00edveis e variadores de velocidade.<\/p>\n<p data-start=\"4637\" data-end=\"4911\"><strong data-start=\"4637\" data-end=\"4666\">P: Ir\u00e1 poupar-me dinheiro?<\/strong><br data-start=\"4666\" data-end=\"4669\" \/>R: Pode ser mais econ\u00f3mico do que solicitar um servi\u00e7o trif\u00e1sico (taxas de instala\u00e7\u00e3o, cablagem melhorada). No entanto, o consumo de energia depende das cargas - a unidade converte o que \u00e9 extra\u00eddo da rede el\u00e9ctrica monof\u00e1sica, pelo que o tamanho e a utiliza\u00e7\u00e3o determinam o custo.<\/p>","protected":false},"excerpt":{"rendered":"<p>A s\u00e9rie DZW \u00e9 uma m\u00e1quina compacta, de elevado desempenho <strong data-start=\"702\" data-end=\"745\">Transformador monof\u00e1sico para trif\u00e1sico<\/strong> alternativa - uma alternativa inteligente <strong data-start=\"768\" data-end=\"787\">Conversor de fase<\/strong> que transforma a vulgar rede monof\u00e1sica de 220V em energia trif\u00e1sica fi\u00e1vel de 380V. Utilizando a modula\u00e7\u00e3o SVPWM (space-vetor PWM) avan\u00e7ada, juntamente com retifica\u00e7\u00e3o, convers\u00e3o de frequ\u00eancia, invers\u00e3o e aumento de tens\u00e3o, a unidade fornece uma verdadeira onda sinusoidal trif\u00e1sica com distor\u00e7\u00e3o harm\u00f3nica inferior a 2% e excelente resposta transit\u00f3ria.<\/p>","protected":false},"featured_media":22068,"template":"","meta":[],"product_brand":[],"product_cat":[42,99,100],"product_tag":[],"class_list":{"0":"post-22067","1":"product","2":"type-product","3":"status-publish","4":"has-post-thumbnail","6":"product_cat-low-voltage-transformer","7":"product_cat-single-phase-transformers","8":"product_cat-three-phase-transformer","10":"first","11":"instock","12":"taxable","13":"shipping-taxable","14":"product-type-simple"},"yoast_head":"<!-- This site is optimized with the Yoast SEO plugin v25.0 - https:\/\/yoast.com\/wordpress\/plugins\/seo\/ -->\n<title>Single-Phase 220V To Three-Phase 380V Phase Converter | Transformer Factory - PINE-ZHENGXI<\/title>\n<meta name=\"robots\" content=\"index, follow, max-snippet:-1, max-image-preview:large, max-video-preview:-1\" \/>\n<link rel=\"canonical\" href=\"https:\/\/www.tronkiele.com\/pt\/product\/single-phase-220v-to-three-phase-380v-phase-converter\/\" \/>\n<meta property=\"og:locale\" content=\"pt_PT\" \/>\n<meta property=\"og:type\" content=\"article\" \/>\n<meta property=\"og:title\" content=\"Single-Phase 220V To Three-Phase 380V Phase Converter | Transformer Factory - PINE-ZHENGXI\" \/>\n<meta property=\"og:description\" content=\"The DZW series is a compact, high-performance Single-Phase To Three-Phase transformer alternative \u2014 a smart Phase Converter that turns ordinary 220V single-phase mains into reliable three-phase 380V power. Using advanced SVPWM (space-vector PWM) modulation together with rectification, frequency conversion, inversion and voltage boosting, the unit delivers a true three-phase sine wave with harmonic distortion below 2% and excellent transient response.\" \/>\n<meta property=\"og:url\" content=\"https:\/\/www.tronkiele.com\/pt\/product\/single-phase-220v-to-three-phase-380v-phase-converter\/\" \/>\n<meta property=\"og:site_name\" content=\"PINE-ZHENGXI\" \/>\n<meta property=\"article:modified_time\" content=\"2025-10-07T06:26:16+00:00\" \/>\n<meta property=\"og:image\" content=\"https:\/\/www.tronkiele.com\/wp-content\/uploads\/2025\/09\/Single-220V-to-Three-phase-Voltage-Converter.webp\" \/>\n\t<meta property=\"og:image:width\" content=\"800\" \/>\n\t<meta property=\"og:image:height\" content=\"800\" \/>\n\t<meta property=\"og:image:type\" content=\"image\/webp\" \/>\n<meta name=\"twitter:card\" content=\"summary_large_image\" \/>\n<meta name=\"twitter:label1\" content=\"Tempo estimado de leitura\" \/>\n\t<meta name=\"twitter:data1\" content=\"3 minutos\" \/>\n<script type=\"application\/ld+json\" class=\"yoast-schema-graph\">{\"@context\":\"https:\/\/schema.org\",\"@graph\":[{\"@type\":\"WebPage\",\"@id\":\"https:\/\/www.tronkiele.com\/product\/single-phase-220v-to-three-phase-380v-phase-converter\/\",\"url\":\"https:\/\/www.tronkiele.com\/product\/single-phase-220v-to-three-phase-380v-phase-converter\/\",\"name\":\"Single-Phase 220V To Three-Phase 380V Phase Converter | Transformer Factory - PINE-ZHENGXI\",\"isPartOf\":{\"@id\":\"https:\/\/www.tronkiele.com\/#website\"},\"primaryImageOfPage\":{\"@id\":\"https:\/\/www.tronkiele.com\/product\/single-phase-220v-to-three-phase-380v-phase-converter\/#primaryimage\"},\"image\":{\"@id\":\"https:\/\/www.tronkiele.com\/product\/single-phase-220v-to-three-phase-380v-phase-converter\/#primaryimage\"},\"thumbnailUrl\":\"https:\/\/www.tronkiele.com\/wp-content\/uploads\/2025\/09\/Single-220V-to-Three-phase-Voltage-Converter.webp\",\"datePublished\":\"2025-10-04T02:43:33+00:00\",\"dateModified\":\"2025-10-07T06:26:16+00:00\",\"breadcrumb\":{\"@id\":\"https:\/\/www.tronkiele.com\/product\/single-phase-220v-to-three-phase-380v-phase-converter\/#breadcrumb\"},\"inLanguage\":\"pt-PT\",\"potentialAction\":[{\"@type\":\"ReadAction\",\"target\":[\"https:\/\/www.tronkiele.com\/product\/single-phase-220v-to-three-phase-380v-phase-converter\/\"]}]},{\"@type\":\"ImageObject\",\"inLanguage\":\"pt-PT\",\"@id\":\"https:\/\/www.tronkiele.com\/product\/single-phase-220v-to-three-phase-380v-phase-converter\/#primaryimage\",\"url\":\"https:\/\/www.tronkiele.com\/wp-content\/uploads\/2025\/09\/Single-220V-to-Three-phase-Voltage-Converter.webp\",\"contentUrl\":\"https:\/\/www.tronkiele.com\/wp-content\/uploads\/2025\/09\/Single-220V-to-Three-phase-Voltage-Converter.webp\",\"width\":800,\"height\":800,\"caption\":\"Single 220V to Three phase Voltage Converter\"},{\"@type\":\"BreadcrumbList\",\"@id\":\"https:\/\/www.tronkiele.com\/product\/single-phase-220v-to-three-phase-380v-phase-converter\/#breadcrumb\",\"itemListElement\":[{\"@type\":\"ListItem\",\"position\":1,\"name\":\"Home\",\"item\":\"https:\/\/www.tronkiele.com\/\"},{\"@type\":\"ListItem\",\"position\":2,\"name\":\"Products\",\"item\":\"https:\/\/www.tronkiele.com\/shop\/\"},{\"@type\":\"ListItem\",\"position\":3,\"name\":\"Single-Phase 220V To Three-Phase 380V Phase Converter\"}]},{\"@type\":\"WebSite\",\"@id\":\"https:\/\/www.tronkiele.com\/#website\",\"url\":\"https:\/\/www.tronkiele.com\/\",\"name\":\"PINE-ZHENGXI\",\"description\":\"\",\"publisher\":{\"@id\":\"https:\/\/www.tronkiele.com\/#organization\"},\"potentialAction\":[{\"@type\":\"SearchAction\",\"target\":{\"@type\":\"EntryPoint\",\"urlTemplate\":\"https:\/\/www.tronkiele.com\/?s={search_term_string}\"},\"query-input\":{\"@type\":\"PropertyValueSpecification\",\"valueRequired\":true,\"valueName\":\"search_term_string\"}}],\"inLanguage\":\"pt-PT\"},{\"@type\":\"Organization\",\"@id\":\"https:\/\/www.tronkiele.com\/#organization\",\"name\":\"PINE-ZHENGXI\",\"url\":\"https:\/\/www.tronkiele.com\/\",\"logo\":{\"@type\":\"ImageObject\",\"inLanguage\":\"pt-PT\",\"@id\":\"https:\/\/www.tronkiele.com\/#\/schema\/logo\/image\/\",\"url\":\"https:\/\/www.tronkiele.com\/wp-content\/uploads\/2024\/11\/cropped-tronki.webp\",\"contentUrl\":\"https:\/\/www.tronkiele.com\/wp-content\/uploads\/2024\/11\/cropped-tronki.webp\",\"width\":512,\"height\":512,\"caption\":\"PINE-ZHENGXI\"},\"image\":{\"@id\":\"https:\/\/www.tronkiele.com\/#\/schema\/logo\/image\/\"}}]}<\/script>\n<!-- \/ Yoast SEO plugin. -->","yoast_head_json":{"title":"Conversor de fase monof\u00e1sico 220V para trif\u00e1sico 380V | F\u00e1brica de transformadores - PINE-ZHENGXI","robots":{"index":"index","follow":"follow","max-snippet":"max-snippet:-1","max-image-preview":"max-image-preview:large","max-video-preview":"max-video-preview:-1"},"canonical":"https:\/\/www.tronkiele.com\/pt\/product\/single-phase-220v-to-three-phase-380v-phase-converter\/","og_locale":"pt_PT","og_type":"article","og_title":"Single-Phase 220V To Three-Phase 380V Phase Converter | Transformer Factory - PINE-ZHENGXI","og_description":"The DZW series is a compact, high-performance Single-Phase To Three-Phase transformer alternative \u2014 a smart Phase Converter that turns ordinary 220V single-phase mains into reliable three-phase 380V power. Using advanced SVPWM (space-vector PWM) modulation together with rectification, frequency conversion, inversion and voltage boosting, the unit delivers a true three-phase sine wave with harmonic distortion below 2% and excellent transient response.","og_url":"https:\/\/www.tronkiele.com\/pt\/product\/single-phase-220v-to-three-phase-380v-phase-converter\/","og_site_name":"PINE-ZHENGXI","article_modified_time":"2025-10-07T06:26:16+00:00","og_image":[{"width":800,"height":800,"url":"https:\/\/www.tronkiele.com\/wp-content\/uploads\/2025\/09\/Single-220V-to-Three-phase-Voltage-Converter.webp","type":"image\/webp"}],"twitter_card":"summary_large_image","twitter_misc":{"Tempo estimado de leitura":"3 minutos"},"schema":{"@context":"https:\/\/schema.org","@graph":[{"@type":"WebPage","@id":"https:\/\/www.tronkiele.com\/product\/single-phase-220v-to-three-phase-380v-phase-converter\/","url":"https:\/\/www.tronkiele.com\/product\/single-phase-220v-to-three-phase-380v-phase-converter\/","name":"Conversor de fase monof\u00e1sico 220V para trif\u00e1sico 380V | F\u00e1brica de transformadores - PINE-ZHENGXI","isPartOf":{"@id":"https:\/\/www.tronkiele.com\/#website"},"primaryImageOfPage":{"@id":"https:\/\/www.tronkiele.com\/product\/single-phase-220v-to-three-phase-380v-phase-converter\/#primaryimage"},"image":{"@id":"https:\/\/www.tronkiele.com\/product\/single-phase-220v-to-three-phase-380v-phase-converter\/#primaryimage"},"thumbnailUrl":"https:\/\/www.tronkiele.com\/wp-content\/uploads\/2025\/09\/Single-220V-to-Three-phase-Voltage-Converter.webp","datePublished":"2025-10-04T02:43:33+00:00","dateModified":"2025-10-07T06:26:16+00:00","breadcrumb":{"@id":"https:\/\/www.tronkiele.com\/product\/single-phase-220v-to-three-phase-380v-phase-converter\/#breadcrumb"},"inLanguage":"pt-PT","potentialAction":[{"@type":"ReadAction","target":["https:\/\/www.tronkiele.com\/product\/single-phase-220v-to-three-phase-380v-phase-converter\/"]}]},{"@type":"ImageObject","inLanguage":"pt-PT","@id":"https:\/\/www.tronkiele.com\/product\/single-phase-220v-to-three-phase-380v-phase-converter\/#primaryimage","url":"https:\/\/www.tronkiele.com\/wp-content\/uploads\/2025\/09\/Single-220V-to-Three-phase-Voltage-Converter.webp","contentUrl":"https:\/\/www.tronkiele.com\/wp-content\/uploads\/2025\/09\/Single-220V-to-Three-phase-Voltage-Converter.webp","width":800,"height":800,"caption":"Single 220V to Three phase Voltage Converter"},{"@type":"BreadcrumbList","@id":"https:\/\/www.tronkiele.com\/product\/single-phase-220v-to-three-phase-380v-phase-converter\/#breadcrumb","itemListElement":[{"@type":"ListItem","position":1,"name":"Home","item":"https:\/\/www.tronkiele.com\/"},{"@type":"ListItem","position":2,"name":"Products","item":"https:\/\/www.tronkiele.com\/shop\/"},{"@type":"ListItem","position":3,"name":"Single-Phase 220V To Three-Phase 380V Phase Converter"}]},{"@type":"WebSite","@id":"https:\/\/www.tronkiele.com\/#website","url":"https:\/\/www.tronkiele.com\/","name":"PINE-ZHENGXI","description":"","publisher":{"@id":"https:\/\/www.tronkiele.com\/#organization"},"potentialAction":[{"@type":"SearchAction","target":{"@type":"EntryPoint","urlTemplate":"https:\/\/www.tronkiele.com\/?s={search_term_string}"},"query-input":{"@type":"PropertyValueSpecification","valueRequired":true,"valueName":"search_term_string"}}],"inLanguage":"pt-PT"},{"@type":"Organization","@id":"https:\/\/www.tronkiele.com\/#organization","name":"PINE-ZHENGXI","url":"https:\/\/www.tronkiele.com\/","logo":{"@type":"ImageObject","inLanguage":"pt-PT","@id":"https:\/\/www.tronkiele.com\/#\/schema\/logo\/image\/","url":"https:\/\/www.tronkiele.com\/wp-content\/uploads\/2024\/11\/cropped-tronki.webp","contentUrl":"https:\/\/www.tronkiele.com\/wp-content\/uploads\/2024\/11\/cropped-tronki.webp","width":512,"height":512,"caption":"PINE-ZHENGXI"},"image":{"@id":"https:\/\/www.tronkiele.com\/#\/schema\/logo\/image\/"}}]}},"_links":{"self":[{"href":"https:\/\/www.tronkiele.com\/pt\/wp-json\/wp\/v2\/product\/22067","targetHints":{"allow":["GET"]}}],"collection":[{"href":"https:\/\/www.tronkiele.com\/pt\/wp-json\/wp\/v2\/product"}],"about":[{"href":"https:\/\/www.tronkiele.com\/pt\/wp-json\/wp\/v2\/types\/product"}],"version-history":[{"count":2,"href":"https:\/\/www.tronkiele.com\/pt\/wp-json\/wp\/v2\/product\/22067\/revisions"}],"predecessor-version":[{"id":22071,"href":"https:\/\/www.tronkiele.com\/pt\/wp-json\/wp\/v2\/product\/22067\/revisions\/22071"}],"wp:featuredmedia":[{"embeddable":true,"href":"https:\/\/www.tronkiele.com\/pt\/wp-json\/wp\/v2\/media\/22068"}],"wp:attachment":[{"href":"https:\/\/www.tronkiele.com\/pt\/wp-json\/wp\/v2\/media?parent=22067"}],"wp:term":[{"taxonomy":"product_brand","embeddable":true,"href":"https:\/\/www.tronkiele.com\/pt\/wp-json\/wp\/v2\/product_brand?post=22067"},{"taxonomy":"product_cat","embeddable":true,"href":"https:\/\/www.tronkiele.com\/pt\/wp-json\/wp\/v2\/product_cat?post=22067"},{"taxonomy":"product_tag","embeddable":true,"href":"https:\/\/www.tronkiele.com\/pt\/wp-json\/wp\/v2\/product_tag?post=22067"}],"curies":[{"name":"wp","href":"https:\/\/api.w.org\/{rel}","templated":true}]}}