{"id":22072,"date":"2025-10-04T05:37:36","date_gmt":"2025-10-04T05:37:36","guid":{"rendered":"https:\/\/www.tronkiele.com\/?post_type=product&#038;p=22072"},"modified":"2025-10-04T05:37:36","modified_gmt":"2025-10-04T05:37:36","slug":"step-up-and-down-voltage-converter-110v-to-220v-transformer","status":"publish","type":"product","link":"https:\/\/www.tronkiele.com\/pt\/product\/step-up-and-down-voltage-converter-110v-to-220v-transformer\/","title":{"rendered":"TC 100va-5Kva Pequeno conversor port\u00e1til de voltagem para cima e para baixo 110v para 220v Transformador"},"content":{"rendered":"<h2 data-start=\"1853\" data-end=\"1869\">Carater\u00edsticas principais<\/h2>\n<ul>\n<li>Fun\u00e7\u00e3o dupla (Step Up &amp; Step Down): Converte a tens\u00e3o entre 110-120V e 220-240V para utiliza\u00e7\u00e3o universal<\/li>\n<li>Design resistente: Constru\u00eddo com bobinas de cobre e materiais dur\u00e1veis para uma longa vida \u00fatil e uma sa\u00edda est\u00e1vel.<\/li>\n<li>Prote\u00e7\u00e3o de seguran\u00e7a: Equipado com fus\u00edvel ou prote\u00e7\u00e3o contra sobreintensidades para garantir a seguran\u00e7a durante o funcionamento cont\u00ednuo.<\/li>\n<li>M\u00faltiplas op\u00e7\u00f5es de ficha: Suporta as normas de fichas dos EUA, Europa, Reino Unido, Schuko, VDE, Austr\u00e1lia e \u00c1sia.<\/li>\n<li>Sa\u00edda vers\u00e1til: At\u00e9 tr\u00eas tomadas de sa\u00edda CA dispon\u00edveis para uma utiliza\u00e7\u00e3o c\u00f3moda de v\u00e1rios dispositivos.<\/li>\n<li>Sa\u00edda est\u00e1vel: A sa\u00edda de CA pura garante um desempenho fi\u00e1vel para componentes electr\u00f3nicos sens\u00edveis.<\/li>\n<li>Compacto e port\u00e1til: F\u00e1cil de transportar para casa, viagens ou aplica\u00e7\u00f5es em oficinas.<\/li>\n<li>Ampla gama de entrada: 110V\/117V\/120V\/220V\/230V\/240V selecion\u00e1vel; a sa\u00edda corresponde em conformidade.<\/li>\n<\/ul>\n<h2 class=\"wp-block-heading\"><strong>Par\u00e2metros t\u00e9cnicos<\/strong><\/h2>\n<table class=\"has-fixed-layout\">\n<tbody>\n<tr>\n<td>Tipo<\/td>\n<td>Tamanho do produto (cm)<\/td>\n<td>Tamanho da embalagem (cm)<\/td>\n<td>QUANTIDADE<\/td>\n<\/tr>\n<tr>\n<td>TC-100VA<\/td>\n<td>10*6.9*8.2<\/td>\n<td>27*27*19<\/td>\n<td>12<\/td>\n<\/tr>\n<tr>\n<td>TC-200VA<\/td>\n<td>11*6.9*8.2<\/td>\n<td>27*27*19<\/td>\n<td>12<\/td>\n<\/tr>\n<tr>\n<td>TC-300VA<\/td>\n<td>12.3*6.9*8.2<\/td>\n<td>27*27*19<\/td>\n<td>12<\/td>\n<\/tr>\n<tr>\n<td>TC-500VA<\/td>\n<td>12.7*8.5*10.1<\/td>\n<td>30.5*22.5*23<\/td>\n<td>8<\/td>\n<\/tr>\n<tr>\n<td>TC-800VA<\/td>\n<td>13.7*8.5*10.1<\/td>\n<td>30.5*22.5*23<\/td>\n<td>8<\/td>\n<\/tr>\n<tr>\n<td>TC-1000VA<\/td>\n<td>14.7*8.5*10.1<\/td>\n<td>30.5*22.5*23<\/td>\n<td>8<\/td>\n<\/tr>\n<tr>\n<td>TC-1500VA<\/td>\n<td>15*13*15.5<\/td>\n<td>31.5*17.5*18<\/td>\n<td>4<\/td>\n<\/tr>\n<tr>\n<td>TC-2000VA<\/td>\n<td>16.5*13*15.5<\/td>\n<td>31.5*17.5*18<\/td>\n<td>4<\/td>\n<\/tr>\n<tr>\n<td>TC-3000VA<\/td>\n<td>19*13*15.5<\/td>\n<td>29.8*24*20.5<\/td>\n<td>2<\/td>\n<\/tr>\n<tr>\n<td>TC-5000VA<\/td>\n<td>22*13*15.5<\/td>\n<td>29.8*24*20.5<\/td>\n<td>2<\/td>\n<\/tr>\n<\/tbody>\n<\/table>\n<h2 data-start=\"1324\" data-end=\"1339\">Aplica\u00e7\u00f5es<\/h2>\n<p>Este conversor de tens\u00e3o \u00e9 ideal para utiliza\u00e7\u00e3o em casa e no escrit\u00f3rio. Suporta uma vasta gama de aparelhos el\u00e9ctricos, tais como:<\/p>\n<ul>\n<li>Electrodom\u00e9sticos: panelas de arroz, m\u00e1quinas de caf\u00e9, espremedores de sumos, distribuidores de \u00e1gua e ventoinhas<\/li>\n<li>Eletr\u00f3nica: computadores, impressoras, aparelhos de fax e amplificadores de \u00e1udio<\/li>\n<li>Ferramentas el\u00e9ctricas e aparelhos de sal\u00e3o: berbequins, secadores de cabelo e outras ferramentas de 110V ou 220V<\/li>\n<li>Perfeito para viajantes internacionais, pequenas oficinas ou utilizadores dom\u00e9sticos que necessitam de operar aparelhos importados em seguran\u00e7a.<\/li>\n<\/ul>\n<h2 data-start=\"2715\" data-end=\"2742\">Especifica\u00e7\u00f5es t\u00e9cnicas<\/h2>\n<div class=\"_tableContainer_1rjym_1\">\n<div class=\"group _tableWrapper_1rjym_13 flex w-fit flex-col-reverse\" tabindex=\"-1\">\n<table class=\"w-fit min-w-(--thread-content-width)\" data-start=\"2744\" data-end=\"3336\">\n<thead data-start=\"2744\" data-end=\"2771\">\n<tr data-start=\"2744\" data-end=\"2771\">\n<th data-start=\"2744\" data-end=\"2756\" data-col-size=\"sm\">Par\u00e2metro<\/th>\n<th data-start=\"2756\" data-end=\"2771\" data-col-size=\"md\">Descri\u00e7\u00e3o<\/th>\n<\/tr>\n<\/thead>\n<tbody data-start=\"2802\" data-end=\"3336\">\n<tr data-start=\"2802\" data-end=\"2862\">\n<td data-start=\"2802\" data-end=\"2813\" data-col-size=\"sm\"><strong data-start=\"2804\" data-end=\"2812\">Tipo<\/strong><\/td>\n<td data-start=\"2813\" data-end=\"2862\" data-col-size=\"md\">Conversor de tens\u00e3o monof\u00e1sico de subida e descida<\/td>\n<\/tr>\n<tr data-start=\"2863\" data-end=\"2922\">\n<td data-start=\"2863\" data-end=\"2883\" data-col-size=\"sm\"><strong data-start=\"2865\" data-end=\"2882\">Tens\u00e3o de entrada<\/strong><\/td>\n<td data-start=\"2883\" data-end=\"2922\" data-col-size=\"md\">AC 110V \/ 200V \/ 220V \/ 230V \/ 240V<\/td>\n<\/tr>\n<tr data-start=\"2923\" data-end=\"2962\">\n<td data-start=\"2923\" data-end=\"2944\" data-col-size=\"sm\"><strong data-start=\"2925\" data-end=\"2943\">Tens\u00e3o de sa\u00edda<\/strong><\/td>\n<td data-start=\"2944\" data-end=\"2962\" data-col-size=\"md\">AC 110V E 220V<\/td>\n<\/tr>\n<tr data-start=\"2963\" data-end=\"2994\">\n<td data-start=\"2963\" data-end=\"2979\" data-col-size=\"sm\"><strong data-start=\"2965\" data-end=\"2978\">Frequ\u00eancia<\/strong><\/td>\n<td data-start=\"2979\" data-end=\"2994\" data-col-size=\"md\">50Hz \/ 60Hz<\/td>\n<\/tr>\n<tr data-start=\"2995\" data-end=\"3108\">\n<td data-start=\"2995\" data-end=\"3016\" data-col-size=\"sm\"><strong data-start=\"2997\" data-end=\"3015\">Capacidade nominal<\/strong><\/td>\n<td data-start=\"3016\" data-end=\"3108\" data-col-size=\"md\">100VA, 200VA, 300VA, 500VA, 800VA, 1000VA, 1500VA, 2000VA, 3000VA, 5000VA (personaliz\u00e1vel)<\/td>\n<\/tr>\n<tr data-start=\"3109\" data-end=\"3160\">\n<td data-start=\"3109\" data-end=\"3126\" data-col-size=\"sm\"><strong data-start=\"3111\" data-end=\"3125\">Prote\u00e7\u00e3o<\/strong><\/td>\n<td data-start=\"3126\" data-end=\"3160\" data-col-size=\"md\">Fus\u00edvel ou protetor de sobreintensidade<\/td>\n<\/tr>\n<tr data-start=\"3161\" data-end=\"3246\">\n<td data-start=\"3161\" data-end=\"3183\" data-col-size=\"sm\"><strong data-start=\"3163\" data-end=\"3182\">Tipo de liga\u00e7\u00e3o<\/strong><\/td>\n<td data-start=\"3183\" data-end=\"3246\" data-col-size=\"md\">Ficha e tomada (at\u00e9 3000VA); entrada de terminal (acima de 3000VA)<\/td>\n<\/tr>\n<tr data-start=\"3247\" data-end=\"3284\">\n<td data-start=\"3247\" data-end=\"3261\" data-col-size=\"sm\"><strong data-start=\"3249\" data-end=\"3260\">Arrefecimento<\/strong><\/td>\n<td data-start=\"3261\" data-end=\"3284\" data-col-size=\"md\">Arrefecimento natural do ar<\/td>\n<\/tr>\n<tr data-start=\"3285\" data-end=\"3336\">\n<td data-start=\"3285\" data-end=\"3304\" data-col-size=\"sm\"><strong data-start=\"3287\" data-end=\"3303\">Vida \u00fatil<\/strong><\/td>\n<td data-start=\"3304\" data-end=\"3336\" data-col-size=\"md\">&gt;10 anos (em condi\u00e7\u00f5es normais de utiliza\u00e7\u00e3o)<\/td>\n<\/tr>\n<\/tbody>\n<\/table>\n<\/div>\n<\/div>\n<h2 data-start=\"3343\" data-end=\"3362\">Diretrizes de utiliza\u00e7\u00e3o<\/h2>\n<ol data-start=\"3364\" data-end=\"4180\">\n<li data-start=\"3364\" data-end=\"3490\">\n<p data-start=\"3367\" data-end=\"3490\"><strong data-start=\"3367\" data-end=\"3385\">Controlo antes da utiliza\u00e7\u00e3o:<\/strong> Antes de ligar o seu aparelho, ligue o transformador durante 3 a 5 minutos para garantir o seu funcionamento normal.<\/p>\n<\/li>\n<li data-start=\"3491\" data-end=\"3770\">\n<p data-start=\"3494\" data-end=\"3515\"><strong data-start=\"3494\" data-end=\"3513\">Sele\u00e7\u00e3o de carga:<\/strong><\/p>\n<ul data-start=\"3519\" data-end=\"3770\">\n<li data-start=\"3519\" data-end=\"3594\">\n<p data-start=\"3521\" data-end=\"3594\">Fazer <strong data-start=\"3524\" data-end=\"3531\">n\u00e3o<\/strong> utilizar o conversor a plena carga ou em sobrecarga durante longos per\u00edodos.<\/p>\n<\/li>\n<li data-start=\"3598\" data-end=\"3675\">\n<p data-start=\"3600\" data-end=\"3675\">Escolha um transformador classificado <strong data-start=\"3627\" data-end=\"3646\">1,2-1,5\u00d7 superior<\/strong> do que a pot\u00eancia do seu aparelho.<\/p>\n<\/li>\n<li data-start=\"3679\" data-end=\"3770\">\n<p data-start=\"3681\" data-end=\"3770\">Para uma utiliza\u00e7\u00e3o cont\u00ednua de 24 horas, selecione um transformador com uma classifica\u00e7\u00e3o de <strong data-start=\"3736\" data-end=\"3767\">2\u00d7 a pot\u00eancia do seu aparelho<\/strong>.<\/p>\n<\/li>\n<\/ul>\n<\/li>\n<li data-start=\"3771\" data-end=\"3980\">\n<p data-start=\"3774\" data-end=\"3796\"><strong data-start=\"3774\" data-end=\"3794\">Refer\u00eancia de pot\u00eancia:<\/strong><\/p>\n<ul data-start=\"3800\" data-end=\"3980\">\n<li data-start=\"3800\" data-end=\"3831\">\n<p data-start=\"3802\" data-end=\"3831\">200-400W \u2192 Transformador de 500W<\/p>\n<\/li>\n<li data-start=\"3835\" data-end=\"3867\">\n<p data-start=\"3837\" data-end=\"3867\">Transformador de 400-800W \u2192 1000W<\/p>\n<\/li>\n<li data-start=\"3871\" data-end=\"3904\">\n<p data-start=\"3873\" data-end=\"3904\">800-1300W \u2192 Transformador de 1500W<\/p>\n<\/li>\n<li data-start=\"3908\" data-end=\"3942\">\n<p data-start=\"3910\" data-end=\"3942\">1300-1800W \u2192 Transformador de 2000W<\/p>\n<\/li>\n<li data-start=\"3946\" data-end=\"3980\">\n<p data-start=\"3948\" data-end=\"3980\">1800-2400W \u2192 Transformador de 3000W<\/p>\n<\/li>\n<\/ul>\n<\/li>\n<li data-start=\"3981\" data-end=\"4079\">\n<p data-start=\"3984\" data-end=\"4079\"><strong data-start=\"3984\" data-end=\"4005\">Arrefecimento e seguran\u00e7a:<\/strong> Assegurar uma boa ventila\u00e7\u00e3o; evitar a humidade, o calor e os materiais inflam\u00e1veis.<\/p>\n<\/li>\n<li data-start=\"4080\" data-end=\"4180\">\n<p data-start=\"4083\" data-end=\"4180\"><strong data-start=\"4083\" data-end=\"4097\">Desligar:<\/strong> Desligue sempre a fonte de alimenta\u00e7\u00e3o ap\u00f3s a utiliza\u00e7\u00e3o para prolongar a vida \u00fatil do transformador.<\/p>\n<\/li>\n<\/ol>\n<h2 data-start=\"4187\" data-end=\"4215\">Porqu\u00ea escolher a s\u00e9rie TC?<\/h2>\n<p data-start=\"4217\" data-end=\"4473\">\u2714 <strong data-start=\"4219\" data-end=\"4258\">Solu\u00e7\u00e3o fi\u00e1vel de tens\u00e3o universal<\/strong> para casa e viagem<br data-start=\"4278\" data-end=\"4281\" \/>\u2714 <strong data-start=\"4283\" data-end=\"4309\">Sa\u00edda segura e est\u00e1vel<\/strong> com prote\u00e7\u00e3o contra curto-circuito e sobrecarga<br data-start=\"4352\" data-end=\"4355\" \/>\u2714 <strong data-start=\"4357\" data-end=\"4376\">F\u00e1cil de utilizar<\/strong> com design plug-and-play<br data-start=\"4402\" data-end=\"4405\" \/>\u2714 <strong data-start=\"4407\" data-end=\"4441\">Compacto, port\u00e1til e duradouro<\/strong> - ideal para uma utiliza\u00e7\u00e3o di\u00e1ria prolongada<\/p>\n<p>&nbsp;<\/p>","protected":false},"excerpt":{"rendered":"<p data-start=\"588\" data-end=\"927\">O <strong data-start=\"592\" data-end=\"649\">Conversor port\u00e1til de tens\u00e3o de subida e descida da s\u00e9rie TC<\/strong> foi concebido para utilizadores que necessitam de utilizar aparelhos el\u00e9ctricos com diferentes padr\u00f5es de tens\u00e3o. Este fi\u00e1vel <strong data-start=\"762\" data-end=\"790\">Transformador de 110V para 220V<\/strong> converte eficazmente a energia entre 110V-120V e 220V-240V, garantindo um desempenho seguro e est\u00e1vel para os seus dispositivos em qualquer parte do mundo.<\/p>\n<p data-start=\"929\" data-end=\"1005\">Com o seu design dual-core, o <strong data-start=\"960\" data-end=\"986\">Transformador de 110 para 220<\/strong> funciona nos dois sentidos:<\/p>\n<ul>\n<li data-start=\"929\" data-end=\"1005\">Convers\u00e3o de 110V para 220V (step-up)<\/li>\n<li data-start=\"929\" data-end=\"1005\">Convers\u00e3o de 220V para 110V (step-down)<\/li>\n<\/ul>\n<p data-start=\"1087\" data-end=\"1317\">Basta selecionar a tens\u00e3o de entrada correta para a sua regi\u00e3o utilizando o interrutor seletor de tens\u00e3o incorporado - op\u00e7\u00f5es dispon\u00edveis: <strong data-start=\"1207\" data-end=\"1236\">110V \/ 220V \/ 230V \/ 240V<\/strong>. A sa\u00edda correspondente fornece energia CA limpa e est\u00e1vel para o seu equipamento.<\/p>","protected":false},"featured_media":22078,"template":"","meta":[],"product_brand":[],"product_cat":[42,99],"product_tag":[],"class_list":{"0":"post-22072","1":"product","2":"type-product","3":"status-publish","4":"has-post-thumbnail","6":"product_cat-low-voltage-transformer","7":"product_cat-single-phase-transformers","9":"first","10":"instock","11":"taxable","12":"shipping-taxable","13":"product-type-simple"},"yoast_head":"<!-- This site is optimized with the Yoast SEO plugin v25.0 - https:\/\/yoast.com\/wordpress\/plugins\/seo\/ -->\n<title>Voltage Converter Manufacturer | 110V to 220V Step Up &amp; Down Transformer 100VA\u20135KVA - PINE-ZHENGXI<\/title>\n<meta name=\"robots\" content=\"index, follow, max-snippet:-1, max-image-preview:large, max-video-preview:-1\" \/>\n<link rel=\"canonical\" href=\"https:\/\/www.tronkiele.com\/pt\/product\/step-up-and-down-voltage-converter-110v-to-220v-transformer\/\" \/>\n<meta property=\"og:locale\" content=\"pt_PT\" \/>\n<meta property=\"og:type\" content=\"article\" \/>\n<meta property=\"og:title\" content=\"Voltage Converter Manufacturer | 110V to 220V Step Up &amp; Down Transformer 100VA\u20135KVA - PINE-ZHENGXI\" \/>\n<meta property=\"og:description\" content=\"The TC Series Portable Step Up and Down Voltage Converter is designed for users who need to operate electrical appliances with different voltage standards. This reliable 110V to 220V transformer efficiently converts power between 110V\u2013120V and 220V\u2013240V, ensuring safe and stable performance for your devices anywhere in the world. With its dual-core design, the 110 To 220 Transformer works both ways:    Converts 110V to 220V (step-up)  Converts 220V to 110V (step-down)  Simply select the correct input voltage for your region using the built-in voltage selector switch \u2014 available options: 110V \/ 220V \/ 230V \/ 240V. The corresponding output provides clean and stable AC power for your equipment.\" \/>\n<meta property=\"og:url\" content=\"https:\/\/www.tronkiele.com\/pt\/product\/step-up-and-down-voltage-converter-110v-to-220v-transformer\/\" \/>\n<meta property=\"og:site_name\" content=\"PINE-ZHENGXI\" \/>\n<meta property=\"og:image\" content=\"https:\/\/www.tronkiele.com\/wp-content\/uploads\/2025\/10\/TC-100va-5Kva-Portable-Small-Step-Up-And-Down-Voltage-Converter-110v-To-220v-Transformer.webp\" \/>\n\t<meta property=\"og:image:width\" content=\"800\" \/>\n\t<meta property=\"og:image:height\" content=\"800\" \/>\n\t<meta property=\"og:image:type\" content=\"image\/webp\" \/>\n<meta name=\"twitter:card\" content=\"summary_large_image\" \/>\n<meta name=\"twitter:label1\" content=\"Tempo estimado de leitura\" \/>\n\t<meta name=\"twitter:data1\" content=\"3 minutos\" \/>\n<script type=\"application\/ld+json\" class=\"yoast-schema-graph\">{\"@context\":\"https:\/\/schema.org\",\"@graph\":[{\"@type\":\"WebPage\",\"@id\":\"https:\/\/www.tronkiele.com\/product\/step-up-and-down-voltage-converter-110v-to-220v-transformer\/\",\"url\":\"https:\/\/www.tronkiele.com\/product\/step-up-and-down-voltage-converter-110v-to-220v-transformer\/\",\"name\":\"Voltage Converter Manufacturer | 110V to 220V Step Up & Down Transformer 100VA\u20135KVA - PINE-ZHENGXI\",\"isPartOf\":{\"@id\":\"https:\/\/www.tronkiele.com\/#website\"},\"primaryImageOfPage\":{\"@id\":\"https:\/\/www.tronkiele.com\/product\/step-up-and-down-voltage-converter-110v-to-220v-transformer\/#primaryimage\"},\"image\":{\"@id\":\"https:\/\/www.tronkiele.com\/product\/step-up-and-down-voltage-converter-110v-to-220v-transformer\/#primaryimage\"},\"thumbnailUrl\":\"https:\/\/www.tronkiele.com\/wp-content\/uploads\/2025\/10\/TC-100va-5Kva-Portable-Small-Step-Up-And-Down-Voltage-Converter-110v-To-220v-Transformer.webp\",\"datePublished\":\"2025-10-04T05:37:36+00:00\",\"breadcrumb\":{\"@id\":\"https:\/\/www.tronkiele.com\/product\/step-up-and-down-voltage-converter-110v-to-220v-transformer\/#breadcrumb\"},\"inLanguage\":\"pt-PT\",\"potentialAction\":[{\"@type\":\"ReadAction\",\"target\":[\"https:\/\/www.tronkiele.com\/product\/step-up-and-down-voltage-converter-110v-to-220v-transformer\/\"]}]},{\"@type\":\"ImageObject\",\"inLanguage\":\"pt-PT\",\"@id\":\"https:\/\/www.tronkiele.com\/product\/step-up-and-down-voltage-converter-110v-to-220v-transformer\/#primaryimage\",\"url\":\"https:\/\/www.tronkiele.com\/wp-content\/uploads\/2025\/10\/TC-100va-5Kva-Portable-Small-Step-Up-And-Down-Voltage-Converter-110v-To-220v-Transformer.webp\",\"contentUrl\":\"https:\/\/www.tronkiele.com\/wp-content\/uploads\/2025\/10\/TC-100va-5Kva-Portable-Small-Step-Up-And-Down-Voltage-Converter-110v-To-220v-Transformer.webp\",\"width\":800,\"height\":800,\"caption\":\"TC 100va-5Kva Portable Small Step Up And Down Voltage Converter 110v To 220v Transformer\"},{\"@type\":\"BreadcrumbList\",\"@id\":\"https:\/\/www.tronkiele.com\/product\/step-up-and-down-voltage-converter-110v-to-220v-transformer\/#breadcrumb\",\"itemListElement\":[{\"@type\":\"ListItem\",\"position\":1,\"name\":\"Home\",\"item\":\"https:\/\/www.tronkiele.com\/\"},{\"@type\":\"ListItem\",\"position\":2,\"name\":\"Products\",\"item\":\"https:\/\/www.tronkiele.com\/shop\/\"},{\"@type\":\"ListItem\",\"position\":3,\"name\":\"TC 100va-5Kva Portable Small Step Up And Down Voltage Converter 110v To 220v Transformer\"}]},{\"@type\":\"WebSite\",\"@id\":\"https:\/\/www.tronkiele.com\/#website\",\"url\":\"https:\/\/www.tronkiele.com\/\",\"name\":\"PINE-ZHENGXI\",\"description\":\"\",\"publisher\":{\"@id\":\"https:\/\/www.tronkiele.com\/#organization\"},\"potentialAction\":[{\"@type\":\"SearchAction\",\"target\":{\"@type\":\"EntryPoint\",\"urlTemplate\":\"https:\/\/www.tronkiele.com\/?s={search_term_string}\"},\"query-input\":{\"@type\":\"PropertyValueSpecification\",\"valueRequired\":true,\"valueName\":\"search_term_string\"}}],\"inLanguage\":\"pt-PT\"},{\"@type\":\"Organization\",\"@id\":\"https:\/\/www.tronkiele.com\/#organization\",\"name\":\"PINE-ZHENGXI\",\"url\":\"https:\/\/www.tronkiele.com\/\",\"logo\":{\"@type\":\"ImageObject\",\"inLanguage\":\"pt-PT\",\"@id\":\"https:\/\/www.tronkiele.com\/#\/schema\/logo\/image\/\",\"url\":\"https:\/\/www.tronkiele.com\/wp-content\/uploads\/2024\/11\/cropped-tronki.webp\",\"contentUrl\":\"https:\/\/www.tronkiele.com\/wp-content\/uploads\/2024\/11\/cropped-tronki.webp\",\"width\":512,\"height\":512,\"caption\":\"PINE-ZHENGXI\"},\"image\":{\"@id\":\"https:\/\/www.tronkiele.com\/#\/schema\/logo\/image\/\"}}]}<\/script>\n<!-- \/ Yoast SEO plugin. -->","yoast_head_json":{"title":"Fabricante de conversor de voltagem 110V para 220V Transformador de subida e descida 100VA-5KVA - PINE-ZHENGXI","robots":{"index":"index","follow":"follow","max-snippet":"max-snippet:-1","max-image-preview":"max-image-preview:large","max-video-preview":"max-video-preview:-1"},"canonical":"https:\/\/www.tronkiele.com\/pt\/product\/step-up-and-down-voltage-converter-110v-to-220v-transformer\/","og_locale":"pt_PT","og_type":"article","og_title":"Voltage Converter Manufacturer | 110V to 220V Step Up & Down Transformer 100VA\u20135KVA - PINE-ZHENGXI","og_description":"The TC Series Portable Step Up and Down Voltage Converter is designed for users who need to operate electrical appliances with different voltage standards. This reliable 110V to 220V transformer efficiently converts power between 110V\u2013120V and 220V\u2013240V, ensuring safe and stable performance for your devices anywhere in the world. With its dual-core design, the 110 To 220 Transformer works both ways:    Converts 110V to 220V (step-up)  Converts 220V to 110V (step-down)  Simply select the correct input voltage for your region using the built-in voltage selector switch \u2014 available options: 110V \/ 220V \/ 230V \/ 240V. The corresponding output provides clean and stable AC power for your equipment.","og_url":"https:\/\/www.tronkiele.com\/pt\/product\/step-up-and-down-voltage-converter-110v-to-220v-transformer\/","og_site_name":"PINE-ZHENGXI","og_image":[{"width":800,"height":800,"url":"https:\/\/www.tronkiele.com\/wp-content\/uploads\/2025\/10\/TC-100va-5Kva-Portable-Small-Step-Up-And-Down-Voltage-Converter-110v-To-220v-Transformer.webp","type":"image\/webp"}],"twitter_card":"summary_large_image","twitter_misc":{"Tempo estimado de leitura":"3 minutos"},"schema":{"@context":"https:\/\/schema.org","@graph":[{"@type":"WebPage","@id":"https:\/\/www.tronkiele.com\/product\/step-up-and-down-voltage-converter-110v-to-220v-transformer\/","url":"https:\/\/www.tronkiele.com\/product\/step-up-and-down-voltage-converter-110v-to-220v-transformer\/","name":"Fabricante de conversor de voltagem 110V para 220V Transformador de subida e descida 100VA-5KVA - PINE-ZHENGXI","isPartOf":{"@id":"https:\/\/www.tronkiele.com\/#website"},"primaryImageOfPage":{"@id":"https:\/\/www.tronkiele.com\/product\/step-up-and-down-voltage-converter-110v-to-220v-transformer\/#primaryimage"},"image":{"@id":"https:\/\/www.tronkiele.com\/product\/step-up-and-down-voltage-converter-110v-to-220v-transformer\/#primaryimage"},"thumbnailUrl":"https:\/\/www.tronkiele.com\/wp-content\/uploads\/2025\/10\/TC-100va-5Kva-Portable-Small-Step-Up-And-Down-Voltage-Converter-110v-To-220v-Transformer.webp","datePublished":"2025-10-04T05:37:36+00:00","breadcrumb":{"@id":"https:\/\/www.tronkiele.com\/product\/step-up-and-down-voltage-converter-110v-to-220v-transformer\/#breadcrumb"},"inLanguage":"pt-PT","potentialAction":[{"@type":"ReadAction","target":["https:\/\/www.tronkiele.com\/product\/step-up-and-down-voltage-converter-110v-to-220v-transformer\/"]}]},{"@type":"ImageObject","inLanguage":"pt-PT","@id":"https:\/\/www.tronkiele.com\/product\/step-up-and-down-voltage-converter-110v-to-220v-transformer\/#primaryimage","url":"https:\/\/www.tronkiele.com\/wp-content\/uploads\/2025\/10\/TC-100va-5Kva-Portable-Small-Step-Up-And-Down-Voltage-Converter-110v-To-220v-Transformer.webp","contentUrl":"https:\/\/www.tronkiele.com\/wp-content\/uploads\/2025\/10\/TC-100va-5Kva-Portable-Small-Step-Up-And-Down-Voltage-Converter-110v-To-220v-Transformer.webp","width":800,"height":800,"caption":"TC 100va-5Kva Portable Small Step Up And Down Voltage Converter 110v To 220v Transformer"},{"@type":"BreadcrumbList","@id":"https:\/\/www.tronkiele.com\/product\/step-up-and-down-voltage-converter-110v-to-220v-transformer\/#breadcrumb","itemListElement":[{"@type":"ListItem","position":1,"name":"Home","item":"https:\/\/www.tronkiele.com\/"},{"@type":"ListItem","position":2,"name":"Products","item":"https:\/\/www.tronkiele.com\/shop\/"},{"@type":"ListItem","position":3,"name":"TC 100va-5Kva Portable Small Step Up And Down Voltage Converter 110v To 220v Transformer"}]},{"@type":"WebSite","@id":"https:\/\/www.tronkiele.com\/#website","url":"https:\/\/www.tronkiele.com\/","name":"PINE-ZHENGXI","description":"","publisher":{"@id":"https:\/\/www.tronkiele.com\/#organization"},"potentialAction":[{"@type":"SearchAction","target":{"@type":"EntryPoint","urlTemplate":"https:\/\/www.tronkiele.com\/?s={search_term_string}"},"query-input":{"@type":"PropertyValueSpecification","valueRequired":true,"valueName":"search_term_string"}}],"inLanguage":"pt-PT"},{"@type":"Organization","@id":"https:\/\/www.tronkiele.com\/#organization","name":"PINE-ZHENGXI","url":"https:\/\/www.tronkiele.com\/","logo":{"@type":"ImageObject","inLanguage":"pt-PT","@id":"https:\/\/www.tronkiele.com\/#\/schema\/logo\/image\/","url":"https:\/\/www.tronkiele.com\/wp-content\/uploads\/2024\/11\/cropped-tronki.webp","contentUrl":"https:\/\/www.tronkiele.com\/wp-content\/uploads\/2024\/11\/cropped-tronki.webp","width":512,"height":512,"caption":"PINE-ZHENGXI"},"image":{"@id":"https:\/\/www.tronkiele.com\/#\/schema\/logo\/image\/"}}]}},"_links":{"self":[{"href":"https:\/\/www.tronkiele.com\/pt\/wp-json\/wp\/v2\/product\/22072","targetHints":{"allow":["GET"]}}],"collection":[{"href":"https:\/\/www.tronkiele.com\/pt\/wp-json\/wp\/v2\/product"}],"about":[{"href":"https:\/\/www.tronkiele.com\/pt\/wp-json\/wp\/v2\/types\/product"}],"version-history":[{"count":3,"href":"https:\/\/www.tronkiele.com\/pt\/wp-json\/wp\/v2\/product\/22072\/revisions"}],"predecessor-version":[{"id":22079,"href":"https:\/\/www.tronkiele.com\/pt\/wp-json\/wp\/v2\/product\/22072\/revisions\/22079"}],"wp:featuredmedia":[{"embeddable":true,"href":"https:\/\/www.tronkiele.com\/pt\/wp-json\/wp\/v2\/media\/22078"}],"wp:attachment":[{"href":"https:\/\/www.tronkiele.com\/pt\/wp-json\/wp\/v2\/media?parent=22072"}],"wp:term":[{"taxonomy":"product_brand","embeddable":true,"href":"https:\/\/www.tronkiele.com\/pt\/wp-json\/wp\/v2\/product_brand?post=22072"},{"taxonomy":"product_cat","embeddable":true,"href":"https:\/\/www.tronkiele.com\/pt\/wp-json\/wp\/v2\/product_cat?post=22072"},{"taxonomy":"product_tag","embeddable":true,"href":"https:\/\/www.tronkiele.com\/pt\/wp-json\/wp\/v2\/product_tag?post=22072"}],"curies":[{"name":"wp","href":"https:\/\/api.w.org\/{rel}","templated":true}]}}