{"id":22208,"date":"2025-10-17T08:12:01","date_gmt":"2025-10-17T08:12:01","guid":{"rendered":"https:\/\/www.tronkiele.com\/?post_type=product&#038;p=22208"},"modified":"2025-11-22T07:14:12","modified_gmt":"2025-11-22T07:14:12","slug":"single-phase-step-up-and-down-voltage-converter-110v-to-220v","status":"publish","type":"product","link":"https:\/\/www.tronkiele.com\/pt\/product\/single-phase-step-up-and-down-voltage-converter-110v-to-220v\/","title":{"rendered":"500VA-5000VA Conversor de tens\u00e3o monof\u00e1sico de subida e descida de 110v para 220v"},"content":{"rendered":"<p>A ZHENGXI \u00e9 um reputado produtor de conversores de tens\u00e3o e transformadores com mais de 20 anos de experi\u00eancia profissional em production. \u00c9 conhecida em todo o mundo pelo seu elevado desempenho, longevidade e seguran\u00e7a product. Os nossos conversores cumprem os requisitos mundiais porque s\u00e3o aprovados pela CE e ISO.<\/p>\n<h2>Carater\u00edsticas principais<\/h2>\n<p><strong>Convers\u00e3o de duas tens\u00f5es (110V para 220V)<\/strong><br \/>\nS\u00e3o suportadas as convers\u00f5es de descida (220V \u2192 110V) e subida (110V \u2192 220V).<br \/>\nPerfeito para os consumidores que se deslocam ou viajam entre pa\u00edses com normas de tens\u00e3o diferentes.<\/p>\n<p><strong>Um certo n\u00famero de tomadas de sa\u00edda<\/strong><br \/>\nCom duas tomadas multifun\u00e7\u00f5es de 220 V e duas de 110 V, \u00e9 compat\u00edvel com as fichas dos Estados Unidos, Europa, Reino Unido, China, Coreia, Hong Kong e Filipinas.<br \/>\nIdeal para alimentar uma variedade de dispositivos, incluindo computadores port\u00e1teis, televisores, equipamento \u00e1udio e electrodom\u00e9sticos de cozinha.<\/p>\n<p><strong>Ecr\u00e3 de tens\u00e3o inteligente<\/strong><br \/>\nA monitoriza\u00e7\u00e3o da tens\u00e3o de entrada e de sa\u00edda em tempo real \u00e9 poss\u00edvel gra\u00e7as ao ecr\u00e3 LCD de tens\u00e3o do design melhorado.<br \/>\npermite a resolu\u00e7\u00e3o simples de problemas e a confirma\u00e7\u00e3o vis\u00edvel de um desempenho est\u00e1vel.<\/p>\n<p><strong>Design pequeno, silencioso e eficaz<\/strong><br \/>\nOs conversores da s\u00e9rie SDT s\u00e3o silenciosos, inodoros e resistentes ao calor, ao contr\u00e1rio dos conversores grandes ou ruidosos.<br \/>\nA arquitetura toroidal compacta garante uma maior efici\u00eancia de convers\u00e3o e uma interfer\u00eancia electromagn\u00e9tica reduzida.<\/p>\n<p><strong>Sele\u00e7\u00e3o de uma carga segura<\/strong><br \/>\nPara garantir a seguran\u00e7a a longo prazo, escolha sempre um conversor com uma pot\u00eancia equivalente a 2 vezes a pot\u00eancia do seu aparelho.<br \/>\nExemplo: Selecionar pelo menos um conversor de 2000W para um aparelho de 800W.<br \/>\nPara um funcionamento cont\u00ednuo, aconselha-se uma carga m\u00e1xima de 2400W.<\/p>\n<p><strong>Prote\u00e7\u00e3o total<\/strong><br \/>\nO transformador e os seus dispositivos ligados est\u00e3o protegidos por uma prote\u00e7\u00e3o integrada contra sobrecarga, subtens\u00e3o e sobretens\u00e3o.<br \/>\ngarante um funcionamento fi\u00e1vel em caso de flutua\u00e7\u00f5es de energia.<\/p>\n<h2>Par\u00e2metros t\u00e9cnicos<\/h2>\n<table>\n<tbody>\n<tr>\n<td width=\"118\">Modelo<\/td>\n<td width=\"91\"><strong><b>SDT-500VA<\/b><\/strong><\/td>\n<td width=\"91\"><strong><b>SDT-1000VA<\/b><\/strong><\/td>\n<td width=\"91\"><strong><b>SDT-2000VA<\/b><\/strong><\/td>\n<td width=\"91\"><strong><b>SDT-3000VA<\/b><\/strong><\/td>\n<td width=\"92\"><strong><b>SDT-5000VA<\/b><\/strong><\/td>\n<\/tr>\n<tr>\n<td width=\"118\">Fase<\/td>\n<td colspan=\"5\" width=\"459\">Monof\u00e1sico<\/td>\n<\/tr>\n<tr>\n<td rowspan=\"2\" width=\"118\">convers\u00e3o de tens\u00e3o<\/td>\n<td colspan=\"5\" width=\"459\">Tens\u00e3o de entrada do transformador SDT step-down (dom\u00e9stico): Ac 220V-240V, sa\u00edda 100V-120V<\/td>\n<\/tr>\n<tr>\n<td colspan=\"5\" width=\"459\">Transformador SDT step-up (estrangeiro)tens\u00e3o de entrada: Ac 100V-120V, sa\u00edda 220V-240V<\/td>\n<\/tr>\n<tr>\n<td width=\"118\">Prote\u00e7\u00e3o contra sobretens\u00e3o<\/td>\n<td colspan=\"5\" width=\"459\">Vers\u00e3o dom\u00e9stica:Sa\u00edda 135V\u00b15V<\/td>\n<\/tr>\n<tr>\n<td width=\"118\">Prote\u00e7\u00e3o contra subtens\u00e3o<\/td>\n<td colspan=\"5\" width=\"459\">Vers\u00e3o nacional:Sa\u00edda 90V\u00b15V<\/td>\n<\/tr>\n<tr>\n<td width=\"118\">Frequ\u00eancia<\/td>\n<td colspan=\"5\" width=\"459\">50Hz\/60Hz<\/td>\n<\/tr>\n<tr>\n<td width=\"118\">Resist\u00eancia de isolamento<\/td>\n<td colspan=\"5\" width=\"459\">&gt;50M\u03a9<\/td>\n<\/tr>\n<tr>\n<td width=\"118\">Temperatura ambiente<\/td>\n<td colspan=\"5\" width=\"459\">-10\u00b0C~+ 40\u00b0C<\/td>\n<\/tr>\n<tr>\n<td width=\"118\">Pot\u00eancia<\/td>\n<td width=\"91\">500VA<\/td>\n<td width=\"91\">1000VA<\/td>\n<td width=\"91\">2000VA<\/td>\n<td width=\"91\">3000VA<\/td>\n<td width=\"92\">5000VA<\/td>\n<\/tr>\n<tr>\n<td width=\"118\">Tamanho (mm) L*W*H<\/td>\n<td width=\"91\">200*176*115<\/td>\n<td width=\"91\">230*202*125<\/td>\n<td width=\"91\">230*202*125<\/td>\n<td width=\"91\">210*250*153<\/td>\n<td width=\"92\">285*251*173<\/td>\n<\/tr>\n<tr>\n<td width=\"118\">N.W(kg)<\/td>\n<td width=\"91\">3.1<\/td>\n<td width=\"91\">5<\/td>\n<td width=\"91\">6.7<\/td>\n<td width=\"91\">8.7<\/td>\n<td width=\"92\">12.1<\/td>\n<\/tr>\n<tr>\n<td colspan=\"6\" width=\"578\">O tamanho e o peso variam consoante a gama de tens\u00e3o, e est\u00e3o sujeitos ao product atual personalizado.<\/td>\n<\/tr>\n<\/tbody>\n<\/table>\n<h2><img fetchpriority=\"high\" decoding=\"async\" class=\"alignnone size-medium wp-image-22212\" src=\"https:\/\/www.tronkiele.com\/wp-content\/uploads\/2025\/10\/110v-To-220v-Step-Up-And-Down-Transformer-300x300.webp\" alt=\"Transformador de subida e descida de 110v para 220v\" width=\"300\" height=\"300\" srcset=\"https:\/\/www.tronkiele.com\/wp-content\/uploads\/2025\/10\/110v-To-220v-Step-Up-And-Down-Transformer-300x300.webp 300w, https:\/\/www.tronkiele.com\/wp-content\/uploads\/2025\/10\/110v-To-220v-Step-Up-And-Down-Transformer-150x150.webp 150w, https:\/\/www.tronkiele.com\/wp-content\/uploads\/2025\/10\/110v-To-220v-Step-Up-And-Down-Transformer-768x768.webp 768w, https:\/\/www.tronkiele.com\/wp-content\/uploads\/2025\/10\/110v-To-220v-Step-Up-And-Down-Transformer-12x12.webp 12w, https:\/\/www.tronkiele.com\/wp-content\/uploads\/2025\/10\/110v-To-220v-Step-Up-And-Down-Transformer-430x430.webp 430w, https:\/\/www.tronkiele.com\/wp-content\/uploads\/2025\/10\/110v-To-220v-Step-Up-And-Down-Transformer-700x700.webp 700w, https:\/\/www.tronkiele.com\/wp-content\/uploads\/2025\/10\/110v-To-220v-Step-Up-And-Down-Transformer.webp 800w\" sizes=\"(max-width: 300px) 100vw, 300px\" \/><\/h2>\n<h2>Aplica\u00e7\u00f5es<\/h2>\n<p>Equipamento para casa e escrit\u00f3rio: Computadores, monitores, impressoras, purificadores de ar, televisores, m\u00e1quinas de caf\u00e9 e pequenos electrodom\u00e9sticos de cozinha.<br \/>\nSistemas de \u00e1udio e v\u00eddeo: Ideal para amplificadores, misturadores e equipamento de est\u00fadio que necessite de energia limpa.<br \/>\nUtilizadores internacionais: Adequado para viajantes, importadores e agregados familiares globais que utilizam aparelhos de diferentes regi\u00f5es.<br \/>\nOficinas e laborat\u00f3rios: Fonte de alimenta\u00e7\u00e3o fi\u00e1vel para instrumentos de teste e de precis\u00e3o.<\/p>\n<h2>Por que escolher os conversores de tens\u00e3o ZHENGXI?<\/h2>\n<p>Como fabricante profissional de transformadores e conversores de tens\u00e3o, a ZHENGXI concentra-se em fornecer solu\u00e7\u00f5es de energia seguras, eficientes e personaliz\u00e1veis para clientes em todo o mundo.<br \/>\nN\u00f3s oferecemos:<\/p>\n<p>products com certifica\u00e7\u00e3o CE e ISO para utiliza\u00e7\u00e3o internacional.<br \/>\nConfigura\u00e7\u00f5es personalizadas de tens\u00e3o, tomada e pot\u00eancia.<br \/>\nTransformadores de cobre dur\u00e1veis que asseguram um desempenho est\u00e1vel.<br \/>\nMais de 20 anos de experi\u00eancia em I&amp;D e exporta\u00e7\u00e3o, com a confian\u00e7a de clientes em mais de 30 pa\u00edses.<\/p>\n<h2>Conselhos de seguran\u00e7a e de utiliza\u00e7\u00e3o<\/h2>\n<p>Verifique sempre a pot\u00eancia e a tens\u00e3o do seu aparelho antes de o ligar.<br \/>\nSelecione um conversor 50% com uma pot\u00eancia nominal superior ao consumo real do seu dispositivo.<br \/>\nN\u00e3o exceder a pot\u00eancia nominal nem utilizar com dispositivos de alta pot\u00eancia (por exemplo, secadores de cabelo, aquecedores) para al\u00e9m de 2400 W.<br \/>\nColocar num local bem ventilado, afastado de fontes de calor e de humidade.<\/p>\n<h2>FAQ<\/h2>\n<p><strong>Q1: Este conversor pode funcionar tanto para aparelhos de 110V como de 220V?<\/strong><br \/>\nR: Sim. Suporta fun\u00e7\u00f5es de subida (110V para 220V) e descida (220V para 110V), o que o torna ideal para utiliza\u00e7\u00e3o internacional.<\/p>\n<p><strong>P2: Qual \u00e9 a diferen\u00e7a entre os modelos de 500VA e 5000VA?<\/strong><br \/>\nR: A principal diferen\u00e7a \u00e9 a capacidade de pot\u00eancia - escolha o modelo com base na pot\u00eancia total do seu aparelho e no tempo de utiliza\u00e7\u00e3o.<\/p>\n<p><strong>P3: Funciona com sistemas el\u00e9ctricos de 50Hz e 60Hz?<\/strong><br \/>\nR: Sim, suporta automaticamente tanto 50Hz como 60Hz, adequado para as normas el\u00e9ctricas da maioria dos pa\u00edses.<\/p>","protected":false},"excerpt":{"rendered":"<p>O conversor monof\u00e1sico de tens\u00e3o de subida e descida ZHENGXI 500VA-5000VA \u00e9 perfeito para pequenos dispositivos industriais, eletr\u00f3nica de escrit\u00f3rio e electrodom\u00e9sticos utilizados em v\u00e1rios locais, uma vez que pode converter de forma segura e eficaz tens\u00f5es entre 110V-120V e 220V-240V.<\/p>\n<p>A elevada efici\u00eancia, a baixa produ\u00e7\u00e3o de calor e o baixo ru\u00eddo s\u00e3o carater\u00edsticas da s\u00e9rie SDT, que \u00e9 constru\u00edda com um transformador toroidal com n\u00facleo de cobre. Este dispositivo fornece energia est\u00e1vel e limpa para proteger o seu equipamento de valor inestim\u00e1vel, quer esteja a passar de 220V para 110V ou de 110V para 220V.<\/p>","protected":false},"featured_media":22211,"template":"","meta":[],"product_brand":[],"product_cat":[42,99],"product_tag":[],"class_list":{"0":"post-22208","1":"product","2":"type-product","3":"status-publish","4":"has-post-thumbnail","6":"product_cat-low-voltage-transformer","7":"product_cat-single-phase-transformers","9":"first","10":"instock","11":"taxable","12":"shipping-taxable","13":"product-type-simple"},"yoast_head":"<!-- This site is optimized with the Yoast SEO plugin v25.0 - https:\/\/yoast.com\/wordpress\/plugins\/seo\/ -->\n<title>Single Phase Step Up and Down Voltage Converter 110v to 220v Manufacturer - PINE-ZHENGXI<\/title>\n<meta name=\"robots\" content=\"index, follow, max-snippet:-1, max-image-preview:large, max-video-preview:-1\" \/>\n<link rel=\"canonical\" href=\"https:\/\/www.tronkiele.com\/pt\/product\/single-phase-step-up-and-down-voltage-converter-110v-to-220v\/\" \/>\n<meta property=\"og:locale\" content=\"pt_PT\" \/>\n<meta property=\"og:type\" content=\"article\" \/>\n<meta property=\"og:title\" content=\"Single Phase Step Up and Down Voltage Converter 110v to 220v Manufacturer - PINE-ZHENGXI\" \/>\n<meta property=\"og:description\" content=\"The ZHENGXI 500VA\u20135000VA Single Phase Step Up and Down Voltage Converter is perfect for small industrial devices, office electronics, and home appliances used in various locations since it can securely and effectively convert voltages between 110V\u2013120V and 220V\u2013240V.  High efficiency, low heat generation, and low noise are features of the SDT series, which is constructed with a toroidal copper-core transformer. This device provides steady, clean power to safeguard your priceless equipment, whether you&#039;re stepping down from 220V to 110V or up from 110V to 220V.\" \/>\n<meta property=\"og:url\" content=\"https:\/\/www.tronkiele.com\/pt\/product\/single-phase-step-up-and-down-voltage-converter-110v-to-220v\/\" \/>\n<meta property=\"og:site_name\" content=\"PINE-ZHENGXI\" \/>\n<meta property=\"article:modified_time\" content=\"2025-11-22T07:14:12+00:00\" \/>\n<meta property=\"og:image\" content=\"https:\/\/www.tronkiele.com\/wp-content\/uploads\/2025\/10\/500VA\u20135000VA-Single-Phase-Step-Up-and-Down-Voltage-Converter-110v-to-220v.webp\" \/>\n\t<meta property=\"og:image:width\" content=\"600\" \/>\n\t<meta property=\"og:image:height\" content=\"600\" \/>\n\t<meta property=\"og:image:type\" content=\"image\/webp\" \/>\n<meta name=\"twitter:card\" content=\"summary_large_image\" \/>\n<meta name=\"twitter:label1\" content=\"Tempo estimado de leitura\" \/>\n\t<meta name=\"twitter:data1\" content=\"4 minutos\" \/>\n<script type=\"application\/ld+json\" class=\"yoast-schema-graph\">{\"@context\":\"https:\/\/schema.org\",\"@graph\":[{\"@type\":\"WebPage\",\"@id\":\"https:\/\/www.tronkiele.com\/product\/single-phase-step-up-and-down-voltage-converter-110v-to-220v\/\",\"url\":\"https:\/\/www.tronkiele.com\/product\/single-phase-step-up-and-down-voltage-converter-110v-to-220v\/\",\"name\":\"Single Phase Step Up and Down Voltage Converter 110v to 220v Manufacturer - PINE-ZHENGXI\",\"isPartOf\":{\"@id\":\"https:\/\/www.tronkiele.com\/#website\"},\"primaryImageOfPage\":{\"@id\":\"https:\/\/www.tronkiele.com\/product\/single-phase-step-up-and-down-voltage-converter-110v-to-220v\/#primaryimage\"},\"image\":{\"@id\":\"https:\/\/www.tronkiele.com\/product\/single-phase-step-up-and-down-voltage-converter-110v-to-220v\/#primaryimage\"},\"thumbnailUrl\":\"https:\/\/www.tronkiele.com\/wp-content\/uploads\/2025\/10\/500VA\u20135000VA-Single-Phase-Step-Up-and-Down-Voltage-Converter-110v-to-220v.webp\",\"datePublished\":\"2025-10-17T08:12:01+00:00\",\"dateModified\":\"2025-11-22T07:14:12+00:00\",\"breadcrumb\":{\"@id\":\"https:\/\/www.tronkiele.com\/product\/single-phase-step-up-and-down-voltage-converter-110v-to-220v\/#breadcrumb\"},\"inLanguage\":\"pt-PT\",\"potentialAction\":[{\"@type\":\"ReadAction\",\"target\":[\"https:\/\/www.tronkiele.com\/product\/single-phase-step-up-and-down-voltage-converter-110v-to-220v\/\"]}]},{\"@type\":\"ImageObject\",\"inLanguage\":\"pt-PT\",\"@id\":\"https:\/\/www.tronkiele.com\/product\/single-phase-step-up-and-down-voltage-converter-110v-to-220v\/#primaryimage\",\"url\":\"https:\/\/www.tronkiele.com\/wp-content\/uploads\/2025\/10\/500VA\u20135000VA-Single-Phase-Step-Up-and-Down-Voltage-Converter-110v-to-220v.webp\",\"contentUrl\":\"https:\/\/www.tronkiele.com\/wp-content\/uploads\/2025\/10\/500VA\u20135000VA-Single-Phase-Step-Up-and-Down-Voltage-Converter-110v-to-220v.webp\",\"width\":600,\"height\":600,\"caption\":\"500VA\u20135000VA Single Phase Step Up and Down Voltage Converter 110v to 220v\"},{\"@type\":\"BreadcrumbList\",\"@id\":\"https:\/\/www.tronkiele.com\/product\/single-phase-step-up-and-down-voltage-converter-110v-to-220v\/#breadcrumb\",\"itemListElement\":[{\"@type\":\"ListItem\",\"position\":1,\"name\":\"Home\",\"item\":\"https:\/\/www.tronkiele.com\/\"},{\"@type\":\"ListItem\",\"position\":2,\"name\":\"Products\",\"item\":\"https:\/\/www.tronkiele.com\/shop\/\"},{\"@type\":\"ListItem\",\"position\":3,\"name\":\"500VA\u20135000VA Single Phase Step Up and Down Voltage Converter 110v to 220v\"}]},{\"@type\":\"WebSite\",\"@id\":\"https:\/\/www.tronkiele.com\/#website\",\"url\":\"https:\/\/www.tronkiele.com\/\",\"name\":\"PINE-ZHENGXI\",\"description\":\"\",\"publisher\":{\"@id\":\"https:\/\/www.tronkiele.com\/#organization\"},\"potentialAction\":[{\"@type\":\"SearchAction\",\"target\":{\"@type\":\"EntryPoint\",\"urlTemplate\":\"https:\/\/www.tronkiele.com\/?s={search_term_string}\"},\"query-input\":{\"@type\":\"PropertyValueSpecification\",\"valueRequired\":true,\"valueName\":\"search_term_string\"}}],\"inLanguage\":\"pt-PT\"},{\"@type\":\"Organization\",\"@id\":\"https:\/\/www.tronkiele.com\/#organization\",\"name\":\"PINE-ZHENGXI\",\"url\":\"https:\/\/www.tronkiele.com\/\",\"logo\":{\"@type\":\"ImageObject\",\"inLanguage\":\"pt-PT\",\"@id\":\"https:\/\/www.tronkiele.com\/#\/schema\/logo\/image\/\",\"url\":\"https:\/\/www.tronkiele.com\/wp-content\/uploads\/2024\/11\/cropped-tronki.webp\",\"contentUrl\":\"https:\/\/www.tronkiele.com\/wp-content\/uploads\/2024\/11\/cropped-tronki.webp\",\"width\":512,\"height\":512,\"caption\":\"PINE-ZHENGXI\"},\"image\":{\"@id\":\"https:\/\/www.tronkiele.com\/#\/schema\/logo\/image\/\"}}]}<\/script>\n<!-- \/ Yoast SEO plugin. -->","yoast_head_json":{"title":"Single Phase Step Up and Down Voltage Converter 110v to 220v Manufacturer - PINE-ZHENGXI","robots":{"index":"index","follow":"follow","max-snippet":"max-snippet:-1","max-image-preview":"max-image-preview:large","max-video-preview":"max-video-preview:-1"},"canonical":"https:\/\/www.tronkiele.com\/pt\/product\/single-phase-step-up-and-down-voltage-converter-110v-to-220v\/","og_locale":"pt_PT","og_type":"article","og_title":"Single Phase Step Up and Down Voltage Converter 110v to 220v Manufacturer - PINE-ZHENGXI","og_description":"The ZHENGXI 500VA\u20135000VA Single Phase Step Up and Down Voltage Converter is perfect for small industrial devices, office electronics, and home appliances used in various locations since it can securely and effectively convert voltages between 110V\u2013120V and 220V\u2013240V.  High efficiency, low heat generation, and low noise are features of the SDT series, which is constructed with a toroidal copper-core transformer. This device provides steady, clean power to safeguard your priceless equipment, whether you're stepping down from 220V to 110V or up from 110V to 220V.","og_url":"https:\/\/www.tronkiele.com\/pt\/product\/single-phase-step-up-and-down-voltage-converter-110v-to-220v\/","og_site_name":"PINE-ZHENGXI","article_modified_time":"2025-11-22T07:14:12+00:00","og_image":[{"width":600,"height":600,"url":"https:\/\/www.tronkiele.com\/wp-content\/uploads\/2025\/10\/500VA\u20135000VA-Single-Phase-Step-Up-and-Down-Voltage-Converter-110v-to-220v.webp","type":"image\/webp"}],"twitter_card":"summary_large_image","twitter_misc":{"Tempo estimado de leitura":"4 minutos"},"schema":{"@context":"https:\/\/schema.org","@graph":[{"@type":"WebPage","@id":"https:\/\/www.tronkiele.com\/product\/single-phase-step-up-and-down-voltage-converter-110v-to-220v\/","url":"https:\/\/www.tronkiele.com\/product\/single-phase-step-up-and-down-voltage-converter-110v-to-220v\/","name":"Single Phase Step Up and Down Voltage Converter 110v to 220v Manufacturer - PINE-ZHENGXI","isPartOf":{"@id":"https:\/\/www.tronkiele.com\/#website"},"primaryImageOfPage":{"@id":"https:\/\/www.tronkiele.com\/product\/single-phase-step-up-and-down-voltage-converter-110v-to-220v\/#primaryimage"},"image":{"@id":"https:\/\/www.tronkiele.com\/product\/single-phase-step-up-and-down-voltage-converter-110v-to-220v\/#primaryimage"},"thumbnailUrl":"https:\/\/www.tronkiele.com\/wp-content\/uploads\/2025\/10\/500VA\u20135000VA-Single-Phase-Step-Up-and-Down-Voltage-Converter-110v-to-220v.webp","datePublished":"2025-10-17T08:12:01+00:00","dateModified":"2025-11-22T07:14:12+00:00","breadcrumb":{"@id":"https:\/\/www.tronkiele.com\/product\/single-phase-step-up-and-down-voltage-converter-110v-to-220v\/#breadcrumb"},"inLanguage":"pt-PT","potentialAction":[{"@type":"ReadAction","target":["https:\/\/www.tronkiele.com\/product\/single-phase-step-up-and-down-voltage-converter-110v-to-220v\/"]}]},{"@type":"ImageObject","inLanguage":"pt-PT","@id":"https:\/\/www.tronkiele.com\/product\/single-phase-step-up-and-down-voltage-converter-110v-to-220v\/#primaryimage","url":"https:\/\/www.tronkiele.com\/wp-content\/uploads\/2025\/10\/500VA\u20135000VA-Single-Phase-Step-Up-and-Down-Voltage-Converter-110v-to-220v.webp","contentUrl":"https:\/\/www.tronkiele.com\/wp-content\/uploads\/2025\/10\/500VA\u20135000VA-Single-Phase-Step-Up-and-Down-Voltage-Converter-110v-to-220v.webp","width":600,"height":600,"caption":"500VA\u20135000VA Single Phase Step Up and Down Voltage Converter 110v to 220v"},{"@type":"BreadcrumbList","@id":"https:\/\/www.tronkiele.com\/product\/single-phase-step-up-and-down-voltage-converter-110v-to-220v\/#breadcrumb","itemListElement":[{"@type":"ListItem","position":1,"name":"Home","item":"https:\/\/www.tronkiele.com\/"},{"@type":"ListItem","position":2,"name":"Products","item":"https:\/\/www.tronkiele.com\/shop\/"},{"@type":"ListItem","position":3,"name":"500VA\u20135000VA Single Phase Step Up and Down Voltage Converter 110v to 220v"}]},{"@type":"WebSite","@id":"https:\/\/www.tronkiele.com\/#website","url":"https:\/\/www.tronkiele.com\/","name":"PINE-ZHENGXI","description":"","publisher":{"@id":"https:\/\/www.tronkiele.com\/#organization"},"potentialAction":[{"@type":"SearchAction","target":{"@type":"EntryPoint","urlTemplate":"https:\/\/www.tronkiele.com\/?s={search_term_string}"},"query-input":{"@type":"PropertyValueSpecification","valueRequired":true,"valueName":"search_term_string"}}],"inLanguage":"pt-PT"},{"@type":"Organization","@id":"https:\/\/www.tronkiele.com\/#organization","name":"PINE-ZHENGXI","url":"https:\/\/www.tronkiele.com\/","logo":{"@type":"ImageObject","inLanguage":"pt-PT","@id":"https:\/\/www.tronkiele.com\/#\/schema\/logo\/image\/","url":"https:\/\/www.tronkiele.com\/wp-content\/uploads\/2024\/11\/cropped-tronki.webp","contentUrl":"https:\/\/www.tronkiele.com\/wp-content\/uploads\/2024\/11\/cropped-tronki.webp","width":512,"height":512,"caption":"PINE-ZHENGXI"},"image":{"@id":"https:\/\/www.tronkiele.com\/#\/schema\/logo\/image\/"}}]}},"_links":{"self":[{"href":"https:\/\/www.tronkiele.com\/pt\/wp-json\/wp\/v2\/product\/22208","targetHints":{"allow":["GET"]}}],"collection":[{"href":"https:\/\/www.tronkiele.com\/pt\/wp-json\/wp\/v2\/product"}],"about":[{"href":"https:\/\/www.tronkiele.com\/pt\/wp-json\/wp\/v2\/types\/product"}],"version-history":[{"count":3,"href":"https:\/\/www.tronkiele.com\/pt\/wp-json\/wp\/v2\/product\/22208\/revisions"}],"predecessor-version":[{"id":22213,"href":"https:\/\/www.tronkiele.com\/pt\/wp-json\/wp\/v2\/product\/22208\/revisions\/22213"}],"wp:featuredmedia":[{"embeddable":true,"href":"https:\/\/www.tronkiele.com\/pt\/wp-json\/wp\/v2\/media\/22211"}],"wp:attachment":[{"href":"https:\/\/www.tronkiele.com\/pt\/wp-json\/wp\/v2\/media?parent=22208"}],"wp:term":[{"taxonomy":"product_brand","embeddable":true,"href":"https:\/\/www.tronkiele.com\/pt\/wp-json\/wp\/v2\/product_brand?post=22208"},{"taxonomy":"product_cat","embeddable":true,"href":"https:\/\/www.tronkiele.com\/pt\/wp-json\/wp\/v2\/product_cat?post=22208"},{"taxonomy":"product_tag","embeddable":true,"href":"https:\/\/www.tronkiele.com\/pt\/wp-json\/wp\/v2\/product_tag?post=22208"}],"curies":[{"name":"wp","href":"https:\/\/api.w.org\/{rel}","templated":true}]}}