{"id":22257,"date":"2025-11-13T03:21:41","date_gmt":"2025-11-13T03:21:41","guid":{"rendered":"https:\/\/www.tronkiele.com\/?post_type=product&#038;p=22257"},"modified":"2026-01-27T06:53:19","modified_gmt":"2026-01-27T06:53:19","slug":"single-phase-wall-mounted-automatic-voltage-stabilizer","status":"publish","type":"product","link":"https:\/\/www.tronkiele.com\/pt\/product\/single-phase-wall-mounted-automatic-voltage-stabilizer\/","title":{"rendered":"Estabilizador de tens\u00e3o autom\u00e1tico monof\u00e1sico personalizado montado na parede 0.5kVA-10kVA"},"content":{"rendered":"<h3 data-start=\"26\" data-end=\"44\">Carater\u00edsticas principais<\/h3>\n<ul>\n<li>Ampla gama de entrada: Suporta AC 100-260V (ou personalizado) para redes inst\u00e1veis.<\/li>\n<li>Regula\u00e7\u00e3o autom\u00e1tica da tens\u00e3o: Estabiliza instantaneamente a tens\u00e3o para proteger dispositivos sens\u00edveis.<\/li>\n<li>Ecr\u00e3 digital: O LED mostra a tens\u00e3o de entrada\/sa\u00edda, a carga e o estado de avaria.<\/li>\n<li>Montagem na parede: Poupan\u00e7a de espa\u00e7o, instala\u00e7\u00e3o f\u00e1cil para casas, escrit\u00f3rios ou salas de equipamento.<\/li>\n<li>Alta efici\u00eancia: Efici\u00eancia &gt;95% sem distor\u00e7\u00e3o da forma de onda.<\/li>\n<li>Prote\u00e7\u00e3o total: Protege contra sobre\/subtens\u00e3o, sobrecarga, sobreaquecimento e curto-circuitos.<\/li>\n<li>Arranque retardado: Ajust\u00e1vel 6-180s para evitar danos ap\u00f3s o restabelecimento da energia.<\/li>\n<li>Ampla gama de temperaturas: Funciona de forma fi\u00e1vel de -10\u00b0C a +40\u00b0C.<\/li>\n<li>Personaliz\u00e1vel: Tens\u00e3o de entrada\/sa\u00edda, tempo de atraso e exatid\u00e3o (\u00b13% ou \u00b110%).<\/li>\n<\/ul>\n<h2>Especifica\u00e7\u00f5es t\u00e9cnicas<\/h2>\n<table>\n<tbody>\n<tr>\n<td colspan=\"2\" rowspan=\"4\" width=\"155\">&nbsp;<\/p>\n<p>Modelo<\/td>\n<td width=\"105\"><strong><b>DTB-500VA<\/b><\/strong><\/td>\n<td width=\"105\"><strong><b>DTB-1000VA<\/b><\/strong><\/td>\n<td width=\"105\"><strong><b>DTB-1500VA<\/b><\/strong><\/td>\n<td width=\"105\"><strong><b>DTB-2000VA<\/b><\/strong><\/td>\n<\/tr>\n<tr>\n<td width=\"105\"><strong><b>DTB-3000VA<\/b><\/strong><\/td>\n<td width=\"105\"><strong><b>DTB-5000VA<\/b><\/strong><\/td>\n<td width=\"105\"><strong><b>DTB-8000VA<\/b><\/strong><\/td>\n<td width=\"105\"><strong><b>DTB-10000VA<\/b><\/strong><\/td>\n<\/tr>\n<tr>\n<td width=\"105\"><strong><b>STB-500VA<\/b><\/strong><\/td>\n<td width=\"105\"><strong><b>STB-1000VA<\/b><\/strong><\/td>\n<td width=\"105\"><strong><b>STB-1500VA<\/b><\/strong><\/td>\n<td width=\"105\"><strong><b>STB-2000VA<\/b><\/strong><\/td>\n<\/tr>\n<tr>\n<td width=\"105\"><strong><b>STB-3000VA<\/b><\/strong><\/td>\n<td width=\"105\"><strong><b>STB-5000VA<\/b><\/strong><\/td>\n<td width=\"105\"><strong><b>STB-8000VA<\/b><\/strong><\/td>\n<td width=\"105\"><strong><b>STB-10000VA<\/b><\/strong><\/td>\n<\/tr>\n<tr>\n<td colspan=\"2\" width=\"155\">Fase<\/td>\n<td colspan=\"4\" width=\"422\">Monof\u00e1sico<\/td>\n<\/tr>\n<tr>\n<td colspan=\"2\" width=\"155\">Tens\u00e3o de entrada<\/td>\n<td colspan=\"4\" width=\"422\">AC 45-260V, 80-260V, 100-260V, 140-260V (ou personalizado)<\/td>\n<\/tr>\n<tr>\n<td colspan=\"2\" width=\"155\">Tens\u00e3o de sa\u00edda<\/td>\n<td colspan=\"4\" width=\"422\">AC 220V ou personalizado<\/td>\n<\/tr>\n<tr>\n<td colspan=\"2\" width=\"155\">Frequ\u00eancia<\/td>\n<td colspan=\"4\" width=\"422\">50Hz\/60Hz<\/td>\n<\/tr>\n<tr>\n<td colspan=\"2\" width=\"155\">Precis\u00e3o<\/td>\n<td colspan=\"4\" width=\"422\">\u00b13%, \u00b110% ou personalizado<\/td>\n<\/tr>\n<tr>\n<td colspan=\"2\" width=\"155\">Efici\u00eancia<\/td>\n<td colspan=\"4\" width=\"422\">&gt;95%<\/td>\n<\/tr>\n<tr>\n<td colspan=\"2\" width=\"155\">Tipo de controlo<\/td>\n<td colspan=\"4\" width=\"422\">Tipo de rel\u00e9\/Servo motor<\/td>\n<\/tr>\n<tr>\n<td colspan=\"2\" width=\"155\">Ecr\u00e3 digital<\/td>\n<td colspan=\"4\" width=\"422\">Mostra a tens\u00e3o de entrada e sa\u00edda, o r\u00e1cio de carga e o indicador de avaria<\/td>\n<\/tr>\n<tr>\n<td colspan=\"2\" width=\"155\">Prote\u00e7\u00e3o<\/td>\n<td colspan=\"4\" width=\"422\">Sobretemperatura, Sobretens\u00e3o, Subtens\u00e3o, Sobrecarga, Atraso de tempo<\/td>\n<\/tr>\n<tr>\n<td colspan=\"2\" width=\"155\">Temperatura ambiente<\/td>\n<td colspan=\"4\" width=\"422\">-10\u00b0C~+ 40\u00b0C<\/td>\n<\/tr>\n<tr>\n<td colspan=\"2\" width=\"155\">Humidade relativa<\/td>\n<td colspan=\"4\" width=\"422\">&lt;95%<\/td>\n<\/tr>\n<tr>\n<td colspan=\"2\" width=\"155\">Distor\u00e7\u00e3o de forma de onda<\/td>\n<td colspan=\"4\" width=\"422\">Sem distor\u00e7\u00e3o adicional da forma de onda<\/td>\n<\/tr>\n<tr>\n<td colspan=\"2\" width=\"155\">Resist\u00eancia de isolamento<\/td>\n<td colspan=\"4\" width=\"422\">Normalmente, mais de 2M\u03a9<\/td>\n<\/tr>\n<tr>\n<td colspan=\"2\" width=\"155\">Classe de isolamento<\/td>\n<td colspan=\"4\" width=\"422\">Classe B<\/td>\n<\/tr>\n<tr>\n<td rowspan=\"5\" width=\"60\">&nbsp;<\/p>\n<p>&nbsp;<\/p>\n<p>&nbsp;<\/p>\n<p>Prote\u00e7\u00e3o<\/td>\n<td width=\"95\">Sobretens\u00e3o<\/td>\n<td colspan=\"4\" width=\"422\">Tens\u00e3o de sa\u00edda \u2265 245V \u00b1 4V<\/td>\n<\/tr>\n<tr>\n<td width=\"95\">Baixa tens\u00e3o<\/td>\n<td colspan=\"4\" width=\"422\">Tens\u00e3o de sa\u00edda \u2264 180V \u00b1 4V<\/td>\n<\/tr>\n<tr>\n<td width=\"95\">Temperatura excessiva<\/td>\n<td colspan=\"4\" width=\"422\">95\u2103\u00b110\u2103<\/td>\n<\/tr>\n<tr>\n<td width=\"95\">Tempo de atraso<\/td>\n<td colspan=\"4\" width=\"422\">Tempo longo (180 segundos) \/ tempo curto (6 segundos)<\/td>\n<\/tr>\n<tr>\n<td width=\"95\">Subtens\u00e3o<\/td>\n<td colspan=\"4\" width=\"422\">Desativado por defeito, personaliz\u00e1vel se necess\u00e1rio<\/td>\n<\/tr>\n<tr>\n<td colspan=\"2\" width=\"155\">Pot\u00eancia<\/td>\n<td width=\"105\">500VA<\/td>\n<td width=\"105\">1000VA<\/td>\n<td width=\"105\">1500VA<\/td>\n<td width=\"105\">2000VA<\/td>\n<\/tr>\n<tr>\n<td colspan=\"2\" width=\"155\">Tamanho (mm) L*W*H<\/td>\n<td width=\"105\">182*130*282<\/td>\n<td width=\"105\">182*130*282<\/td>\n<td width=\"105\">182*130*282<\/td>\n<td width=\"105\">182*130*282<\/td>\n<\/tr>\n<tr>\n<td colspan=\"2\" width=\"155\">Pot\u00eancia<\/td>\n<td width=\"105\">3000VA<\/td>\n<td width=\"105\">5000VA<\/td>\n<td width=\"105\">8000VA<\/td>\n<td width=\"105\">10000VA<\/td>\n<\/tr>\n<tr>\n<td colspan=\"2\" width=\"155\">Tamanho (mm) L*W*H<\/td>\n<td width=\"105\">263*145*375<\/td>\n<td width=\"105\">280*170*405<\/td>\n<td width=\"105\">300*180*440<\/td>\n<td width=\"105\">300*180*400<\/td>\n<\/tr>\n<tr>\n<td colspan=\"6\" width=\"578\">O tamanho e o peso variam consoante a gama de tens\u00e3o, e est\u00e3o sujeitos ao product atual personalizado.<\/td>\n<\/tr>\n<\/tbody>\n<\/table>\n<h2>Aplica\u00e7\u00f5es<\/h2>\n<p>O estabilizador monof\u00e1sico montado na parede \u00e9 amplamente utilizado em:<\/p>\n<p>Electrodom\u00e9sticos: Aparelhos de ar condicionado, frigor\u00edficos, m\u00e1quinas de lavar roupa e televisores<br \/>\nEquipamento de escrit\u00f3rio: Computadores, impressoras, fotocopiadoras e routers<br \/>\nDispositivos m\u00e9dicos e laboratoriais: Instrumentos de precis\u00e3o que requerem uma tens\u00e3o constante<br \/>\nInstala\u00e7\u00f5es comerciais: Lojas, salas de aula e instala\u00e7\u00f5es de pequenas empresas<\/p>\n<p>Fornece uma prote\u00e7\u00e3o completa contra a tens\u00e3o para todos os sistemas el\u00e9ctricos sens\u00edveis, ajudando a prolongar a vida \u00fatil dos seus dispositivos e a evitar danos dispendiosos provocados por flutua\u00e7\u00f5es de energia.<\/p>\n<h2>Porqu\u00ea escolher o nosso estabilizador de parede<\/h2>\n<p>Como fabricante l\u00edder de estabilizadores de tens\u00e3o e transformadores, somos especializados em solu\u00e7\u00f5es de prote\u00e7\u00e3o de energia personalizadas que cumprem as normas internacionais (CE, ISO9001, SGS).<br \/>\nOs nossos estabilizadores s\u00e3o conhecidos por:<\/p>\n<p>Controlo de qualidade consistente<br \/>\nPersonaliza\u00e7\u00e3o flex\u00edvel OEM\/ODM<br \/>\nEntrega r\u00e1pida (7-10 dias \u00fateis)<br \/>\nApoio p\u00f3s-venda profissional<\/p>\n<p>Cada unidade \u00e9 rigorosamente testada para garantir o desempenho e a seguran\u00e7a a longo prazo.<\/p>\n<h2 data-start=\"5052\" data-end=\"5063\"><strong data-start=\"5056\" data-end=\"5063\">FAQ<\/strong><\/h2>\n<p data-start=\"5065\" data-end=\"5342\"><strong data-start=\"5065\" data-end=\"5142\">P1: Qual \u00e9 a diferen\u00e7a entre um estabilizador do tipo rel\u00e9 e do tipo servo?<\/strong><br data-start=\"5142\" data-end=\"5145\" \/>R: Os estabilizadores do tipo rel\u00e9 utilizam rel\u00e9s electr\u00f3nicos para uma comuta\u00e7\u00e3o r\u00e1pida, ideal para utiliza\u00e7\u00e3o dom\u00e9stica. Os modelos do tipo servo utilizam um ajuste de tens\u00e3o acionado por motor, proporcionando uma regula\u00e7\u00e3o mais suave para equipamento sens\u00edvel.<\/p>\n<p data-start=\"5344\" data-end=\"5506\"><strong data-start=\"5344\" data-end=\"5405\">P2: Este estabilizador pode ser personalizado para pa\u00edses com 110V?<\/strong><br data-start=\"5405\" data-end=\"5408\" \/>R: Sim, as tens\u00f5es de entrada e sa\u00edda podem ser personalizadas para <strong data-start=\"5464\" data-end=\"5487\">110V\/120V\/230V\/240V<\/strong> sistemas conforme necess\u00e1rio.<\/p>\n<p data-start=\"5508\" data-end=\"5684\"><strong data-start=\"5508\" data-end=\"5550\">Q3: A instala\u00e7\u00e3o na parede \u00e9 segura?<\/strong><br data-start=\"5550\" data-end=\"5553\" \/>R: Sem d\u00favida. Cada estabilizador inclui suportes de parede e design de ventila\u00e7\u00e3o para garantir uma montagem segura e est\u00e1vel e um arrefecimento eficiente.<\/p>\n<p data-start=\"5686\" data-end=\"5808\"><strong data-start=\"5686\" data-end=\"5726\">Q4: Qual \u00e9 a dura\u00e7\u00e3o do per\u00edodo de garantia?<\/strong><br data-start=\"5726\" data-end=\"5729\" \/>R: Fornecemos um <strong data-start=\"5745\" data-end=\"5769\">Garantia de 12 meses<\/strong>dependendo do modelo e da configura\u00e7\u00e3o.<\/p>\n<h2 data-start=\"5815\" data-end=\"5833\"><strong data-start=\"5819\" data-end=\"5833\">Conclus\u00e3o<\/strong><\/h2>\n<p data-start=\"5835\" data-end=\"6165\">O Estabilizador de tens\u00e3o autom\u00e1tico monof\u00e1sico personalizado montado na parede 3,5kVA-10kVA oferece um equil\u00edbrio perfeito entre desempenho, prote\u00e7\u00e3o e design moderno.<br data-start=\"5993\" data-end=\"5996\" \/>Quer seja para utiliza\u00e7\u00e3o dom\u00e9stica ou comercial, garante uma tens\u00e3o est\u00e1vel, uma prote\u00e7\u00e3o fi\u00e1vel e uma efici\u00eancia duradoura - a sua escolha ideal para um ambiente energ\u00e9tico mais seguro.<\/p>\n<p data-start=\"6167\" data-end=\"6316\">Escolha a ZHENGXI, o seu fabricante de estabilizadores monof\u00e1sicos de confian\u00e7a, para obter solu\u00e7\u00f5es de regula\u00e7\u00e3o de tens\u00e3o de n\u00edvel profissional e de personaliza\u00e7\u00e3o OEM.<\/p>","protected":false},"excerpt":{"rendered":"<p data-start=\"289\" data-end=\"670\">A personaliza\u00e7\u00e3o <strong>Estabilizador autom\u00e1tico de tens\u00e3o monof\u00e1sico montado na parede<\/strong> foi concebido para proporcionar uma regula\u00e7\u00e3o e prote\u00e7\u00e3o fi\u00e1veis da tens\u00e3o para aparelhos el\u00e9ctricos dom\u00e9sticos e comerciais. Com uma gama de pot\u00eancias de 3,5kVA a 10kVA, este estabilizador de parede garante um fornecimento de energia est\u00e1vel, seguro e eficiente, mesmo em \u00e1reas com tens\u00e3o de rede inst\u00e1vel ou flutuante.<\/p>\n<p data-start=\"672\" data-end=\"999\">Constru\u00eddo com tecnologia avan\u00e7ada de controlo de rel\u00e9s ou servomotores, mant\u00e9m uma sa\u00edda constante de 220 V, corrigindo automaticamente as condi\u00e7\u00f5es de subtens\u00e3o ou sobretens\u00e3o. Compacto, silencioso e eficiente, \u00e9 ideal para casas, escrit\u00f3rios e pequenas empresas que procuram uma prote\u00e7\u00e3o fi\u00e1vel contra a tens\u00e3o num design elegante de montagem na parede.<\/p>","protected":false},"featured_media":22259,"template":"","meta":[],"product_brand":[],"product_cat":[103,110,106],"product_tag":[],"class_list":{"0":"post-22257","1":"product","2":"type-product","3":"status-publish","4":"has-post-thumbnail","6":"product_cat-ac-voltage-stabilizer","7":"product_cat-home-voltage-stabilizer","8":"product_cat-relay-type-avr","10":"first","11":"instock","12":"taxable","13":"shipping-taxable","14":"product-type-simple"},"yoast_head":"<!-- This site is optimized with the Yoast SEO plugin v25.0 - https:\/\/yoast.com\/wordpress\/plugins\/seo\/ -->\n<title>Single Phase Wall Mounted Automatic Voltage Stabilizer Manufacturer In China - PINE-ZHENGXI<\/title>\n<meta name=\"robots\" content=\"index, follow, max-snippet:-1, max-image-preview:large, max-video-preview:-1\" \/>\n<link rel=\"canonical\" href=\"https:\/\/www.tronkiele.com\/pt\/product\/single-phase-wall-mounted-automatic-voltage-stabilizer\/\" \/>\n<meta property=\"og:locale\" content=\"pt_PT\" \/>\n<meta property=\"og:type\" content=\"article\" \/>\n<meta property=\"og:title\" content=\"Single Phase Wall Mounted Automatic Voltage Stabilizer Manufacturer In China - PINE-ZHENGXI\" \/>\n<meta property=\"og:description\" content=\"The Customized Single Phase Wall Mounted Automatic Voltage Stabilizer is designed to provide reliable voltage regulation and protection for household and commercial electrical appliances. With a power range from 3.5kVA to 10kVA, this wall-mounted stabilizer ensures steady, safe, and efficient power delivery, even in areas with unstable or fluctuating mains voltage. Built with advanced relay or servo motor control technology, it maintains a constant 220V output by automatically correcting under-voltage or over-voltage conditions. Compact, quiet, and efficient, it\u2019s ideal for homes, offices, and small businesses seeking dependable voltage protection in a sleek wall-mounted design.\" \/>\n<meta property=\"og:url\" content=\"https:\/\/www.tronkiele.com\/pt\/product\/single-phase-wall-mounted-automatic-voltage-stabilizer\/\" \/>\n<meta property=\"og:site_name\" content=\"PINE-ZHENGXI\" \/>\n<meta property=\"article:modified_time\" content=\"2026-01-27T06:53:19+00:00\" \/>\n<meta property=\"og:image\" content=\"https:\/\/www.tronkiele.com\/wp-content\/uploads\/2025\/11\/walton-stabilizer-price.webp\" \/>\n\t<meta property=\"og:image:width\" content=\"800\" \/>\n\t<meta property=\"og:image:height\" content=\"800\" \/>\n\t<meta property=\"og:image:type\" content=\"image\/webp\" \/>\n<meta name=\"twitter:card\" content=\"summary_large_image\" \/>\n<meta name=\"twitter:label1\" content=\"Tempo estimado de leitura\" \/>\n\t<meta name=\"twitter:data1\" content=\"3 minutos\" \/>\n<script type=\"application\/ld+json\" class=\"yoast-schema-graph\">{\"@context\":\"https:\/\/schema.org\",\"@graph\":[{\"@type\":\"WebPage\",\"@id\":\"https:\/\/www.tronkiele.com\/product\/single-phase-wall-mounted-automatic-voltage-stabilizer\/\",\"url\":\"https:\/\/www.tronkiele.com\/product\/single-phase-wall-mounted-automatic-voltage-stabilizer\/\",\"name\":\"Single Phase Wall Mounted Automatic Voltage Stabilizer Manufacturer In China - PINE-ZHENGXI\",\"isPartOf\":{\"@id\":\"https:\/\/www.tronkiele.com\/#website\"},\"primaryImageOfPage\":{\"@id\":\"https:\/\/www.tronkiele.com\/product\/single-phase-wall-mounted-automatic-voltage-stabilizer\/#primaryimage\"},\"image\":{\"@id\":\"https:\/\/www.tronkiele.com\/product\/single-phase-wall-mounted-automatic-voltage-stabilizer\/#primaryimage\"},\"thumbnailUrl\":\"https:\/\/www.tronkiele.com\/wp-content\/uploads\/2025\/11\/walton-stabilizer-price.webp\",\"datePublished\":\"2025-11-13T03:21:41+00:00\",\"dateModified\":\"2026-01-27T06:53:19+00:00\",\"breadcrumb\":{\"@id\":\"https:\/\/www.tronkiele.com\/product\/single-phase-wall-mounted-automatic-voltage-stabilizer\/#breadcrumb\"},\"inLanguage\":\"pt-PT\",\"potentialAction\":[{\"@type\":\"ReadAction\",\"target\":[\"https:\/\/www.tronkiele.com\/product\/single-phase-wall-mounted-automatic-voltage-stabilizer\/\"]}]},{\"@type\":\"ImageObject\",\"inLanguage\":\"pt-PT\",\"@id\":\"https:\/\/www.tronkiele.com\/product\/single-phase-wall-mounted-automatic-voltage-stabilizer\/#primaryimage\",\"url\":\"https:\/\/www.tronkiele.com\/wp-content\/uploads\/2025\/11\/walton-stabilizer-price.webp\",\"contentUrl\":\"https:\/\/www.tronkiele.com\/wp-content\/uploads\/2025\/11\/walton-stabilizer-price.webp\",\"width\":800,\"height\":800,\"caption\":\"walton stabilizer price\"},{\"@type\":\"BreadcrumbList\",\"@id\":\"https:\/\/www.tronkiele.com\/product\/single-phase-wall-mounted-automatic-voltage-stabilizer\/#breadcrumb\",\"itemListElement\":[{\"@type\":\"ListItem\",\"position\":1,\"name\":\"Home\",\"item\":\"https:\/\/www.tronkiele.com\/\"},{\"@type\":\"ListItem\",\"position\":2,\"name\":\"Products\",\"item\":\"https:\/\/www.tronkiele.com\/shop\/\"},{\"@type\":\"ListItem\",\"position\":3,\"name\":\"Customized Single Phase Wall Mounted 0.5kVA-10kVA Automatic Voltage Stabilizer\"}]},{\"@type\":\"WebSite\",\"@id\":\"https:\/\/www.tronkiele.com\/#website\",\"url\":\"https:\/\/www.tronkiele.com\/\",\"name\":\"PINE-ZHENGXI\",\"description\":\"\",\"publisher\":{\"@id\":\"https:\/\/www.tronkiele.com\/#organization\"},\"potentialAction\":[{\"@type\":\"SearchAction\",\"target\":{\"@type\":\"EntryPoint\",\"urlTemplate\":\"https:\/\/www.tronkiele.com\/?s={search_term_string}\"},\"query-input\":{\"@type\":\"PropertyValueSpecification\",\"valueRequired\":true,\"valueName\":\"search_term_string\"}}],\"inLanguage\":\"pt-PT\"},{\"@type\":\"Organization\",\"@id\":\"https:\/\/www.tronkiele.com\/#organization\",\"name\":\"PINE-ZHENGXI\",\"url\":\"https:\/\/www.tronkiele.com\/\",\"logo\":{\"@type\":\"ImageObject\",\"inLanguage\":\"pt-PT\",\"@id\":\"https:\/\/www.tronkiele.com\/#\/schema\/logo\/image\/\",\"url\":\"https:\/\/www.tronkiele.com\/wp-content\/uploads\/2024\/11\/cropped-tronki.webp\",\"contentUrl\":\"https:\/\/www.tronkiele.com\/wp-content\/uploads\/2024\/11\/cropped-tronki.webp\",\"width\":512,\"height\":512,\"caption\":\"PINE-ZHENGXI\"},\"image\":{\"@id\":\"https:\/\/www.tronkiele.com\/#\/schema\/logo\/image\/\"}}]}<\/script>\n<!-- \/ Yoast SEO plugin. -->","yoast_head_json":{"title":"Estabilizador de tens\u00e3o autom\u00e1tico montado na parede monof\u00e1sico Fabricante na China - PINE-ZHENGXI","robots":{"index":"index","follow":"follow","max-snippet":"max-snippet:-1","max-image-preview":"max-image-preview:large","max-video-preview":"max-video-preview:-1"},"canonical":"https:\/\/www.tronkiele.com\/pt\/product\/single-phase-wall-mounted-automatic-voltage-stabilizer\/","og_locale":"pt_PT","og_type":"article","og_title":"Single Phase Wall Mounted Automatic Voltage Stabilizer Manufacturer In China - PINE-ZHENGXI","og_description":"The Customized Single Phase Wall Mounted Automatic Voltage Stabilizer is designed to provide reliable voltage regulation and protection for household and commercial electrical appliances. With a power range from 3.5kVA to 10kVA, this wall-mounted stabilizer ensures steady, safe, and efficient power delivery, even in areas with unstable or fluctuating mains voltage. Built with advanced relay or servo motor control technology, it maintains a constant 220V output by automatically correcting under-voltage or over-voltage conditions. Compact, quiet, and efficient, it\u2019s ideal for homes, offices, and small businesses seeking dependable voltage protection in a sleek wall-mounted design.","og_url":"https:\/\/www.tronkiele.com\/pt\/product\/single-phase-wall-mounted-automatic-voltage-stabilizer\/","og_site_name":"PINE-ZHENGXI","article_modified_time":"2026-01-27T06:53:19+00:00","og_image":[{"width":800,"height":800,"url":"https:\/\/www.tronkiele.com\/wp-content\/uploads\/2025\/11\/walton-stabilizer-price.webp","type":"image\/webp"}],"twitter_card":"summary_large_image","twitter_misc":{"Tempo estimado de leitura":"3 minutos"},"schema":{"@context":"https:\/\/schema.org","@graph":[{"@type":"WebPage","@id":"https:\/\/www.tronkiele.com\/product\/single-phase-wall-mounted-automatic-voltage-stabilizer\/","url":"https:\/\/www.tronkiele.com\/product\/single-phase-wall-mounted-automatic-voltage-stabilizer\/","name":"Estabilizador de tens\u00e3o autom\u00e1tico montado na parede monof\u00e1sico Fabricante na China - PINE-ZHENGXI","isPartOf":{"@id":"https:\/\/www.tronkiele.com\/#website"},"primaryImageOfPage":{"@id":"https:\/\/www.tronkiele.com\/product\/single-phase-wall-mounted-automatic-voltage-stabilizer\/#primaryimage"},"image":{"@id":"https:\/\/www.tronkiele.com\/product\/single-phase-wall-mounted-automatic-voltage-stabilizer\/#primaryimage"},"thumbnailUrl":"https:\/\/www.tronkiele.com\/wp-content\/uploads\/2025\/11\/walton-stabilizer-price.webp","datePublished":"2025-11-13T03:21:41+00:00","dateModified":"2026-01-27T06:53:19+00:00","breadcrumb":{"@id":"https:\/\/www.tronkiele.com\/product\/single-phase-wall-mounted-automatic-voltage-stabilizer\/#breadcrumb"},"inLanguage":"pt-PT","potentialAction":[{"@type":"ReadAction","target":["https:\/\/www.tronkiele.com\/product\/single-phase-wall-mounted-automatic-voltage-stabilizer\/"]}]},{"@type":"ImageObject","inLanguage":"pt-PT","@id":"https:\/\/www.tronkiele.com\/product\/single-phase-wall-mounted-automatic-voltage-stabilizer\/#primaryimage","url":"https:\/\/www.tronkiele.com\/wp-content\/uploads\/2025\/11\/walton-stabilizer-price.webp","contentUrl":"https:\/\/www.tronkiele.com\/wp-content\/uploads\/2025\/11\/walton-stabilizer-price.webp","width":800,"height":800,"caption":"walton stabilizer price"},{"@type":"BreadcrumbList","@id":"https:\/\/www.tronkiele.com\/product\/single-phase-wall-mounted-automatic-voltage-stabilizer\/#breadcrumb","itemListElement":[{"@type":"ListItem","position":1,"name":"Home","item":"https:\/\/www.tronkiele.com\/"},{"@type":"ListItem","position":2,"name":"Products","item":"https:\/\/www.tronkiele.com\/shop\/"},{"@type":"ListItem","position":3,"name":"Customized Single Phase Wall Mounted 0.5kVA-10kVA Automatic Voltage Stabilizer"}]},{"@type":"WebSite","@id":"https:\/\/www.tronkiele.com\/#website","url":"https:\/\/www.tronkiele.com\/","name":"PINE-ZHENGXI","description":"","publisher":{"@id":"https:\/\/www.tronkiele.com\/#organization"},"potentialAction":[{"@type":"SearchAction","target":{"@type":"EntryPoint","urlTemplate":"https:\/\/www.tronkiele.com\/?s={search_term_string}"},"query-input":{"@type":"PropertyValueSpecification","valueRequired":true,"valueName":"search_term_string"}}],"inLanguage":"pt-PT"},{"@type":"Organization","@id":"https:\/\/www.tronkiele.com\/#organization","name":"PINE-ZHENGXI","url":"https:\/\/www.tronkiele.com\/","logo":{"@type":"ImageObject","inLanguage":"pt-PT","@id":"https:\/\/www.tronkiele.com\/#\/schema\/logo\/image\/","url":"https:\/\/www.tronkiele.com\/wp-content\/uploads\/2024\/11\/cropped-tronki.webp","contentUrl":"https:\/\/www.tronkiele.com\/wp-content\/uploads\/2024\/11\/cropped-tronki.webp","width":512,"height":512,"caption":"PINE-ZHENGXI"},"image":{"@id":"https:\/\/www.tronkiele.com\/#\/schema\/logo\/image\/"}}]}},"_links":{"self":[{"href":"https:\/\/www.tronkiele.com\/pt\/wp-json\/wp\/v2\/product\/22257","targetHints":{"allow":["GET"]}}],"collection":[{"href":"https:\/\/www.tronkiele.com\/pt\/wp-json\/wp\/v2\/product"}],"about":[{"href":"https:\/\/www.tronkiele.com\/pt\/wp-json\/wp\/v2\/types\/product"}],"version-history":[{"count":4,"href":"https:\/\/www.tronkiele.com\/pt\/wp-json\/wp\/v2\/product\/22257\/revisions"}],"predecessor-version":[{"id":22262,"href":"https:\/\/www.tronkiele.com\/pt\/wp-json\/wp\/v2\/product\/22257\/revisions\/22262"}],"wp:featuredmedia":[{"embeddable":true,"href":"https:\/\/www.tronkiele.com\/pt\/wp-json\/wp\/v2\/media\/22259"}],"wp:attachment":[{"href":"https:\/\/www.tronkiele.com\/pt\/wp-json\/wp\/v2\/media?parent=22257"}],"wp:term":[{"taxonomy":"product_brand","embeddable":true,"href":"https:\/\/www.tronkiele.com\/pt\/wp-json\/wp\/v2\/product_brand?post=22257"},{"taxonomy":"product_cat","embeddable":true,"href":"https:\/\/www.tronkiele.com\/pt\/wp-json\/wp\/v2\/product_cat?post=22257"},{"taxonomy":"product_tag","embeddable":true,"href":"https:\/\/www.tronkiele.com\/pt\/wp-json\/wp\/v2\/product_tag?post=22257"}],"curies":[{"name":"wp","href":"https:\/\/api.w.org\/{rel}","templated":true}]}}