{"id":22423,"date":"2026-01-07T07:43:49","date_gmt":"2026-01-07T07:43:49","guid":{"rendered":"https:\/\/www.tronkiele.com\/?post_type=product&#038;p=22423"},"modified":"2026-01-27T05:23:17","modified_gmt":"2026-01-27T05:23:17","slug":"3-phase-igbt-static-automatic-voltage-stabilizer","status":"publish","type":"product","link":"https:\/\/www.tronkiele.com\/pt\/product\/3-phase-igbt-static-automatic-voltage-stabilizer\/","title":{"rendered":"ZBW 10Kva-4000Kva Estabilizador de tens\u00e3o autom\u00e1tico trif\u00e1sico IGBT est\u00e1tico para m\u00e1quinas de alta precis\u00e3o"},"content":{"rendered":"<h2>O que \u00e9 um estabilizador de tens\u00e3o est\u00e1tica IGBT?<\/h2>\n<p>Em contraste com os dispositivos convencionais de estabiliza\u00e7\u00e3o de servomotores ou rel\u00e9s, a s\u00e9rie ZBW utiliza a regula\u00e7\u00e3o est\u00e1tica IGBT (Insulated Gate Bipolar Transistor). Esta tecnologia \u00e9 amplamente reconhecida no sector da energia e \u00e9 mencionada nas normas IEEE e de automa\u00e7\u00e3o industrial.<\/p>\n<h3>Como funciona<\/h3>\n<ul>\n<li>Mant\u00e9m continuamente o registo da tens\u00e3o atrav\u00e9s de processos de amostragem digital.<\/li>\n<li>\u00c9 um sistema de controlo de alta velocidade que acciona os m\u00f3dulos IGBT.<\/li>\n<li>A compensa\u00e7\u00e3o de tens\u00e3o ocorre em milissegundos, sem qualquer movimento mec\u00e2nico<\/li>\n<\/ul>\n<h3>Principais benef\u00edcios da regula\u00e7\u00e3o est\u00e1tica<\/h3>\n<ul>\n<li>Velocidade de resposta ultra-r\u00e1pida<\/li>\n<li>Sem desgaste mec\u00e2nico, o que prolonga a sua vida \u00fatil<\/li>\n<li>Sem distor\u00e7\u00e3o adicional da forma de onda<\/li>\n<li>Elevada estabilidade com flutua\u00e7\u00f5es frequentes de tens\u00e3o<\/li>\n<\/ul>\n<p>Isto torna o estabilizador ZBW especialmente \u00fatil em m\u00e1quinas CNC, processamento de semicondutores, equipamento de processamento de imagens m\u00e9dicas e linhas de montagem automatizadas.<\/p>\n<h2>Especifica\u00e7\u00f5es t\u00e9cnicas<\/h2>\n<div class=\"TyagGW_tableContainer\">\n<div class=\"group TyagGW_tableWrapper flex w-fit flex-col-reverse\" tabindex=\"-1\">\n<table class=\"w-fit min-w-(--thread-content-width)\" data-start=\"4770\" data-end=\"5517\">\n<thead data-start=\"4770\" data-end=\"4799\">\n<tr data-start=\"4770\" data-end=\"4799\">\n<th data-start=\"4770\" data-end=\"4782\" data-col-size=\"sm\">Par\u00e2metro<\/th>\n<th data-start=\"4782\" data-end=\"4799\" data-col-size=\"md\">Especifica\u00e7\u00e3o<\/th>\n<\/tr>\n<\/thead>\n<tbody data-start=\"4826\" data-end=\"5517\">\n<tr data-start=\"4826\" data-end=\"4857\">\n<td data-start=\"4826\" data-end=\"4834\" data-col-size=\"sm\">Modelo<\/td>\n<td data-col-size=\"md\" data-start=\"4834\" data-end=\"4857\" data-imt_insert_failed=\"1\">ZBW-S-10kVA-4000kVA<\/td>\n<\/tr>\n<tr data-start=\"4858\" data-end=\"4881\">\n<td data-start=\"4858\" data-end=\"4866\" data-col-size=\"sm\">Fase<\/td>\n<td data-col-size=\"md\" data-start=\"4866\" data-end=\"4881\">Trif\u00e1sico<\/td>\n<\/tr>\n<tr data-start=\"4882\" data-end=\"4928\">\n<td data-start=\"4882\" data-end=\"4898\" data-col-size=\"sm\">Tens\u00e3o de entrada<\/td>\n<td data-col-size=\"md\" data-start=\"4898\" data-end=\"4928\">AC 304-456V (personaliz\u00e1vel)<\/td>\n<\/tr>\n<tr data-start=\"4929\" data-end=\"4972\">\n<td data-start=\"4929\" data-end=\"4946\" data-col-size=\"sm\">Tens\u00e3o de sa\u00edda<\/td>\n<td data-col-size=\"md\" data-start=\"4946\" data-end=\"4972\">AC 380V (personaliz\u00e1vel)<\/td>\n<\/tr>\n<tr data-start=\"4973\" data-end=\"5000\">\n<td data-start=\"4973\" data-end=\"4985\" data-col-size=\"sm\">Frequ\u00eancia<\/td>\n<td data-col-size=\"md\" data-start=\"4985\" data-end=\"5000\" data-imt_insert_failed=\"1\">50Hz \/ 60Hz<\/td>\n<\/tr>\n<tr data-start=\"5001\" data-end=\"5020\">\n<td data-start=\"5001\" data-end=\"5013\" data-col-size=\"sm\">Precis\u00e3o<\/td>\n<td data-col-size=\"md\" data-start=\"5013\" data-end=\"5020\" data-imt_insert_failed=\"1\">\u00b11%<\/td>\n<\/tr>\n<tr data-start=\"5021\" data-end=\"5042\">\n<td data-start=\"5021\" data-end=\"5034\" data-col-size=\"sm\">Efici\u00eancia<\/td>\n<td data-col-size=\"md\" data-start=\"5034\" data-end=\"5042\" data-imt_insert_failed=\"1\">&gt;95%<\/td>\n<\/tr>\n<tr data-start=\"5043\" data-end=\"5081\">\n<td data-start=\"5043\" data-end=\"5058\" data-col-size=\"sm\">Tipo de controlo<\/td>\n<td data-col-size=\"md\" data-start=\"5058\" data-end=\"5081\">Controlo est\u00e1tico do IGBT<\/td>\n<\/tr>\n<tr data-start=\"5082\" data-end=\"5153\">\n<td data-start=\"5082\" data-end=\"5100\" data-col-size=\"sm\">Ecr\u00e3 digital<\/td>\n<td data-col-size=\"md\" data-start=\"5100\" data-end=\"5153\">Tens\u00e3o de entrada\/sa\u00edda, r\u00e1cio de carga, indicador de falha<\/td>\n<\/tr>\n<tr data-start=\"5154\" data-end=\"5211\">\n<td data-start=\"5154\" data-end=\"5176\" data-col-size=\"sm\">Distor\u00e7\u00e3o de forma de onda<\/td>\n<td data-col-size=\"md\" data-start=\"5176\" data-end=\"5211\">Nenhum (Sem distor\u00e7\u00e3o adicional)<\/td>\n<\/tr>\n<tr data-start=\"5212\" data-end=\"5244\">\n<td data-start=\"5212\" data-end=\"5236\" data-col-size=\"sm\">Resist\u00eancia de isolamento<\/td>\n<td data-col-size=\"md\" data-start=\"5236\" data-end=\"5244\" data-imt_insert_failed=\"1\">\u22652M\u03a9<\/td>\n<\/tr>\n<tr data-start=\"5245\" data-end=\"5285\">\n<td data-start=\"5245\" data-end=\"5267\" data-col-size=\"sm\">Temperatura ambiente<\/td>\n<td data-col-size=\"md\" data-start=\"5267\" data-end=\"5285\">-10\u00b0C a +40\u00b0C<\/td>\n<\/tr>\n<tr data-start=\"5286\" data-end=\"5314\">\n<td data-start=\"5286\" data-end=\"5306\" data-col-size=\"sm\">Humidade relativa<\/td>\n<td data-col-size=\"md\" data-start=\"5306\" data-end=\"5314\" data-imt_insert_failed=\"1\">&lt;95%<\/td>\n<\/tr>\n<tr data-start=\"5315\" data-end=\"5400\">\n<td data-start=\"5315\" data-end=\"5328\" data-col-size=\"sm\">Prote\u00e7\u00e3o<\/td>\n<td data-col-size=\"md\" data-start=\"5328\" data-end=\"5400\">Sobretens\u00e3o, subtens\u00e3o, sobrecarga, curto-circuito, temperatura excessiva<\/td>\n<\/tr>\n<tr data-start=\"5401\" data-end=\"5458\">\n<td data-start=\"5401\" data-end=\"5420\" data-col-size=\"sm\">Prote\u00e7\u00e3o contra atrasos<\/td>\n<td data-col-size=\"md\" data-start=\"5420\" data-end=\"5458\">Personaliz\u00e1vel (desativado por defeito)<\/td>\n<\/tr>\n<tr data-start=\"5459\" data-end=\"5517\">\n<td data-start=\"5459\" data-end=\"5481\" data-col-size=\"sm\">Dimens\u00f5es e peso<\/td>\n<td data-col-size=\"md\" data-start=\"5481\" data-end=\"5517\">Personalizado por tens\u00e3o e capacidade<\/td>\n<\/tr>\n<\/tbody>\n<\/table>\n<\/div>\n<\/div>\n<p data-start=\"5519\" data-end=\"5575\"><em data-start=\"5519\" data-end=\"5575\">Nota: O tamanho e o peso variam consoante a configura\u00e7\u00e3o.<\/em><\/p>\n<h2>FAQ<\/h2>\n<p><strong>Q1: Que capacidades seriam necess\u00e1rias num estabilizador ZBW ideal?<\/strong><\/p>\n<p>Sim. Tem uma precis\u00e3o de \u00b11% sem distor\u00e7\u00e3o da forma de onda. \u00c9 mais adequado para m\u00e1quinas CNC, instrumentos m\u00e9dicos e automa\u00e7\u00e3o.<\/p>\n<p><strong>P2: A tens\u00e3o de entrada e de sa\u00edda pode ser personalizada?<\/strong><\/p>\n<p>De facto. A tens\u00e3o de entrada e de sa\u00edda tamb\u00e9m pode ser adaptada \u00e0s exig\u00eancias da rede local ou aos requisitos especiais da m\u00e1quina. Assim, a flexibilidade \u00e9 poss\u00edvel de acordo com as necessidades espec\u00edficas.<\/p>\n<p><strong>Q3: O estabilizador necessita de manuten\u00e7\u00e3o constante?<\/strong><\/p>\n<p>N\u00e3o. Devido \u00e0 estrutura est\u00e1tica do IGBT sem quaisquer componentes m\u00f3veis, a necessidade de trabalhos de manuten\u00e7\u00e3o peri\u00f3dicos \u00e9 limitada em compara\u00e7\u00e3o com os servo-estabilizadores.<\/p>","protected":false},"excerpt":{"rendered":"<p>ZBW 10Kva-4000Kva Estabilizador de tens\u00e3o est\u00e1tico autom\u00e1tico trif\u00e1sico igbt para m\u00e1quinas de alta precis\u00e3o<\/p>\n<p>A estabilidade da tens\u00e3o nas instala\u00e7\u00f5es industriais modernas j\u00e1 n\u00e3o \u00e9 um luxo, mas um requisito imperativo para a precis\u00e3o, efici\u00eancia e longevidade. O Estabilizador de tens\u00e3o autom\u00e1tico est\u00e1tico IGBT trif\u00e1sico da s\u00e9rie ZBW, com capacidades que variam entre 10kVA e 4000kVA, fabricado pela ZHENGXI, foi especificamente concebido para uma regula\u00e7\u00e3o de tens\u00e3o precisa, exacta e sem distor\u00e7\u00e3o para m\u00e1quinas de alta precis\u00e3o quando se lida com condi\u00e7\u00f5es de energia inst\u00e1veis.<\/p>\n<p>O Estabilizador ZBW, que utiliza tecnologia de ponta no Controlo Est\u00e1tico IGBT, fornece uma tens\u00e3o de sa\u00edda est\u00e1vel mesmo quando existem flutua\u00e7\u00f5es significativas na pot\u00eancia de entrada, tornando-o um dispositivo muito fi\u00e1vel e eficiente, especialmente para ind\u00fastrias com tempos de paragem m\u00ednimos.<\/p>","protected":false},"featured_media":22424,"template":"","meta":[],"product_brand":[],"product_cat":[103,107,109],"product_tag":[],"class_list":{"0":"post-22423","1":"product","2":"type-product","3":"status-publish","4":"has-post-thumbnail","6":"product_cat-ac-voltage-stabilizer","7":"product_cat-static-voltage-stabilizer","8":"product_cat-three-phase-stabilizer","10":"first","11":"instock","12":"taxable","13":"shipping-taxable","14":"product-type-simple"},"yoast_head":"<!-- This site is optimized with the Yoast SEO plugin v25.0 - https:\/\/yoast.com\/wordpress\/plugins\/seo\/ -->\n<title>ZBW 10Kva-4000Kva 3 Phase IGBT Static Automatic Voltage Stabilizer For High-Precision Machines - PINE-ZHENGXI<\/title>\n<meta name=\"robots\" content=\"index, follow, max-snippet:-1, max-image-preview:large, max-video-preview:-1\" \/>\n<link rel=\"canonical\" href=\"https:\/\/www.tronkiele.com\/pt\/product\/3-phase-igbt-static-automatic-voltage-stabilizer\/\" \/>\n<meta property=\"og:locale\" content=\"pt_PT\" \/>\n<meta property=\"og:type\" content=\"article\" \/>\n<meta property=\"og:title\" content=\"ZBW 10Kva-4000Kva 3 Phase IGBT Static Automatic Voltage Stabilizer For High-Precision Machines - PINE-ZHENGXI\" \/>\n<meta property=\"og:description\" content=\"ZBW 10Kva-4000Kva 3 phase igbt static automatic voltage stabilizer for High-Precision Machines  Voltage stability in modern industrial setups is no longer a luxury but an imperative requirement for precision, efficiency, and longevity. The ZBW Series 3 Phase IGBT Static Automatic Voltage Stabilizer, with capacities ranging from 10kVA to 4000kVA, manufactured by ZHENGXI, is specifically designed for precise, accurate, and distortion-free voltage regulation for high-precision machines when dealing with unstable power conditions.  The ZBW Stabilizer, which uses cutting-edge technology in IGBT Static Control, will provide a stable output voltage even when there are significant fluctuations in the input power, making this a very reliable and efficient device especially for industries with minimal shutdown times.\" \/>\n<meta property=\"og:url\" content=\"https:\/\/www.tronkiele.com\/pt\/product\/3-phase-igbt-static-automatic-voltage-stabilizer\/\" \/>\n<meta property=\"og:site_name\" content=\"PINE-ZHENGXI\" \/>\n<meta property=\"article:modified_time\" content=\"2026-01-27T05:23:17+00:00\" \/>\n<meta property=\"og:image\" content=\"https:\/\/www.tronkiele.com\/wp-content\/uploads\/2026\/01\/ZBW-10Kva-4000Kva-3-Phase-IGBT-Static-Automatic-Voltage-Stabilizer-For-High-Precision-Machines.webp\" \/>\n\t<meta property=\"og:image:width\" content=\"800\" \/>\n\t<meta property=\"og:image:height\" content=\"800\" \/>\n\t<meta property=\"og:image:type\" content=\"image\/webp\" \/>\n<meta name=\"twitter:card\" content=\"summary_large_image\" \/>\n<meta name=\"twitter:label1\" content=\"Tempo estimado de leitura\" \/>\n\t<meta name=\"twitter:data1\" content=\"2 minutos\" \/>\n<script type=\"application\/ld+json\" class=\"yoast-schema-graph\">{\"@context\":\"https:\/\/schema.org\",\"@graph\":[{\"@type\":\"WebPage\",\"@id\":\"https:\/\/www.tronkiele.com\/product\/3-phase-igbt-static-automatic-voltage-stabilizer\/\",\"url\":\"https:\/\/www.tronkiele.com\/product\/3-phase-igbt-static-automatic-voltage-stabilizer\/\",\"name\":\"ZBW 10Kva-4000Kva 3 Phase IGBT Static Automatic Voltage Stabilizer For High-Precision Machines - PINE-ZHENGXI\",\"isPartOf\":{\"@id\":\"https:\/\/www.tronkiele.com\/#website\"},\"primaryImageOfPage\":{\"@id\":\"https:\/\/www.tronkiele.com\/product\/3-phase-igbt-static-automatic-voltage-stabilizer\/#primaryimage\"},\"image\":{\"@id\":\"https:\/\/www.tronkiele.com\/product\/3-phase-igbt-static-automatic-voltage-stabilizer\/#primaryimage\"},\"thumbnailUrl\":\"https:\/\/www.tronkiele.com\/wp-content\/uploads\/2026\/01\/ZBW-10Kva-4000Kva-3-Phase-IGBT-Static-Automatic-Voltage-Stabilizer-For-High-Precision-Machines.webp\",\"datePublished\":\"2026-01-07T07:43:49+00:00\",\"dateModified\":\"2026-01-27T05:23:17+00:00\",\"breadcrumb\":{\"@id\":\"https:\/\/www.tronkiele.com\/product\/3-phase-igbt-static-automatic-voltage-stabilizer\/#breadcrumb\"},\"inLanguage\":\"pt-PT\",\"potentialAction\":[{\"@type\":\"ReadAction\",\"target\":[\"https:\/\/www.tronkiele.com\/product\/3-phase-igbt-static-automatic-voltage-stabilizer\/\"]}]},{\"@type\":\"ImageObject\",\"inLanguage\":\"pt-PT\",\"@id\":\"https:\/\/www.tronkiele.com\/product\/3-phase-igbt-static-automatic-voltage-stabilizer\/#primaryimage\",\"url\":\"https:\/\/www.tronkiele.com\/wp-content\/uploads\/2026\/01\/ZBW-10Kva-4000Kva-3-Phase-IGBT-Static-Automatic-Voltage-Stabilizer-For-High-Precision-Machines.webp\",\"contentUrl\":\"https:\/\/www.tronkiele.com\/wp-content\/uploads\/2026\/01\/ZBW-10Kva-4000Kva-3-Phase-IGBT-Static-Automatic-Voltage-Stabilizer-For-High-Precision-Machines.webp\",\"width\":800,\"height\":800,\"caption\":\"ZBW 10Kva-4000Kva 3 Phase IGBT Static Automatic Voltage Stabilizer For High-Precision Machines\"},{\"@type\":\"BreadcrumbList\",\"@id\":\"https:\/\/www.tronkiele.com\/product\/3-phase-igbt-static-automatic-voltage-stabilizer\/#breadcrumb\",\"itemListElement\":[{\"@type\":\"ListItem\",\"position\":1,\"name\":\"Home\",\"item\":\"https:\/\/www.tronkiele.com\/\"},{\"@type\":\"ListItem\",\"position\":2,\"name\":\"Products\",\"item\":\"https:\/\/www.tronkiele.com\/shop\/\"},{\"@type\":\"ListItem\",\"position\":3,\"name\":\"ZBW 10Kva-4000Kva 3 Phase IGBT Static Automatic Voltage Stabilizer For High-Precision Machines\"}]},{\"@type\":\"WebSite\",\"@id\":\"https:\/\/www.tronkiele.com\/#website\",\"url\":\"https:\/\/www.tronkiele.com\/\",\"name\":\"PINE-ZHENGXI\",\"description\":\"\",\"publisher\":{\"@id\":\"https:\/\/www.tronkiele.com\/#organization\"},\"potentialAction\":[{\"@type\":\"SearchAction\",\"target\":{\"@type\":\"EntryPoint\",\"urlTemplate\":\"https:\/\/www.tronkiele.com\/?s={search_term_string}\"},\"query-input\":{\"@type\":\"PropertyValueSpecification\",\"valueRequired\":true,\"valueName\":\"search_term_string\"}}],\"inLanguage\":\"pt-PT\"},{\"@type\":\"Organization\",\"@id\":\"https:\/\/www.tronkiele.com\/#organization\",\"name\":\"PINE-ZHENGXI\",\"url\":\"https:\/\/www.tronkiele.com\/\",\"logo\":{\"@type\":\"ImageObject\",\"inLanguage\":\"pt-PT\",\"@id\":\"https:\/\/www.tronkiele.com\/#\/schema\/logo\/image\/\",\"url\":\"https:\/\/www.tronkiele.com\/wp-content\/uploads\/2024\/11\/cropped-tronki.webp\",\"contentUrl\":\"https:\/\/www.tronkiele.com\/wp-content\/uploads\/2024\/11\/cropped-tronki.webp\",\"width\":512,\"height\":512,\"caption\":\"PINE-ZHENGXI\"},\"image\":{\"@id\":\"https:\/\/www.tronkiele.com\/#\/schema\/logo\/image\/\"}}]}<\/script>\n<!-- \/ Yoast SEO plugin. -->","yoast_head_json":{"title":"ZBW 10Kva-4000Kva Estabilizador de tens\u00e3o est\u00e1tico autom\u00e1tico trif\u00e1sico IGBT para m\u00e1quinas de alta precis\u00e3o - PINE-ZHENGXI","robots":{"index":"index","follow":"follow","max-snippet":"max-snippet:-1","max-image-preview":"max-image-preview:large","max-video-preview":"max-video-preview:-1"},"canonical":"https:\/\/www.tronkiele.com\/pt\/product\/3-phase-igbt-static-automatic-voltage-stabilizer\/","og_locale":"pt_PT","og_type":"article","og_title":"ZBW 10Kva-4000Kva 3 Phase IGBT Static Automatic Voltage Stabilizer For High-Precision Machines - PINE-ZHENGXI","og_description":"ZBW 10Kva-4000Kva 3 phase igbt static automatic voltage stabilizer for High-Precision Machines  Voltage stability in modern industrial setups is no longer a luxury but an imperative requirement for precision, efficiency, and longevity. The ZBW Series 3 Phase IGBT Static Automatic Voltage Stabilizer, with capacities ranging from 10kVA to 4000kVA, manufactured by ZHENGXI, is specifically designed for precise, accurate, and distortion-free voltage regulation for high-precision machines when dealing with unstable power conditions.  The ZBW Stabilizer, which uses cutting-edge technology in IGBT Static Control, will provide a stable output voltage even when there are significant fluctuations in the input power, making this a very reliable and efficient device especially for industries with minimal shutdown times.","og_url":"https:\/\/www.tronkiele.com\/pt\/product\/3-phase-igbt-static-automatic-voltage-stabilizer\/","og_site_name":"PINE-ZHENGXI","article_modified_time":"2026-01-27T05:23:17+00:00","og_image":[{"width":800,"height":800,"url":"https:\/\/www.tronkiele.com\/wp-content\/uploads\/2026\/01\/ZBW-10Kva-4000Kva-3-Phase-IGBT-Static-Automatic-Voltage-Stabilizer-For-High-Precision-Machines.webp","type":"image\/webp"}],"twitter_card":"summary_large_image","twitter_misc":{"Tempo estimado de leitura":"2 minutos"},"schema":{"@context":"https:\/\/schema.org","@graph":[{"@type":"WebPage","@id":"https:\/\/www.tronkiele.com\/product\/3-phase-igbt-static-automatic-voltage-stabilizer\/","url":"https:\/\/www.tronkiele.com\/product\/3-phase-igbt-static-automatic-voltage-stabilizer\/","name":"ZBW 10Kva-4000Kva Estabilizador de tens\u00e3o est\u00e1tico autom\u00e1tico trif\u00e1sico IGBT para m\u00e1quinas de alta precis\u00e3o - PINE-ZHENGXI","isPartOf":{"@id":"https:\/\/www.tronkiele.com\/#website"},"primaryImageOfPage":{"@id":"https:\/\/www.tronkiele.com\/product\/3-phase-igbt-static-automatic-voltage-stabilizer\/#primaryimage"},"image":{"@id":"https:\/\/www.tronkiele.com\/product\/3-phase-igbt-static-automatic-voltage-stabilizer\/#primaryimage"},"thumbnailUrl":"https:\/\/www.tronkiele.com\/wp-content\/uploads\/2026\/01\/ZBW-10Kva-4000Kva-3-Phase-IGBT-Static-Automatic-Voltage-Stabilizer-For-High-Precision-Machines.webp","datePublished":"2026-01-07T07:43:49+00:00","dateModified":"2026-01-27T05:23:17+00:00","breadcrumb":{"@id":"https:\/\/www.tronkiele.com\/product\/3-phase-igbt-static-automatic-voltage-stabilizer\/#breadcrumb"},"inLanguage":"pt-PT","potentialAction":[{"@type":"ReadAction","target":["https:\/\/www.tronkiele.com\/product\/3-phase-igbt-static-automatic-voltage-stabilizer\/"]}]},{"@type":"ImageObject","inLanguage":"pt-PT","@id":"https:\/\/www.tronkiele.com\/product\/3-phase-igbt-static-automatic-voltage-stabilizer\/#primaryimage","url":"https:\/\/www.tronkiele.com\/wp-content\/uploads\/2026\/01\/ZBW-10Kva-4000Kva-3-Phase-IGBT-Static-Automatic-Voltage-Stabilizer-For-High-Precision-Machines.webp","contentUrl":"https:\/\/www.tronkiele.com\/wp-content\/uploads\/2026\/01\/ZBW-10Kva-4000Kva-3-Phase-IGBT-Static-Automatic-Voltage-Stabilizer-For-High-Precision-Machines.webp","width":800,"height":800,"caption":"ZBW 10Kva-4000Kva 3 Phase IGBT Static Automatic Voltage Stabilizer For High-Precision Machines"},{"@type":"BreadcrumbList","@id":"https:\/\/www.tronkiele.com\/product\/3-phase-igbt-static-automatic-voltage-stabilizer\/#breadcrumb","itemListElement":[{"@type":"ListItem","position":1,"name":"Home","item":"https:\/\/www.tronkiele.com\/"},{"@type":"ListItem","position":2,"name":"Products","item":"https:\/\/www.tronkiele.com\/shop\/"},{"@type":"ListItem","position":3,"name":"ZBW 10Kva-4000Kva 3 Phase IGBT Static Automatic Voltage Stabilizer For High-Precision Machines"}]},{"@type":"WebSite","@id":"https:\/\/www.tronkiele.com\/#website","url":"https:\/\/www.tronkiele.com\/","name":"PINE-ZHENGXI","description":"","publisher":{"@id":"https:\/\/www.tronkiele.com\/#organization"},"potentialAction":[{"@type":"SearchAction","target":{"@type":"EntryPoint","urlTemplate":"https:\/\/www.tronkiele.com\/?s={search_term_string}"},"query-input":{"@type":"PropertyValueSpecification","valueRequired":true,"valueName":"search_term_string"}}],"inLanguage":"pt-PT"},{"@type":"Organization","@id":"https:\/\/www.tronkiele.com\/#organization","name":"PINE-ZHENGXI","url":"https:\/\/www.tronkiele.com\/","logo":{"@type":"ImageObject","inLanguage":"pt-PT","@id":"https:\/\/www.tronkiele.com\/#\/schema\/logo\/image\/","url":"https:\/\/www.tronkiele.com\/wp-content\/uploads\/2024\/11\/cropped-tronki.webp","contentUrl":"https:\/\/www.tronkiele.com\/wp-content\/uploads\/2024\/11\/cropped-tronki.webp","width":512,"height":512,"caption":"PINE-ZHENGXI"},"image":{"@id":"https:\/\/www.tronkiele.com\/#\/schema\/logo\/image\/"}}]}},"_links":{"self":[{"href":"https:\/\/www.tronkiele.com\/pt\/wp-json\/wp\/v2\/product\/22423","targetHints":{"allow":["GET"]}}],"collection":[{"href":"https:\/\/www.tronkiele.com\/pt\/wp-json\/wp\/v2\/product"}],"about":[{"href":"https:\/\/www.tronkiele.com\/pt\/wp-json\/wp\/v2\/types\/product"}],"version-history":[{"count":2,"href":"https:\/\/www.tronkiele.com\/pt\/wp-json\/wp\/v2\/product\/22423\/revisions"}],"predecessor-version":[{"id":22434,"href":"https:\/\/www.tronkiele.com\/pt\/wp-json\/wp\/v2\/product\/22423\/revisions\/22434"}],"wp:featuredmedia":[{"embeddable":true,"href":"https:\/\/www.tronkiele.com\/pt\/wp-json\/wp\/v2\/media\/22424"}],"wp:attachment":[{"href":"https:\/\/www.tronkiele.com\/pt\/wp-json\/wp\/v2\/media?parent=22423"}],"wp:term":[{"taxonomy":"product_brand","embeddable":true,"href":"https:\/\/www.tronkiele.com\/pt\/wp-json\/wp\/v2\/product_brand?post=22423"},{"taxonomy":"product_cat","embeddable":true,"href":"https:\/\/www.tronkiele.com\/pt\/wp-json\/wp\/v2\/product_cat?post=22423"},{"taxonomy":"product_tag","embeddable":true,"href":"https:\/\/www.tronkiele.com\/pt\/wp-json\/wp\/v2\/product_tag?post=22423"}],"curies":[{"name":"wp","href":"https:\/\/api.w.org\/{rel}","templated":true}]}}