{"id":23068,"date":"2026-03-26T06:53:09","date_gmt":"2026-03-26T06:53:09","guid":{"rendered":"https:\/\/www.tronkiele.com\/?post_type=product&#038;p=23068"},"modified":"2026-04-10T07:23:58","modified_gmt":"2026-04-10T07:23:58","slug":"1kva-voltage-stabilizer","status":"publish","type":"product","link":"https:\/\/www.tronkiele.com\/pt\/product\/1kva-voltage-stabilizer\/","title":{"rendered":"1Kva 2Kva 3Kva 5Kva Rel\u00e9 de parede monof\u00e1sico Estabilizador de tens\u00e3o para casa"},"content":{"rendered":"<h2>Principais vantagens<\/h2>\n<ul>\n<li data-section-id=\"1oh7yey\" data-start=\"647\" data-end=\"721\">Ampla gama de entrada: Suporta 45-260V \/ 80-260V \/ 100-260V \/ 140-260V<\/li>\n<li data-section-id=\"jzx44t\" data-start=\"722\" data-end=\"799\">Resposta r\u00e1pida: A comuta\u00e7\u00e3o do rel\u00e9 estabiliza a tens\u00e3o em milissegundos<\/li>\n<li data-section-id=\"j7lkbw\" data-start=\"800\" data-end=\"864\">Sa\u00edda est\u00e1vel: 220VAC \u00b110%, adequado para a maioria dos electrodom\u00e9sticos<\/li>\n<li data-section-id=\"1yc5dou\" data-start=\"865\" data-end=\"919\">Alta efici\u00eancia: &gt;95%, funcionamento com poupan\u00e7a de energia<\/li>\n<li data-section-id=\"4exc6p\" data-start=\"920\" data-end=\"970\">Design compacto: Montagem na parede, economia de espa\u00e7o<\/li>\n<li data-section-id=\"r1nitg\" data-start=\"971\" data-end=\"1029\">Ecr\u00e3 LED: Monitoriza\u00e7\u00e3o da tens\u00e3o e da carga em tempo real<\/li>\n<li data-section-id=\"1pyjupn\" data-start=\"1030\" data-end=\"1120\">Prote\u00e7\u00e3o total: Sobretens\u00e3o, subtens\u00e3o, sobrecarga, sobretemperatura, arranque retardado<\/li>\n<\/ul>\n<p><img fetchpriority=\"high\" decoding=\"async\" class=\"alignnone wp-image-23072 size-full\" src=\"https:\/\/www.tronkiele.com\/wp-content\/uploads\/2026\/03\/1kva-wall-mounted-relay-voltage-stabilizer-for-home-use.webp\" alt=\"Estabilizador de tens\u00e3o de rel\u00e9 de 1kva montado na parede para uso dom\u00e9stico\" width=\"1200\" height=\"800\" srcset=\"https:\/\/www.tronkiele.com\/wp-content\/uploads\/2026\/03\/1kva-wall-mounted-relay-voltage-stabilizer-for-home-use.webp 1200w, https:\/\/www.tronkiele.com\/wp-content\/uploads\/2026\/03\/1kva-wall-mounted-relay-voltage-stabilizer-for-home-use-400x267.webp 400w, https:\/\/www.tronkiele.com\/wp-content\/uploads\/2026\/03\/1kva-wall-mounted-relay-voltage-stabilizer-for-home-use-768x512.webp 768w, https:\/\/www.tronkiele.com\/wp-content\/uploads\/2026\/03\/1kva-wall-mounted-relay-voltage-stabilizer-for-home-use-18x12.webp 18w, https:\/\/www.tronkiele.com\/wp-content\/uploads\/2026\/03\/1kva-wall-mounted-relay-voltage-stabilizer-for-home-use-430x287.webp 430w, https:\/\/www.tronkiele.com\/wp-content\/uploads\/2026\/03\/1kva-wall-mounted-relay-voltage-stabilizer-for-home-use-700x467.webp 700w, https:\/\/www.tronkiele.com\/wp-content\/uploads\/2026\/03\/1kva-wall-mounted-relay-voltage-stabilizer-for-home-use-150x100.webp 150w\" sizes=\"(max-width: 1200px) 100vw, 1200px\" \/><\/p>\n<h2><strong><b>Par\u00e2metros t\u00e9cnicos<\/b><\/strong><\/h2>\n<table>\n<tbody>\n<tr>\n<td colspan=\"2\" width=\"161\">Modelo<\/td>\n<td colspan=\"6\" width=\"416\">TKB-500VA~10000VA<\/td>\n<\/tr>\n<tr>\n<td colspan=\"2\" width=\"161\">Fase<\/td>\n<td colspan=\"6\" width=\"416\">Monof\u00e1sico<\/td>\n<\/tr>\n<tr>\n<td colspan=\"2\" width=\"161\">Tens\u00e3o de entrada<\/td>\n<td colspan=\"6\" width=\"416\">AC 45-260V, 80-260V, 100-260V, 140-260V (ou personalizado)<\/td>\n<\/tr>\n<tr>\n<td colspan=\"2\" width=\"161\">Tens\u00e3o de sa\u00edda<\/td>\n<td colspan=\"6\" width=\"416\">AC 220V ou personalizado<\/td>\n<\/tr>\n<tr>\n<td colspan=\"2\" width=\"161\">Frequ\u00eancia<\/td>\n<td colspan=\"6\" width=\"416\">50Hz\/60Hz<\/td>\n<\/tr>\n<tr>\n<td colspan=\"2\" width=\"161\">Precis\u00e3o<\/td>\n<td colspan=\"6\" width=\"416\">\u00b110% ou personalizado<\/td>\n<\/tr>\n<tr>\n<td colspan=\"2\" width=\"161\">Efici\u00eancia<\/td>\n<td colspan=\"6\" width=\"416\">&gt;95%<\/td>\n<\/tr>\n<tr>\n<td colspan=\"2\" width=\"161\">Tipo de controlo<\/td>\n<td colspan=\"6\" width=\"416\">Tipo de rel\u00e9<\/td>\n<\/tr>\n<tr>\n<td colspan=\"2\" width=\"161\">Ecr\u00e3 digital<\/td>\n<td colspan=\"6\" width=\"416\">Mostra a tens\u00e3o de entrada e sa\u00edda, o r\u00e1cio de carga e o indicador de avaria<\/td>\n<\/tr>\n<tr>\n<td colspan=\"2\" width=\"161\">Prote\u00e7\u00e3o<\/td>\n<td colspan=\"6\" width=\"416\">Sobretemperatura, Sobretens\u00e3o, Subtens\u00e3o, Sobrecarga, Atraso de tempo<\/td>\n<\/tr>\n<tr>\n<td colspan=\"2\" width=\"161\">Temperatura ambiente<\/td>\n<td colspan=\"6\" width=\"416\">-10\u00b0C~+ 40\u00b0C<\/td>\n<\/tr>\n<tr>\n<td colspan=\"2\" width=\"161\">Humidade relativa<\/td>\n<td colspan=\"6\" width=\"416\">&lt;95%<\/td>\n<\/tr>\n<tr>\n<td colspan=\"2\" width=\"161\">Distor\u00e7\u00e3o de forma de onda<\/td>\n<td colspan=\"6\" width=\"416\">Sem distor\u00e7\u00e3o adicional da forma de onda<\/td>\n<\/tr>\n<tr>\n<td colspan=\"2\" width=\"161\">Resist\u00eancia de isolamento<\/td>\n<td colspan=\"6\" width=\"416\">Normalmente, mais de 2M\u03a9<\/td>\n<\/tr>\n<tr>\n<td colspan=\"2\" width=\"161\">Classe de isolamento<\/td>\n<td colspan=\"6\" width=\"416\">Classe B<\/td>\n<\/tr>\n<tr>\n<td rowspan=\"5\" width=\"62\">&nbsp;<\/p>\n<p>&nbsp;<\/p>\n<p>&nbsp;<\/p>\n<p>Prote\u00e7\u00e3o<\/td>\n<td width=\"99\">Sobretens\u00e3o<\/td>\n<td colspan=\"6\" width=\"416\">Tens\u00e3o de sa\u00edda \u2265 245V \u00b1 4V<\/td>\n<\/tr>\n<tr>\n<td width=\"99\">Baixa tens\u00e3o<\/td>\n<td colspan=\"6\" width=\"416\">Tens\u00e3o de sa\u00edda \u2264 180V \u00b1 4V<\/td>\n<\/tr>\n<tr>\n<td width=\"99\">Temperatura excessiva<\/td>\n<td colspan=\"6\" width=\"416\">95\u2103\u00b110\u2103<\/td>\n<\/tr>\n<tr>\n<td width=\"99\">Tempo de atraso<\/td>\n<td colspan=\"6\" width=\"416\">Tempo longo (180 segundos) \/ tempo curto (6 segundos)<\/td>\n<\/tr>\n<tr>\n<td width=\"99\">Subtens\u00e3o<\/td>\n<td colspan=\"6\" width=\"416\">Desativado por defeito, personaliz\u00e1vel se necess\u00e1rio<\/td>\n<\/tr>\n<tr>\n<td colspan=\"2\" width=\"161\">Pot\u00eancia<\/td>\n<td width=\"69\">1000VA<\/td>\n<td width=\"69\">2000VA<\/td>\n<td width=\"69\">3000VA<\/td>\n<td width=\"69\">5000VA<\/td>\n<td width=\"69\">8000VA<\/td>\n<td width=\"69\">10000VA<\/td>\n<\/tr>\n<tr>\n<td colspan=\"2\" width=\"161\">Tamanho (mm) L*W*H<\/td>\n<td width=\"69\">305*200*85<\/td>\n<td width=\"69\">305*200*85<\/td>\n<td width=\"69\">370*250*105<\/td>\n<td width=\"69\">370*250*105<\/td>\n<td width=\"69\">335*120*440<\/td>\n<td width=\"69\">335*120*440<\/td>\n<\/tr>\n<tr>\n<td colspan=\"2\" width=\"161\">N.W(kg)<\/td>\n<td width=\"69\">3.9<\/td>\n<td width=\"69\">4.34<\/td>\n<td width=\"69\">6.34<\/td>\n<td width=\"69\">8.3<\/td>\n<td width=\"69\">8.92<\/td>\n<td width=\"69\">16.35<\/td>\n<\/tr>\n<tr>\n<td colspan=\"8\" width=\"578\">O tamanho e o peso variam consoante a gama de tens\u00e3o, e est\u00e3o sujeitos ao product atual personalizado.<\/td>\n<\/tr>\n<\/tbody>\n<\/table>\n<h2 data-section-id=\"ce0tqk\" data-start=\"1557\" data-end=\"1574\" data-imt-p=\"1\">Aplica\u00e7\u00f5es<\/h2>\n<p data-start=\"1576\" data-end=\"1591\" data-imt-p=\"1\">Adequado para:<\/p>\n<ul data-start=\"1592\" data-end=\"1701\">\n<li data-section-id=\"mojtcl\" data-start=\"1592\" data-end=\"1632\">Televisores, frigor\u00edficos, aparelhos de ar condicionado<\/li>\n<li data-section-id=\"109xdqp\" data-start=\"1633\" data-end=\"1665\">Computadores, impressoras, routers<\/li>\n<li data-section-id=\"1f01eu1\" data-start=\"1666\" data-end=\"1701\">Lojas, escrit\u00f3rios, pequenos equipamentos<\/li>\n<\/ul>\n<p data-start=\"1703\" data-end=\"1793\" data-imt-p=\"1\">Garante um funcionamento est\u00e1vel e ajuda a evitar o sobreaquecimento, o mau funcionamento e a falha prematura.<\/p>\n<h2 data-section-id=\"14er4d7\" data-start=\"1900\" data-end=\"1930\" data-imt-p=\"1\">Estabilizador de rel\u00e9 vs Servo<\/h2>\n<ul data-start=\"1932\" data-end=\"2073\">\n<li data-section-id=\"1ug4qlg\" data-start=\"1932\" data-end=\"2005\"><strong data-start=\"1934\" data-end=\"1949\"><span style=\"color: #0000ff;\"><a style=\"color: #0000ff;\" href=\"\/pt\/product-category\/ac-voltage-stabilizer\/relay-type-avr\/\">Tipo de rel\u00e9 AVR<\/a><\/span>:<\/strong> R\u00e1pido, econ\u00f3mico e de baixa manuten\u00e7\u00e3o (melhor para uso dom\u00e9stico)<\/li>\n<li data-section-id=\"pbak85\" data-start=\"2006\" data-end=\"2073\"><strong data-start=\"2008\" data-end=\"2023\"><a href=\"\/pt\/product-category\/ac-voltage-stabilizer\/servo-voltage-stabilizer\/\"><span style=\"color: #0000ff;\">Tipo de servo<\/span> AVR<\/a>:<\/strong> Maior precis\u00e3o, utilizado para equipamento industrial<\/li>\n<\/ul>\n<h2 data-section-id=\"7vqe9r\" data-start=\"2080\" data-end=\"2100\" data-imt-p=\"1\">Guia de sele\u00e7\u00e3o<\/h2>\n<ul data-start=\"2102\" data-end=\"2249\">\n<li data-section-id=\"89qlxw\" data-start=\"2102\" data-end=\"2153\"><strong data-start=\"2104\" data-end=\"2124\">Estabilizador de 1KVA:<\/strong> Pequenas cargas (televisores, routers)<\/li>\n<li data-section-id=\"p83jpw\" data-start=\"2154\" data-end=\"2202\"><strong data-start=\"2156\" data-end=\"2167\">2-3KVA:<\/strong> Frigor\u00edfico, computador, pequeno ar condicionado<\/li>\n<li data-section-id=\"1fl3f39\" data-start=\"2203\" data-end=\"2249\"><strong data-start=\"2205\" data-end=\"2214\">5KVA:<\/strong> V\u00e1rios aparelhos ou AC de maiores dimens\u00f5es<\/li>\n<\/ul>\n<p data-start=\"2251\" data-end=\"2311\" data-imt-p=\"1\"><strong data-start=\"2251\" data-end=\"2259\">Sugest\u00e3o:<\/strong> Escolha 20-30% com uma capacidade superior \u00e0 sua carga total.<\/p>\n<h2>FAQ<\/h2>\n<p data-start=\"2472\" data-end=\"2596\" data-imt-p=\"1\"><strong data-start=\"2472\" data-end=\"2506\" data-imt-p=\"1\">Q1: Porqu\u00ea utilizar um estabilizador de 1kva?<\/strong><br data-start=\"2506\" data-end=\"2509\" \/>R: Mant\u00e9m a tens\u00e3o est\u00e1vel, protegendo os aparelhos contra danos e melhorando a sua vida \u00fatil.<\/p>\n<p data-start=\"2598\" data-end=\"2708\" data-imt-p=\"1\"><strong data-start=\"2598\" data-end=\"2636\" data-imt-p=\"1\">Q2: Pode funcionar com um aparelho de ar condicionado?<\/strong><br data-start=\"2636\" data-end=\"2639\" \/>R: Sim, mas normalmente recomenda-se 3KVA-5KVA, dependendo da pot\u00eancia CA.<\/p>\n<p data-start=\"2710\" data-end=\"2806\" data-imt-p=\"1\"><strong data-start=\"2710\" data-end=\"2745\" data-imt-p=\"1\">Q3: Consome muita energia?<\/strong><br data-start=\"2745\" data-end=\"2748\" \/>R: N\u00e3o, funciona de forma eficiente com perdas m\u00ednimas de energia.<\/p>\n<h2>Conclus\u00e3o<\/h2>\n<p>O estabilizador de tens\u00e3o de 1KVA a 5KVA, que \u00e9 montado na parede, \u00e9 uma solu\u00e7\u00e3o fi\u00e1vel, compacta e econ\u00f3mica para a prote\u00e7\u00e3o da tens\u00e3o. \u00c9 a melhor escolha para a prote\u00e7\u00e3o da tens\u00e3o devido ao seu tempo de resposta r\u00e1pido e \u00e0s suas m\u00faltiplas protec\u00e7\u00f5es.<\/p>","protected":false},"excerpt":{"rendered":"<p>O estabilizador de tens\u00e3o de rel\u00e9 montado na parede destina-se ao funcionamento seguro de aparelhos dom\u00e9sticos e pequenos aparelhos comerciais. Possui um transformador multitap controlado por rel\u00e9 que ajusta automaticamente as altera\u00e7\u00f5es na tens\u00e3o de entrada e fornece uma sa\u00edda constante de 220VAC.<\/p>\n<p>Este estabilizador compacto e f\u00e1cil de utilizar \u00e9 perfeito para casas, escrit\u00f3rios e lojas modernas.<\/p>","protected":false},"featured_media":22366,"template":"","meta":[],"product_brand":[],"product_cat":[103,110,106],"product_tag":[116],"class_list":{"0":"post-23068","1":"product","2":"type-product","3":"status-publish","4":"has-post-thumbnail","6":"product_cat-ac-voltage-stabilizer","7":"product_cat-home-voltage-stabilizer","8":"product_cat-relay-type-avr","9":"product_tag-voltage-stabilizer-for-microwave","11":"first","12":"instock","13":"taxable","14":"shipping-taxable","15":"product-type-simple"},"yoast_head":"<!-- This site is optimized with the Yoast SEO plugin v25.0 - https:\/\/yoast.com\/wordpress\/plugins\/seo\/ -->\n<title>Single Phase Voltage Stabilizer Manufacturer In China | Wall Relay AVR - PINE<\/title>\n<meta name=\"robots\" content=\"index, follow, max-snippet:-1, max-image-preview:large, max-video-preview:-1\" \/>\n<link rel=\"canonical\" href=\"https:\/\/www.tronkiele.com\/pt\/product\/1kva-voltage-stabilizer\/\" \/>\n<meta property=\"og:locale\" content=\"pt_PT\" \/>\n<meta property=\"og:type\" content=\"article\" \/>\n<meta property=\"og:title\" content=\"Single Phase Voltage Stabilizer Manufacturer In China | Wall Relay AVR - PINE\" \/>\n<meta property=\"og:description\" content=\"The wall-mounted relay voltage stabilizer is intended for the safe operation of household and small commercial appliances. It features a relay-controlled multi-tap transformer that automatically adjusts changes in the input voltage and provides a constant output of 220VAC.  This compact and easy-to-use stabilizer is perfect for modern homes, offices, and shops.\" \/>\n<meta property=\"og:url\" content=\"https:\/\/www.tronkiele.com\/pt\/product\/1kva-voltage-stabilizer\/\" \/>\n<meta property=\"og:site_name\" content=\"PINE\" \/>\n<meta property=\"article:modified_time\" content=\"2026-04-10T07:23:58+00:00\" \/>\n<meta property=\"og:image\" content=\"https:\/\/www.tronkiele.com\/wp-content\/uploads\/2025\/12\/Wall-Mounted-Voltage-Stabilizer-for-Small-Appliances.webp\" \/>\n\t<meta property=\"og:image:width\" content=\"600\" \/>\n\t<meta property=\"og:image:height\" content=\"600\" \/>\n\t<meta property=\"og:image:type\" content=\"image\/webp\" \/>\n<meta name=\"twitter:card\" content=\"summary_large_image\" \/>\n<meta name=\"twitter:label1\" content=\"Tempo estimado de leitura\" \/>\n\t<meta name=\"twitter:data1\" content=\"3 minutos\" \/>\n<script type=\"application\/ld+json\" class=\"yoast-schema-graph\">{\"@context\":\"https:\/\/schema.org\",\"@graph\":[{\"@type\":\"WebPage\",\"@id\":\"https:\/\/www.tronkiele.com\/product\/1kva-voltage-stabilizer\/\",\"url\":\"https:\/\/www.tronkiele.com\/product\/1kva-voltage-stabilizer\/\",\"name\":\"Single Phase Voltage Stabilizer Manufacturer In China | Wall Relay AVR - PINE\",\"isPartOf\":{\"@id\":\"https:\/\/www.tronkiele.com\/#website\"},\"primaryImageOfPage\":{\"@id\":\"https:\/\/www.tronkiele.com\/product\/1kva-voltage-stabilizer\/#primaryimage\"},\"image\":{\"@id\":\"https:\/\/www.tronkiele.com\/product\/1kva-voltage-stabilizer\/#primaryimage\"},\"thumbnailUrl\":\"https:\/\/www.tronkiele.com\/wp-content\/uploads\/2025\/12\/Wall-Mounted-Voltage-Stabilizer-for-Small-Appliances.webp\",\"datePublished\":\"2026-03-26T06:53:09+00:00\",\"dateModified\":\"2026-04-10T07:23:58+00:00\",\"breadcrumb\":{\"@id\":\"https:\/\/www.tronkiele.com\/product\/1kva-voltage-stabilizer\/#breadcrumb\"},\"inLanguage\":\"pt-PT\",\"potentialAction\":[{\"@type\":\"ReadAction\",\"target\":[\"https:\/\/www.tronkiele.com\/product\/1kva-voltage-stabilizer\/\"]}]},{\"@type\":\"ImageObject\",\"inLanguage\":\"pt-PT\",\"@id\":\"https:\/\/www.tronkiele.com\/product\/1kva-voltage-stabilizer\/#primaryimage\",\"url\":\"https:\/\/www.tronkiele.com\/wp-content\/uploads\/2025\/12\/Wall-Mounted-Voltage-Stabilizer-for-Small-Appliances.webp\",\"contentUrl\":\"https:\/\/www.tronkiele.com\/wp-content\/uploads\/2025\/12\/Wall-Mounted-Voltage-Stabilizer-for-Small-Appliances.webp\",\"width\":600,\"height\":600,\"caption\":\"Wall-Mounted Voltage Stabilizer for Small Appliances\"},{\"@type\":\"BreadcrumbList\",\"@id\":\"https:\/\/www.tronkiele.com\/product\/1kva-voltage-stabilizer\/#breadcrumb\",\"itemListElement\":[{\"@type\":\"ListItem\",\"position\":1,\"name\":\"Home\",\"item\":\"https:\/\/www.tronkiele.com\/\"},{\"@type\":\"ListItem\",\"position\":2,\"name\":\"Products\",\"item\":\"https:\/\/www.tronkiele.com\/shop\/\"},{\"@type\":\"ListItem\",\"position\":3,\"name\":\"1Kva 2Kva 3Kva 5Kva Single Phase Wall Relay Voltage Stabilizer For House\"}]},{\"@type\":\"WebSite\",\"@id\":\"https:\/\/www.tronkiele.com\/#website\",\"url\":\"https:\/\/www.tronkiele.com\/\",\"name\":\"PINE\",\"description\":\"\",\"publisher\":{\"@id\":\"https:\/\/www.tronkiele.com\/#organization\"},\"potentialAction\":[{\"@type\":\"SearchAction\",\"target\":{\"@type\":\"EntryPoint\",\"urlTemplate\":\"https:\/\/www.tronkiele.com\/?s={search_term_string}\"},\"query-input\":{\"@type\":\"PropertyValueSpecification\",\"valueRequired\":true,\"valueName\":\"search_term_string\"}}],\"inLanguage\":\"pt-PT\"},{\"@type\":\"Organization\",\"@id\":\"https:\/\/www.tronkiele.com\/#organization\",\"name\":\"PINE\",\"url\":\"https:\/\/www.tronkiele.com\/\",\"logo\":{\"@type\":\"ImageObject\",\"inLanguage\":\"pt-PT\",\"@id\":\"https:\/\/www.tronkiele.com\/#\/schema\/logo\/image\/\",\"url\":\"https:\/\/www.tronkiele.com\/wp-content\/uploads\/2024\/11\/cropped-tronki.webp\",\"contentUrl\":\"https:\/\/www.tronkiele.com\/wp-content\/uploads\/2024\/11\/cropped-tronki.webp\",\"width\":512,\"height\":512,\"caption\":\"PINE\"},\"image\":{\"@id\":\"https:\/\/www.tronkiele.com\/#\/schema\/logo\/image\/\"}}]}<\/script>\n<!-- \/ Yoast SEO plugin. -->","yoast_head_json":{"title":"Estabilizador de tens\u00e3o monof\u00e1sico Fabricante na China | Rel\u00e9 de parede AVR - PINE","robots":{"index":"index","follow":"follow","max-snippet":"max-snippet:-1","max-image-preview":"max-image-preview:large","max-video-preview":"max-video-preview:-1"},"canonical":"https:\/\/www.tronkiele.com\/pt\/product\/1kva-voltage-stabilizer\/","og_locale":"pt_PT","og_type":"article","og_title":"Single Phase Voltage Stabilizer Manufacturer In China | Wall Relay AVR - PINE","og_description":"The wall-mounted relay voltage stabilizer is intended for the safe operation of household and small commercial appliances. It features a relay-controlled multi-tap transformer that automatically adjusts changes in the input voltage and provides a constant output of 220VAC.  This compact and easy-to-use stabilizer is perfect for modern homes, offices, and shops.","og_url":"https:\/\/www.tronkiele.com\/pt\/product\/1kva-voltage-stabilizer\/","og_site_name":"PINE","article_modified_time":"2026-04-10T07:23:58+00:00","og_image":[{"width":600,"height":600,"url":"https:\/\/www.tronkiele.com\/wp-content\/uploads\/2025\/12\/Wall-Mounted-Voltage-Stabilizer-for-Small-Appliances.webp","type":"image\/webp"}],"twitter_card":"summary_large_image","twitter_misc":{"Tempo estimado de leitura":"3 minutos"},"schema":{"@context":"https:\/\/schema.org","@graph":[{"@type":"WebPage","@id":"https:\/\/www.tronkiele.com\/product\/1kva-voltage-stabilizer\/","url":"https:\/\/www.tronkiele.com\/product\/1kva-voltage-stabilizer\/","name":"Estabilizador de tens\u00e3o monof\u00e1sico Fabricante na China | Rel\u00e9 de parede AVR - PINE","isPartOf":{"@id":"https:\/\/www.tronkiele.com\/#website"},"primaryImageOfPage":{"@id":"https:\/\/www.tronkiele.com\/product\/1kva-voltage-stabilizer\/#primaryimage"},"image":{"@id":"https:\/\/www.tronkiele.com\/product\/1kva-voltage-stabilizer\/#primaryimage"},"thumbnailUrl":"https:\/\/www.tronkiele.com\/wp-content\/uploads\/2025\/12\/Wall-Mounted-Voltage-Stabilizer-for-Small-Appliances.webp","datePublished":"2026-03-26T06:53:09+00:00","dateModified":"2026-04-10T07:23:58+00:00","breadcrumb":{"@id":"https:\/\/www.tronkiele.com\/product\/1kva-voltage-stabilizer\/#breadcrumb"},"inLanguage":"pt-PT","potentialAction":[{"@type":"ReadAction","target":["https:\/\/www.tronkiele.com\/product\/1kva-voltage-stabilizer\/"]}]},{"@type":"ImageObject","inLanguage":"pt-PT","@id":"https:\/\/www.tronkiele.com\/product\/1kva-voltage-stabilizer\/#primaryimage","url":"https:\/\/www.tronkiele.com\/wp-content\/uploads\/2025\/12\/Wall-Mounted-Voltage-Stabilizer-for-Small-Appliances.webp","contentUrl":"https:\/\/www.tronkiele.com\/wp-content\/uploads\/2025\/12\/Wall-Mounted-Voltage-Stabilizer-for-Small-Appliances.webp","width":600,"height":600,"caption":"Wall-Mounted Voltage Stabilizer for Small Appliances"},{"@type":"BreadcrumbList","@id":"https:\/\/www.tronkiele.com\/product\/1kva-voltage-stabilizer\/#breadcrumb","itemListElement":[{"@type":"ListItem","position":1,"name":"Home","item":"https:\/\/www.tronkiele.com\/"},{"@type":"ListItem","position":2,"name":"Products","item":"https:\/\/www.tronkiele.com\/shop\/"},{"@type":"ListItem","position":3,"name":"1Kva 2Kva 3Kva 5Kva Single Phase Wall Relay Voltage Stabilizer For House"}]},{"@type":"WebSite","@id":"https:\/\/www.tronkiele.com\/#website","url":"https:\/\/www.tronkiele.com\/","name":"PINHEIRO","description":"","publisher":{"@id":"https:\/\/www.tronkiele.com\/#organization"},"potentialAction":[{"@type":"SearchAction","target":{"@type":"EntryPoint","urlTemplate":"https:\/\/www.tronkiele.com\/?s={search_term_string}"},"query-input":{"@type":"PropertyValueSpecification","valueRequired":true,"valueName":"search_term_string"}}],"inLanguage":"pt-PT"},{"@type":"Organization","@id":"https:\/\/www.tronkiele.com\/#organization","name":"PINHEIRO","url":"https:\/\/www.tronkiele.com\/","logo":{"@type":"ImageObject","inLanguage":"pt-PT","@id":"https:\/\/www.tronkiele.com\/#\/schema\/logo\/image\/","url":"https:\/\/www.tronkiele.com\/wp-content\/uploads\/2024\/11\/cropped-tronki.webp","contentUrl":"https:\/\/www.tronkiele.com\/wp-content\/uploads\/2024\/11\/cropped-tronki.webp","width":512,"height":512,"caption":"PINE"},"image":{"@id":"https:\/\/www.tronkiele.com\/#\/schema\/logo\/image\/"}}]}},"_links":{"self":[{"href":"https:\/\/www.tronkiele.com\/pt\/wp-json\/wp\/v2\/product\/23068","targetHints":{"allow":["GET"]}}],"collection":[{"href":"https:\/\/www.tronkiele.com\/pt\/wp-json\/wp\/v2\/product"}],"about":[{"href":"https:\/\/www.tronkiele.com\/pt\/wp-json\/wp\/v2\/types\/product"}],"version-history":[{"count":5,"href":"https:\/\/www.tronkiele.com\/pt\/wp-json\/wp\/v2\/product\/23068\/revisions"}],"predecessor-version":[{"id":23074,"href":"https:\/\/www.tronkiele.com\/pt\/wp-json\/wp\/v2\/product\/23068\/revisions\/23074"}],"wp:featuredmedia":[{"embeddable":true,"href":"https:\/\/www.tronkiele.com\/pt\/wp-json\/wp\/v2\/media\/22366"}],"wp:attachment":[{"href":"https:\/\/www.tronkiele.com\/pt\/wp-json\/wp\/v2\/media?parent=23068"}],"wp:term":[{"taxonomy":"product_brand","embeddable":true,"href":"https:\/\/www.tronkiele.com\/pt\/wp-json\/wp\/v2\/product_brand?post=23068"},{"taxonomy":"product_cat","embeddable":true,"href":"https:\/\/www.tronkiele.com\/pt\/wp-json\/wp\/v2\/product_cat?post=23068"},{"taxonomy":"product_tag","embeddable":true,"href":"https:\/\/www.tronkiele.com\/pt\/wp-json\/wp\/v2\/product_tag?post=23068"}],"curies":[{"name":"wp","href":"https:\/\/api.w.org\/{rel}","templated":true}]}}