{"id":2592,"date":"2024-11-29T08:14:42","date_gmt":"2024-11-29T08:14:42","guid":{"rendered":"https:\/\/www.tronkiele.com\/?post_type=product&#038;p=2592"},"modified":"2025-04-30T13:49:53","modified_gmt":"2025-04-30T13:49:53","slug":"10mva-33-11kv-power-pad-mounted-transformer","status":"publish","type":"product","link":"https:\/\/www.tronkiele.com\/pt\/product\/10mva-33-11kv-power-pad-mounted-transformer\/","title":{"rendered":"Transformador de pot\u00eancia de 10MVA 33\/11kV montado em bloco"},"content":{"rendered":"<h2>Comunica\u00e7\u00e3o \u00e0 medida<\/h2>\n<p>Desde o projeto inicial at\u00e9 \u00e0 vers\u00e3o final, os engenheiros da TRONKI trabalham em estreita colabora\u00e7\u00e3o com os clientes para se alinharem com os requisitos espec\u00edficos das normas, par\u00e2metros e acess\u00f3rios do transformador de 69kV, garantindo a total conformidade com as normas IEEE.<\/p>\n<h2>Solu\u00e7\u00f5es de design personalizadas<\/h2>\n<p>Com uma vasta experi\u00eancia em mercados internacionais e uma ades\u00e3o rigorosa \u00e0s normas IEEE\/ANSI, a equipa de engenharia da TRONKI aperfei\u00e7oa continuamente os processos de tanques e tintas para responder a requisitos t\u00e9cnicos \u00fanicos e fornecer solu\u00e7\u00f5es optimizadas.<\/p>\n<h2><strong>Personaliza\u00e7\u00e3o do transformador<\/strong><\/h2>\n<table>\n<tbody>\n<tr>\n<td width=\"35.8600%\">Tipo<\/td>\n<td width=\"64.1200%\">Transformador de pot\u00eancia imerso em \u00f3leo<\/td>\n<\/tr>\n<tr>\n<td width=\"35.8600%\">Frequ\u00eancia<\/td>\n<td width=\"64.1200%\">50Hz\/60Hz<\/td>\n<\/tr>\n<tr>\n<td width=\"35.8600%\">Material<\/td>\n<td width=\"64.1200%\">Cobre<\/td>\n<\/tr>\n<tr>\n<td width=\"35.8600%\">Capacidade nominal<\/td>\n<td width=\"64.1200%\">10000kVA<\/td>\n<\/tr>\n<tr>\n<td width=\"35.8600%\">Padr\u00e3o<\/td>\n<td width=\"64.1200%\">IEC60076<\/td>\n<\/tr>\n<tr>\n<td width=\"35.8600%\">Pot\u00eancia nominal<\/td>\n<td width=\"64.1200%\">10 MVA<\/td>\n<\/tr>\n<tr>\n<td width=\"35.8600%\">Tens\u00e3o de entrada<\/td>\n<td width=\"64.1200%\">35kV\/38,5kV<\/td>\n<\/tr>\n<tr>\n<td width=\"35.8600%\">Tens\u00e3o de sa\u00edda<\/td>\n<td width=\"64.1200%\">11 kV<\/td>\n<\/tr>\n<tr>\n<td width=\"35.8600%\">M\u00e9todo de arrefecimento<\/td>\n<td width=\"64.1200%\">ONAN<\/td>\n<\/tr>\n<tr>\n<td width=\"35.8600%\">Utiliza\u00e7\u00e3o<\/td>\n<td width=\"64.1200%\">Pot\u00eancia<\/td>\n<\/tr>\n<tr>\n<td width=\"35.8600%\">Fase<\/td>\n<td width=\"64.1200%\">Tr\u00eas<\/td>\n<\/tr>\n<tr>\n<td width=\"35.8600%\">Estrutura da bobina<\/td>\n<td width=\"64.1200%\">TOROIDAL<\/td>\n<\/tr>\n<tr>\n<td width=\"35.8600%\">N\u00famero da bobina<\/td>\n<td width=\"64.1200%\">AUTOTRANSFORMADOR<\/td>\n<\/tr>\n<tr>\n<td width=\"35.8600%\">Grupo Vetor<\/td>\n<td width=\"64.1200%\">Dyn11<\/td>\n<\/tr>\n<tr>\n<td width=\"35.8600%\">Mudan\u00e7a de torneira<\/td>\n<td width=\"64.1200%\">OLTC<\/td>\n<\/tr>\n<tr>\n<td width=\"35.8600%\">Sem perda de carga<\/td>\n<td width=\"64.1200%\">9kW<\/td>\n<\/tr>\n<tr>\n<td width=\"35.8600%\">Perda de carga<\/td>\n<td width=\"64.1200%\">48kW<\/td>\n<\/tr>\n<\/tbody>\n<\/table>\n<h2>Carater\u00edsticas principais<\/h2>\n<p><strong>Enrolamentos<\/strong><br \/>\nOs enrolamentos s\u00e3o constru\u00eddos utilizando condutores de cobre eletrol\u00edtico ou de alum\u00ednio de alta qualidade, emparelhados com isolamento de papel kraft revestido a ep\u00f3xi para um desempenho t\u00e9rmico superior. Este papel kraft proporciona uma maior capacidade de sobrecarga a curto prazo em compara\u00e7\u00e3o com os materiais de isolamento tradicionais.<\/p>\n<p><strong>N\u00facleo<\/strong><br \/>\nO n\u00facleo foi concebido para uma efici\u00eancia m\u00e1xima e um ru\u00eddo m\u00ednimo. O corte de precis\u00e3o do n\u00facleo, guiado por um sistema controlado por computador, garante a exatid\u00e3o das dimens\u00f5es. O empilhamento laminado melhora ainda mais o desempenho do transformador imerso em \u00f3leo, oferecendo solu\u00e7\u00f5es personalizadas para cada cliente.<\/p>\n<p><strong>Radiador<\/strong><br \/>\nEquipado com radiadores do tipo painel ou ondulados, o transformador assegura uma dissipa\u00e7\u00e3o de calor eficaz. Isto garante que as temperaturas do enrolamento e do \u00f3leo se mant\u00eam dentro dos limites especificados, mesmo em condi\u00e7\u00f5es de carga m\u00e1xima.<\/p>\n<p><strong>Normas de ensaio<\/strong><br \/>\nO transformador \u00e9 submetido a testes exaustivos de acordo com as normas IEEE C57.12.00 e IEEE C57.12.90. Todos os testes s\u00e3o conclu\u00eddos com \u00eaxito num \u00fanico ciclo, garantindo uma fiabilidade sem paralelo:<\/p>\n<p>Testes de rela\u00e7\u00e3o, polaridade e rela\u00e7\u00e3o de fase<br \/>\nEnsaios de medi\u00e7\u00e3o da resist\u00eancia do enrolamento<br \/>\nFator de pot\u00eancia do isolamento<br \/>\nTeste de Impulso de Onda Completa e de Onda Reduzida<br \/>\nEnsaios de potencial aplicado e induzido<br \/>\nPerdas em vazio e em carga \u00e0 corrente nominal<br \/>\nPercentagem de imped\u00e2ncia \u00e0 corrente nominal<br \/>\nTeste de fugas<br \/>\nTeste de funcionalidade do arm\u00e1rio de controlo<br \/>\nLog\u00edstica e entrega sem falhas<br \/>\nManuseamento especializado<br \/>\nCom mais de uma d\u00e9cada de experi\u00eancia no fabrico e exporta\u00e7\u00e3o de transformadores, a TRONKI garante uma embalagem e transporte seguros e eficientes.<\/p>\n<h2>Solu\u00e7\u00f5es de envio personalizadas<\/h2>\n<p>Para os grandes transformadores de 69kV com mais de 3 metros de altura e 50 toneladas de peso, os casquilhos de alta tens\u00e3o, radiadores, ventiladores e outros acess\u00f3rios s\u00e3o cuidadosamente desmontados e enviados separadamente.<\/p>\n<p>O corpo do transformador \u00e9 colocado em contentores abertos especializados para um transporte seguro.<br \/>\nOs acess\u00f3rios s\u00e3o meticulosamente embalados em caixas de madeira duradouras para os proteger durante o transporte.<\/p>","protected":false},"excerpt":{"rendered":"<p>O nosso transformador montado em bloco de pot\u00eancia de 10MVA 33\/11kV \u00e9 concebido e fabricado apenas ap\u00f3s verifica\u00e7\u00e3o atrav\u00e9s de procedimentos de conce\u00e7\u00e3o, procedimentos de an\u00e1lise de campo eletromagn\u00e9tico e procedimentos de an\u00e1lise estrutural.<\/p>","protected":false},"featured_media":2594,"template":"","meta":[],"product_brand":[],"product_cat":[34,33],"product_tag":[],"class_list":{"0":"post-2592","1":"product","2":"type-product","3":"status-publish","4":"has-post-thumbnail","6":"product_cat-oil-transformer","7":"product_cat-power-transformer","9":"first","10":"instock","11":"featured","12":"taxable","13":"shipping-taxable","14":"product-type-simple"},"yoast_head":"<!-- This site is optimized with the Yoast SEO plugin v25.0 - https:\/\/yoast.com\/wordpress\/plugins\/seo\/ -->\n<title>10MVA 33\/11kV Power Pad Mounted Transformer - PINE<\/title>\n<meta name=\"robots\" content=\"index, follow, max-snippet:-1, max-image-preview:large, max-video-preview:-1\" \/>\n<link rel=\"canonical\" href=\"https:\/\/www.tronkiele.com\/pt\/product\/10mva-33-11kv-power-pad-mounted-transformer\/\" \/>\n<meta property=\"og:locale\" content=\"pt_PT\" \/>\n<meta property=\"og:type\" content=\"article\" \/>\n<meta property=\"og:title\" content=\"10MVA 33\/11kV Power Pad Mounted Transformer - PINE\" \/>\n<meta property=\"og:description\" content=\"Our 10MVA 33\/11kV Power Pad Mounted Transformer are designed and manufactured only after verification through design procedures, electromagnetic field analysis procedures, and structural analysis procedures.\" \/>\n<meta property=\"og:url\" content=\"https:\/\/www.tronkiele.com\/pt\/product\/10mva-33-11kv-power-pad-mounted-transformer\/\" \/>\n<meta property=\"og:site_name\" content=\"PINE\" \/>\n<meta property=\"article:modified_time\" content=\"2025-04-30T13:49:53+00:00\" \/>\n<meta property=\"og:image\" content=\"https:\/\/www.tronkiele.com\/wp-content\/uploads\/2024\/11\/10MVA-33-11kV-Power-Pad-Mounted-Transformer.webp\" \/>\n\t<meta property=\"og:image:width\" content=\"600\" \/>\n\t<meta property=\"og:image:height\" content=\"600\" \/>\n\t<meta property=\"og:image:type\" content=\"image\/webp\" \/>\n<meta name=\"twitter:card\" content=\"summary_large_image\" \/>\n<meta name=\"twitter:label1\" content=\"Tempo estimado de leitura\" \/>\n\t<meta name=\"twitter:data1\" content=\"2 minutos\" \/>\n<script type=\"application\/ld+json\" class=\"yoast-schema-graph\">{\"@context\":\"https:\/\/schema.org\",\"@graph\":[{\"@type\":\"WebPage\",\"@id\":\"https:\/\/www.tronkiele.com\/product\/10mva-33-11kv-power-pad-mounted-transformer\/\",\"url\":\"https:\/\/www.tronkiele.com\/product\/10mva-33-11kv-power-pad-mounted-transformer\/\",\"name\":\"10MVA 33\/11kV Power Pad Mounted Transformer - PINE\",\"isPartOf\":{\"@id\":\"https:\/\/www.tronkiele.com\/#website\"},\"primaryImageOfPage\":{\"@id\":\"https:\/\/www.tronkiele.com\/product\/10mva-33-11kv-power-pad-mounted-transformer\/#primaryimage\"},\"image\":{\"@id\":\"https:\/\/www.tronkiele.com\/product\/10mva-33-11kv-power-pad-mounted-transformer\/#primaryimage\"},\"thumbnailUrl\":\"https:\/\/www.tronkiele.com\/wp-content\/uploads\/2024\/11\/10MVA-33-11kV-Power-Pad-Mounted-Transformer.webp\",\"datePublished\":\"2024-11-29T08:14:42+00:00\",\"dateModified\":\"2025-04-30T13:49:53+00:00\",\"breadcrumb\":{\"@id\":\"https:\/\/www.tronkiele.com\/product\/10mva-33-11kv-power-pad-mounted-transformer\/#breadcrumb\"},\"inLanguage\":\"pt-PT\",\"potentialAction\":[{\"@type\":\"ReadAction\",\"target\":[\"https:\/\/www.tronkiele.com\/product\/10mva-33-11kv-power-pad-mounted-transformer\/\"]}]},{\"@type\":\"ImageObject\",\"inLanguage\":\"pt-PT\",\"@id\":\"https:\/\/www.tronkiele.com\/product\/10mva-33-11kv-power-pad-mounted-transformer\/#primaryimage\",\"url\":\"https:\/\/www.tronkiele.com\/wp-content\/uploads\/2024\/11\/10MVA-33-11kV-Power-Pad-Mounted-Transformer.webp\",\"contentUrl\":\"https:\/\/www.tronkiele.com\/wp-content\/uploads\/2024\/11\/10MVA-33-11kV-Power-Pad-Mounted-Transformer.webp\",\"width\":600,\"height\":600,\"caption\":\"10MVA 33 11kV Power Pad Mounted Transformer\"},{\"@type\":\"BreadcrumbList\",\"@id\":\"https:\/\/www.tronkiele.com\/product\/10mva-33-11kv-power-pad-mounted-transformer\/#breadcrumb\",\"itemListElement\":[{\"@type\":\"ListItem\",\"position\":1,\"name\":\"Home\",\"item\":\"https:\/\/www.tronkiele.com\/\"},{\"@type\":\"ListItem\",\"position\":2,\"name\":\"Products\",\"item\":\"https:\/\/www.tronkiele.com\/shop\/\"},{\"@type\":\"ListItem\",\"position\":3,\"name\":\"10MVA 33\/11kV Power Pad Mounted Transformer\"}]},{\"@type\":\"WebSite\",\"@id\":\"https:\/\/www.tronkiele.com\/#website\",\"url\":\"https:\/\/www.tronkiele.com\/\",\"name\":\"PINE\",\"description\":\"\",\"publisher\":{\"@id\":\"https:\/\/www.tronkiele.com\/#organization\"},\"potentialAction\":[{\"@type\":\"SearchAction\",\"target\":{\"@type\":\"EntryPoint\",\"urlTemplate\":\"https:\/\/www.tronkiele.com\/?s={search_term_string}\"},\"query-input\":{\"@type\":\"PropertyValueSpecification\",\"valueRequired\":true,\"valueName\":\"search_term_string\"}}],\"inLanguage\":\"pt-PT\"},{\"@type\":\"Organization\",\"@id\":\"https:\/\/www.tronkiele.com\/#organization\",\"name\":\"PINE\",\"url\":\"https:\/\/www.tronkiele.com\/\",\"logo\":{\"@type\":\"ImageObject\",\"inLanguage\":\"pt-PT\",\"@id\":\"https:\/\/www.tronkiele.com\/#\/schema\/logo\/image\/\",\"url\":\"https:\/\/www.tronkiele.com\/wp-content\/uploads\/2024\/11\/cropped-tronki.webp\",\"contentUrl\":\"https:\/\/www.tronkiele.com\/wp-content\/uploads\/2024\/11\/cropped-tronki.webp\",\"width\":512,\"height\":512,\"caption\":\"PINE\"},\"image\":{\"@id\":\"https:\/\/www.tronkiele.com\/#\/schema\/logo\/image\/\"}}]}<\/script>\n<!-- \/ Yoast SEO plugin. -->","yoast_head_json":{"title":"10MVA 33\/11kV Transformador montado em bloco de pot\u00eancia - PINE","robots":{"index":"index","follow":"follow","max-snippet":"max-snippet:-1","max-image-preview":"max-image-preview:large","max-video-preview":"max-video-preview:-1"},"canonical":"https:\/\/www.tronkiele.com\/pt\/product\/10mva-33-11kv-power-pad-mounted-transformer\/","og_locale":"pt_PT","og_type":"article","og_title":"10MVA 33\/11kV Power Pad Mounted Transformer - PINE","og_description":"Our 10MVA 33\/11kV Power Pad Mounted Transformer are designed and manufactured only after verification through design procedures, electromagnetic field analysis procedures, and structural analysis procedures.","og_url":"https:\/\/www.tronkiele.com\/pt\/product\/10mva-33-11kv-power-pad-mounted-transformer\/","og_site_name":"PINE","article_modified_time":"2025-04-30T13:49:53+00:00","og_image":[{"width":600,"height":600,"url":"https:\/\/www.tronkiele.com\/wp-content\/uploads\/2024\/11\/10MVA-33-11kV-Power-Pad-Mounted-Transformer.webp","type":"image\/webp"}],"twitter_card":"summary_large_image","twitter_misc":{"Tempo estimado de leitura":"2 minutos"},"schema":{"@context":"https:\/\/schema.org","@graph":[{"@type":"WebPage","@id":"https:\/\/www.tronkiele.com\/product\/10mva-33-11kv-power-pad-mounted-transformer\/","url":"https:\/\/www.tronkiele.com\/product\/10mva-33-11kv-power-pad-mounted-transformer\/","name":"10MVA 33\/11kV Transformador montado em bloco de pot\u00eancia - PINE","isPartOf":{"@id":"https:\/\/www.tronkiele.com\/#website"},"primaryImageOfPage":{"@id":"https:\/\/www.tronkiele.com\/product\/10mva-33-11kv-power-pad-mounted-transformer\/#primaryimage"},"image":{"@id":"https:\/\/www.tronkiele.com\/product\/10mva-33-11kv-power-pad-mounted-transformer\/#primaryimage"},"thumbnailUrl":"https:\/\/www.tronkiele.com\/wp-content\/uploads\/2024\/11\/10MVA-33-11kV-Power-Pad-Mounted-Transformer.webp","datePublished":"2024-11-29T08:14:42+00:00","dateModified":"2025-04-30T13:49:53+00:00","breadcrumb":{"@id":"https:\/\/www.tronkiele.com\/product\/10mva-33-11kv-power-pad-mounted-transformer\/#breadcrumb"},"inLanguage":"pt-PT","potentialAction":[{"@type":"ReadAction","target":["https:\/\/www.tronkiele.com\/product\/10mva-33-11kv-power-pad-mounted-transformer\/"]}]},{"@type":"ImageObject","inLanguage":"pt-PT","@id":"https:\/\/www.tronkiele.com\/product\/10mva-33-11kv-power-pad-mounted-transformer\/#primaryimage","url":"https:\/\/www.tronkiele.com\/wp-content\/uploads\/2024\/11\/10MVA-33-11kV-Power-Pad-Mounted-Transformer.webp","contentUrl":"https:\/\/www.tronkiele.com\/wp-content\/uploads\/2024\/11\/10MVA-33-11kV-Power-Pad-Mounted-Transformer.webp","width":600,"height":600,"caption":"10MVA 33 11kV Power Pad Mounted Transformer"},{"@type":"BreadcrumbList","@id":"https:\/\/www.tronkiele.com\/product\/10mva-33-11kv-power-pad-mounted-transformer\/#breadcrumb","itemListElement":[{"@type":"ListItem","position":1,"name":"Home","item":"https:\/\/www.tronkiele.com\/"},{"@type":"ListItem","position":2,"name":"Products","item":"https:\/\/www.tronkiele.com\/shop\/"},{"@type":"ListItem","position":3,"name":"10MVA 33\/11kV Power Pad Mounted Transformer"}]},{"@type":"WebSite","@id":"https:\/\/www.tronkiele.com\/#website","url":"https:\/\/www.tronkiele.com\/","name":"PINHEIRO","description":"","publisher":{"@id":"https:\/\/www.tronkiele.com\/#organization"},"potentialAction":[{"@type":"SearchAction","target":{"@type":"EntryPoint","urlTemplate":"https:\/\/www.tronkiele.com\/?s={search_term_string}"},"query-input":{"@type":"PropertyValueSpecification","valueRequired":true,"valueName":"search_term_string"}}],"inLanguage":"pt-PT"},{"@type":"Organization","@id":"https:\/\/www.tronkiele.com\/#organization","name":"PINHEIRO","url":"https:\/\/www.tronkiele.com\/","logo":{"@type":"ImageObject","inLanguage":"pt-PT","@id":"https:\/\/www.tronkiele.com\/#\/schema\/logo\/image\/","url":"https:\/\/www.tronkiele.com\/wp-content\/uploads\/2024\/11\/cropped-tronki.webp","contentUrl":"https:\/\/www.tronkiele.com\/wp-content\/uploads\/2024\/11\/cropped-tronki.webp","width":512,"height":512,"caption":"PINE"},"image":{"@id":"https:\/\/www.tronkiele.com\/#\/schema\/logo\/image\/"}}]}},"_links":{"self":[{"href":"https:\/\/www.tronkiele.com\/pt\/wp-json\/wp\/v2\/product\/2592","targetHints":{"allow":["GET"]}}],"collection":[{"href":"https:\/\/www.tronkiele.com\/pt\/wp-json\/wp\/v2\/product"}],"about":[{"href":"https:\/\/www.tronkiele.com\/pt\/wp-json\/wp\/v2\/types\/product"}],"version-history":[{"count":2,"href":"https:\/\/www.tronkiele.com\/pt\/wp-json\/wp\/v2\/product\/2592\/revisions"}],"predecessor-version":[{"id":21557,"href":"https:\/\/www.tronkiele.com\/pt\/wp-json\/wp\/v2\/product\/2592\/revisions\/21557"}],"wp:featuredmedia":[{"embeddable":true,"href":"https:\/\/www.tronkiele.com\/pt\/wp-json\/wp\/v2\/media\/2594"}],"wp:attachment":[{"href":"https:\/\/www.tronkiele.com\/pt\/wp-json\/wp\/v2\/media?parent=2592"}],"wp:term":[{"taxonomy":"product_brand","embeddable":true,"href":"https:\/\/www.tronkiele.com\/pt\/wp-json\/wp\/v2\/product_brand?post=2592"},{"taxonomy":"product_cat","embeddable":true,"href":"https:\/\/www.tronkiele.com\/pt\/wp-json\/wp\/v2\/product_cat?post=2592"},{"taxonomy":"product_tag","embeddable":true,"href":"https:\/\/www.tronkiele.com\/pt\/wp-json\/wp\/v2\/product_tag?post=2592"}],"curies":[{"name":"wp","href":"https:\/\/api.w.org\/{rel}","templated":true}]}}