{"id":2597,"date":"2024-11-29T08:53:04","date_gmt":"2024-11-29T08:53:04","guid":{"rendered":"https:\/\/www.tronkiele.com\/?post_type=product&#038;p=2597"},"modified":"2025-04-30T13:49:03","modified_gmt":"2025-04-30T13:49:03","slug":"sz11-35kv-oil-immersed-substation-ac-transformer","status":"publish","type":"product","link":"https:\/\/www.tronkiele.com\/pt\/product\/sz11-35kv-oil-immersed-substation-ac-transformer\/","title":{"rendered":"Transformador CA para subesta\u00e7\u00e3o imersa em \u00f3leo SZ11-35KV"},"content":{"rendered":"<h2>\u00c2mbito de aplica\u00e7\u00e3o<\/h2>\n<p>O transformador imerso em \u00f3leo 800~31500\/35 \u00e9 adequado para um sistema AC 50Hz com uma tens\u00e3o de trabalho nominal de 35kV. \u00c9 o equipamento principal para subesta\u00e7\u00f5es de pequena e m\u00e9dia dimens\u00e3o, assegurando uma transforma\u00e7\u00e3o fi\u00e1vel da tens\u00e3o nas redes de distribui\u00e7\u00e3o de energia.<\/p>\n<h2>Condi\u00e7\u00f5es de funcionamento<\/h2>\n<p>Altitude de instala\u00e7\u00e3o: At\u00e9 1000 metros acima do n\u00edvel do mar<br \/>\nTemperatura ambiente: -40\u00b0C a +40\u00b0C<\/p>\n<h2>Carater\u00edsticas estruturais<\/h2>\n<p><strong>N\u00facleo de ferro<\/strong><\/p>\n<p>N\u00facleo: O n\u00facleo \u00e9 feito de a\u00e7o sil\u00edcio laminado a frio de alta permeabilidade com orienta\u00e7\u00e3o de gr\u00e3o magn\u00e9tico, totalmente processado para proporcionar a m\u00e1xima efici\u00eancia. Tipo de n\u00facleo: Constru\u00e7\u00e3o do tipo n\u00facleo - empilhamento completo de juntas obl\u00edquas. Coluna do n\u00facleo: A coluna do n\u00facleo tem uma sec\u00e7\u00e3o transversal circular de v\u00e1rios passos. As sec\u00e7\u00f5es da forquilha de ferro e do n\u00facleo t\u00eam dimens\u00f5es de sec\u00e7\u00e3o transversal iguais para proporcionar um desempenho uniforme.<\/p>\n<p><strong>Enrolamentos<\/strong><\/p>\n<p>Os enrolamentos s\u00e3o constitu\u00eddos por bobinas coaxiais. Os enrolamentos de alta tens\u00e3o t\u00eam deriva\u00e7\u00f5es para a regula\u00e7\u00e3o da tens\u00e3o, \u00e0s quais est\u00e1 ligado um comutador de deriva\u00e7\u00f5es. O comutador de deriva\u00e7\u00e3o \u00e9 convenientemente montado na tampa do transformador para a regula\u00e7\u00e3o da tens\u00e3o sem interrup\u00e7\u00e3o da alimenta\u00e7\u00e3o.<\/p>\n<p><strong>Dispositivos de prote\u00e7\u00e3o de seguran\u00e7a<\/strong><\/p>\n<p>Rel\u00e9 de g\u00e1s: Proporciona prote\u00e7\u00e3o autom\u00e1tica em caso de acumula\u00e7\u00e3o de g\u00e1s no interior do transformador.<br \/>\nV\u00e1lvula de al\u00edvio de press\u00e3o: Proporciona prote\u00e7\u00e3o ao transformador atrav\u00e9s da liberta\u00e7\u00e3o do excesso de press\u00e3o quando necess\u00e1rio.<\/p>\n<p><strong>Dispositivos de prote\u00e7\u00e3o do \u00f3leo<\/strong><\/p>\n<p>Tanque de armazenamento de \u00f3leo: Um indicador de n\u00edvel de \u00f3leo integrado monitoriza o estado do \u00f3leo.<\/p>\n<p>Absorvedor de humidade: O dispositivo est\u00e1 equipado com um vedante de \u00f3leo que bloqueia a entrada de humidade no dep\u00f3sito de armazenamento do \u00f3leo para garantir a preserva\u00e7\u00e3o da sua qualidade.<br \/>\nMonitoriza\u00e7\u00e3o da temperatura do \u00f3leo<br \/>\nTubo term\u00f3metro de vidro para medi\u00e7\u00e3o da temperatura do \u00f3leo instalado no topo do reservat\u00f3rio de \u00f3leo (posi\u00e7\u00e3o 120 \u00b1 10 mm de profundidade).<\/p>\n<p>Um transformador com uma pot\u00eancia nominal de 1000kVA e superior ser\u00e1 equipado com um term\u00f3metro de sinaliza\u00e7\u00e3o exterior.<\/p>\n<h2>Tanque de transformador e acess\u00f3rios<\/h2>\n<p>Constru\u00e7\u00e3o da cisterna: De acordo com a norma GB6451-1999, a constru\u00e7\u00e3o da cisterna deve permitir a soldadura na posi\u00e7\u00e3o correta para manter a resist\u00eancia estrutural.<br \/>\nV\u00e1lvula de amostragem de \u00f3leo: Situada na parede inferior do dep\u00f3sito de \u00f3leo para facilitar a recolha de amostras.<br \/>\nV\u00e1lvula de drenagem de \u00f3leo: V\u00e1lvula de descarga de \u00f3leo de grandes dimens\u00f5es no fundo do dep\u00f3sito para uma drenagem e manuten\u00e7\u00e3o f\u00e1ceis do \u00f3leo.<br \/>\nEste transformador imerso em \u00f3leo SZ11-35KV possui carater\u00edsticas de conce\u00e7\u00e3o robustas e mecanismos de seguran\u00e7a, garantindo assim uma fiabilidade a longo prazo para um desempenho eficiente em aplica\u00e7\u00f5es de subesta\u00e7\u00e3o e distribui\u00e7\u00e3o de energia.<\/p>","protected":false},"excerpt":{"rendered":"<p>O transformador imerso em \u00f3leo 800~31500\/35 \u00e9 utilizado para sistemas de energia de 35kV AC 50Hz, que pode ser aplicado em subesta\u00e7\u00f5es de pequena e m\u00e9dia dimens\u00e3o. Oferece um desempenho fi\u00e1vel e eficiente, satisfazendo as necessidades de transmiss\u00e3o e distribui\u00e7\u00e3o de energia.<\/p>","protected":false},"featured_media":2598,"template":"","meta":[],"product_brand":[],"product_cat":[34,33],"product_tag":[],"class_list":{"0":"post-2597","1":"product","2":"type-product","3":"status-publish","4":"has-post-thumbnail","6":"product_cat-oil-transformer","7":"product_cat-power-transformer","9":"first","10":"instock","11":"featured","12":"taxable","13":"shipping-taxable","14":"product-type-simple"},"yoast_head":"<!-- This site is optimized with the Yoast SEO plugin v25.0 - https:\/\/yoast.com\/wordpress\/plugins\/seo\/ -->\n<title>SZ11-35KV Oil-Immersed Substation AC Transformer - PINE-ZHENGXI<\/title>\n<meta name=\"robots\" content=\"index, follow, max-snippet:-1, max-image-preview:large, max-video-preview:-1\" \/>\n<link rel=\"canonical\" href=\"https:\/\/www.tronkiele.com\/pt\/product\/sz11-35kv-oil-immersed-substation-ac-transformer\/\" \/>\n<meta property=\"og:locale\" content=\"pt_PT\" \/>\n<meta property=\"og:type\" content=\"article\" \/>\n<meta property=\"og:title\" content=\"SZ11-35KV Oil-Immersed Substation AC Transformer - PINE-ZHENGXI\" \/>\n<meta property=\"og:description\" content=\"The 800~31500\/35 oil-immersed transformer is used for 35kV AC 50Hz power systems, which can be applied to small and medium-sized substations. It offers reliable and efficient performance, meeting the needs of power transmission and distribution.\" \/>\n<meta property=\"og:url\" content=\"https:\/\/www.tronkiele.com\/pt\/product\/sz11-35kv-oil-immersed-substation-ac-transformer\/\" \/>\n<meta property=\"og:site_name\" content=\"PINE-ZHENGXI\" \/>\n<meta property=\"article:modified_time\" content=\"2025-04-30T13:49:03+00:00\" \/>\n<meta property=\"og:image\" content=\"https:\/\/www.tronkiele.com\/wp-content\/uploads\/2024\/11\/SZ11-35KV-Oil-Immersed-Substation-AC-Transformer.webp\" \/>\n\t<meta property=\"og:image:width\" content=\"600\" \/>\n\t<meta property=\"og:image:height\" content=\"600\" \/>\n\t<meta property=\"og:image:type\" content=\"image\/webp\" \/>\n<meta name=\"twitter:card\" content=\"summary_large_image\" \/>\n<meta name=\"twitter:label1\" content=\"Tempo estimado de leitura\" \/>\n\t<meta name=\"twitter:data1\" content=\"2 minutos\" \/>\n<script type=\"application\/ld+json\" class=\"yoast-schema-graph\">{\"@context\":\"https:\/\/schema.org\",\"@graph\":[{\"@type\":\"WebPage\",\"@id\":\"https:\/\/www.tronkiele.com\/product\/sz11-35kv-oil-immersed-substation-ac-transformer\/\",\"url\":\"https:\/\/www.tronkiele.com\/product\/sz11-35kv-oil-immersed-substation-ac-transformer\/\",\"name\":\"SZ11-35KV Oil-Immersed Substation AC Transformer - PINE-ZHENGXI\",\"isPartOf\":{\"@id\":\"https:\/\/www.tronkiele.com\/#website\"},\"primaryImageOfPage\":{\"@id\":\"https:\/\/www.tronkiele.com\/product\/sz11-35kv-oil-immersed-substation-ac-transformer\/#primaryimage\"},\"image\":{\"@id\":\"https:\/\/www.tronkiele.com\/product\/sz11-35kv-oil-immersed-substation-ac-transformer\/#primaryimage\"},\"thumbnailUrl\":\"https:\/\/www.tronkiele.com\/wp-content\/uploads\/2024\/11\/SZ11-35KV-Oil-Immersed-Substation-AC-Transformer.webp\",\"datePublished\":\"2024-11-29T08:53:04+00:00\",\"dateModified\":\"2025-04-30T13:49:03+00:00\",\"breadcrumb\":{\"@id\":\"https:\/\/www.tronkiele.com\/product\/sz11-35kv-oil-immersed-substation-ac-transformer\/#breadcrumb\"},\"inLanguage\":\"pt-PT\",\"potentialAction\":[{\"@type\":\"ReadAction\",\"target\":[\"https:\/\/www.tronkiele.com\/product\/sz11-35kv-oil-immersed-substation-ac-transformer\/\"]}]},{\"@type\":\"ImageObject\",\"inLanguage\":\"pt-PT\",\"@id\":\"https:\/\/www.tronkiele.com\/product\/sz11-35kv-oil-immersed-substation-ac-transformer\/#primaryimage\",\"url\":\"https:\/\/www.tronkiele.com\/wp-content\/uploads\/2024\/11\/SZ11-35KV-Oil-Immersed-Substation-AC-Transformer.webp\",\"contentUrl\":\"https:\/\/www.tronkiele.com\/wp-content\/uploads\/2024\/11\/SZ11-35KV-Oil-Immersed-Substation-AC-Transformer.webp\",\"width\":600,\"height\":600,\"caption\":\"SZ11-35KV Oil-Immersed Substation AC Transformer\"},{\"@type\":\"BreadcrumbList\",\"@id\":\"https:\/\/www.tronkiele.com\/product\/sz11-35kv-oil-immersed-substation-ac-transformer\/#breadcrumb\",\"itemListElement\":[{\"@type\":\"ListItem\",\"position\":1,\"name\":\"Home\",\"item\":\"https:\/\/www.tronkiele.com\/\"},{\"@type\":\"ListItem\",\"position\":2,\"name\":\"Products\",\"item\":\"https:\/\/www.tronkiele.com\/shop\/\"},{\"@type\":\"ListItem\",\"position\":3,\"name\":\"SZ11-35KV Oil-Immersed Substation AC Transformer\"}]},{\"@type\":\"WebSite\",\"@id\":\"https:\/\/www.tronkiele.com\/#website\",\"url\":\"https:\/\/www.tronkiele.com\/\",\"name\":\"PINE-ZHENGXI\",\"description\":\"\",\"publisher\":{\"@id\":\"https:\/\/www.tronkiele.com\/#organization\"},\"potentialAction\":[{\"@type\":\"SearchAction\",\"target\":{\"@type\":\"EntryPoint\",\"urlTemplate\":\"https:\/\/www.tronkiele.com\/?s={search_term_string}\"},\"query-input\":{\"@type\":\"PropertyValueSpecification\",\"valueRequired\":true,\"valueName\":\"search_term_string\"}}],\"inLanguage\":\"pt-PT\"},{\"@type\":\"Organization\",\"@id\":\"https:\/\/www.tronkiele.com\/#organization\",\"name\":\"PINE-ZHENGXI\",\"url\":\"https:\/\/www.tronkiele.com\/\",\"logo\":{\"@type\":\"ImageObject\",\"inLanguage\":\"pt-PT\",\"@id\":\"https:\/\/www.tronkiele.com\/#\/schema\/logo\/image\/\",\"url\":\"https:\/\/www.tronkiele.com\/wp-content\/uploads\/2024\/11\/cropped-tronki.webp\",\"contentUrl\":\"https:\/\/www.tronkiele.com\/wp-content\/uploads\/2024\/11\/cropped-tronki.webp\",\"width\":512,\"height\":512,\"caption\":\"PINE-ZHENGXI\"},\"image\":{\"@id\":\"https:\/\/www.tronkiele.com\/#\/schema\/logo\/image\/\"}}]}<\/script>\n<!-- \/ Yoast SEO plugin. -->","yoast_head_json":{"title":"Transformador CA para subesta\u00e7\u00e3o imersa em \u00f3leo SZ11-35KV - PINE-ZHENGXI","robots":{"index":"index","follow":"follow","max-snippet":"max-snippet:-1","max-image-preview":"max-image-preview:large","max-video-preview":"max-video-preview:-1"},"canonical":"https:\/\/www.tronkiele.com\/pt\/product\/sz11-35kv-oil-immersed-substation-ac-transformer\/","og_locale":"pt_PT","og_type":"article","og_title":"SZ11-35KV Oil-Immersed Substation AC Transformer - PINE-ZHENGXI","og_description":"The 800~31500\/35 oil-immersed transformer is used for 35kV AC 50Hz power systems, which can be applied to small and medium-sized substations. It offers reliable and efficient performance, meeting the needs of power transmission and distribution.","og_url":"https:\/\/www.tronkiele.com\/pt\/product\/sz11-35kv-oil-immersed-substation-ac-transformer\/","og_site_name":"PINE-ZHENGXI","article_modified_time":"2025-04-30T13:49:03+00:00","og_image":[{"width":600,"height":600,"url":"https:\/\/www.tronkiele.com\/wp-content\/uploads\/2024\/11\/SZ11-35KV-Oil-Immersed-Substation-AC-Transformer.webp","type":"image\/webp"}],"twitter_card":"summary_large_image","twitter_misc":{"Tempo estimado de leitura":"2 minutos"},"schema":{"@context":"https:\/\/schema.org","@graph":[{"@type":"WebPage","@id":"https:\/\/www.tronkiele.com\/product\/sz11-35kv-oil-immersed-substation-ac-transformer\/","url":"https:\/\/www.tronkiele.com\/product\/sz11-35kv-oil-immersed-substation-ac-transformer\/","name":"Transformador CA para subesta\u00e7\u00e3o imersa em \u00f3leo SZ11-35KV - PINE-ZHENGXI","isPartOf":{"@id":"https:\/\/www.tronkiele.com\/#website"},"primaryImageOfPage":{"@id":"https:\/\/www.tronkiele.com\/product\/sz11-35kv-oil-immersed-substation-ac-transformer\/#primaryimage"},"image":{"@id":"https:\/\/www.tronkiele.com\/product\/sz11-35kv-oil-immersed-substation-ac-transformer\/#primaryimage"},"thumbnailUrl":"https:\/\/www.tronkiele.com\/wp-content\/uploads\/2024\/11\/SZ11-35KV-Oil-Immersed-Substation-AC-Transformer.webp","datePublished":"2024-11-29T08:53:04+00:00","dateModified":"2025-04-30T13:49:03+00:00","breadcrumb":{"@id":"https:\/\/www.tronkiele.com\/product\/sz11-35kv-oil-immersed-substation-ac-transformer\/#breadcrumb"},"inLanguage":"pt-PT","potentialAction":[{"@type":"ReadAction","target":["https:\/\/www.tronkiele.com\/product\/sz11-35kv-oil-immersed-substation-ac-transformer\/"]}]},{"@type":"ImageObject","inLanguage":"pt-PT","@id":"https:\/\/www.tronkiele.com\/product\/sz11-35kv-oil-immersed-substation-ac-transformer\/#primaryimage","url":"https:\/\/www.tronkiele.com\/wp-content\/uploads\/2024\/11\/SZ11-35KV-Oil-Immersed-Substation-AC-Transformer.webp","contentUrl":"https:\/\/www.tronkiele.com\/wp-content\/uploads\/2024\/11\/SZ11-35KV-Oil-Immersed-Substation-AC-Transformer.webp","width":600,"height":600,"caption":"SZ11-35KV Oil-Immersed Substation AC Transformer"},{"@type":"BreadcrumbList","@id":"https:\/\/www.tronkiele.com\/product\/sz11-35kv-oil-immersed-substation-ac-transformer\/#breadcrumb","itemListElement":[{"@type":"ListItem","position":1,"name":"Home","item":"https:\/\/www.tronkiele.com\/"},{"@type":"ListItem","position":2,"name":"Products","item":"https:\/\/www.tronkiele.com\/shop\/"},{"@type":"ListItem","position":3,"name":"SZ11-35KV Oil-Immersed Substation AC Transformer"}]},{"@type":"WebSite","@id":"https:\/\/www.tronkiele.com\/#website","url":"https:\/\/www.tronkiele.com\/","name":"PINE-ZHENGXI","description":"","publisher":{"@id":"https:\/\/www.tronkiele.com\/#organization"},"potentialAction":[{"@type":"SearchAction","target":{"@type":"EntryPoint","urlTemplate":"https:\/\/www.tronkiele.com\/?s={search_term_string}"},"query-input":{"@type":"PropertyValueSpecification","valueRequired":true,"valueName":"search_term_string"}}],"inLanguage":"pt-PT"},{"@type":"Organization","@id":"https:\/\/www.tronkiele.com\/#organization","name":"PINE-ZHENGXI","url":"https:\/\/www.tronkiele.com\/","logo":{"@type":"ImageObject","inLanguage":"pt-PT","@id":"https:\/\/www.tronkiele.com\/#\/schema\/logo\/image\/","url":"https:\/\/www.tronkiele.com\/wp-content\/uploads\/2024\/11\/cropped-tronki.webp","contentUrl":"https:\/\/www.tronkiele.com\/wp-content\/uploads\/2024\/11\/cropped-tronki.webp","width":512,"height":512,"caption":"PINE-ZHENGXI"},"image":{"@id":"https:\/\/www.tronkiele.com\/#\/schema\/logo\/image\/"}}]}},"_links":{"self":[{"href":"https:\/\/www.tronkiele.com\/pt\/wp-json\/wp\/v2\/product\/2597","targetHints":{"allow":["GET"]}}],"collection":[{"href":"https:\/\/www.tronkiele.com\/pt\/wp-json\/wp\/v2\/product"}],"about":[{"href":"https:\/\/www.tronkiele.com\/pt\/wp-json\/wp\/v2\/types\/product"}],"version-history":[{"count":1,"href":"https:\/\/www.tronkiele.com\/pt\/wp-json\/wp\/v2\/product\/2597\/revisions"}],"predecessor-version":[{"id":21558,"href":"https:\/\/www.tronkiele.com\/pt\/wp-json\/wp\/v2\/product\/2597\/revisions\/21558"}],"wp:featuredmedia":[{"embeddable":true,"href":"https:\/\/www.tronkiele.com\/pt\/wp-json\/wp\/v2\/media\/2598"}],"wp:attachment":[{"href":"https:\/\/www.tronkiele.com\/pt\/wp-json\/wp\/v2\/media?parent=2597"}],"wp:term":[{"taxonomy":"product_brand","embeddable":true,"href":"https:\/\/www.tronkiele.com\/pt\/wp-json\/wp\/v2\/product_brand?post=2597"},{"taxonomy":"product_cat","embeddable":true,"href":"https:\/\/www.tronkiele.com\/pt\/wp-json\/wp\/v2\/product_cat?post=2597"},{"taxonomy":"product_tag","embeddable":true,"href":"https:\/\/www.tronkiele.com\/pt\/wp-json\/wp\/v2\/product_tag?post=2597"}],"curies":[{"name":"wp","href":"https:\/\/api.w.org\/{rel}","templated":true}]}}