{"id":2599,"date":"2024-11-29T09:08:06","date_gmt":"2024-11-29T09:08:06","guid":{"rendered":"https:\/\/www.tronkiele.com\/?post_type=product&#038;p=2599"},"modified":"2025-04-30T13:50:20","modified_gmt":"2025-04-30T13:50:20","slug":"sz11-315-33kv-three-phase-oil-type-distribution-electrical-transformer","status":"publish","type":"product","link":"https:\/\/www.tronkiele.com\/pt\/product\/sz11-315-33kv-three-phase-oil-type-distribution-electrical-transformer\/","title":{"rendered":"SZ11-315\/33kV Transformador el\u00e9trico de distribui\u00e7\u00e3o trif\u00e1sico tipo \u00f3leo"},"content":{"rendered":"<h2>Par\u00e2metros t\u00e9cnicos<\/h2>\n<table>\n<tbody>\n<tr>\n<td width=\"55.7000%\">Capacidade nominal<\/td>\n<td width=\"44.2800%\">30kVA~2500kVA<\/td>\n<\/tr>\n<tr>\n<td width=\"55.7000%\">Frequ\u00eancia<\/td>\n<td width=\"44.2800%\">50HZ<\/td>\n<\/tr>\n<tr>\n<td width=\"55.7000%\">Grupo Vetor<\/td>\n<td width=\"44.2800%\">Dyn11 \/ Yyn0<\/td>\n<\/tr>\n<tr>\n<td width=\"55.7000%\">Padr\u00e3o<\/td>\n<td width=\"44.2800%\">IEC60076<\/td>\n<\/tr>\n<tr>\n<td width=\"55.7000%\">Material de base<\/td>\n<td width=\"44.2800%\">Cobre\/Alum\u00ednio<\/td>\n<\/tr>\n<tr>\n<td width=\"55.7000%\">Material<\/td>\n<td width=\"44.2800%\">Chapa de a\u00e7o sil\u00edcio<\/td>\n<\/tr>\n<tr>\n<td width=\"55.7000%\">Prazo de entrega<\/td>\n<td width=\"44.2800%\">5~10 dias \u00fateis<\/td>\n<\/tr>\n<tr>\n<td width=\"55.7000%\">Fase<\/td>\n<td width=\"44.2800%\">Tr\u00eas<\/td>\n<\/tr>\n<tr>\n<td width=\"55.7000%\">Utiliza\u00e7\u00e3o<\/td>\n<td width=\"44.2800%\">Energia el\u00e9ctrica<\/td>\n<\/tr>\n<tr>\n<td width=\"55.7000%\">N\u00famero da bobina<\/td>\n<td width=\"44.2800%\">Duplo enrolamento<\/td>\n<\/tr>\n<tr>\n<td width=\"55.7000%\">Tens\u00e3o prim\u00e1ria nominal<\/td>\n<td width=\"44.2800%\">12<\/td>\n<\/tr>\n<tr>\n<td width=\"55.7000%\">Tens\u00e3o secund\u00e1ria nominal<\/td>\n<td width=\"44.2800%\">5<\/td>\n<\/tr>\n<tr>\n<td width=\"55.7000%\">Estrutura da bobina<\/td>\n<td width=\"44.2800%\">Toroidal<\/td>\n<\/tr>\n<tr>\n<td width=\"55.7000%\">Capacidade<\/td>\n<td width=\"44.2800%\">315 kVA<\/td>\n<\/tr>\n<\/tbody>\n<\/table>\n<h2>Carater\u00edsticas principais:<\/h2>\n<p><strong>Conce\u00e7\u00e3o principal:<\/strong><br \/>\nO n\u00facleo \u00e9 feito de a\u00e7o sil\u00edcio laminado a frio importado, reduzindo as perdas sem carga e a corrente. \u00c9 firmemente empilhado e fixado para reduzir o ru\u00eddo e melhorar a estabilidade.<\/p>\n<p><strong>Estrutura do enrolamento:<\/strong><br \/>\nEnrolamentos de baixa tens\u00e3o: At\u00e9 aos transformadores de 500kVA, os enrolamentos de baixa tens\u00e3o s\u00e3o cil\u00edndricos numa estrutura de dupla camada, enquanto que acima de 630kVA, o enrolamento de dupla h\u00e9lice ou folha de cobre proporciona melhor resist\u00eancia e desempenho em curto-circuito.<br \/>\nEnrolamentos de alta tens\u00e3o: Os enrolamentos de alta tens\u00e3o foram concebidos com uma estrutura cil\u00edndrica de v\u00e1rias camadas para um melhor isolamento e desempenho global.<br \/>\nMateriais de alta qualidade:<br \/>\nOs pr\u00f3prios enrolamentos s\u00e3o feitos de cobre sem oxig\u00e9nio, mais condutor e dur\u00e1vel, o que ajuda a reduzir as perdas de energia.<\/p>\n<p><strong>Estrutura selada e arrefecimento:<\/strong><br \/>\nEvita que o \u00f3leo do transformador seja exposto ao ar, o que acelera o envelhecimento. O design totalmente selado prolongar\u00e1 a vida \u00fatil do transformador. Existem placas onduladas no dep\u00f3sito de \u00f3leo que melhoram a circula\u00e7\u00e3o e a dissipa\u00e7\u00e3o de calor do \u00f3leo, mantendo assim tudo fresco durante o funcionamento.<\/p>\n<p><strong>Prote\u00e7\u00e3o contra fugas:<\/strong><br \/>\nReduz as hip\u00f3teses de fuga e aumenta a passagem de \u00f3leo. Este fator, juntamente com uma melhor soldadura, proporciona um transformador mais fi\u00e1vel e duradouro.<\/p>\n<p>O transformador da s\u00e9rie SZ11, concebido para sistemas de energia modernos, proporciona um melhor desempenho e vida \u00fatil com custos operacionais reduzidos, garantindo simultaneamente uma boa fiabilidade.<\/p>","protected":false},"excerpt":{"rendered":"<p>O transformador de distribui\u00e7\u00e3o trif\u00e1sico imerso em \u00f3leo SZ11 \u00e9 um transformador trif\u00e1sico de alto desempenho constru\u00eddo para oferecer maior fiabilidade e efici\u00eancia do que a antiga s\u00e9rie S9. Ao melhorar a conce\u00e7\u00e3o das perdas e ao ajustar a rela\u00e7\u00e3o cobre\/ferro, reduz as perdas de energia e proporciona um excelente valor.<\/p>","protected":false},"featured_media":2600,"template":"","meta":[],"product_brand":[],"product_cat":[34,33],"product_tag":[],"class_list":{"0":"post-2599","1":"product","2":"type-product","3":"status-publish","4":"has-post-thumbnail","6":"product_cat-oil-transformer","7":"product_cat-power-transformer","9":"first","10":"instock","11":"featured","12":"taxable","13":"shipping-taxable","14":"product-type-simple"},"yoast_head":"<!-- This site is optimized with the Yoast SEO plugin v25.0 - https:\/\/yoast.com\/wordpress\/plugins\/seo\/ -->\n<title>SZ11-315\/33kV Three Phase Oil Type Distribution Electrical Transformer - PINE-ZHENGXI<\/title>\n<meta name=\"robots\" content=\"index, follow, max-snippet:-1, max-image-preview:large, max-video-preview:-1\" \/>\n<link rel=\"canonical\" href=\"https:\/\/www.tronkiele.com\/pt\/product\/sz11-315-33kv-three-phase-oil-type-distribution-electrical-transformer\/\" \/>\n<meta property=\"og:locale\" content=\"pt_PT\" \/>\n<meta property=\"og:type\" content=\"article\" \/>\n<meta property=\"og:title\" content=\"SZ11-315\/33kV Three Phase Oil Type Distribution Electrical Transformer - PINE-ZHENGXI\" \/>\n<meta property=\"og:description\" content=\"The SZ11 Three-Phase Oil-Immersed Distribution Transformer is a high-performance three-phase transformer built to offer better reliability and efficiency than the older S9 series. By improving the loss design and adjusting the copper-to-iron ratio, it reduces energy loss and provides excellent value.\" \/>\n<meta property=\"og:url\" content=\"https:\/\/www.tronkiele.com\/pt\/product\/sz11-315-33kv-three-phase-oil-type-distribution-electrical-transformer\/\" \/>\n<meta property=\"og:site_name\" content=\"PINE-ZHENGXI\" \/>\n<meta property=\"article:modified_time\" content=\"2025-04-30T13:50:20+00:00\" \/>\n<meta property=\"og:image\" content=\"https:\/\/www.tronkiele.com\/wp-content\/uploads\/2024\/11\/SZ11-315-33kV-Three-Phase-Oil-Type-Distribution-Electrical-Transformer.webp\" \/>\n\t<meta property=\"og:image:width\" content=\"600\" \/>\n\t<meta property=\"og:image:height\" content=\"600\" \/>\n\t<meta property=\"og:image:type\" content=\"image\/webp\" \/>\n<meta name=\"twitter:card\" content=\"summary_large_image\" \/>\n<meta name=\"twitter:label1\" content=\"Tempo estimado de leitura\" \/>\n\t<meta name=\"twitter:data1\" content=\"2 minutos\" \/>\n<script type=\"application\/ld+json\" class=\"yoast-schema-graph\">{\"@context\":\"https:\/\/schema.org\",\"@graph\":[{\"@type\":\"WebPage\",\"@id\":\"https:\/\/www.tronkiele.com\/product\/sz11-315-33kv-three-phase-oil-type-distribution-electrical-transformer\/\",\"url\":\"https:\/\/www.tronkiele.com\/product\/sz11-315-33kv-three-phase-oil-type-distribution-electrical-transformer\/\",\"name\":\"SZ11-315\/33kV Three Phase Oil Type Distribution Electrical Transformer - PINE-ZHENGXI\",\"isPartOf\":{\"@id\":\"https:\/\/www.tronkiele.com\/#website\"},\"primaryImageOfPage\":{\"@id\":\"https:\/\/www.tronkiele.com\/product\/sz11-315-33kv-three-phase-oil-type-distribution-electrical-transformer\/#primaryimage\"},\"image\":{\"@id\":\"https:\/\/www.tronkiele.com\/product\/sz11-315-33kv-three-phase-oil-type-distribution-electrical-transformer\/#primaryimage\"},\"thumbnailUrl\":\"https:\/\/www.tronkiele.com\/wp-content\/uploads\/2024\/11\/SZ11-315-33kV-Three-Phase-Oil-Type-Distribution-Electrical-Transformer.webp\",\"datePublished\":\"2024-11-29T09:08:06+00:00\",\"dateModified\":\"2025-04-30T13:50:20+00:00\",\"breadcrumb\":{\"@id\":\"https:\/\/www.tronkiele.com\/product\/sz11-315-33kv-three-phase-oil-type-distribution-electrical-transformer\/#breadcrumb\"},\"inLanguage\":\"pt-PT\",\"potentialAction\":[{\"@type\":\"ReadAction\",\"target\":[\"https:\/\/www.tronkiele.com\/product\/sz11-315-33kv-three-phase-oil-type-distribution-electrical-transformer\/\"]}]},{\"@type\":\"ImageObject\",\"inLanguage\":\"pt-PT\",\"@id\":\"https:\/\/www.tronkiele.com\/product\/sz11-315-33kv-three-phase-oil-type-distribution-electrical-transformer\/#primaryimage\",\"url\":\"https:\/\/www.tronkiele.com\/wp-content\/uploads\/2024\/11\/SZ11-315-33kV-Three-Phase-Oil-Type-Distribution-Electrical-Transformer.webp\",\"contentUrl\":\"https:\/\/www.tronkiele.com\/wp-content\/uploads\/2024\/11\/SZ11-315-33kV-Three-Phase-Oil-Type-Distribution-Electrical-Transformer.webp\",\"width\":600,\"height\":600,\"caption\":\"SZ11-315 33kV Three Phase Oil Type Distribution Electrical Transformer\"},{\"@type\":\"BreadcrumbList\",\"@id\":\"https:\/\/www.tronkiele.com\/product\/sz11-315-33kv-three-phase-oil-type-distribution-electrical-transformer\/#breadcrumb\",\"itemListElement\":[{\"@type\":\"ListItem\",\"position\":1,\"name\":\"Home\",\"item\":\"https:\/\/www.tronkiele.com\/\"},{\"@type\":\"ListItem\",\"position\":2,\"name\":\"Products\",\"item\":\"https:\/\/www.tronkiele.com\/shop\/\"},{\"@type\":\"ListItem\",\"position\":3,\"name\":\"SZ11-315\/33kV Three Phase Oil Type Distribution Electrical Transformer\"}]},{\"@type\":\"WebSite\",\"@id\":\"https:\/\/www.tronkiele.com\/#website\",\"url\":\"https:\/\/www.tronkiele.com\/\",\"name\":\"PINE-ZHENGXI\",\"description\":\"\",\"publisher\":{\"@id\":\"https:\/\/www.tronkiele.com\/#organization\"},\"potentialAction\":[{\"@type\":\"SearchAction\",\"target\":{\"@type\":\"EntryPoint\",\"urlTemplate\":\"https:\/\/www.tronkiele.com\/?s={search_term_string}\"},\"query-input\":{\"@type\":\"PropertyValueSpecification\",\"valueRequired\":true,\"valueName\":\"search_term_string\"}}],\"inLanguage\":\"pt-PT\"},{\"@type\":\"Organization\",\"@id\":\"https:\/\/www.tronkiele.com\/#organization\",\"name\":\"PINE-ZHENGXI\",\"url\":\"https:\/\/www.tronkiele.com\/\",\"logo\":{\"@type\":\"ImageObject\",\"inLanguage\":\"pt-PT\",\"@id\":\"https:\/\/www.tronkiele.com\/#\/schema\/logo\/image\/\",\"url\":\"https:\/\/www.tronkiele.com\/wp-content\/uploads\/2024\/11\/cropped-tronki.webp\",\"contentUrl\":\"https:\/\/www.tronkiele.com\/wp-content\/uploads\/2024\/11\/cropped-tronki.webp\",\"width\":512,\"height\":512,\"caption\":\"PINE-ZHENGXI\"},\"image\":{\"@id\":\"https:\/\/www.tronkiele.com\/#\/schema\/logo\/image\/\"}}]}<\/script>\n<!-- \/ Yoast SEO plugin. -->","yoast_head_json":{"title":"SZ11-315\/33kV Transformador el\u00e9trico de distribui\u00e7\u00e3o trif\u00e1sico a \u00f3leo - PINE-ZHENGXI","robots":{"index":"index","follow":"follow","max-snippet":"max-snippet:-1","max-image-preview":"max-image-preview:large","max-video-preview":"max-video-preview:-1"},"canonical":"https:\/\/www.tronkiele.com\/pt\/product\/sz11-315-33kv-three-phase-oil-type-distribution-electrical-transformer\/","og_locale":"pt_PT","og_type":"article","og_title":"SZ11-315\/33kV Three Phase Oil Type Distribution Electrical Transformer - PINE-ZHENGXI","og_description":"The SZ11 Three-Phase Oil-Immersed Distribution Transformer is a high-performance three-phase transformer built to offer better reliability and efficiency than the older S9 series. By improving the loss design and adjusting the copper-to-iron ratio, it reduces energy loss and provides excellent value.","og_url":"https:\/\/www.tronkiele.com\/pt\/product\/sz11-315-33kv-three-phase-oil-type-distribution-electrical-transformer\/","og_site_name":"PINE-ZHENGXI","article_modified_time":"2025-04-30T13:50:20+00:00","og_image":[{"width":600,"height":600,"url":"https:\/\/www.tronkiele.com\/wp-content\/uploads\/2024\/11\/SZ11-315-33kV-Three-Phase-Oil-Type-Distribution-Electrical-Transformer.webp","type":"image\/webp"}],"twitter_card":"summary_large_image","twitter_misc":{"Tempo estimado de leitura":"2 minutos"},"schema":{"@context":"https:\/\/schema.org","@graph":[{"@type":"WebPage","@id":"https:\/\/www.tronkiele.com\/product\/sz11-315-33kv-three-phase-oil-type-distribution-electrical-transformer\/","url":"https:\/\/www.tronkiele.com\/product\/sz11-315-33kv-three-phase-oil-type-distribution-electrical-transformer\/","name":"SZ11-315\/33kV Transformador el\u00e9trico de distribui\u00e7\u00e3o trif\u00e1sico a \u00f3leo - PINE-ZHENGXI","isPartOf":{"@id":"https:\/\/www.tronkiele.com\/#website"},"primaryImageOfPage":{"@id":"https:\/\/www.tronkiele.com\/product\/sz11-315-33kv-three-phase-oil-type-distribution-electrical-transformer\/#primaryimage"},"image":{"@id":"https:\/\/www.tronkiele.com\/product\/sz11-315-33kv-three-phase-oil-type-distribution-electrical-transformer\/#primaryimage"},"thumbnailUrl":"https:\/\/www.tronkiele.com\/wp-content\/uploads\/2024\/11\/SZ11-315-33kV-Three-Phase-Oil-Type-Distribution-Electrical-Transformer.webp","datePublished":"2024-11-29T09:08:06+00:00","dateModified":"2025-04-30T13:50:20+00:00","breadcrumb":{"@id":"https:\/\/www.tronkiele.com\/product\/sz11-315-33kv-three-phase-oil-type-distribution-electrical-transformer\/#breadcrumb"},"inLanguage":"pt-PT","potentialAction":[{"@type":"ReadAction","target":["https:\/\/www.tronkiele.com\/product\/sz11-315-33kv-three-phase-oil-type-distribution-electrical-transformer\/"]}]},{"@type":"ImageObject","inLanguage":"pt-PT","@id":"https:\/\/www.tronkiele.com\/product\/sz11-315-33kv-three-phase-oil-type-distribution-electrical-transformer\/#primaryimage","url":"https:\/\/www.tronkiele.com\/wp-content\/uploads\/2024\/11\/SZ11-315-33kV-Three-Phase-Oil-Type-Distribution-Electrical-Transformer.webp","contentUrl":"https:\/\/www.tronkiele.com\/wp-content\/uploads\/2024\/11\/SZ11-315-33kV-Three-Phase-Oil-Type-Distribution-Electrical-Transformer.webp","width":600,"height":600,"caption":"SZ11-315 33kV Three Phase Oil Type Distribution Electrical Transformer"},{"@type":"BreadcrumbList","@id":"https:\/\/www.tronkiele.com\/product\/sz11-315-33kv-three-phase-oil-type-distribution-electrical-transformer\/#breadcrumb","itemListElement":[{"@type":"ListItem","position":1,"name":"Home","item":"https:\/\/www.tronkiele.com\/"},{"@type":"ListItem","position":2,"name":"Products","item":"https:\/\/www.tronkiele.com\/shop\/"},{"@type":"ListItem","position":3,"name":"SZ11-315\/33kV Three Phase Oil Type Distribution Electrical Transformer"}]},{"@type":"WebSite","@id":"https:\/\/www.tronkiele.com\/#website","url":"https:\/\/www.tronkiele.com\/","name":"PINE-ZHENGXI","description":"","publisher":{"@id":"https:\/\/www.tronkiele.com\/#organization"},"potentialAction":[{"@type":"SearchAction","target":{"@type":"EntryPoint","urlTemplate":"https:\/\/www.tronkiele.com\/?s={search_term_string}"},"query-input":{"@type":"PropertyValueSpecification","valueRequired":true,"valueName":"search_term_string"}}],"inLanguage":"pt-PT"},{"@type":"Organization","@id":"https:\/\/www.tronkiele.com\/#organization","name":"PINE-ZHENGXI","url":"https:\/\/www.tronkiele.com\/","logo":{"@type":"ImageObject","inLanguage":"pt-PT","@id":"https:\/\/www.tronkiele.com\/#\/schema\/logo\/image\/","url":"https:\/\/www.tronkiele.com\/wp-content\/uploads\/2024\/11\/cropped-tronki.webp","contentUrl":"https:\/\/www.tronkiele.com\/wp-content\/uploads\/2024\/11\/cropped-tronki.webp","width":512,"height":512,"caption":"PINE-ZHENGXI"},"image":{"@id":"https:\/\/www.tronkiele.com\/#\/schema\/logo\/image\/"}}]}},"_links":{"self":[{"href":"https:\/\/www.tronkiele.com\/pt\/wp-json\/wp\/v2\/product\/2599","targetHints":{"allow":["GET"]}}],"collection":[{"href":"https:\/\/www.tronkiele.com\/pt\/wp-json\/wp\/v2\/product"}],"about":[{"href":"https:\/\/www.tronkiele.com\/pt\/wp-json\/wp\/v2\/types\/product"}],"version-history":[{"count":2,"href":"https:\/\/www.tronkiele.com\/pt\/wp-json\/wp\/v2\/product\/2599\/revisions"}],"predecessor-version":[{"id":21560,"href":"https:\/\/www.tronkiele.com\/pt\/wp-json\/wp\/v2\/product\/2599\/revisions\/21560"}],"wp:featuredmedia":[{"embeddable":true,"href":"https:\/\/www.tronkiele.com\/pt\/wp-json\/wp\/v2\/media\/2600"}],"wp:attachment":[{"href":"https:\/\/www.tronkiele.com\/pt\/wp-json\/wp\/v2\/media?parent=2599"}],"wp:term":[{"taxonomy":"product_brand","embeddable":true,"href":"https:\/\/www.tronkiele.com\/pt\/wp-json\/wp\/v2\/product_brand?post=2599"},{"taxonomy":"product_cat","embeddable":true,"href":"https:\/\/www.tronkiele.com\/pt\/wp-json\/wp\/v2\/product_cat?post=2599"},{"taxonomy":"product_tag","embeddable":true,"href":"https:\/\/www.tronkiele.com\/pt\/wp-json\/wp\/v2\/product_tag?post=2599"}],"curies":[{"name":"wp","href":"https:\/\/api.w.org\/{rel}","templated":true}]}}