{"id":590,"date":"2024-09-01T08:33:11","date_gmt":"2024-09-01T08:33:11","guid":{"rendered":"https:\/\/www.tronkiele.com\/product\/outdoor-high-voltage-vacuum-circuit-breaker\/"},"modified":"2025-02-10T12:39:03","modified_gmt":"2025-02-10T12:39:03","slug":"outdoor-high-voltage-pole-mounted-vacuum-circuit-breaker","status":"publish","type":"product","link":"https:\/\/www.tronkiele.com\/pt\/product\/outdoor-high-voltage-pole-mounted-vacuum-circuit-breaker\/","title":{"rendered":"ZW32-12 Disjuntor a v\u00e1cuo para exterior de alta tens\u00e3o montado em poste"},"content":{"rendered":"<p>S\u00e9rie ZW32-12 <strong>disjuntores de v\u00e1cuo exteriores de alta tens\u00e3o montados em postes<\/strong> s\u00e3o adequados para sistemas de distribui\u00e7\u00e3o de energia de alta tens\u00e3o com uma tens\u00e3o nominal de 12kV e AC trif\u00e1sico 50Hz, e s\u00e3o especificamente utilizados para a interrup\u00e7\u00e3o e fecho da corrente de carga, corrente de sobrecarga e corrente de curto-circuito em sistemas de energia. O equipamento \u00e9 amplamente utilizado em subesta\u00e7\u00f5es, empresas industriais e mineiras, redes el\u00e9ctricas urbanas e rurais e outras ocasi\u00f5es, especialmente adequado para ambientes de funcionamento frequente e campos de automatiza\u00e7\u00e3o de redes de distribui\u00e7\u00e3o.<\/p>\n<h2>Carater\u00edsticas do produto<\/h2>\n<p>Interrup\u00e7\u00e3o e prote\u00e7\u00e3o eficientes: Cumprem as normas IEC62271-100 e GB1984 e fornecem prote\u00e7\u00e3o de tr\u00eas n\u00edveis de atraso de sobrecorrente, atraso de corrente de impacto e interrup\u00e7\u00e3o r\u00e1pida de curto-circuito.<br \/>\nFun\u00e7\u00e3o de religa\u00e7\u00e3o inteligente: Suporta o religamento autom\u00e1tico e o isolamento de falhas para melhorar a fiabilidade da fonte de alimenta\u00e7\u00e3o.<br \/>\nConce\u00e7\u00e3o modular: Combina\u00e7\u00e3o de disjuntor e seccionador, com excelente resist\u00eancia \u00e0 chuva, neve e corros\u00e3o.<br \/>\nConfigura\u00e7\u00e3o diversificada: Para-raios opcional, controlador de corrente de irrup\u00e7\u00e3o e transformador de medi\u00e7\u00e3o, adequado para diferentes cen\u00e1rios de aplica\u00e7\u00e3o.<br \/>\nSuporte de fonte de alimenta\u00e7\u00e3o independente: Fonte de alimenta\u00e7\u00e3o PT incorporada, adequada para ocasi\u00f5es sem fonte de alimenta\u00e7\u00e3o externa.<\/p>\n<h2 class=\"\\&quot;wp-block-heading\\&quot;\">Condi\u00e7\u00f5es ambientais<\/h2>\n<p>1.Altitude:&lt;2000mm;<br \/>\n2. temperatura ambiente:-40\u2103~+45\u2103<br \/>\n3. velocidade do vento: 34m\/s;<br \/>\n4. intensidade do terramoto: &lt;8 graus;<br \/>\n5.Polui\u00e7\u00e3o ambiente:IV;<br \/>\n6.Ice thickNess:10mm;<br \/>\n7. as ocasi\u00f5es aplic\u00e1veis devem estar livres de inflam\u00e1veis, explosivos, corrosivos e vibra\u00e7\u00f5es severas.<\/p>\n<h2>Cen\u00e1rios aplic\u00e1veis<\/h2>\n<p>Aplic\u00e1vel a subesta\u00e7\u00f5es, empresas industriais e mineiras de energia, redes el\u00e9ctricas urbanas e rurais e sistemas de energia frequentemente utilizados.<br \/>\nPode ser personalizado como um controlador de religador inteligente de acordo com as necessidades do local, especialmente adequado para sistemas de fornecimento de energia de rede radial e em anel, para garantir a recupera\u00e7\u00e3o r\u00e1pida e o isolamento de falhas de falhas instant\u00e2neas.<\/p>\n<h2 class=\"\\&quot;wp-block-heading\\&quot;\">Par\u00e2metros t\u00e9cnicos<\/h2>\n<figure class=\"\\&quot;wp-block-table\\&quot;\">\n<div class=\"\\&quot;scroll\\&quot;\">\n<table>\n<tbody>\n<tr>\n<td rowspan=\"\\&quot;2\\&quot;\">N\u00e3o<\/td>\n<td colspan=\"\\&quot;3\\&quot;\" rowspan=\"\\&quot;2\\&quot;\">Nome<\/td>\n<td rowspan=\"\\&quot;2\\&quot;\">Unidade<\/td>\n<td>Dados<\/td>\n<\/tr>\n<tr>\n<td>12kV<\/td>\n<\/tr>\n<tr>\n<td>\u00a0 1<\/td>\n<td colspan=\"\\&quot;3\\&quot;\">Tens\u00e3o nominal<\/td>\n<td>kV<\/td>\n<td>12<\/td>\n<\/tr>\n<tr>\n<td>\u00a0 2<\/td>\n<td colspan=\"\\&quot;3\\&quot;\">Corrente nominal<\/td>\n<td>A<\/td>\n<td>630\u30011250<\/td>\n<\/tr>\n<tr>\n<td rowspan=\"\\&quot;2\\&quot;\">3<\/td>\n<td rowspan=\"\\&quot;3\\&quot;\">Classificado<br \/>\nisolante<br \/>\nn\u00edvel<\/td>\n<td rowspan=\"\\&quot;2\\&quot;\">1min.PF tens\u00e3o de resist\u00eancia<\/td>\n<td>seco<\/td>\n<td rowspan=\"\\&quot;2\\&quot;\">kV<\/td>\n<td>atrav\u00e9s de aberto:42 contactos:48<\/td>\n<\/tr>\n<tr>\n<td>h\u00famido<\/td>\n<td>34<\/td>\n<\/tr>\n<tr>\n<td>\u00a0 4<\/td>\n<td colspan=\"\\&quot;2\\&quot;\">Tens\u00e3o suport\u00e1vel de impulso de rel\u00e2mpago (pico)<\/td>\n<td>kV<\/td>\n<td>Interfase, para a terra 75, interrup\u00e7\u00e3o 85<\/td>\n<\/tr>\n<tr>\n<td>\u00a0 5<\/td>\n<td colspan=\"\\&quot;3\\&quot;\">Corrente nominal de rutura por curto-circuito<\/td>\n<td>kA<\/td>\n<td>20\u300125<\/td>\n<\/tr>\n<tr>\n<td>\u00a0 6<\/td>\n<td colspan=\"\\&quot;3\\&quot;\">Corrente nominal de curto-circuito (pico)<\/td>\n<td>kA<\/td>\n<td>50\u300163<\/td>\n<\/tr>\n<tr>\n<td>\u00a0 7<\/td>\n<td colspan=\"\\&quot;3\\&quot;\">Corrente suport\u00e1vel de pico nominal<\/td>\n<td>kA<\/td>\n<td>50\u300163<\/td>\n<\/tr>\n<tr>\n<td>\u00a0 8<\/td>\n<td colspan=\"\\&quot;3\\&quot;\">4s corrente nominal de resist\u00eancia de curta dura\u00e7\u00e3o<\/td>\n<td>kA<\/td>\n<td>20\u300125<\/td>\n<\/tr>\n<tr>\n<td>\u00a0 9<\/td>\n<td colspan=\"\\&quot;3\\&quot;\">Sequ\u00eancia nominal de funcionamento<\/td>\n<td><\/td>\n<td>O-0,3s-CO-180s-CO<\/td>\n<\/tr>\n<tr>\n<td>\u00a0 10<\/td>\n<td colspan=\"\\&quot;3\\&quot;\">Tempos de interrup\u00e7\u00e3o da corrente nominal de interrup\u00e7\u00e3o de curto-circuito<\/td>\n<td>\u6b21vezes<\/td>\n<td>30<\/td>\n<\/tr>\n<tr>\n<td>\u00a0 11<\/td>\n<td colspan=\"\\&quot;3\\&quot;\">Dura\u00e7\u00e3o mec\u00e2nica<\/td>\n<td>\u6b21vezes<\/td>\n<td>10000<\/td>\n<\/tr>\n<tr>\n<td>\u00a0 12<\/td>\n<td colspan=\"\\&quot;3\\&quot;\">Tens\u00e3o nominal do motor de armazenamento de energia<\/td>\n<td>V<\/td>\n<td>DC ou AC220\u3001DC110\u300148\u300124<\/td>\n<\/tr>\n<tr>\n<td>\u00a0 13<\/td>\n<td colspan=\"\\&quot;3\\&quot;\">Tens\u00e3o nominal de funcionamento<\/td>\n<td>V<\/td>\n<td>DCou AC220\u3001DC110\u300148\u300124<\/td>\n<\/tr>\n<tr>\n<td>\u00a0 14<\/td>\n<td colspan=\"\\&quot;3\\&quot;\">Abras\u00f5es espessura dos contactos<\/td>\n<td>mm<\/td>\n<td>3<\/td>\n<\/tr>\n<tr>\n<td>\u00a0 15<\/td>\n<td colspan=\"\\&quot;3\\&quot;\">Corrente nominal do rel\u00e9 de sobreintensidade<\/td>\n<td>A<\/td>\n<td>5<\/td>\n<\/tr>\n<tr>\n<td>\u00a0 16<\/td>\n<td colspan=\"\\&quot;3\\&quot;\">R\u00e1cio do transformador de corrente<\/td>\n<td><\/td>\n<td>200\/5,400\/5,600\/5<br \/>\nGrau de prote\u00e7\u00e3o: classe III, classe: 0,5)<\/td>\n<\/tr>\n<\/tbody>\n<\/table>\n<\/div>\n<\/figure>\n<h2 class=\"\\&quot;wp-block-heading\\&quot;\">Desenho esquem\u00e1tico de dimens\u00f5es e instala\u00e7\u00e3o<\/h2>\n<p><img fetchpriority=\"high\" decoding=\"async\" class=\"alignnone wp-image-21482 size-full\" src=\"https:\/\/www.tronkiele.com\/wp-content\/uploads\/2024\/09\/ZW32-12-outdoor-high-voltage-pole-mounted-vacuum-circuit-breaker.webp\" alt=\"ZW32-12 disjuntor de v\u00e1cuo exterior de alta tens\u00e3o montado em poste\" width=\"750\" height=\"329\" srcset=\"https:\/\/www.tronkiele.com\/wp-content\/uploads\/2024\/09\/ZW32-12-outdoor-high-voltage-pole-mounted-vacuum-circuit-breaker.webp 750w, https:\/\/www.tronkiele.com\/wp-content\/uploads\/2024\/09\/ZW32-12-outdoor-high-voltage-pole-mounted-vacuum-circuit-breaker-400x175.webp 400w, https:\/\/www.tronkiele.com\/wp-content\/uploads\/2024\/09\/ZW32-12-outdoor-high-voltage-pole-mounted-vacuum-circuit-breaker-18x8.webp 18w, https:\/\/www.tronkiele.com\/wp-content\/uploads\/2024\/09\/ZW32-12-outdoor-high-voltage-pole-mounted-vacuum-circuit-breaker-430x189.webp 430w, https:\/\/www.tronkiele.com\/wp-content\/uploads\/2024\/09\/ZW32-12-outdoor-high-voltage-pole-mounted-vacuum-circuit-breaker-700x307.webp 700w, https:\/\/www.tronkiele.com\/wp-content\/uploads\/2024\/09\/ZW32-12-outdoor-high-voltage-pole-mounted-vacuum-circuit-breaker-150x66.webp 150w\" sizes=\"(max-width: 750px) 100vw, 750px\" \/> <img decoding=\"async\" class=\"alignnone wp-image-21481 size-full\" src=\"https:\/\/www.tronkiele.com\/wp-content\/uploads\/2024\/09\/Pole-Mounted-Vacuum-Circuit-Breaker-Manufacturer.webp\" alt=\"\" width=\"1020\" height=\"625\" srcset=\"https:\/\/www.tronkiele.com\/wp-content\/uploads\/2024\/09\/Pole-Mounted-Vacuum-Circuit-Breaker-Manufacturer.webp 1020w, https:\/\/www.tronkiele.com\/wp-content\/uploads\/2024\/09\/Pole-Mounted-Vacuum-Circuit-Breaker-Manufacturer-400x245.webp 400w, https:\/\/www.tronkiele.com\/wp-content\/uploads\/2024\/09\/Pole-Mounted-Vacuum-Circuit-Breaker-Manufacturer-768x471.webp 768w, https:\/\/www.tronkiele.com\/wp-content\/uploads\/2024\/09\/Pole-Mounted-Vacuum-Circuit-Breaker-Manufacturer-18x12.webp 18w, https:\/\/www.tronkiele.com\/wp-content\/uploads\/2024\/09\/Pole-Mounted-Vacuum-Circuit-Breaker-Manufacturer-430x263.webp 430w, https:\/\/www.tronkiele.com\/wp-content\/uploads\/2024\/09\/Pole-Mounted-Vacuum-Circuit-Breaker-Manufacturer-700x429.webp 700w, https:\/\/www.tronkiele.com\/wp-content\/uploads\/2024\/09\/Pole-Mounted-Vacuum-Circuit-Breaker-Manufacturer-150x92.webp 150w\" sizes=\"(max-width: 1020px) 100vw, 1020px\" \/><\/p>\n<p><img decoding=\"async\" class=\"alignnone wp-image-21479 size-full\" src=\"https:\/\/www.tronkiele.com\/wp-content\/uploads\/2024\/09\/Pole-Mounted-Vacuum-Circuit-Breaker.webp\" alt=\"\" width=\"1072\" height=\"639\" srcset=\"https:\/\/www.tronkiele.com\/wp-content\/uploads\/2024\/09\/Pole-Mounted-Vacuum-Circuit-Breaker.webp 1072w, https:\/\/www.tronkiele.com\/wp-content\/uploads\/2024\/09\/Pole-Mounted-Vacuum-Circuit-Breaker-400x238.webp 400w, https:\/\/www.tronkiele.com\/wp-content\/uploads\/2024\/09\/Pole-Mounted-Vacuum-Circuit-Breaker-768x458.webp 768w, https:\/\/www.tronkiele.com\/wp-content\/uploads\/2024\/09\/Pole-Mounted-Vacuum-Circuit-Breaker-18x12.webp 18w, https:\/\/www.tronkiele.com\/wp-content\/uploads\/2024\/09\/Pole-Mounted-Vacuum-Circuit-Breaker-430x256.webp 430w, https:\/\/www.tronkiele.com\/wp-content\/uploads\/2024\/09\/Pole-Mounted-Vacuum-Circuit-Breaker-700x417.webp 700w, https:\/\/www.tronkiele.com\/wp-content\/uploads\/2024\/09\/Pole-Mounted-Vacuum-Circuit-Breaker-150x89.webp 150w\" sizes=\"(max-width: 1072px) 100vw, 1072px\" \/> <img loading=\"lazy\" decoding=\"async\" class=\"alignnone wp-image-21480 size-full\" src=\"https:\/\/www.tronkiele.com\/wp-content\/uploads\/2024\/09\/Mounted-Vacuum-Circuit-Breaker.webp\" alt=\"\" width=\"1040\" height=\"698\" srcset=\"https:\/\/www.tronkiele.com\/wp-content\/uploads\/2024\/09\/Mounted-Vacuum-Circuit-Breaker.webp 1040w, https:\/\/www.tronkiele.com\/wp-content\/uploads\/2024\/09\/Mounted-Vacuum-Circuit-Breaker-400x268.webp 400w, https:\/\/www.tronkiele.com\/wp-content\/uploads\/2024\/09\/Mounted-Vacuum-Circuit-Breaker-768x515.webp 768w, https:\/\/www.tronkiele.com\/wp-content\/uploads\/2024\/09\/Mounted-Vacuum-Circuit-Breaker-18x12.webp 18w, https:\/\/www.tronkiele.com\/wp-content\/uploads\/2024\/09\/Mounted-Vacuum-Circuit-Breaker-430x289.webp 430w, https:\/\/www.tronkiele.com\/wp-content\/uploads\/2024\/09\/Mounted-Vacuum-Circuit-Breaker-700x470.webp 700w, https:\/\/www.tronkiele.com\/wp-content\/uploads\/2024\/09\/Mounted-Vacuum-Circuit-Breaker-150x101.webp 150w\" sizes=\"(max-width: 1040px) 100vw, 1040px\" \/><\/p>\n<figure class=\"\\&quot;wp-block-image\"><\/figure>","protected":false},"excerpt":{"rendered":"<p>Modelo: ZW32-12<br \/>\nTens\u00e3o: 12kV<br \/>\nCorrente: 630A<br \/>\nFrequ\u00eancia de funcionamento: 50Hz<br \/>\nTens\u00e3o nominal: 12kV\/24kV<br \/>\nControlador de religa\u00e7\u00e3o: opcional<\/p>","protected":false},"featured_media":2220,"template":"","meta":[],"product_brand":[],"product_cat":[17],"product_tag":[],"class_list":{"0":"post-590","1":"product","2":"type-product","3":"status-publish","4":"has-post-thumbnail","6":"product_cat-vacuum-circuit-breaker","8":"first","9":"instock","10":"taxable","11":"shipping-taxable","12":"product-type-simple"},"yoast_head":"<!-- This site is optimized with the Yoast SEO plugin v25.0 - https:\/\/yoast.com\/wordpress\/plugins\/seo\/ -->\n<title>Pole Mounted Vacuum Circuit Breaker Manufacturer From China - PINE-ZHENGXI<\/title>\n<meta name=\"robots\" content=\"index, follow, max-snippet:-1, max-image-preview:large, max-video-preview:-1\" \/>\n<link rel=\"canonical\" href=\"https:\/\/www.tronkiele.com\/pt\/product\/outdoor-high-voltage-pole-mounted-vacuum-circuit-breaker\/\" \/>\n<meta property=\"og:locale\" content=\"pt_PT\" \/>\n<meta property=\"og:type\" content=\"article\" \/>\n<meta property=\"og:title\" content=\"Pole Mounted Vacuum Circuit Breaker Manufacturer From China - PINE-ZHENGXI\" \/>\n<meta property=\"og:description\" content=\"Model: ZW32-12 Voltage: 12kV Current: 630A Operating frequency: 50Hz Rated voltage: 12kV\/24kV Reclosing controller: optional\" \/>\n<meta property=\"og:url\" content=\"https:\/\/www.tronkiele.com\/pt\/product\/outdoor-high-voltage-pole-mounted-vacuum-circuit-breaker\/\" \/>\n<meta property=\"og:site_name\" content=\"PINE-ZHENGXI\" \/>\n<meta property=\"article:modified_time\" content=\"2025-02-10T12:39:03+00:00\" \/>\n<meta property=\"og:image\" content=\"https:\/\/www.tronkiele.com\/wp-content\/uploads\/2024\/09\/Outdoor-High-Voltage-Vacuum-Circuit-Breaker-1.webp\" \/>\n\t<meta property=\"og:image:width\" content=\"650\" \/>\n\t<meta property=\"og:image:height\" content=\"650\" \/>\n\t<meta property=\"og:image:type\" content=\"image\/webp\" \/>\n<meta name=\"twitter:card\" content=\"summary_large_image\" \/>\n<meta name=\"twitter:label1\" content=\"Tempo estimado de leitura\" \/>\n\t<meta name=\"twitter:data1\" content=\"3 minutos\" \/>\n<script type=\"application\/ld+json\" class=\"yoast-schema-graph\">{\"@context\":\"https:\/\/schema.org\",\"@graph\":[{\"@type\":\"WebPage\",\"@id\":\"https:\/\/www.tronkiele.com\/product\/outdoor-high-voltage-pole-mounted-vacuum-circuit-breaker\/\",\"url\":\"https:\/\/www.tronkiele.com\/product\/outdoor-high-voltage-pole-mounted-vacuum-circuit-breaker\/\",\"name\":\"Pole Mounted Vacuum Circuit Breaker Manufacturer From China - PINE-ZHENGXI\",\"isPartOf\":{\"@id\":\"https:\/\/www.tronkiele.com\/#website\"},\"primaryImageOfPage\":{\"@id\":\"https:\/\/www.tronkiele.com\/product\/outdoor-high-voltage-pole-mounted-vacuum-circuit-breaker\/#primaryimage\"},\"image\":{\"@id\":\"https:\/\/www.tronkiele.com\/product\/outdoor-high-voltage-pole-mounted-vacuum-circuit-breaker\/#primaryimage\"},\"thumbnailUrl\":\"https:\/\/www.tronkiele.com\/wp-content\/uploads\/2024\/09\/Outdoor-High-Voltage-Vacuum-Circuit-Breaker-1.webp\",\"datePublished\":\"2024-09-01T08:33:11+00:00\",\"dateModified\":\"2025-02-10T12:39:03+00:00\",\"breadcrumb\":{\"@id\":\"https:\/\/www.tronkiele.com\/product\/outdoor-high-voltage-pole-mounted-vacuum-circuit-breaker\/#breadcrumb\"},\"inLanguage\":\"pt-PT\",\"potentialAction\":[{\"@type\":\"ReadAction\",\"target\":[\"https:\/\/www.tronkiele.com\/product\/outdoor-high-voltage-pole-mounted-vacuum-circuit-breaker\/\"]}]},{\"@type\":\"ImageObject\",\"inLanguage\":\"pt-PT\",\"@id\":\"https:\/\/www.tronkiele.com\/product\/outdoor-high-voltage-pole-mounted-vacuum-circuit-breaker\/#primaryimage\",\"url\":\"https:\/\/www.tronkiele.com\/wp-content\/uploads\/2024\/09\/Outdoor-High-Voltage-Vacuum-Circuit-Breaker-1.webp\",\"contentUrl\":\"https:\/\/www.tronkiele.com\/wp-content\/uploads\/2024\/09\/Outdoor-High-Voltage-Vacuum-Circuit-Breaker-1.webp\",\"width\":650,\"height\":650,\"caption\":\"Outdoor High Voltage Vacuum Circuit Breaker\"},{\"@type\":\"BreadcrumbList\",\"@id\":\"https:\/\/www.tronkiele.com\/product\/outdoor-high-voltage-pole-mounted-vacuum-circuit-breaker\/#breadcrumb\",\"itemListElement\":[{\"@type\":\"ListItem\",\"position\":1,\"name\":\"Home\",\"item\":\"https:\/\/www.tronkiele.com\/\"},{\"@type\":\"ListItem\",\"position\":2,\"name\":\"Products\",\"item\":\"https:\/\/www.tronkiele.com\/shop\/\"},{\"@type\":\"ListItem\",\"position\":3,\"name\":\"ZW32-12 Outdoor High-Voltage Pole Mounted Vacuum Circuit Breaker\"}]},{\"@type\":\"WebSite\",\"@id\":\"https:\/\/www.tronkiele.com\/#website\",\"url\":\"https:\/\/www.tronkiele.com\/\",\"name\":\"PINE-ZHENGXI\",\"description\":\"\",\"publisher\":{\"@id\":\"https:\/\/www.tronkiele.com\/#organization\"},\"potentialAction\":[{\"@type\":\"SearchAction\",\"target\":{\"@type\":\"EntryPoint\",\"urlTemplate\":\"https:\/\/www.tronkiele.com\/?s={search_term_string}\"},\"query-input\":{\"@type\":\"PropertyValueSpecification\",\"valueRequired\":true,\"valueName\":\"search_term_string\"}}],\"inLanguage\":\"pt-PT\"},{\"@type\":\"Organization\",\"@id\":\"https:\/\/www.tronkiele.com\/#organization\",\"name\":\"PINE-ZHENGXI\",\"url\":\"https:\/\/www.tronkiele.com\/\",\"logo\":{\"@type\":\"ImageObject\",\"inLanguage\":\"pt-PT\",\"@id\":\"https:\/\/www.tronkiele.com\/#\/schema\/logo\/image\/\",\"url\":\"https:\/\/www.tronkiele.com\/wp-content\/uploads\/2024\/11\/cropped-tronki.webp\",\"contentUrl\":\"https:\/\/www.tronkiele.com\/wp-content\/uploads\/2024\/11\/cropped-tronki.webp\",\"width\":512,\"height\":512,\"caption\":\"PINE-ZHENGXI\"},\"image\":{\"@id\":\"https:\/\/www.tronkiele.com\/#\/schema\/logo\/image\/\"}}]}<\/script>\n<!-- \/ Yoast SEO plugin. -->","yoast_head_json":{"title":"Fabricante de disjuntor a v\u00e1cuo montado em poste da China - PINE-ZHENGXI","robots":{"index":"index","follow":"follow","max-snippet":"max-snippet:-1","max-image-preview":"max-image-preview:large","max-video-preview":"max-video-preview:-1"},"canonical":"https:\/\/www.tronkiele.com\/pt\/product\/outdoor-high-voltage-pole-mounted-vacuum-circuit-breaker\/","og_locale":"pt_PT","og_type":"article","og_title":"Pole Mounted Vacuum Circuit Breaker Manufacturer From China - PINE-ZHENGXI","og_description":"Model: ZW32-12 Voltage: 12kV Current: 630A Operating frequency: 50Hz Rated voltage: 12kV\/24kV Reclosing controller: optional","og_url":"https:\/\/www.tronkiele.com\/pt\/product\/outdoor-high-voltage-pole-mounted-vacuum-circuit-breaker\/","og_site_name":"PINE-ZHENGXI","article_modified_time":"2025-02-10T12:39:03+00:00","og_image":[{"width":650,"height":650,"url":"https:\/\/www.tronkiele.com\/wp-content\/uploads\/2024\/09\/Outdoor-High-Voltage-Vacuum-Circuit-Breaker-1.webp","type":"image\/webp"}],"twitter_card":"summary_large_image","twitter_misc":{"Tempo estimado de leitura":"3 minutos"},"schema":{"@context":"https:\/\/schema.org","@graph":[{"@type":"WebPage","@id":"https:\/\/www.tronkiele.com\/product\/outdoor-high-voltage-pole-mounted-vacuum-circuit-breaker\/","url":"https:\/\/www.tronkiele.com\/product\/outdoor-high-voltage-pole-mounted-vacuum-circuit-breaker\/","name":"Fabricante de disjuntor a v\u00e1cuo montado em poste da China - PINE-ZHENGXI","isPartOf":{"@id":"https:\/\/www.tronkiele.com\/#website"},"primaryImageOfPage":{"@id":"https:\/\/www.tronkiele.com\/product\/outdoor-high-voltage-pole-mounted-vacuum-circuit-breaker\/#primaryimage"},"image":{"@id":"https:\/\/www.tronkiele.com\/product\/outdoor-high-voltage-pole-mounted-vacuum-circuit-breaker\/#primaryimage"},"thumbnailUrl":"https:\/\/www.tronkiele.com\/wp-content\/uploads\/2024\/09\/Outdoor-High-Voltage-Vacuum-Circuit-Breaker-1.webp","datePublished":"2024-09-01T08:33:11+00:00","dateModified":"2025-02-10T12:39:03+00:00","breadcrumb":{"@id":"https:\/\/www.tronkiele.com\/product\/outdoor-high-voltage-pole-mounted-vacuum-circuit-breaker\/#breadcrumb"},"inLanguage":"pt-PT","potentialAction":[{"@type":"ReadAction","target":["https:\/\/www.tronkiele.com\/product\/outdoor-high-voltage-pole-mounted-vacuum-circuit-breaker\/"]}]},{"@type":"ImageObject","inLanguage":"pt-PT","@id":"https:\/\/www.tronkiele.com\/product\/outdoor-high-voltage-pole-mounted-vacuum-circuit-breaker\/#primaryimage","url":"https:\/\/www.tronkiele.com\/wp-content\/uploads\/2024\/09\/Outdoor-High-Voltage-Vacuum-Circuit-Breaker-1.webp","contentUrl":"https:\/\/www.tronkiele.com\/wp-content\/uploads\/2024\/09\/Outdoor-High-Voltage-Vacuum-Circuit-Breaker-1.webp","width":650,"height":650,"caption":"Outdoor High Voltage Vacuum Circuit Breaker"},{"@type":"BreadcrumbList","@id":"https:\/\/www.tronkiele.com\/product\/outdoor-high-voltage-pole-mounted-vacuum-circuit-breaker\/#breadcrumb","itemListElement":[{"@type":"ListItem","position":1,"name":"Home","item":"https:\/\/www.tronkiele.com\/"},{"@type":"ListItem","position":2,"name":"Products","item":"https:\/\/www.tronkiele.com\/shop\/"},{"@type":"ListItem","position":3,"name":"ZW32-12 Outdoor High-Voltage Pole Mounted Vacuum Circuit Breaker"}]},{"@type":"WebSite","@id":"https:\/\/www.tronkiele.com\/#website","url":"https:\/\/www.tronkiele.com\/","name":"PINE-ZHENGXI","description":"","publisher":{"@id":"https:\/\/www.tronkiele.com\/#organization"},"potentialAction":[{"@type":"SearchAction","target":{"@type":"EntryPoint","urlTemplate":"https:\/\/www.tronkiele.com\/?s={search_term_string}"},"query-input":{"@type":"PropertyValueSpecification","valueRequired":true,"valueName":"search_term_string"}}],"inLanguage":"pt-PT"},{"@type":"Organization","@id":"https:\/\/www.tronkiele.com\/#organization","name":"PINE-ZHENGXI","url":"https:\/\/www.tronkiele.com\/","logo":{"@type":"ImageObject","inLanguage":"pt-PT","@id":"https:\/\/www.tronkiele.com\/#\/schema\/logo\/image\/","url":"https:\/\/www.tronkiele.com\/wp-content\/uploads\/2024\/11\/cropped-tronki.webp","contentUrl":"https:\/\/www.tronkiele.com\/wp-content\/uploads\/2024\/11\/cropped-tronki.webp","width":512,"height":512,"caption":"PINE-ZHENGXI"},"image":{"@id":"https:\/\/www.tronkiele.com\/#\/schema\/logo\/image\/"}}]}},"_links":{"self":[{"href":"https:\/\/www.tronkiele.com\/pt\/wp-json\/wp\/v2\/product\/590","targetHints":{"allow":["GET"]}}],"collection":[{"href":"https:\/\/www.tronkiele.com\/pt\/wp-json\/wp\/v2\/product"}],"about":[{"href":"https:\/\/www.tronkiele.com\/pt\/wp-json\/wp\/v2\/types\/product"}],"version-history":[{"count":3,"href":"https:\/\/www.tronkiele.com\/pt\/wp-json\/wp\/v2\/product\/590\/revisions"}],"predecessor-version":[{"id":21484,"href":"https:\/\/www.tronkiele.com\/pt\/wp-json\/wp\/v2\/product\/590\/revisions\/21484"}],"wp:featuredmedia":[{"embeddable":true,"href":"https:\/\/www.tronkiele.com\/pt\/wp-json\/wp\/v2\/media\/2220"}],"wp:attachment":[{"href":"https:\/\/www.tronkiele.com\/pt\/wp-json\/wp\/v2\/media?parent=590"}],"wp:term":[{"taxonomy":"product_brand","embeddable":true,"href":"https:\/\/www.tronkiele.com\/pt\/wp-json\/wp\/v2\/product_brand?post=590"},{"taxonomy":"product_cat","embeddable":true,"href":"https:\/\/www.tronkiele.com\/pt\/wp-json\/wp\/v2\/product_cat?post=590"},{"taxonomy":"product_tag","embeddable":true,"href":"https:\/\/www.tronkiele.com\/pt\/wp-json\/wp\/v2\/product_tag?post=590"}],"curies":[{"name":"wp","href":"https:\/\/api.w.org\/{rel}","templated":true}]}}