{"id":95,"date":"2024-09-08T17:17:26","date_gmt":"2024-09-08T17:17:26","guid":{"rendered":"https:\/\/www.tronkiele.com\/product\/indoor-auxiliary-handcart-switchgear-breaker\/"},"modified":"2025-01-25T08:28:30","modified_gmt":"2025-01-25T08:28:30","slug":"indoor-auxiliary-handcart-switchgear-breaker","status":"publish","type":"product","link":"https:\/\/www.tronkiele.com\/pt\/product\/indoor-auxiliary-handcart-switchgear-breaker\/","title":{"rendered":"ZN85-40.5 Disjuntor de carrinho de m\u00e3o auxiliar para interior"},"content":{"rendered":"<h2 class=\"\\&quot;wp-block-heading\\&quot;\">Geral<\/h2>\n<p>O carrinho de m\u00e3o auxiliar ZN85, concebido e produzido por n\u00f3s, tem um mecanismo de acionamento de haste de parafuso e pode ser movido facilmente e evitar danos no mecanismo de acionamento devido a uma opera\u00e7\u00e3o incorrecta. Aplica-se aos sistemas de energia segmentados de barramento \u00fanico de corrente alternada trif\u00e1sica de 50Hz e 40,5kV nos comutadores met\u00e1licos m\u00f3veis blindados KYN61-40,5.<\/p>\n<h2 class=\"\\&quot;wp-block-heading\\&quot;\">Normas de produtos<\/h2>\n<p>O carrinho de m\u00e3o auxiliar ZN85 \u00e9 produzido em conformidade com a norma e o c\u00f3digo seguintes.<\/p>\n<p>GB\/T 11022-2011 Especifica\u00e7\u00f5es comuns para normas de aparelhagem de alta tens\u00e3o e aparelhagem de controlo<\/p>\n<p>\u25cf IEC 62271-2007 Aparelhagem de alta tens\u00e3o - Parte 1: Especifica\u00e7\u00f5es comuns<\/p>\n<h2 class=\"\\&quot;wp-block-heading\\&quot;\">Condi\u00e7\u00f5es de funcionamento<\/h2>\n<p>Condi\u00e7\u00f5es normais de funcionamento<\/p>\n<p>\u25cf Temperatura ambiente: -40 \u2103 ~ + 40 \u2103 (abaixo de 35 \u2103 dentro de 24 horas)<\/p>\n<p>Humidade relativa: \u226495% (m\u00e9dia di\u00e1ria) ou \u226490% (m\u00e9dia mensal)<\/p>\n<p>\u25cf Altitude:\u22641000m<\/p>\n<h2 class=\"\\&quot;wp-block-heading\\&quot;\">Par\u00e2metros t\u00e9cnicos<\/h2>\n<p>1.1 Par\u00e2metros t\u00e9cnicos<\/p>\n<figure class=\"\\&quot;wp-block-table\\&quot;\">\n<div class=\"\\&quot;scroll\\&quot;\">\n<table>\n<tbody>\n<tr>\n<td>\u00a0\u00a0 Item<\/td>\n<td>Unidade<\/td>\n<td>Valor de refer\u00eancia<\/td>\n<\/tr>\n<tr>\n<td>\u00a0\u00a0 Tens\u00e3o nominal<\/td>\n<td>kV<\/td>\n<td>40.5<\/td>\n<\/tr>\n<tr>\n<td>Tens\u00e3o suport\u00e1vel de impulso de rel\u00e2mpago<\/td>\n<td>kV<\/td>\n<td>185<\/td>\n<\/tr>\n<tr>\n<td>\u00a0\u00a0 N\u00edvel de isolamento nominal Tens\u00e3o de resist\u00eancia \u00e0 frequ\u00eancia de alimenta\u00e7\u00e3o de 1 minuto<\/td>\n<td>kV<\/td>\n<td>95<\/td>\n<\/tr>\n<tr>\n<td>\u00a0\u00a0 Frequ\u00eancia nominal<\/td>\n<td>Hz<\/td>\n<td>50\/60<\/td>\n<\/tr>\n<\/tbody>\n<\/table>\n<\/div>\n<\/figure>\n<p>1.2 Desenho da liga\u00e7\u00e3o entre o contacto m\u00f3vel e o contacto fixo<\/p>\n<figure class=\"\\&quot;wp-block-image\"><img fetchpriority=\"high\" decoding=\"async\" class=\"alignnone wp-image-789 size-full\" src=\"https:\/\/www.tronkiele.com\/wp-content\/uploads\/2020\/04\/High-Voltage-Vcb-01.webp\" alt=\"Alta tens\u00e3o-Vcb\" width=\"845\" height=\"146\" srcset=\"https:\/\/www.tronkiele.com\/wp-content\/uploads\/2020\/04\/High-Voltage-Vcb-01.webp 845w, https:\/\/www.tronkiele.com\/wp-content\/uploads\/2020\/04\/High-Voltage-Vcb-01-150x26.webp 150w, https:\/\/www.tronkiele.com\/wp-content\/uploads\/2020\/04\/High-Voltage-Vcb-01-600x104.webp 600w, https:\/\/www.tronkiele.com\/wp-content\/uploads\/2020\/04\/High-Voltage-Vcb-01-300x52.webp 300w, https:\/\/www.tronkiele.com\/wp-content\/uploads\/2020\/04\/High-Voltage-Vcb-01-768x133.webp 768w, https:\/\/www.tronkiele.com\/wp-content\/uploads\/2020\/04\/High-Voltage-Vcb-01-18x3.webp 18w\" sizes=\"(max-width: 845px) 100vw, 845px\" \/><\/figure>\n<p>Dimens\u00f5es gerais e de instala\u00e7\u00e3o<\/p>\n<p>Dimens\u00e3o total do carrinho de m\u00e3o de isolamento ZN85-40.5 (largura do arm\u00e1rio: 1400 mm)<\/p>\n<figure class=\"\\&quot;wp-block-image\"><img decoding=\"async\" class=\"alignnone wp-image-2233 size-full\" src=\"https:\/\/www.tronkiele.com\/wp-content\/uploads\/2020\/04\/High-Voltage-Vcb-02-1.webp\" alt=\"Alta tens\u00e3o-Vcb\" width=\"845\" height=\"376\" srcset=\"https:\/\/www.tronkiele.com\/wp-content\/uploads\/2020\/04\/High-Voltage-Vcb-02-1.webp 845w, https:\/\/www.tronkiele.com\/wp-content\/uploads\/2020\/04\/High-Voltage-Vcb-02-1-150x67.webp 150w, https:\/\/www.tronkiele.com\/wp-content\/uploads\/2020\/04\/High-Voltage-Vcb-02-1-600x267.webp 600w, https:\/\/www.tronkiele.com\/wp-content\/uploads\/2020\/04\/High-Voltage-Vcb-02-1-300x133.webp 300w, https:\/\/www.tronkiele.com\/wp-content\/uploads\/2020\/04\/High-Voltage-Vcb-02-1-768x342.webp 768w, https:\/\/www.tronkiele.com\/wp-content\/uploads\/2020\/04\/High-Voltage-Vcb-02-1-18x8.webp 18w\" sizes=\"(max-width: 845px) 100vw, 845px\" \/><\/figure>\n<figure class=\"\\&quot;wp-block-table\\&quot;\">\n<div class=\"\\&quot;scroll\\&quot;\">\n<table>\n<tbody>\n<tr>\n<td>\u00a0\u00a0 Corrente nominal (A)<\/td>\n<td>630<\/td>\n<td>1250<\/td>\n<\/tr>\n<tr>\n<td>\u00a0\u00a0 Tamanho do contacto fixo D(mm)<\/td>\n<td>\u03c635<\/td>\n<td>meio 49<\/td>\n<\/tr>\n<tr>\n<td>\u00a0\u00a0 dist\u00e2ncia entre fases (mm)<\/td>\n<td colspan=\"\\&quot;2\\&quot;\">300<\/td>\n<\/tr>\n<tr>\n<td>\u00a0\u00a0 Curso do carrinho de m\u00e3o (mm)<\/td>\n<td colspan=\"\\&quot;2\\&quot;\">610\u00b12<\/td>\n<\/tr>\n<\/tbody>\n<\/table>\n<\/div>\n<\/figure>\n<figure class=\"\\&quot;wp-block-image\"><a href=\"https:\/\/tronkiele.com\/wp-content\/uploads\/2020\/04\/High-Voltage-Vcb-03.webp\"><img decoding=\"async\" class=\"alignnone wp-image-788 size-full\" src=\"https:\/\/www.tronkiele.com\/wp-content\/uploads\/2020\/04\/High-Voltage-Vcb-03.webp\" alt=\"Alta tens\u00e3o-Vcb\" width=\"845\" height=\"342\" srcset=\"https:\/\/www.tronkiele.com\/wp-content\/uploads\/2020\/04\/High-Voltage-Vcb-03.webp 845w, https:\/\/www.tronkiele.com\/wp-content\/uploads\/2020\/04\/High-Voltage-Vcb-03-150x61.webp 150w, https:\/\/www.tronkiele.com\/wp-content\/uploads\/2020\/04\/High-Voltage-Vcb-03-600x243.webp 600w, https:\/\/www.tronkiele.com\/wp-content\/uploads\/2020\/04\/High-Voltage-Vcb-03-300x121.webp 300w, https:\/\/www.tronkiele.com\/wp-content\/uploads\/2020\/04\/High-Voltage-Vcb-03-768x311.webp 768w, https:\/\/www.tronkiele.com\/wp-content\/uploads\/2020\/04\/High-Voltage-Vcb-03-18x7.webp 18w\" sizes=\"(max-width: 845px) 100vw, 845px\" \/><\/a><\/figure>\n<figure class=\"\\&quot;wp-block-table\\&quot;\">\n<div class=\"\\&quot;scroll\\&quot;\">\n<table>\n<tbody>\n<tr>\n<td>59<\/td>\n<td>Para o interrutor auxiliar na posi\u00e7\u00e3o de funcionamento<\/td>\n<\/tr>\n<tr>\n<td>58<\/td>\n<td>ou o interrutor auxiliar na posi\u00e7\u00e3o de funcionamento<\/td>\n<\/tr>\n<tr>\n<td>Y1<\/td>\n<td>Eletro\u00edman de bloqueio (pe\u00e7a opcional)<\/td>\n<\/tr>\n<\/tbody>\n<\/table>\n<\/div>\n<\/figure>","protected":false},"excerpt":{"rendered":"<p>O disjuntor auxiliar de alta tens\u00e3o ZN85-40.5 para interiores \u00e9 adequado para sistemas de energia AC 50Hz. 35kV, utilizado como dispositivo de prote\u00e7\u00e3o e controlo em centrais el\u00e9ctricas, subesta\u00e7\u00f5es, etc,<\/p>","protected":false},"featured_media":2228,"template":"","meta":[],"product_brand":[],"product_cat":[17],"product_tag":[],"class_list":{"0":"post-95","1":"product","2":"type-product","3":"status-publish","4":"has-post-thumbnail","6":"product_cat-vacuum-circuit-breaker","8":"first","9":"instock","10":"taxable","11":"shipping-taxable","12":"product-type-simple"},"yoast_head":"<!-- This site is optimized with the Yoast SEO plugin v25.0 - https:\/\/yoast.com\/wordpress\/plugins\/seo\/ -->\n<title>ZN85-40.5 Indoor Auxiliary Handcart Switchgear Breaker - PINE-ZHENGXI<\/title>\n<meta name=\"description\" content=\"ZN85-40.5 Indoor Auxiliary Handcart switchgear breaker offered by China manufacturer JYIELE Electric Manufacture. Buy directly with low price and high quality.our circuit breaker ensures efficient power distribution and maximum safety.\" \/>\n<meta name=\"robots\" content=\"index, follow, max-snippet:-1, max-image-preview:large, max-video-preview:-1\" \/>\n<link rel=\"canonical\" href=\"https:\/\/www.tronkiele.com\/pt\/product\/indoor-auxiliary-handcart-switchgear-breaker\/\" \/>\n<meta property=\"og:locale\" content=\"pt_PT\" \/>\n<meta property=\"og:type\" content=\"article\" \/>\n<meta property=\"og:title\" content=\"ZN85-40.5 Indoor Auxiliary Handcart Switchgear Breaker - PINE-ZHENGXI\" \/>\n<meta property=\"og:description\" content=\"ZN85-40.5 Indoor Auxiliary Handcart switchgear breaker offered by China manufacturer JYIELE Electric Manufacture. Buy directly with low price and high quality.our circuit breaker ensures efficient power distribution and maximum safety.\" \/>\n<meta property=\"og:url\" content=\"https:\/\/www.tronkiele.com\/pt\/product\/indoor-auxiliary-handcart-switchgear-breaker\/\" \/>\n<meta property=\"og:site_name\" content=\"PINE-ZHENGXI\" \/>\n<meta property=\"article:modified_time\" content=\"2025-01-25T08:28:30+00:00\" \/>\n<meta property=\"og:image\" content=\"https:\/\/www.tronkiele.com\/wp-content\/uploads\/2020\/04\/Indoor-Auxiliary-Handcart-Switchgear-Breaker-2.webp\" \/>\n\t<meta property=\"og:image:width\" content=\"600\" \/>\n\t<meta property=\"og:image:height\" content=\"600\" \/>\n\t<meta property=\"og:image:type\" content=\"image\/webp\" \/>\n<meta name=\"twitter:card\" content=\"summary_large_image\" \/>\n<meta name=\"twitter:label1\" content=\"Tempo estimado de leitura\" \/>\n\t<meta name=\"twitter:data1\" content=\"2 minutos\" \/>\n<script type=\"application\/ld+json\" class=\"yoast-schema-graph\">{\"@context\":\"https:\/\/schema.org\",\"@graph\":[{\"@type\":\"WebPage\",\"@id\":\"https:\/\/www.tronkiele.com\/product\/indoor-auxiliary-handcart-switchgear-breaker\/\",\"url\":\"https:\/\/www.tronkiele.com\/product\/indoor-auxiliary-handcart-switchgear-breaker\/\",\"name\":\"ZN85-40.5 Indoor Auxiliary Handcart Switchgear Breaker - PINE-ZHENGXI\",\"isPartOf\":{\"@id\":\"https:\/\/www.tronkiele.com\/#website\"},\"primaryImageOfPage\":{\"@id\":\"https:\/\/www.tronkiele.com\/product\/indoor-auxiliary-handcart-switchgear-breaker\/#primaryimage\"},\"image\":{\"@id\":\"https:\/\/www.tronkiele.com\/product\/indoor-auxiliary-handcart-switchgear-breaker\/#primaryimage\"},\"thumbnailUrl\":\"https:\/\/www.tronkiele.com\/wp-content\/uploads\/2020\/04\/Indoor-Auxiliary-Handcart-Switchgear-Breaker-2.webp\",\"datePublished\":\"2024-09-08T17:17:26+00:00\",\"dateModified\":\"2025-01-25T08:28:30+00:00\",\"description\":\"ZN85-40.5 Indoor Auxiliary Handcart switchgear breaker offered by China manufacturer JYIELE Electric Manufacture. Buy directly with low price and high quality.our circuit breaker ensures efficient power distribution and maximum safety.\",\"breadcrumb\":{\"@id\":\"https:\/\/www.tronkiele.com\/product\/indoor-auxiliary-handcart-switchgear-breaker\/#breadcrumb\"},\"inLanguage\":\"pt-PT\",\"potentialAction\":[{\"@type\":\"ReadAction\",\"target\":[\"https:\/\/www.tronkiele.com\/product\/indoor-auxiliary-handcart-switchgear-breaker\/\"]}]},{\"@type\":\"ImageObject\",\"inLanguage\":\"pt-PT\",\"@id\":\"https:\/\/www.tronkiele.com\/product\/indoor-auxiliary-handcart-switchgear-breaker\/#primaryimage\",\"url\":\"https:\/\/www.tronkiele.com\/wp-content\/uploads\/2020\/04\/Indoor-Auxiliary-Handcart-Switchgear-Breaker-2.webp\",\"contentUrl\":\"https:\/\/www.tronkiele.com\/wp-content\/uploads\/2020\/04\/Indoor-Auxiliary-Handcart-Switchgear-Breaker-2.webp\",\"width\":600,\"height\":600,\"caption\":\"Indoor Auxiliary Handcart Switchgear Breaker\"},{\"@type\":\"BreadcrumbList\",\"@id\":\"https:\/\/www.tronkiele.com\/product\/indoor-auxiliary-handcart-switchgear-breaker\/#breadcrumb\",\"itemListElement\":[{\"@type\":\"ListItem\",\"position\":1,\"name\":\"Home\",\"item\":\"https:\/\/www.tronkiele.com\/\"},{\"@type\":\"ListItem\",\"position\":2,\"name\":\"Products\",\"item\":\"https:\/\/www.tronkiele.com\/shop\/\"},{\"@type\":\"ListItem\",\"position\":3,\"name\":\"ZN85-40.5 Indoor Auxiliary Handcart Switchgear Breaker\"}]},{\"@type\":\"WebSite\",\"@id\":\"https:\/\/www.tronkiele.com\/#website\",\"url\":\"https:\/\/www.tronkiele.com\/\",\"name\":\"PINE-ZHENGXI\",\"description\":\"\",\"publisher\":{\"@id\":\"https:\/\/www.tronkiele.com\/#organization\"},\"potentialAction\":[{\"@type\":\"SearchAction\",\"target\":{\"@type\":\"EntryPoint\",\"urlTemplate\":\"https:\/\/www.tronkiele.com\/?s={search_term_string}\"},\"query-input\":{\"@type\":\"PropertyValueSpecification\",\"valueRequired\":true,\"valueName\":\"search_term_string\"}}],\"inLanguage\":\"pt-PT\"},{\"@type\":\"Organization\",\"@id\":\"https:\/\/www.tronkiele.com\/#organization\",\"name\":\"PINE-ZHENGXI\",\"url\":\"https:\/\/www.tronkiele.com\/\",\"logo\":{\"@type\":\"ImageObject\",\"inLanguage\":\"pt-PT\",\"@id\":\"https:\/\/www.tronkiele.com\/#\/schema\/logo\/image\/\",\"url\":\"https:\/\/www.tronkiele.com\/wp-content\/uploads\/2024\/11\/cropped-tronki.webp\",\"contentUrl\":\"https:\/\/www.tronkiele.com\/wp-content\/uploads\/2024\/11\/cropped-tronki.webp\",\"width\":512,\"height\":512,\"caption\":\"PINE-ZHENGXI\"},\"image\":{\"@id\":\"https:\/\/www.tronkiele.com\/#\/schema\/logo\/image\/\"}}]}<\/script>\n<!-- \/ Yoast SEO plugin. -->","yoast_head_json":{"title":"ZN85-40.5 Disjuntor de carrinho de m\u00e3o auxiliar para interior - PINE-ZHENGXI","description":"ZN85-40.5 Disjuntor de carrinho de m\u00e3o auxiliar para interior oferecido pelo fabricante chin\u00eas JYIELE Electric Manufacture. O nosso disjuntor garante uma distribui\u00e7\u00e3o de energia eficiente e m\u00e1xima seguran\u00e7a.","robots":{"index":"index","follow":"follow","max-snippet":"max-snippet:-1","max-image-preview":"max-image-preview:large","max-video-preview":"max-video-preview:-1"},"canonical":"https:\/\/www.tronkiele.com\/pt\/product\/indoor-auxiliary-handcart-switchgear-breaker\/","og_locale":"pt_PT","og_type":"article","og_title":"ZN85-40.5 Indoor Auxiliary Handcart Switchgear Breaker - PINE-ZHENGXI","og_description":"ZN85-40.5 Indoor Auxiliary Handcart switchgear breaker offered by China manufacturer JYIELE Electric Manufacture. Buy directly with low price and high quality.our circuit breaker ensures efficient power distribution and maximum safety.","og_url":"https:\/\/www.tronkiele.com\/pt\/product\/indoor-auxiliary-handcart-switchgear-breaker\/","og_site_name":"PINE-ZHENGXI","article_modified_time":"2025-01-25T08:28:30+00:00","og_image":[{"width":600,"height":600,"url":"https:\/\/www.tronkiele.com\/wp-content\/uploads\/2020\/04\/Indoor-Auxiliary-Handcart-Switchgear-Breaker-2.webp","type":"image\/webp"}],"twitter_card":"summary_large_image","twitter_misc":{"Tempo estimado de leitura":"2 minutos"},"schema":{"@context":"https:\/\/schema.org","@graph":[{"@type":"WebPage","@id":"https:\/\/www.tronkiele.com\/product\/indoor-auxiliary-handcart-switchgear-breaker\/","url":"https:\/\/www.tronkiele.com\/product\/indoor-auxiliary-handcart-switchgear-breaker\/","name":"ZN85-40.5 Disjuntor de carrinho de m\u00e3o auxiliar para interior - PINE-ZHENGXI","isPartOf":{"@id":"https:\/\/www.tronkiele.com\/#website"},"primaryImageOfPage":{"@id":"https:\/\/www.tronkiele.com\/product\/indoor-auxiliary-handcart-switchgear-breaker\/#primaryimage"},"image":{"@id":"https:\/\/www.tronkiele.com\/product\/indoor-auxiliary-handcart-switchgear-breaker\/#primaryimage"},"thumbnailUrl":"https:\/\/www.tronkiele.com\/wp-content\/uploads\/2020\/04\/Indoor-Auxiliary-Handcart-Switchgear-Breaker-2.webp","datePublished":"2024-09-08T17:17:26+00:00","dateModified":"2025-01-25T08:28:30+00:00","description":"ZN85-40.5 Disjuntor de carrinho de m\u00e3o auxiliar para interior oferecido pelo fabricante chin\u00eas JYIELE Electric Manufacture. O nosso disjuntor garante uma distribui\u00e7\u00e3o de energia eficiente e m\u00e1xima seguran\u00e7a.","breadcrumb":{"@id":"https:\/\/www.tronkiele.com\/product\/indoor-auxiliary-handcart-switchgear-breaker\/#breadcrumb"},"inLanguage":"pt-PT","potentialAction":[{"@type":"ReadAction","target":["https:\/\/www.tronkiele.com\/product\/indoor-auxiliary-handcart-switchgear-breaker\/"]}]},{"@type":"ImageObject","inLanguage":"pt-PT","@id":"https:\/\/www.tronkiele.com\/product\/indoor-auxiliary-handcart-switchgear-breaker\/#primaryimage","url":"https:\/\/www.tronkiele.com\/wp-content\/uploads\/2020\/04\/Indoor-Auxiliary-Handcart-Switchgear-Breaker-2.webp","contentUrl":"https:\/\/www.tronkiele.com\/wp-content\/uploads\/2020\/04\/Indoor-Auxiliary-Handcart-Switchgear-Breaker-2.webp","width":600,"height":600,"caption":"Indoor Auxiliary Handcart Switchgear Breaker"},{"@type":"BreadcrumbList","@id":"https:\/\/www.tronkiele.com\/product\/indoor-auxiliary-handcart-switchgear-breaker\/#breadcrumb","itemListElement":[{"@type":"ListItem","position":1,"name":"Home","item":"https:\/\/www.tronkiele.com\/"},{"@type":"ListItem","position":2,"name":"Products","item":"https:\/\/www.tronkiele.com\/shop\/"},{"@type":"ListItem","position":3,"name":"ZN85-40.5 Indoor Auxiliary Handcart Switchgear Breaker"}]},{"@type":"WebSite","@id":"https:\/\/www.tronkiele.com\/#website","url":"https:\/\/www.tronkiele.com\/","name":"PINE-ZHENGXI","description":"","publisher":{"@id":"https:\/\/www.tronkiele.com\/#organization"},"potentialAction":[{"@type":"SearchAction","target":{"@type":"EntryPoint","urlTemplate":"https:\/\/www.tronkiele.com\/?s={search_term_string}"},"query-input":{"@type":"PropertyValueSpecification","valueRequired":true,"valueName":"search_term_string"}}],"inLanguage":"pt-PT"},{"@type":"Organization","@id":"https:\/\/www.tronkiele.com\/#organization","name":"PINE-ZHENGXI","url":"https:\/\/www.tronkiele.com\/","logo":{"@type":"ImageObject","inLanguage":"pt-PT","@id":"https:\/\/www.tronkiele.com\/#\/schema\/logo\/image\/","url":"https:\/\/www.tronkiele.com\/wp-content\/uploads\/2024\/11\/cropped-tronki.webp","contentUrl":"https:\/\/www.tronkiele.com\/wp-content\/uploads\/2024\/11\/cropped-tronki.webp","width":512,"height":512,"caption":"PINE-ZHENGXI"},"image":{"@id":"https:\/\/www.tronkiele.com\/#\/schema\/logo\/image\/"}}]}},"_links":{"self":[{"href":"https:\/\/www.tronkiele.com\/pt\/wp-json\/wp\/v2\/product\/95","targetHints":{"allow":["GET"]}}],"collection":[{"href":"https:\/\/www.tronkiele.com\/pt\/wp-json\/wp\/v2\/product"}],"about":[{"href":"https:\/\/www.tronkiele.com\/pt\/wp-json\/wp\/v2\/types\/product"}],"version-history":[{"count":1,"href":"https:\/\/www.tronkiele.com\/pt\/wp-json\/wp\/v2\/product\/95\/revisions"}],"predecessor-version":[{"id":21422,"href":"https:\/\/www.tronkiele.com\/pt\/wp-json\/wp\/v2\/product\/95\/revisions\/21422"}],"wp:featuredmedia":[{"embeddable":true,"href":"https:\/\/www.tronkiele.com\/pt\/wp-json\/wp\/v2\/media\/2228"}],"wp:attachment":[{"href":"https:\/\/www.tronkiele.com\/pt\/wp-json\/wp\/v2\/media?parent=95"}],"wp:term":[{"taxonomy":"product_brand","embeddable":true,"href":"https:\/\/www.tronkiele.com\/pt\/wp-json\/wp\/v2\/product_brand?post=95"},{"taxonomy":"product_cat","embeddable":true,"href":"https:\/\/www.tronkiele.com\/pt\/wp-json\/wp\/v2\/product_cat?post=95"},{"taxonomy":"product_tag","embeddable":true,"href":"https:\/\/www.tronkiele.com\/pt\/wp-json\/wp\/v2\/product_tag?post=95"}],"curies":[{"name":"wp","href":"https:\/\/api.w.org\/{rel}","templated":true}]}}