{"id":23334,"date":"2025-11-12T07:45:35","date_gmt":"2025-11-12T07:45:35","guid":{"rendered":"https:\/\/www.tronkiele.com\/?post_type=product&#038;p=23334"},"modified":"2026-04-16T02:25:44","modified_gmt":"2026-04-16T02:25:44","slug":"automatic-voltage-regulator-avr","status":"publish","type":"product","link":"https:\/\/www.tronkiele.com\/ru\/product\/automatic-voltage-regulator-avr\/","title":{"rendered":"\u0410\u0432\u0442\u043e\u043c\u0430\u0442\u0438\u0447\u0435\u0441\u043a\u0438\u0439 \u0440\u0435\u0433\u0443\u043b\u044f\u0442\u043e\u0440 \u043d\u0430\u043f\u0440\u044f\u0436\u0435\u043d\u0438\u044f \u0441\u0435\u0440\u0432\u043e\u0434\u0432\u0438\u0433\u0430\u0442\u0435\u043b\u044f OMNI AVR-2000S 3000S 5000S"},"content":{"rendered":"<h2>\u041a\u043b\u044e\u0447\u0435\u0432\u044b\u0435 \u043f\u0440\u0435\u0438\u043c\u0443\u0449\u0435\u0441\u0442\u0432\u0430<\/h2>\n<ul>\n<li data-section-id=\"1oh7yey\" data-start=\"647\" data-end=\"721\">Advanced Servo Motor Control System<br \/>\nProvides precise and automatic voltage correction with high stability and fast response time<\/li>\n<li data-section-id=\"1oh7yey\" data-start=\"647\" data-end=\"721\">\u0428\u0438\u0440\u043e\u043a\u0438\u0439 \u0434\u0438\u0430\u043f\u0430\u0437\u043e\u043d \u0432\u0445\u043e\u0434\u043d\u043e\u0433\u043e \u043d\u0430\u043f\u0440\u044f\u0436\u0435\u043d\u0438\u044f<br \/>\nEffectively handles unstable power supply conditions (typically 140V\u2013260V or customizable)<\/li>\n<li data-section-id=\"1oh7yey\" data-start=\"647\" data-end=\"721\">High Accuracy Voltage Regulation<br \/>\nMaintains output voltage within \u00b13% for optimal equipment protection<\/li>\n<li data-section-id=\"1oh7yey\" data-start=\"647\" data-end=\"721\">Comprehensive Protection System<br \/>\nUndervoltage, overvoltage, overloading and over temperature protection system<\/li>\n<li data-section-id=\"1oh7yey\" data-start=\"647\" data-end=\"721\">6-Second Delay Protection Function<br \/>\nPrevents sudden power surges during restart<\/li>\n<li data-section-id=\"1oh7yey\" data-start=\"647\" data-end=\"721\">Digital LCD Display<br \/>\nReal-time monitoring of input and output voltage<\/li>\n<li data-section-id=\"1oh7yey\" data-start=\"647\" data-end=\"721\">Multiple Universal Output Sockets<br \/>\nCompatible with various electrical appliances<\/li>\n<li data-section-id=\"1oh7yey\" data-start=\"647\" data-end=\"721\">Durable Metal Casing<br \/>\nCorrosion-resistant powder-coated enclosure for long service life<\/li>\n<\/ul>\n<h2><strong><b>\u0422\u0435\u0445\u043d\u0438\u0447\u0435\u0441\u043a\u0438\u0435 \u043f\u0430\u0440\u0430\u043c\u0435\u0442\u0440\u044b<\/b><\/strong><\/h2>\n<table style=\"border-collapse: collapse; width: 615.02pt;\" border=\"0\" width=\"820\" cellspacing=\"0\" cellpadding=\"0\">\n<tbody>\n<tr style=\"height: 20.00pt;\">\n<td class=\"et2\" style=\"height: 20.00pt; width: 160.50pt;\" width=\"214\" height=\"26\">\u0410\u0440\u0442\u0438\u043a\u0443\u043b<\/td>\n<td class=\"et2\" style=\"width: 454.50pt;\" width=\"606\">\u0422\u0435\u0445\u043d\u0438\u0447\u0435\u0441\u043a\u0438\u0435 \u0445\u0430\u0440\u0430\u043a\u0442\u0435\u0440\u0438\u0441\u0442\u0438\u043a\u0438<\/td>\n<\/tr>\n<tr style=\"height: 20.00pt;\">\n<td class=\"et2\" style=\"height: 20.00pt; width: 160.50pt;\" width=\"214\" height=\"26\">\u041c\u043e\u0434\u0435\u043b\u044c<\/td>\n<td class=\"et2\" style=\"width: 454.50pt;\" width=\"606\">AVR-500VA | AVR-1000VA | AVR-1500VA | AVR-2000VA | AVR-3000VA | AVR-5000VA<\/td>\n<\/tr>\n<tr style=\"height: 20.00pt;\">\n<td class=\"et2\" style=\"height: 20.00pt; width: 160.50pt;\" width=\"214\" height=\"26\">\u0424\u0430\u0437\u0430<\/td>\n<td class=\"et2\" style=\"width: 454.50pt;\" width=\"606\">Single phase<\/td>\n<\/tr>\n<tr style=\"height: 20.00pt;\">\n<td class=\"et2\" style=\"height: 20.00pt; width: 160.50pt;\" width=\"214\" height=\"26\">\u0412\u0445\u043e\u0434\u043d\u043e\u0435 \u043d\u0430\u043f\u0440\u044f\u0436\u0435\u043d\u0438\u0435<\/td>\n<td class=\"et2\" style=\"width: 454.50pt;\" width=\"606\">AC 110-260V, 140-260V (or customized)<\/td>\n<\/tr>\n<tr style=\"height: 20.00pt;\">\n<td class=\"et2\" style=\"height: 20.00pt; width: 160.50pt;\" width=\"214\" height=\"26\">\u0412\u044b\u0445\u043e\u0434\u043d\u043e\u0435 \u043d\u0430\u043f\u0440\u044f\u0436\u0435\u043d\u0438\u0435<\/td>\n<td class=\"et2\" style=\"width: 454.50pt;\" width=\"606\">AC 220V \u0438\u043b\u0438 \u043f\u043e\u0434 \u0437\u0430\u043a\u0430\u0437<\/td>\n<\/tr>\n<tr style=\"height: 20.00pt;\">\n<td class=\"et2\" style=\"height: 20.00pt; width: 160.50pt;\" width=\"214\" height=\"26\">\u0427\u0430\u0441\u0442\u043e\u0442\u0430<\/td>\n<td class=\"et2\" style=\"width: 454.50pt;\" width=\"606\">50 \u0413\u0446\/60 \u0413\u0446<\/td>\n<\/tr>\n<tr style=\"height: 20.00pt;\">\n<td class=\"et2\" style=\"height: 20.00pt; width: 160.50pt;\" width=\"214\" height=\"26\">\u0422\u043e\u0447\u043d\u043e\u0441\u0442\u044c<\/td>\n<td class=\"et2\" style=\"width: 454.50pt;\" width=\"606\">\u00b13% or customized<\/td>\n<\/tr>\n<tr style=\"height: 20.00pt;\">\n<td class=\"et2\" style=\"height: 20.00pt; width: 160.50pt;\" width=\"214\" height=\"26\">\u042d\u0444\u0444\u0435\u043a\u0442\u0438\u0432\u043d\u043e\u0441\u0442\u044c<\/td>\n<td class=\"et2\" style=\"width: 454.50pt;\" width=\"606\">&gt;95%<\/td>\n<\/tr>\n<tr style=\"height: 20.00pt;\">\n<td class=\"et2\" style=\"height: 20.00pt; width: 160.50pt;\" width=\"214\" height=\"26\">\u0422\u0438\u043f \u0443\u043f\u0440\u0430\u0432\u043b\u0435\u043d\u0438\u044f<\/td>\n<td class=\"et2\" style=\"width: 454.50pt;\" width=\"606\">\u0421\u0435\u0440\u0432\u043e\u0434\u0432\u0438\u0433\u0430\u0442\u0435\u043b\u044c<\/td>\n<\/tr>\n<tr style=\"height: 20.00pt;\">\n<td class=\"et2\" style=\"height: 20.00pt; width: 160.50pt;\" width=\"214\" height=\"26\">\u0426\u0438\u0444\u0440\u043e\u0432\u043e\u0439 \u0434\u0438\u0441\u043f\u043b\u0435\u0439<\/td>\n<td class=\"et2\" style=\"width: 454.50pt;\" width=\"606\">Show input and output voltage, Load Ratio and Fault Indicator<\/td>\n<\/tr>\n<tr style=\"height: 20.00pt;\">\n<td class=\"et2\" style=\"height: 20.00pt; width: 160.50pt;\" width=\"214\" height=\"26\">\u0417\u0430\u0449\u0438\u0442\u0430<\/td>\n<td class=\"et2\" style=\"width: 454.50pt;\" width=\"606\">Over temperature, Overvoltage, Overload, Time delay<\/td>\n<\/tr>\n<tr style=\"height: 20.00pt;\">\n<td class=\"et2\" style=\"height: 20.00pt; width: 160.50pt;\" width=\"214\" height=\"26\">\u0422\u0435\u043c\u043f\u0435\u0440\u0430\u0442\u0443\u0440\u0430 \u043e\u043a\u0440\u0443\u0436\u0430\u044e\u0449\u0435\u0439 \u0441\u0440\u0435\u0434\u044b<\/td>\n<td class=\"et2\" style=\"width: 454.50pt;\" width=\"606\">-10\u00b0C ~ +40\u00b0C<\/td>\n<\/tr>\n<tr style=\"height: 20.00pt;\">\n<td class=\"et2\" style=\"height: 20.00pt; width: 160.50pt;\" width=\"214\" height=\"26\">\u041e\u0442\u043d\u043e\u0441\u0438\u0442\u0435\u043b\u044c\u043d\u0430\u044f \u0432\u043b\u0430\u0436\u043d\u043e\u0441\u0442\u044c<\/td>\n<td class=\"et2\" style=\"width: 454.50pt;\" width=\"606\">&lt;95%<\/td>\n<\/tr>\n<tr style=\"height: 20.00pt;\">\n<td class=\"et2\" style=\"height: 20.00pt; width: 160.50pt;\" width=\"214\" height=\"26\">\u0418\u0441\u043a\u0430\u0436\u0435\u043d\u0438\u0435 \u0444\u043e\u0440\u043c\u044b \u0432\u043e\u043b\u043d\u044b<\/td>\n<td class=\"et2\" style=\"width: 454.50pt;\" width=\"606\">\u041d\u0438\u043a\u0430\u043a\u0438\u0445 \u0434\u043e\u043f\u043e\u043b\u043d\u0438\u0442\u0435\u043b\u044c\u043d\u044b\u0445 \u0438\u0441\u043a\u0430\u0436\u0435\u043d\u0438\u0439 \u0444\u043e\u0440\u043c\u044b \u0432\u043e\u043b\u043d\u044b<\/td>\n<\/tr>\n<tr style=\"height: 20.00pt;\">\n<td class=\"et2\" style=\"height: 20.00pt; width: 160.50pt;\" width=\"214\" height=\"26\">\u0421\u043e\u043f\u0440\u043e\u0442\u0438\u0432\u043b\u0435\u043d\u0438\u0435 \u0438\u0437\u043e\u043b\u044f\u0446\u0438\u0438<\/td>\n<td class=\"et2\" style=\"width: 454.50pt;\" width=\"606\">\u041e\u0431\u044b\u0447\u043d\u043e \u0431\u043e\u043b\u0435\u0435 2M\u03a9<\/td>\n<\/tr>\n<tr style=\"height: 20.00pt;\">\n<td class=\"et2\" style=\"height: 20.00pt; width: 160.50pt;\" width=\"214\" height=\"26\">Insulating Class<\/td>\n<td class=\"et2\" style=\"width: 454.50pt;\" width=\"606\">\u041a\u043b\u0430\u0441\u0441 B<\/td>\n<\/tr>\n<tr style=\"height: 20.00pt;\">\n<td class=\"et2\" style=\"height: 20.00pt; width: 160.50pt;\" width=\"214\" height=\"26\">\u041f\u0435\u0440\u0435\u043d\u0430\u043f\u0440\u044f\u0436\u0435\u043d\u0438\u0435<\/td>\n<td class=\"et2\" style=\"width: 454.50pt;\" width=\"606\">Output Voltage \u2265 245V \u00b1 4V<\/td>\n<\/tr>\n<tr style=\"height: 20.00pt;\">\n<td class=\"et2\" style=\"height: 20.00pt; width: 160.50pt;\" width=\"214\" height=\"26\">\u041d\u0438\u0437\u043a\u043e\u0435 \u043d\u0430\u043f\u0440\u044f\u0436\u0435\u043d\u0438\u0435<\/td>\n<td class=\"et2\" style=\"width: 454.50pt;\" width=\"606\">Output Voltage \u2264 180V \u00b1 4V<\/td>\n<\/tr>\n<tr style=\"height: 20.00pt;\">\n<td class=\"et2\" style=\"height: 20.00pt; width: 160.50pt;\" width=\"214\" height=\"26\">\u041f\u0435\u0440\u0435\u0433\u0440\u0435\u0432<\/td>\n<td class=\"et2\" style=\"width: 454.50pt;\" width=\"606\">95\u00b0C \u00b1 10\u00b0C<\/td>\n<\/tr>\n<tr style=\"height: 20.00pt;\">\n<td class=\"et2\" style=\"height: 20.00pt; width: 160.50pt;\" width=\"214\" height=\"26\">\u0417\u0430\u0449\u0438\u0442\u0430 \u043e\u0442 \u0437\u0430\u0434\u0435\u0440\u0436\u043a\u0438<\/td>\n<td class=\"et2\" style=\"width: 454.50pt;\" width=\"606\">\u041d\u0430\u0441\u0442\u0440\u0430\u0438\u0432\u0430\u0435\u043c\u044b\u0439<\/td>\n<\/tr>\n<tr style=\"height: 20.00pt;\">\n<td class=\"et2\" style=\"height: 20.00pt; width: 160.50pt;\" width=\"214\" height=\"26\">\u041f\u043e\u043d\u0438\u0436\u0435\u043d\u043d\u043e\u0435 \u043d\u0430\u043f\u0440\u044f\u0436\u0435\u043d\u0438\u0435<\/td>\n<td class=\"et2\" style=\"width: 454.50pt;\" width=\"606\">Disabled by default, customizable if needed<\/td>\n<\/tr>\n<tr style=\"height: 20.00pt;\">\n<td class=\"et2\" style=\"height: 20.00pt; width: 160.50pt;\" width=\"214\" height=\"26\">\u041c\u043e\u0449\u043d\u043e\u0441\u0442\u044c<\/td>\n<td class=\"et2\" style=\"width: 454.50pt;\" width=\"606\">500VA | 1000VA | 1500VA | 2000VA | 3000VA | 5000VA<\/td>\n<\/tr>\n<tr style=\"height: 20.00pt;\">\n<td class=\"et2\" style=\"height: 20.00pt; width: 160.50pt;\" width=\"214\" height=\"26\">Size (mm) L*W*H<\/td>\n<td class=\"et2\" style=\"width: 454.50pt;\" width=\"606\">170\u00d7190\u00d7145 | 206\u00d7217\u00d7165 | 206\u00d7217\u00d7165 | 241\u00d7262\u00d7186 | 238\u00d7292\u00d7216 | 245\u00d7310\u00d7250<\/td>\n<\/tr>\n<\/tbody>\n<\/table>\n<h2>\u041f\u0440\u0438\u043d\u0446\u0438\u043f \u0440\u0430\u0431\u043e\u0442\u044b<\/h2>\n<p>The voltage level at the input is constantly detected by the servo motor AVR. When there is any fluctuation at the input voltage level, signals from the controller circuit trigger the operation of the servo motor, regulating the transformer and maintaining a stable output voltage level.<\/p>\n<h2>\u041f\u0440\u0438\u043b\u043e\u0436\u0435\u043d\u0438\u0435<\/h2>\n<p>Household electrical appliances (television sets, refrigerators, air conditioning)<br \/>\nOffice machines (personal computers, laser printers, servers)<br \/>\nCommercial machines<br \/>\n\u041c\u0435\u0434\u0438\u0446\u0438\u043d\u0441\u043a\u0438\u0435 \u043f\u0440\u0438\u0431\u043e\u0440\u044b<br \/>\nIndustries<\/p>\n<h2>Benefits<\/h2>\n<p>Protection against damaging effects of unstable voltage<br \/>\nIncreased longevity of devices<br \/>\nEnergy-saving<br \/>\nApplicable to electronic equipment<br \/>\nStability under unstable voltage conditions<\/p>\n<h2>Why Choose Our Automatic Voltage Regulator<\/h2>\n<p>High accuracy and performance of the regulator<br \/>\nDurable components used<br \/>\nProtection against damages<br \/>\n\u041f\u0430\u0440\u0430\u043c\u0435\u0442\u0440\u044b \u043d\u0430\u0441\u0442\u0440\u043e\u0439\u043a\u0438<br \/>\nLow cost with export capabilities<\/p>","protected":false},"excerpt":{"rendered":"<p>The OMNI Automatic Voltage Regulator AVR-2000S \/ AVR-3000S \/ AVR-5000S is a highly efficient device that protects your electrical and electronic installations from variations in voltage.<\/p>\n<p>By applying the most advanced technology based on servo motor, AVR provides protection to your sensitive appliances by stabilizing voltage automatically.<\/p>","protected":false},"featured_media":23316,"template":"","meta":[],"product_brand":[],"product_cat":[103,110,105],"product_tag":[],"class_list":{"0":"post-23334","1":"product","2":"type-product","3":"status-publish","4":"has-post-thumbnail","6":"product_cat-ac-voltage-stabilizer","7":"product_cat-home-voltage-stabilizer","8":"product_cat-servo-voltage-stabilizer","10":"first","11":"instock","12":"taxable","13":"shipping-taxable","14":"product-type-simple"},"yoast_head":"<!-- This site is optimized with the Yoast SEO plugin v25.0 - https:\/\/yoast.com\/wordpress\/plugins\/seo\/ -->\n<title>Servo Motor Automatic Voltage Regulator AVR Manufacturer - PINE-ZHENGXI<\/title>\n<meta name=\"robots\" content=\"index, follow, max-snippet:-1, max-image-preview:large, max-video-preview:-1\" \/>\n<link rel=\"canonical\" href=\"https:\/\/www.tronkiele.com\/ru\/product\/automatic-voltage-regulator-avr\/\" \/>\n<meta property=\"og:locale\" content=\"ru_RU\" \/>\n<meta property=\"og:type\" content=\"article\" \/>\n<meta property=\"og:title\" content=\"Servo Motor Automatic Voltage Regulator AVR Manufacturer - PINE-ZHENGXI\" \/>\n<meta property=\"og:description\" content=\"The OMNI Automatic Voltage Regulator AVR-2000S \/ AVR-3000S \/ AVR-5000S is a highly efficient device that protects your electrical and electronic installations from variations in voltage.  By applying the most advanced technology based on servo motor, AVR provides protection to your sensitive appliances by stabilizing voltage automatically.\" \/>\n<meta property=\"og:url\" content=\"https:\/\/www.tronkiele.com\/ru\/product\/automatic-voltage-regulator-avr\/\" \/>\n<meta property=\"og:site_name\" content=\"PINE-ZHENGXI\" \/>\n<meta property=\"article:modified_time\" content=\"2026-04-16T02:25:44+00:00\" \/>\n<meta property=\"og:image\" content=\"https:\/\/www.tronkiele.com\/wp-content\/uploads\/2026\/04\/OMNI-Servo-Motor-Automatic-Voltage-Regulator-AVR-2000S-3000S-5000S.webp\" \/>\n\t<meta property=\"og:image:width\" content=\"600\" \/>\n\t<meta property=\"og:image:height\" content=\"600\" \/>\n\t<meta property=\"og:image:type\" content=\"image\/webp\" \/>\n<meta name=\"twitter:card\" content=\"summary_large_image\" \/>\n<meta name=\"twitter:label1\" content=\"\u041f\u0440\u0438\u043c\u0435\u0440\u043d\u043e\u0435 \u0432\u0440\u0435\u043c\u044f \u0434\u043b\u044f \u0447\u0442\u0435\u043d\u0438\u044f\" \/>\n\t<meta name=\"twitter:data1\" content=\"2 \u043c\u0438\u043d\u0443\u0442\u044b\" \/>\n<script type=\"application\/ld+json\" class=\"yoast-schema-graph\">{\"@context\":\"https:\/\/schema.org\",\"@graph\":[{\"@type\":\"WebPage\",\"@id\":\"https:\/\/www.tronkiele.com\/product\/automatic-voltage-regulator-avr\/\",\"url\":\"https:\/\/www.tronkiele.com\/product\/automatic-voltage-regulator-avr\/\",\"name\":\"Servo Motor Automatic Voltage Regulator AVR Manufacturer - PINE-ZHENGXI\",\"isPartOf\":{\"@id\":\"https:\/\/www.tronkiele.com\/#website\"},\"primaryImageOfPage\":{\"@id\":\"https:\/\/www.tronkiele.com\/product\/automatic-voltage-regulator-avr\/#primaryimage\"},\"image\":{\"@id\":\"https:\/\/www.tronkiele.com\/product\/automatic-voltage-regulator-avr\/#primaryimage\"},\"thumbnailUrl\":\"https:\/\/www.tronkiele.com\/wp-content\/uploads\/2026\/04\/OMNI-Servo-Motor-Automatic-Voltage-Regulator-AVR-2000S-3000S-5000S.webp\",\"datePublished\":\"2025-11-12T07:45:35+00:00\",\"dateModified\":\"2026-04-16T02:25:44+00:00\",\"breadcrumb\":{\"@id\":\"https:\/\/www.tronkiele.com\/product\/automatic-voltage-regulator-avr\/#breadcrumb\"},\"inLanguage\":\"ru-RU\",\"potentialAction\":[{\"@type\":\"ReadAction\",\"target\":[\"https:\/\/www.tronkiele.com\/product\/automatic-voltage-regulator-avr\/\"]}]},{\"@type\":\"ImageObject\",\"inLanguage\":\"ru-RU\",\"@id\":\"https:\/\/www.tronkiele.com\/product\/automatic-voltage-regulator-avr\/#primaryimage\",\"url\":\"https:\/\/www.tronkiele.com\/wp-content\/uploads\/2026\/04\/OMNI-Servo-Motor-Automatic-Voltage-Regulator-AVR-2000S-3000S-5000S.webp\",\"contentUrl\":\"https:\/\/www.tronkiele.com\/wp-content\/uploads\/2026\/04\/OMNI-Servo-Motor-Automatic-Voltage-Regulator-AVR-2000S-3000S-5000S.webp\",\"width\":600,\"height\":600,\"caption\":\"OMNI Servo Motor Automatic Voltage Regulator AVR-2000S 3000S 5000S\"},{\"@type\":\"BreadcrumbList\",\"@id\":\"https:\/\/www.tronkiele.com\/product\/automatic-voltage-regulator-avr\/#breadcrumb\",\"itemListElement\":[{\"@type\":\"ListItem\",\"position\":1,\"name\":\"Home\",\"item\":\"https:\/\/www.tronkiele.com\/\"},{\"@type\":\"ListItem\",\"position\":2,\"name\":\"Products\",\"item\":\"https:\/\/www.tronkiele.com\/shop\/\"},{\"@type\":\"ListItem\",\"position\":3,\"name\":\"OMNI Servo Motor Automatic Voltage Regulator AVR-2000S 3000S 5000S\"}]},{\"@type\":\"WebSite\",\"@id\":\"https:\/\/www.tronkiele.com\/#website\",\"url\":\"https:\/\/www.tronkiele.com\/\",\"name\":\"PINE-ZHENGXI\",\"description\":\"\",\"publisher\":{\"@id\":\"https:\/\/www.tronkiele.com\/#organization\"},\"potentialAction\":[{\"@type\":\"SearchAction\",\"target\":{\"@type\":\"EntryPoint\",\"urlTemplate\":\"https:\/\/www.tronkiele.com\/?s={search_term_string}\"},\"query-input\":{\"@type\":\"PropertyValueSpecification\",\"valueRequired\":true,\"valueName\":\"search_term_string\"}}],\"inLanguage\":\"ru-RU\"},{\"@type\":\"Organization\",\"@id\":\"https:\/\/www.tronkiele.com\/#organization\",\"name\":\"PINE-ZHENGXI\",\"url\":\"https:\/\/www.tronkiele.com\/\",\"logo\":{\"@type\":\"ImageObject\",\"inLanguage\":\"ru-RU\",\"@id\":\"https:\/\/www.tronkiele.com\/#\/schema\/logo\/image\/\",\"url\":\"https:\/\/www.tronkiele.com\/wp-content\/uploads\/2024\/11\/cropped-tronki.webp\",\"contentUrl\":\"https:\/\/www.tronkiele.com\/wp-content\/uploads\/2024\/11\/cropped-tronki.webp\",\"width\":512,\"height\":512,\"caption\":\"PINE-ZHENGXI\"},\"image\":{\"@id\":\"https:\/\/www.tronkiele.com\/#\/schema\/logo\/image\/\"}}]}<\/script>\n<!-- \/ Yoast SEO plugin. -->","yoast_head_json":{"title":"Servo Motor Automatic Voltage Regulator AVR Manufacturer - PINE-ZHENGXI","robots":{"index":"index","follow":"follow","max-snippet":"max-snippet:-1","max-image-preview":"max-image-preview:large","max-video-preview":"max-video-preview:-1"},"canonical":"https:\/\/www.tronkiele.com\/ru\/product\/automatic-voltage-regulator-avr\/","og_locale":"ru_RU","og_type":"article","og_title":"Servo Motor Automatic Voltage Regulator AVR Manufacturer - PINE-ZHENGXI","og_description":"The OMNI Automatic Voltage Regulator AVR-2000S \/ AVR-3000S \/ AVR-5000S is a highly efficient device that protects your electrical and electronic installations from variations in voltage.  By applying the most advanced technology based on servo motor, AVR provides protection to your sensitive appliances by stabilizing voltage automatically.","og_url":"https:\/\/www.tronkiele.com\/ru\/product\/automatic-voltage-regulator-avr\/","og_site_name":"PINE-ZHENGXI","article_modified_time":"2026-04-16T02:25:44+00:00","og_image":[{"width":600,"height":600,"url":"https:\/\/www.tronkiele.com\/wp-content\/uploads\/2026\/04\/OMNI-Servo-Motor-Automatic-Voltage-Regulator-AVR-2000S-3000S-5000S.webp","type":"image\/webp"}],"twitter_card":"summary_large_image","twitter_misc":{"\u041f\u0440\u0438\u043c\u0435\u0440\u043d\u043e\u0435 \u0432\u0440\u0435\u043c\u044f \u0434\u043b\u044f \u0447\u0442\u0435\u043d\u0438\u044f":"2 \u043c\u0438\u043d\u0443\u0442\u044b"},"schema":{"@context":"https:\/\/schema.org","@graph":[{"@type":"WebPage","@id":"https:\/\/www.tronkiele.com\/product\/automatic-voltage-regulator-avr\/","url":"https:\/\/www.tronkiele.com\/product\/automatic-voltage-regulator-avr\/","name":"Servo Motor Automatic Voltage Regulator AVR Manufacturer - PINE-ZHENGXI","isPartOf":{"@id":"https:\/\/www.tronkiele.com\/#website"},"primaryImageOfPage":{"@id":"https:\/\/www.tronkiele.com\/product\/automatic-voltage-regulator-avr\/#primaryimage"},"image":{"@id":"https:\/\/www.tronkiele.com\/product\/automatic-voltage-regulator-avr\/#primaryimage"},"thumbnailUrl":"https:\/\/www.tronkiele.com\/wp-content\/uploads\/2026\/04\/OMNI-Servo-Motor-Automatic-Voltage-Regulator-AVR-2000S-3000S-5000S.webp","datePublished":"2025-11-12T07:45:35+00:00","dateModified":"2026-04-16T02:25:44+00:00","breadcrumb":{"@id":"https:\/\/www.tronkiele.com\/product\/automatic-voltage-regulator-avr\/#breadcrumb"},"inLanguage":"ru-RU","potentialAction":[{"@type":"ReadAction","target":["https:\/\/www.tronkiele.com\/product\/automatic-voltage-regulator-avr\/"]}]},{"@type":"ImageObject","inLanguage":"ru-RU","@id":"https:\/\/www.tronkiele.com\/product\/automatic-voltage-regulator-avr\/#primaryimage","url":"https:\/\/www.tronkiele.com\/wp-content\/uploads\/2026\/04\/OMNI-Servo-Motor-Automatic-Voltage-Regulator-AVR-2000S-3000S-5000S.webp","contentUrl":"https:\/\/www.tronkiele.com\/wp-content\/uploads\/2026\/04\/OMNI-Servo-Motor-Automatic-Voltage-Regulator-AVR-2000S-3000S-5000S.webp","width":600,"height":600,"caption":"OMNI Servo Motor Automatic Voltage Regulator AVR-2000S 3000S 5000S"},{"@type":"BreadcrumbList","@id":"https:\/\/www.tronkiele.com\/product\/automatic-voltage-regulator-avr\/#breadcrumb","itemListElement":[{"@type":"ListItem","position":1,"name":"Home","item":"https:\/\/www.tronkiele.com\/"},{"@type":"ListItem","position":2,"name":"Products","item":"https:\/\/www.tronkiele.com\/shop\/"},{"@type":"ListItem","position":3,"name":"OMNI Servo Motor Automatic Voltage Regulator AVR-2000S 3000S 5000S"}]},{"@type":"WebSite","@id":"https:\/\/www.tronkiele.com\/#website","url":"https:\/\/www.tronkiele.com\/","name":"PINE-ZHENGXI","description":"","publisher":{"@id":"https:\/\/www.tronkiele.com\/#organization"},"potentialAction":[{"@type":"SearchAction","target":{"@type":"EntryPoint","urlTemplate":"https:\/\/www.tronkiele.com\/?s={search_term_string}"},"query-input":{"@type":"PropertyValueSpecification","valueRequired":true,"valueName":"search_term_string"}}],"inLanguage":"ru-RU"},{"@type":"Organization","@id":"https:\/\/www.tronkiele.com\/#organization","name":"PINE-ZHENGXI","url":"https:\/\/www.tronkiele.com\/","logo":{"@type":"ImageObject","inLanguage":"ru-RU","@id":"https:\/\/www.tronkiele.com\/#\/schema\/logo\/image\/","url":"https:\/\/www.tronkiele.com\/wp-content\/uploads\/2024\/11\/cropped-tronki.webp","contentUrl":"https:\/\/www.tronkiele.com\/wp-content\/uploads\/2024\/11\/cropped-tronki.webp","width":512,"height":512,"caption":"PINE-ZHENGXI"},"image":{"@id":"https:\/\/www.tronkiele.com\/#\/schema\/logo\/image\/"}}]}},"_links":{"self":[{"href":"https:\/\/www.tronkiele.com\/ru\/wp-json\/wp\/v2\/product\/23334","targetHints":{"allow":["GET"]}}],"collection":[{"href":"https:\/\/www.tronkiele.com\/ru\/wp-json\/wp\/v2\/product"}],"about":[{"href":"https:\/\/www.tronkiele.com\/ru\/wp-json\/wp\/v2\/types\/product"}],"version-history":[{"count":4,"href":"https:\/\/www.tronkiele.com\/ru\/wp-json\/wp\/v2\/product\/23334\/revisions"}],"predecessor-version":[{"id":23338,"href":"https:\/\/www.tronkiele.com\/ru\/wp-json\/wp\/v2\/product\/23334\/revisions\/23338"}],"wp:featuredmedia":[{"embeddable":true,"href":"https:\/\/www.tronkiele.com\/ru\/wp-json\/wp\/v2\/media\/23316"}],"wp:attachment":[{"href":"https:\/\/www.tronkiele.com\/ru\/wp-json\/wp\/v2\/media?parent=23334"}],"wp:term":[{"taxonomy":"product_brand","embeddable":true,"href":"https:\/\/www.tronkiele.com\/ru\/wp-json\/wp\/v2\/product_brand?post=23334"},{"taxonomy":"product_cat","embeddable":true,"href":"https:\/\/www.tronkiele.com\/ru\/wp-json\/wp\/v2\/product_cat?post=23334"},{"taxonomy":"product_tag","embeddable":true,"href":"https:\/\/www.tronkiele.com\/ru\/wp-json\/wp\/v2\/product_tag?post=23334"}],"curies":[{"name":"wp","href":"https:\/\/api.w.org\/{rel}","templated":true}]}}